{"id":20040,"date":"2020-11-05T11:11:43","date_gmt":"2020-11-05T11:11:43","guid":{"rendered":"http:\/\/staging.irishfoodanddrink.com\/?page_id=20040"},"modified":"2026-01-22T14:52:46","modified_gmt":"2026-01-22T14:52:46","slug":"private-label","status":"publish","type":"page","link":"https:\/\/www.irishfoodanddrink.com\/de\/irish-advantage\/private-label\/","title":{"rendered":"Eigenmarke"},"content":{"rendered":"<h2><strong>Eigenmarke<\/strong><\/h2>\n<p><strong><a href=\"https:\/\/www.irishfoodanddrink.com\/private-label-health-foods\/\">Eigenmarke Gesunde Lebensmittel<\/a><\/strong><strong>\u00a0|\u00a0<a href=\"https:\/\/www.irishfoodanddrink.com\/why-ireland\/higher-value-private-label\/\">Eigenmarke Mehrwert |\u00a0<\/a><a href=\"https:\/\/www.irishfoodanddrink.com\/private-label-sustainable-food-drink\/\">Eigenmarke Nachhaltige Lebensmittel und Getr\u00e4nke<\/a>\u00a0|\u00a0<a href=\"https:\/\/www.irishfoodanddrink.com\/innovation\/\">Innovation<\/a><\/strong><\/p>\n<p>Mit einer nachweislichen Erfolgsbilanz von \u00fcber zwei Jahrzehnten im Bereich Eigenmarken (Private Label, PL) auf dem inl\u00e4ndischen und dem britischen Markt profitieren die kontinentaleurop\u00e4ischen M\u00e4rkte nun von dem Know-how der irischen Exporteure von Eigenmarken.<\/p>\n<p>Irland ist ein Land mit 4,5\u00a0Millionen Einwohnern, das genug Lebensmittel produziert, um 40\u00a0Millionen Menschen zu ern\u00e4hren. Dies bedeutet, dass irische Hersteller ein gro\u00dfes Gewicht auf den Export legen. Die Arbeit mit den neuesten Lebensmitteltrends in mehreren M\u00e4rkten ist f\u00fcr eine gro\u00dfe Anzahl fortschrittlicher Unternehmen in der gesamten Republik Irland eine Selbstverst\u00e4ndlichkeit. Viele schauen jetzt \u00fcber ihren bestehenden Kundenstamm in Gro\u00dfbritannien hinaus, um ihr Gesch\u00e4ft auszubauen.<\/p>\n<p>Eigenmarken werden europaweit immer beliebter. Dies spiegelt das wachsende Vertrauen der Verbraucher in Einzelhandelsmarken wider und unterstreicht die Chance, die Eigenmarken Einzelh\u00e4ndlern bieten, die ihre Differenzierungsstrategien ausbauen m\u00f6chten. Infolgedessen suchen irische Hersteller bei Lebensmitteleinzelh\u00e4ndlern auf dem europ\u00e4ischen Kontinent nach neuen M\u00f6glichkeiten.<\/p>\n<p>Wenn Sie als Einzelh\u00e4ndler die Rentabilit\u00e4t Ihrer Eigenmarke mit Partnern weiterentwickeln m\u00f6chten, die sich f\u00fcr verbraucherorientierte Innovationen einsetzen und die Agilit\u00e4t und den Spielraum zur Differenzierung bieten, k\u00f6nnen wir Sie mit geeigneten Herstellern in Kontakt bringen.<\/p>\n<p><strong><em><a href=\"https:\/\/www.irishfoodanddrink.com\/our-suppliers\/supplier-search\/?n=&#038;sp%5B%5D=private-label\">Klicken Sie hier, um eine Liste der irischen Hersteller von Eigenmarken anzuzeigen.<\/a><\/em><\/strong><\/p>\n<p>&nbsp;<\/p>\n<p><img loading=\"lazy\" decoding=\"async\" class=\"alignnone size-full wp-image-20041\" src=\"\/wordpress\/wp-content\/uploads\/2020\/11\/Private-Label.jpg\" alt=\"Private Label\" width=\"802\" height=\"485\" srcset=\"https:\/\/www.irishfoodanddrink.com\/wp-content\/uploads\/2020\/11\/Private-Label.jpg 802w, https:\/\/www.irishfoodanddrink.com\/wp-content\/uploads\/2020\/11\/Private-Label-100x60.jpg 100w, https:\/\/www.irishfoodanddrink.com\/wp-content\/uploads\/2020\/11\/Private-Label-400x242.jpg 400w, https:\/\/www.irishfoodanddrink.com\/wp-content\/uploads\/2020\/11\/Private-Label-800x484.jpg 800w\" sizes=\"auto, (max-width: 802px) 100vw, 802px\" \/><\/p>\n","protected":false},"excerpt":{"rendered":"<p>Eigenmarke Eigenmarke Gesunde Lebensmittel\u00a0|\u00a0Eigenmarke Mehrwert |\u00a0Eigenmarke Nachhaltige Lebensmittel und Getr\u00e4nke\u00a0|\u00a0Innovation Mit einer nachweislichen Erfolgsbilanz von \u00fcber zwei Jahrzehnten im Bereich Eigenmarken (Private Label, PL) auf dem inl\u00e4ndischen und dem britischen Markt profitieren die kontinentaleurop\u00e4ischen M\u00e4rkte nun von dem Know-how der irischen Exporteure von Eigenmarken. Irland ist ein Land mit 4,5\u00a0Millionen Einwohnern, das genug Lebensmittel produziert, [&hellip;]<\/p>\n","protected":false},"author":13,"featured_media":0,"parent":20735,"menu_order":1,"comment_status":"closed","ping_status":"closed","template":"page-templates\/landing-page.php","meta":{"_acf_changed":false,"inline_featured_image":false,"footnotes":""},"class_list":["post-20040","page","type-page","status-publish","hentry"],"acf":[],"yoast_head":"<!-- This site is optimized with the Yoast SEO plugin v27.3 - https:\/\/yoast.com\/product\/yoast-seo-wordpress\/ -->\n<title>Eigenmarke | Irish Advantage<\/title>\n<meta name=\"description\" content=\"Irische MDD\u2011L\u00f6sungen f\u00fcr Handel und Foodservice. Qualit\u00e4t, Innovation und zertifizierte Produktion f\u00fcr internationale K\u00e4ufer.\" \/>\n<meta name=\"robots\" content=\"index, follow, max-snippet:-1, max-image-preview:large, max-video-preview:-1\" \/>\n<link rel=\"canonical\" href=\"https:\/\/www.irishfoodanddrink.com\/de\/irish-advantage\/private-label\/\" \/>\n<meta property=\"og:locale\" content=\"de_DE\" \/>\n<meta property=\"og:type\" content=\"article\" \/>\n<meta property=\"og:title\" content=\"Eigenmarke | Irish Advantage\" \/>\n<meta property=\"og:description\" content=\"Irische MDD\u2011L\u00f6sungen f\u00fcr Handel und Foodservice. Qualit\u00e4t, Innovation und zertifizierte Produktion f\u00fcr internationale K\u00e4ufer.\" \/>\n<meta property=\"og:url\" content=\"https:\/\/www.irishfoodanddrink.com\/de\/irish-advantage\/private-label\/\" \/>\n<meta property=\"og:site_name\" content=\"Irish Food &amp; Drink\" \/>\n<meta property=\"article:modified_time\" content=\"2026-01-22T14:52:46+00:00\" \/>\n<meta property=\"og:image\" content=\"https:\/\/www.irishfoodanddrink.com\/wp-content\/uploads\/2020\/12\/Small-homepage-image-339-x-226-min.jpg\" \/>\n\t<meta property=\"og:image:width\" content=\"339\" \/>\n\t<meta property=\"og:image:height\" content=\"226\" \/>\n\t<meta property=\"og:image:type\" content=\"image\/jpeg\" \/>\n<meta name=\"twitter:card\" content=\"summary_large_image\" \/>\n<meta name=\"twitter:label1\" content=\"Est. reading time\" \/>\n\t<meta name=\"twitter:data1\" content=\"2 minutes\" \/>\n<script type=\"application\/ld+json\" class=\"yoast-schema-graph\">{\"@context\":\"https:\\\/\\\/schema.org\",\"@graph\":[{\"@type\":\"WebPage\",\"@id\":\"https:\\\/\\\/www.irishfoodanddrink.com\\\/de\\\/irish-advantage\\\/private-label\\\/\",\"url\":\"https:\\\/\\\/www.irishfoodanddrink.com\\\/de\\\/irish-advantage\\\/private-label\\\/\",\"name\":\"Eigenmarke | Irish Advantage\",\"isPartOf\":{\"@id\":\"https:\\\/\\\/www.irishfoodanddrink.com\\\/de\\\/#website\"},\"datePublished\":\"2020-11-05T11:11:43+00:00\",\"dateModified\":\"2026-01-22T14:52:46+00:00\",\"description\":\"Irische MDD\u2011L\u00f6sungen f\u00fcr Handel und Foodservice. Qualit\u00e4t, Innovation und zertifizierte Produktion f\u00fcr internationale K\u00e4ufer.\",\"breadcrumb\":{\"@id\":\"https:\\\/\\\/www.irishfoodanddrink.com\\\/de\\\/irish-advantage\\\/private-label\\\/#breadcrumb\"},\"inLanguage\":\"de-DE\",\"potentialAction\":[{\"@type\":\"ReadAction\",\"target\":[\"https:\\\/\\\/www.irishfoodanddrink.com\\\/de\\\/irish-advantage\\\/private-label\\\/\"]}]},{\"@type\":\"BreadcrumbList\",\"@id\":\"https:\\\/\\\/www.irishfoodanddrink.com\\\/de\\\/irish-advantage\\\/private-label\\\/#breadcrumb\",\"itemListElement\":[{\"@type\":\"ListItem\",\"position\":1,\"name\":\"Home\",\"item\":\"https:\\\/\\\/www.irishfoodanddrink.com\\\/de\\\/\"},{\"@type\":\"ListItem\",\"position\":2,\"name\":\"Der Vorteil Irlands\",\"item\":\"https:\\\/\\\/www.irishfoodanddrink.com\\\/de\\\/irish-advantage\\\/\"},{\"@type\":\"ListItem\",\"position\":3,\"name\":\"Eigenmarke\"}]},{\"@type\":\"WebSite\",\"@id\":\"https:\\\/\\\/www.irishfoodanddrink.com\\\/de\\\/#website\",\"url\":\"https:\\\/\\\/www.irishfoodanddrink.com\\\/de\\\/\",\"name\":\"Irish Food &amp; Drink\",\"description\":\"Helping you source food and drink from Irish suppliers\",\"potentialAction\":[{\"@type\":\"SearchAction\",\"target\":{\"@type\":\"EntryPoint\",\"urlTemplate\":\"https:\\\/\\\/www.irishfoodanddrink.com\\\/de\\\/?s={search_term_string}\"},\"query-input\":{\"@type\":\"PropertyValueSpecification\",\"valueRequired\":true,\"valueName\":\"search_term_string\"}}],\"inLanguage\":\"de-DE\"}]}<\/script>\n<!-- \/ Yoast SEO plugin. -->","yoast_head_json":{"title":"Eigenmarke | Irish Advantage","description":"Irische MDD\u2011L\u00f6sungen f\u00fcr Handel und Foodservice. Qualit\u00e4t, Innovation und zertifizierte Produktion f\u00fcr internationale K\u00e4ufer.","robots":{"index":"index","follow":"follow","max-snippet":"max-snippet:-1","max-image-preview":"max-image-preview:large","max-video-preview":"max-video-preview:-1"},"canonical":"https:\/\/www.irishfoodanddrink.com\/de\/irish-advantage\/private-label\/","og_locale":"de_DE","og_type":"article","og_title":"Eigenmarke | Irish Advantage","og_description":"Irische MDD\u2011L\u00f6sungen f\u00fcr Handel und Foodservice. Qualit\u00e4t, Innovation und zertifizierte Produktion f\u00fcr internationale K\u00e4ufer.","og_url":"https:\/\/www.irishfoodanddrink.com\/de\/irish-advantage\/private-label\/","og_site_name":"Irish Food &amp; Drink","article_modified_time":"2026-01-22T14:52:46+00:00","og_image":[{"width":339,"height":226,"url":"https:\/\/www.irishfoodanddrink.com\/wp-content\/uploads\/2020\/12\/Small-homepage-image-339-x-226-min.jpg","type":"image\/jpeg"}],"twitter_card":"summary_large_image","twitter_misc":{"Est. reading time":"2 minutes"},"schema":{"@context":"https:\/\/schema.org","@graph":[{"@type":"WebPage","@id":"https:\/\/www.irishfoodanddrink.com\/de\/irish-advantage\/private-label\/","url":"https:\/\/www.irishfoodanddrink.com\/de\/irish-advantage\/private-label\/","name":"Eigenmarke | Irish Advantage","isPartOf":{"@id":"https:\/\/www.irishfoodanddrink.com\/de\/#website"},"datePublished":"2020-11-05T11:11:43+00:00","dateModified":"2026-01-22T14:52:46+00:00","description":"Irische MDD\u2011L\u00f6sungen f\u00fcr Handel und Foodservice. Qualit\u00e4t, Innovation und zertifizierte Produktion f\u00fcr internationale K\u00e4ufer.","breadcrumb":{"@id":"https:\/\/www.irishfoodanddrink.com\/de\/irish-advantage\/private-label\/#breadcrumb"},"inLanguage":"de-DE","potentialAction":[{"@type":"ReadAction","target":["https:\/\/www.irishfoodanddrink.com\/de\/irish-advantage\/private-label\/"]}]},{"@type":"BreadcrumbList","@id":"https:\/\/www.irishfoodanddrink.com\/de\/irish-advantage\/private-label\/#breadcrumb","itemListElement":[{"@type":"ListItem","position":1,"name":"Home","item":"https:\/\/www.irishfoodanddrink.com\/de\/"},{"@type":"ListItem","position":2,"name":"Der Vorteil Irlands","item":"https:\/\/www.irishfoodanddrink.com\/de\/irish-advantage\/"},{"@type":"ListItem","position":3,"name":"Eigenmarke"}]},{"@type":"WebSite","@id":"https:\/\/www.irishfoodanddrink.com\/de\/#website","url":"https:\/\/www.irishfoodanddrink.com\/de\/","name":"Irish Food &amp; Drink","description":"Helping you source food and drink from Irish suppliers","potentialAction":[{"@type":"SearchAction","target":{"@type":"EntryPoint","urlTemplate":"https:\/\/www.irishfoodanddrink.com\/de\/?s={search_term_string}"},"query-input":{"@type":"PropertyValueSpecification","valueRequired":true,"valueName":"search_term_string"}}],"inLanguage":"de-DE"}]}},"_links":{"self":[{"href":"https:\/\/www.irishfoodanddrink.com\/de\/wp-json\/wp\/v2\/pages\/20040","targetHints":{"allow":["GET"]}}],"collection":[{"href":"https:\/\/www.irishfoodanddrink.com\/de\/wp-json\/wp\/v2\/pages"}],"about":[{"href":"https:\/\/www.irishfoodanddrink.com\/de\/wp-json\/wp\/v2\/types\/page"}],"author":[{"embeddable":true,"href":"https:\/\/www.irishfoodanddrink.com\/de\/wp-json\/wp\/v2\/users\/13"}],"replies":[{"embeddable":true,"href":"https:\/\/www.irishfoodanddrink.com\/de\/wp-json\/wp\/v2\/comments?post=20040"}],"version-history":[{"count":14,"href":"https:\/\/www.irishfoodanddrink.com\/de\/wp-json\/wp\/v2\/pages\/20040\/revisions"}],"predecessor-version":[{"id":41747,"href":"https:\/\/www.irishfoodanddrink.com\/de\/wp-json\/wp\/v2\/pages\/20040\/revisions\/41747"}],"up":[{"embeddable":true,"href":"https:\/\/www.irishfoodanddrink.com\/de\/wp-json\/wp\/v2\/pages\/20735"}],"wp:attachment":[{"href":"https:\/\/www.irishfoodanddrink.com\/de\/wp-json\/wp\/v2\/media?parent=20040"}],"curies":[{"name":"wp","href":"https:\/\/api.w.org\/{rel}","templated":true}]}}