{"id":20204,"date":"2020-11-13T17:33:03","date_gmt":"2020-11-13T17:33:03","guid":{"rendered":"http:\/\/staging.irishfoodanddrink.com\/?page_id=20204"},"modified":"2026-01-26T15:08:14","modified_gmt":"2026-01-26T15:08:14","slug":"irischer-bio-lachs","status":"publish","type":"page","link":"https:\/\/www.irishfoodanddrink.com\/de\/irischer-bio-lachs\/","title":{"rendered":"Irischer Bio-Lachs"},"content":{"rendered":"<h3>Bio-Lachs aus den atlantischen Gew\u00e4ssern Irlands<\/h3>\n<p>Irland ist weltweit f\u00fchrend in der Zucht von Bio-Lachs und die Atlantikk\u00fcste Irlands bietet die perfekten Bedingungen f\u00fcr die Herstellung von Bio-Lachs h\u00f6chster Qualit\u00e4t. Frisches Wasser und starke Str\u00f6mungen f\u00f6rdern ein kr\u00e4ftiges Wachstum, und irischer Bio-Lachs schwimmt \u00fcber einen Zeitraum von ungef\u00e4hr 18 Monaten umgerechnet 13.000 km, w\u00e4hrend er bis zur Reife w\u00e4chst. Dies f\u00fchrt zu einem festen Fleisch, einem niedrigen Fettgehalt und einem raffinierten, saftigen Geschmack. Dar\u00fcber hinaus erm\u00f6glicht die N\u00e4he Irlands zu Deutschland, dass irischer Bio-Lachs frisch vom Meer verarbeitet in die K\u00fcchen und auf die Tische Deutschlands gebracht wird.<\/p>\n<hr class=\"wp-block-separator\" \/>\n<ul class=\"wp-block-gallery columns-3 is-cropped\">\n<li class=\"blocks-gallery-item\">\n<figure><img decoding=\"async\" class=\"wp-image-13102\" src=\"http:\/\/www.irishfoodanddrink.com\/wp-content\/uploads\/2020\/09\/Screen-Shot-2020-09-07-at-17.02.56.png\" sizes=\"(max-width: 778px) 100vw, 778px\" srcset=\"http:\/\/www.irishfoodanddrink.com\/wp-content\/uploads\/2020\/09\/Screen-Shot-2020-09-07-at-17.02.56.png 778w, http:\/\/www.irishfoodanddrink.com\/wp-content\/uploads\/2020\/09\/Screen-Shot-2020-09-07-at-17.02.56-300x259.png 300w, http:\/\/www.irishfoodanddrink.com\/wp-content\/uploads\/2020\/09\/Screen-Shot-2020-09-07-at-17.02.56-768x662.png 768w, http:\/\/www.irishfoodanddrink.com\/wp-content\/uploads\/2020\/09\/Screen-Shot-2020-09-07-at-17.02.56-348x300.png 348w, http:\/\/www.irishfoodanddrink.com\/wp-content\/uploads\/2020\/09\/Screen-Shot-2020-09-07-at-17.02.56-116x100.png 116w, http:\/\/www.irishfoodanddrink.com\/wp-content\/uploads\/2020\/09\/Screen-Shot-2020-09-07-at-17.02.56-100x86.png 100w, http:\/\/www.irishfoodanddrink.com\/wp-content\/uploads\/2020\/09\/Screen-Shot-2020-09-07-at-17.02.56-350x302.png 350w\" alt=\"Irish coastline\" data-id=\"13102\" data-link=\"https:\/\/www.irishfoodanddrink.com\/saumon-bio-irlandais\/screen-shot-2020-09-07-at-17-02-56\/\" \/><\/figure>\n<\/li>\n<li class=\"blocks-gallery-item\">\n<figure><img decoding=\"async\" class=\"wp-image-12020\" src=\"http:\/\/www.irishfoodanddrink.com\/wp-content\/uploads\/2019\/12\/seafood-8.jpg\" sizes=\"(max-width: 961px) 100vw, 961px\" srcset=\"http:\/\/www.irishfoodanddrink.com\/wp-content\/uploads\/2019\/12\/seafood-8.jpg 961w, http:\/\/www.irishfoodanddrink.com\/wp-content\/uploads\/2019\/12\/seafood-8-300x291.jpg 300w, http:\/\/www.irishfoodanddrink.com\/wp-content\/uploads\/2019\/12\/seafood-8-768x746.jpg 768w, http:\/\/www.irishfoodanddrink.com\/wp-content\/uploads\/2019\/12\/seafood-8-309x300.jpg 309w, http:\/\/www.irishfoodanddrink.com\/wp-content\/uploads\/2019\/12\/seafood-8-103x100.jpg 103w, http:\/\/www.irishfoodanddrink.com\/wp-content\/uploads\/2019\/12\/seafood-8-100x97.jpg 100w, http:\/\/www.irishfoodanddrink.com\/wp-content\/uploads\/2019\/12\/seafood-8-800x777.jpg 800w, http:\/\/www.irishfoodanddrink.com\/wp-content\/uploads\/2019\/12\/seafood-8-350x340.jpg 350w\" alt=\"\" data-id=\"12020\" data-link=\"https:\/\/www.irishfoodanddrink.com\/irish-seafood-jp\/seafood-8\/\" \/><\/figure>\n<\/li>\n<li class=\"blocks-gallery-item\">\n<figure><img decoding=\"async\" class=\"wp-image-12425\" src=\"http:\/\/www.irishfoodanddrink.com\/wp-content\/uploads\/2020\/02\/Organic_Irish_Salmon-min-1024x683.jpg\" sizes=\"(max-width: 1024px) 100vw, 1024px\" srcset=\"http:\/\/www.irishfoodanddrink.com\/wp-content\/uploads\/2020\/02\/Organic_Irish_Salmon-min-1024x683.jpg 1024w, http:\/\/www.irishfoodanddrink.com\/wp-content\/uploads\/2020\/02\/Organic_Irish_Salmon-min-300x200.jpg 300w, http:\/\/www.irishfoodanddrink.com\/wp-content\/uploads\/2020\/02\/Organic_Irish_Salmon-min-768x512.jpg 768w, http:\/\/www.irishfoodanddrink.com\/wp-content\/uploads\/2020\/02\/Organic_Irish_Salmon-min-400x267.jpg 400w, http:\/\/www.irishfoodanddrink.com\/wp-content\/uploads\/2020\/02\/Organic_Irish_Salmon-min-420x280.jpg 420w, http:\/\/www.irishfoodanddrink.com\/wp-content\/uploads\/2020\/02\/Organic_Irish_Salmon-min-150x100.jpg 150w, http:\/\/www.irishfoodanddrink.com\/wp-content\/uploads\/2020\/02\/Organic_Irish_Salmon-min-100x67.jpg 100w, http:\/\/www.irishfoodanddrink.com\/wp-content\/uploads\/2020\/02\/Organic_Irish_Salmon-min-800x533.jpg 800w, http:\/\/www.irishfoodanddrink.com\/wp-content\/uploads\/2020\/02\/Organic_Irish_Salmon-min-350x233.jpg 350w\" alt=\"\" data-id=\"12425\" data-link=\"https:\/\/www.irishfoodanddrink.com\/saumon-bio-irlandais\/organic_irish_salmon-min\/\" \/><\/figure>\n<\/li>\n<\/ul>\n<hr class=\"wp-block-separator\" \/>\n<h3>Gez\u00fcchtet mit R\u00fccksicht auf eine nachhaltige Zukunft<\/h3>\n<p>Alle irischen Lachse sind nach strengen europ\u00e4ischen Vorschriften biologisch zertifiziert, um eine gleichbleibend hohe Qualit\u00e4t zu gew\u00e4hrleisten. Eine wichtige Voraussetzung f\u00fcr die Bio-Zertifizierung ist die verantwortungsvolle F\u00fctterung und Ern\u00e4hrung. Sie k\u00f6nnen darauf vertrauen, dass alle irischen Bio-Lachse mit nat\u00fcrlichen Zutaten gef\u00fcttert wurden, die frei von GVO sind und aus nachhaltiger Fischerei stammen. Dar\u00fcber hinaus haben das Wohlergehen und die Gesundheit der Fische oberste Priorit\u00e4t, da alle irischen Bio-Lachse in einer reinen Meerwasserumgebung leben, in der ein Verh\u00e4ltnis von 99% Wasser zu 1% Lachs besteht. Schlie\u00dflich k\u00f6nnen Sie sicher sein, dass alle zertifizierten irischen Lachse aus biologischer Aquakultur in einer Umgebung aufwachsen, in der die Erhaltung eines gesunden und nachhaltigen aquatischen \u00d6kosystems oberste Priorit\u00e4t hat, die durch verantwortungsvolle landwirtschaftliche Praktiken erreicht wird. Neben dem EU-Bio-Label wird Irischer Bio-Lachs auch nach hoch angesehenen Qualit\u00e4tsstandards wie AB Bio oder Naturland zertifiziert.<\/p>\n<hr class=\"wp-block-separator\" \/>\n<ul class=\"wp-block-gallery columns-3 is-cropped\">\n<li class=\"blocks-gallery-item\">\n<figure><img decoding=\"async\" class=\"wp-image-13103\" src=\"http:\/\/www.irishfoodanddrink.com\/wp-content\/uploads\/2020\/09\/Screen-Shot-2020-09-07-at-17.05.25.png\" sizes=\"(max-width: 1004px) 100vw, 1004px\" srcset=\"http:\/\/www.irishfoodanddrink.com\/wp-content\/uploads\/2020\/09\/Screen-Shot-2020-09-07-at-17.05.25.png 1004w, http:\/\/www.irishfoodanddrink.com\/wp-content\/uploads\/2020\/09\/Screen-Shot-2020-09-07-at-17.05.25-300x200.png 300w, http:\/\/www.irishfoodanddrink.com\/wp-content\/uploads\/2020\/09\/Screen-Shot-2020-09-07-at-17.05.25-768x511.png 768w, http:\/\/www.irishfoodanddrink.com\/wp-content\/uploads\/2020\/09\/Screen-Shot-2020-09-07-at-17.05.25-400x266.png 400w, http:\/\/www.irishfoodanddrink.com\/wp-content\/uploads\/2020\/09\/Screen-Shot-2020-09-07-at-17.05.25-420x280.png 420w, http:\/\/www.irishfoodanddrink.com\/wp-content\/uploads\/2020\/09\/Screen-Shot-2020-09-07-at-17.05.25-150x100.png 150w, http:\/\/www.irishfoodanddrink.com\/wp-content\/uploads\/2020\/09\/Screen-Shot-2020-09-07-at-17.05.25-100x67.png 100w, http:\/\/www.irishfoodanddrink.com\/wp-content\/uploads\/2020\/09\/Screen-Shot-2020-09-07-at-17.05.25-800x532.png 800w, http:\/\/www.irishfoodanddrink.com\/wp-content\/uploads\/2020\/09\/Screen-Shot-2020-09-07-at-17.05.25-350x233.png 350w\" alt=\"Salmon farming\" data-id=\"13103\" data-link=\"https:\/\/www.irishfoodanddrink.com\/saumon-bio-irlandais\/screen-shot-2020-09-07-at-17-05-25\/\" \/><\/figure>\n<\/li>\n<li class=\"blocks-gallery-item\">\n<figure><img decoding=\"async\" class=\"wp-image-13104\" src=\"http:\/\/www.irishfoodanddrink.com\/wp-content\/uploads\/2020\/09\/Screen-Shot-2020-09-07-at-17.06.40.png\" sizes=\"(max-width: 1011px) 100vw, 1011px\" srcset=\"http:\/\/www.irishfoodanddrink.com\/wp-content\/uploads\/2020\/09\/Screen-Shot-2020-09-07-at-17.06.40.png 1011w, http:\/\/www.irishfoodanddrink.com\/wp-content\/uploads\/2020\/09\/Screen-Shot-2020-09-07-at-17.06.40-300x199.png 300w, http:\/\/www.irishfoodanddrink.com\/wp-content\/uploads\/2020\/09\/Screen-Shot-2020-09-07-at-17.06.40-768x510.png 768w, http:\/\/www.irishfoodanddrink.com\/wp-content\/uploads\/2020\/09\/Screen-Shot-2020-09-07-at-17.06.40-400x266.png 400w, http:\/\/www.irishfoodanddrink.com\/wp-content\/uploads\/2020\/09\/Screen-Shot-2020-09-07-at-17.06.40-420x280.png 420w, http:\/\/www.irishfoodanddrink.com\/wp-content\/uploads\/2020\/09\/Screen-Shot-2020-09-07-at-17.06.40-150x100.png 150w, http:\/\/www.irishfoodanddrink.com\/wp-content\/uploads\/2020\/09\/Screen-Shot-2020-09-07-at-17.06.40-100x66.png 100w, http:\/\/www.irishfoodanddrink.com\/wp-content\/uploads\/2020\/09\/Screen-Shot-2020-09-07-at-17.06.40-800x532.png 800w, http:\/\/www.irishfoodanddrink.com\/wp-content\/uploads\/2020\/09\/Screen-Shot-2020-09-07-at-17.06.40-350x233.png 350w\" alt=\"Organic Salmon Farming\" data-id=\"13104\" data-link=\"https:\/\/www.irishfoodanddrink.com\/saumon-bio-irlandais\/screen-shot-2020-09-07-at-17-06-40\/\" \/><\/figure>\n<\/li>\n<li class=\"blocks-gallery-item\">\n<figure><img decoding=\"async\" class=\"wp-image-12356\" src=\"http:\/\/www.irishfoodanddrink.com\/wp-content\/uploads\/2020\/02\/Irish_Organic_Salmon__Fishermen_Castletownbere_Co.jpg\" sizes=\"(max-width: 640px) 100vw, 640px\" srcset=\"http:\/\/www.irishfoodanddrink.com\/wp-content\/uploads\/2020\/02\/Irish_Organic_Salmon__Fishermen_Castletownbere_Co.jpg 640w, http:\/\/www.irishfoodanddrink.com\/wp-content\/uploads\/2020\/02\/Irish_Organic_Salmon__Fishermen_Castletownbere_Co-300x197.jpg 300w, http:\/\/www.irishfoodanddrink.com\/wp-content\/uploads\/2020\/02\/Irish_Organic_Salmon__Fishermen_Castletownbere_Co-400x263.jpg 400w, http:\/\/www.irishfoodanddrink.com\/wp-content\/uploads\/2020\/02\/Irish_Organic_Salmon__Fishermen_Castletownbere_Co-413x271.jpg 413w, http:\/\/www.irishfoodanddrink.com\/wp-content\/uploads\/2020\/02\/Irish_Organic_Salmon__Fishermen_Castletownbere_Co-152x100.jpg 152w, http:\/\/www.irishfoodanddrink.com\/wp-content\/uploads\/2020\/02\/Irish_Organic_Salmon__Fishermen_Castletownbere_Co-100x66.jpg 100w, http:\/\/www.irishfoodanddrink.com\/wp-content\/uploads\/2020\/02\/Irish_Organic_Salmon__Fishermen_Castletownbere_Co-350x230.jpg 350w\" alt=\"\" data-id=\"12356\" data-link=\"https:\/\/www.irishfoodanddrink.com\/saumon-bio-irlandais\/irish_organic_salmon__fishermen_castletownbere_co\/\" \/><\/figure>\n<\/li>\n<\/ul>\n<hr class=\"wp-block-separator\" \/>\n<h3><strong>Qualit\u00e4t und\u00a0Ern\u00e4hrung<\/strong><\/h3>\n<p>Irischer Bio-Lachs ist nicht nur von Natur aus k\u00f6stlich, er geh\u00f6rt auch zu den am einfachsten zu kochenden und zubereiteten Fischen. Egal, ob Sie ihn mit irischer Butter gebraten, mit Kr\u00e4utern im Ofen gebacken, mit frischem Gem\u00fcse ged\u00fcnstet oder ger\u00e4uchert m\u00f6gen, er ist unendlich vielseitig!<\/p>\n<p>Irischer Bio-Lachs bietet viele starke gesundheitliche und ern\u00e4hrungsphysiologische Vorteile. Lachs ist reich an Protein und Omega-3-Fetts\u00e4uren und enth\u00e4lt viele wichtige Vitamine und Mineralien, die Herz und\u00a0 Kreislauf zugutekommen.<\/p>\n<p>Von den Gew\u00e4ssern des Atlantiks bis zu den anspruchsvollen Tischen Deutschlands ist der Irische Bio-Lachs auf einer Reise, bei der Qualit\u00e4t und Geschmack im Mittelpunkt stehen, alles im Einklang mit der Natur.<\/p>\n<p>Irischer Bio-Lachs ist in den meisten deutschen Superm\u00e4rkten und Bio-L\u00e4den erh\u00e4ltlich. Es gibt ihn als R\u00e4ucherlachs, in frischen und gefrorenen Portionen im K\u00fchlregal sowie an der Frischfischtheke. Achten Sie auf die irische Herkunft auf der R\u00fcckseite der Packung. Die Verf\u00fcgbarkeit kann je nach Saison variieren.<\/p>\n<h3><strong>Origin Green\u00a0 \u2013 Zertifizierte Hersteller<\/strong><\/h3>\n<table class=\"wp-block-table\">\n<tbody>\n<tr>\n<td>Atlantis Seafoods<\/td>\n<td><a href=\"http:\/\/www.atlantis.ie\/\">atlantis.ie<\/a><\/td>\n<\/tr>\n<tr>\n<td>The Burren Smokehouse<\/td>\n<td><a href=\"http:\/\/www.burrensmokehouse.ie\/\">burrensmokehouse.ie<\/a><\/td>\n<\/tr>\n<tr>\n<td>M Morgan &amp; Sons Seafood Processors Ltd<\/td>\n<td><a href=\"http:\/\/www.morgansfinefish.com\/\">morgansfinefish.com<\/a><\/td>\n<\/tr>\n<tr>\n<td>Oceanpath \/Dunns Of Dublin<\/td>\n<td><a href=\"http:\/\/www.oceanpath.ie\/\">oceanpath.ie<\/a><\/td>\n<\/tr>\n<tr>\n<td>The Irish Organic Salmon Co.\/Mowi<\/td>\n<td><a href=\"https:\/\/mowi.com\/ie\/products\/\">mowi.com<\/a><\/td>\n<\/tr>\n<tr>\n<td>Irish Seafood Producers Group (ISPG) Ltd<\/td>\n<td><a href=\"http:\/\/www.irishseafoodproducersgroup.ie\/\">irishseafoodproducersgroup.ie<\/a><\/td>\n<\/tr>\n<tr>\n<td>Irish Seaspray Ltd<\/td>\n<td><a href=\"http:\/\/www.irishseaspray.com\/\">irishseaspray.com<\/a><\/td>\n<\/tr>\n<tr>\n<td>Island Seafoods Ltd<\/td>\n<td><a href=\"http:\/\/www.atlantictreasures.ie\/\">atlantictreasures.ie<\/a><\/td>\n<\/tr>\n<tr>\n<td>Good Fish Processing Ltd<\/td>\n<td><a href=\"http:\/\/www.mrgoodsfabfish.com\/\">mrgoodsfabfish.com<\/a><\/td>\n<\/tr>\n<tr>\n<td>Gallagher Bros Ltd\/Ocean Farm<\/td>\n<td><a href=\"http:\/\/www.gallagherbros.ie\/\">gallagherbros.ie<\/a><\/td>\n<\/tr>\n<tr>\n<td>Kerry Fish<\/td>\n<td><a href=\"http:\/\/www.kerryfish.com\/\">kerryfish.com<\/a><\/td>\n<\/tr>\n<tr>\n<td>Kish Fish<\/td>\n<td><a href=\"http:\/\/kishfish.ie\/\">kishfish.ie<\/a><\/td>\n<\/tr>\n<tr>\n<td>Keohane\u2019s<\/td>\n<td><a href=\"https:\/\/www.keohaneseafoods.ie\/\">keohaneseafoods.ie<\/a><\/td>\n<\/tr>\n<\/tbody>\n<\/table>\n","protected":false},"excerpt":{"rendered":"<p>Bio-Lachs aus den atlantischen Gew\u00e4ssern Irlands Irland ist weltweit f\u00fchrend in der Zucht von Bio-Lachs und die Atlantikk\u00fcste Irlands bietet die perfekten Bedingungen f\u00fcr die Herstellung von Bio-Lachs h\u00f6chster Qualit\u00e4t. Frisches Wasser und starke Str\u00f6mungen f\u00f6rdern ein kr\u00e4ftiges Wachstum, und irischer Bio-Lachs schwimmt \u00fcber einen Zeitraum von ungef\u00e4hr 18 Monaten umgerechnet 13.000 km, w\u00e4hrend er [&hellip;]<\/p>\n","protected":false},"author":13,"featured_media":0,"parent":0,"menu_order":7,"comment_status":"closed","ping_status":"closed","template":"page-templates\/landing-page.php","meta":{"_acf_changed":false,"inline_featured_image":false,"footnotes":""},"class_list":["post-20204","page","type-page","status-publish","hentry"],"acf":[],"yoast_head":"<!-- This site is optimized with the Yoast SEO plugin v27.3 - https:\/\/yoast.com\/product\/yoast-seo-wordpress\/ -->\n<title>Irischer Bio-Lachs - Irish Food &amp; Drink Irischer Bio-Lachs<\/title>\n<meta name=\"description\" content=\"Irland ist weltweit f\u00fchrend in der Zucht von Bio-Lachs und die Atlantikk\u00fcste Irlands bietet die perfekten Bedingungen f\u00fcr die Herstellung von Bio-Lachs h\u00f6chster Qualit\u00e4t.\" \/>\n<meta name=\"robots\" content=\"index, follow, max-snippet:-1, max-image-preview:large, max-video-preview:-1\" \/>\n<link rel=\"canonical\" href=\"https:\/\/www.irishfoodanddrink.com\/de\/irischer-bio-lachs\/\" \/>\n<meta property=\"og:locale\" content=\"de_DE\" \/>\n<meta property=\"og:type\" content=\"article\" \/>\n<meta property=\"og:title\" content=\"Irischer Bio-Lachs - Irish Food &amp; Drink Irischer Bio-Lachs\" \/>\n<meta property=\"og:description\" content=\"Irland ist weltweit f\u00fchrend in der Zucht von Bio-Lachs und die Atlantikk\u00fcste Irlands bietet die perfekten Bedingungen f\u00fcr die Herstellung von Bio-Lachs h\u00f6chster Qualit\u00e4t.\" \/>\n<meta property=\"og:url\" content=\"https:\/\/www.irishfoodanddrink.com\/de\/irischer-bio-lachs\/\" \/>\n<meta property=\"og:site_name\" content=\"Irish Food &amp; Drink\" \/>\n<meta property=\"article:modified_time\" content=\"2026-01-26T15:08:14+00:00\" \/>\n<meta property=\"og:image\" content=\"http:\/\/www.irishfoodanddrink.com\/wp-content\/uploads\/2020\/09\/Screen-Shot-2020-09-07-at-17.02.56.png\" \/>\n<meta name=\"twitter:card\" content=\"summary_large_image\" \/>\n<meta name=\"twitter:label1\" content=\"Est. reading time\" \/>\n\t<meta name=\"twitter:data1\" content=\"4 minutes\" \/>\n<script type=\"application\/ld+json\" class=\"yoast-schema-graph\">{\"@context\":\"https:\\\/\\\/schema.org\",\"@graph\":[{\"@type\":\"WebPage\",\"@id\":\"https:\\\/\\\/www.irishfoodanddrink.com\\\/de\\\/irischer-bio-lachs\\\/\",\"url\":\"https:\\\/\\\/www.irishfoodanddrink.com\\\/de\\\/irischer-bio-lachs\\\/\",\"name\":\"Irischer Bio-Lachs - Irish Food &amp; Drink Irischer Bio-Lachs\",\"isPartOf\":{\"@id\":\"https:\\\/\\\/www.irishfoodanddrink.com\\\/de\\\/#website\"},\"primaryImageOfPage\":{\"@id\":\"https:\\\/\\\/www.irishfoodanddrink.com\\\/de\\\/irischer-bio-lachs\\\/#primaryimage\"},\"image\":{\"@id\":\"https:\\\/\\\/www.irishfoodanddrink.com\\\/de\\\/irischer-bio-lachs\\\/#primaryimage\"},\"thumbnailUrl\":\"http:\\\/\\\/www.irishfoodanddrink.com\\\/wp-content\\\/uploads\\\/2020\\\/09\\\/Screen-Shot-2020-09-07-at-17.02.56.png\",\"datePublished\":\"2020-11-13T17:33:03+00:00\",\"dateModified\":\"2026-01-26T15:08:14+00:00\",\"description\":\"Irland ist weltweit f\u00fchrend in der Zucht von Bio-Lachs und die Atlantikk\u00fcste Irlands bietet die perfekten Bedingungen f\u00fcr die Herstellung von Bio-Lachs h\u00f6chster Qualit\u00e4t.\",\"breadcrumb\":{\"@id\":\"https:\\\/\\\/www.irishfoodanddrink.com\\\/de\\\/irischer-bio-lachs\\\/#breadcrumb\"},\"inLanguage\":\"de-DE\",\"potentialAction\":[{\"@type\":\"ReadAction\",\"target\":[\"https:\\\/\\\/www.irishfoodanddrink.com\\\/de\\\/irischer-bio-lachs\\\/\"]}]},{\"@type\":\"ImageObject\",\"inLanguage\":\"de-DE\",\"@id\":\"https:\\\/\\\/www.irishfoodanddrink.com\\\/de\\\/irischer-bio-lachs\\\/#primaryimage\",\"url\":\"http:\\\/\\\/www.irishfoodanddrink.com\\\/wp-content\\\/uploads\\\/2020\\\/09\\\/Screen-Shot-2020-09-07-at-17.02.56.png\",\"contentUrl\":\"http:\\\/\\\/www.irishfoodanddrink.com\\\/wp-content\\\/uploads\\\/2020\\\/09\\\/Screen-Shot-2020-09-07-at-17.02.56.png\"},{\"@type\":\"BreadcrumbList\",\"@id\":\"https:\\\/\\\/www.irishfoodanddrink.com\\\/de\\\/irischer-bio-lachs\\\/#breadcrumb\",\"itemListElement\":[{\"@type\":\"ListItem\",\"position\":1,\"name\":\"Home\",\"item\":\"https:\\\/\\\/www.irishfoodanddrink.com\\\/de\\\/\"},{\"@type\":\"ListItem\",\"position\":2,\"name\":\"Irischer Bio-Lachs\"}]},{\"@type\":\"WebSite\",\"@id\":\"https:\\\/\\\/www.irishfoodanddrink.com\\\/de\\\/#website\",\"url\":\"https:\\\/\\\/www.irishfoodanddrink.com\\\/de\\\/\",\"name\":\"Irish Food &amp; Drink\",\"description\":\"Helping you source food and drink from Irish suppliers\",\"potentialAction\":[{\"@type\":\"SearchAction\",\"target\":{\"@type\":\"EntryPoint\",\"urlTemplate\":\"https:\\\/\\\/www.irishfoodanddrink.com\\\/de\\\/?s={search_term_string}\"},\"query-input\":{\"@type\":\"PropertyValueSpecification\",\"valueRequired\":true,\"valueName\":\"search_term_string\"}}],\"inLanguage\":\"de-DE\"}]}<\/script>\n<!-- \/ Yoast SEO plugin. -->","yoast_head_json":{"title":"Irischer Bio-Lachs - Irish Food &amp; Drink Irischer Bio-Lachs","description":"Irland ist weltweit f\u00fchrend in der Zucht von Bio-Lachs und die Atlantikk\u00fcste Irlands bietet die perfekten Bedingungen f\u00fcr die Herstellung von Bio-Lachs h\u00f6chster Qualit\u00e4t.","robots":{"index":"index","follow":"follow","max-snippet":"max-snippet:-1","max-image-preview":"max-image-preview:large","max-video-preview":"max-video-preview:-1"},"canonical":"https:\/\/www.irishfoodanddrink.com\/de\/irischer-bio-lachs\/","og_locale":"de_DE","og_type":"article","og_title":"Irischer Bio-Lachs - Irish Food &amp; Drink Irischer Bio-Lachs","og_description":"Irland ist weltweit f\u00fchrend in der Zucht von Bio-Lachs und die Atlantikk\u00fcste Irlands bietet die perfekten Bedingungen f\u00fcr die Herstellung von Bio-Lachs h\u00f6chster Qualit\u00e4t.","og_url":"https:\/\/www.irishfoodanddrink.com\/de\/irischer-bio-lachs\/","og_site_name":"Irish Food &amp; Drink","article_modified_time":"2026-01-26T15:08:14+00:00","og_image":[{"url":"http:\/\/www.irishfoodanddrink.com\/wp-content\/uploads\/2020\/09\/Screen-Shot-2020-09-07-at-17.02.56.png","type":"","width":"","height":""}],"twitter_card":"summary_large_image","twitter_misc":{"Est. reading time":"4 minutes"},"schema":{"@context":"https:\/\/schema.org","@graph":[{"@type":"WebPage","@id":"https:\/\/www.irishfoodanddrink.com\/de\/irischer-bio-lachs\/","url":"https:\/\/www.irishfoodanddrink.com\/de\/irischer-bio-lachs\/","name":"Irischer Bio-Lachs - Irish Food &amp; Drink Irischer Bio-Lachs","isPartOf":{"@id":"https:\/\/www.irishfoodanddrink.com\/de\/#website"},"primaryImageOfPage":{"@id":"https:\/\/www.irishfoodanddrink.com\/de\/irischer-bio-lachs\/#primaryimage"},"image":{"@id":"https:\/\/www.irishfoodanddrink.com\/de\/irischer-bio-lachs\/#primaryimage"},"thumbnailUrl":"http:\/\/www.irishfoodanddrink.com\/wp-content\/uploads\/2020\/09\/Screen-Shot-2020-09-07-at-17.02.56.png","datePublished":"2020-11-13T17:33:03+00:00","dateModified":"2026-01-26T15:08:14+00:00","description":"Irland ist weltweit f\u00fchrend in der Zucht von Bio-Lachs und die Atlantikk\u00fcste Irlands bietet die perfekten Bedingungen f\u00fcr die Herstellung von Bio-Lachs h\u00f6chster Qualit\u00e4t.","breadcrumb":{"@id":"https:\/\/www.irishfoodanddrink.com\/de\/irischer-bio-lachs\/#breadcrumb"},"inLanguage":"de-DE","potentialAction":[{"@type":"ReadAction","target":["https:\/\/www.irishfoodanddrink.com\/de\/irischer-bio-lachs\/"]}]},{"@type":"ImageObject","inLanguage":"de-DE","@id":"https:\/\/www.irishfoodanddrink.com\/de\/irischer-bio-lachs\/#primaryimage","url":"http:\/\/www.irishfoodanddrink.com\/wp-content\/uploads\/2020\/09\/Screen-Shot-2020-09-07-at-17.02.56.png","contentUrl":"http:\/\/www.irishfoodanddrink.com\/wp-content\/uploads\/2020\/09\/Screen-Shot-2020-09-07-at-17.02.56.png"},{"@type":"BreadcrumbList","@id":"https:\/\/www.irishfoodanddrink.com\/de\/irischer-bio-lachs\/#breadcrumb","itemListElement":[{"@type":"ListItem","position":1,"name":"Home","item":"https:\/\/www.irishfoodanddrink.com\/de\/"},{"@type":"ListItem","position":2,"name":"Irischer Bio-Lachs"}]},{"@type":"WebSite","@id":"https:\/\/www.irishfoodanddrink.com\/de\/#website","url":"https:\/\/www.irishfoodanddrink.com\/de\/","name":"Irish Food &amp; Drink","description":"Helping you source food and drink from Irish suppliers","potentialAction":[{"@type":"SearchAction","target":{"@type":"EntryPoint","urlTemplate":"https:\/\/www.irishfoodanddrink.com\/de\/?s={search_term_string}"},"query-input":{"@type":"PropertyValueSpecification","valueRequired":true,"valueName":"search_term_string"}}],"inLanguage":"de-DE"}]}},"_links":{"self":[{"href":"https:\/\/www.irishfoodanddrink.com\/de\/wp-json\/wp\/v2\/pages\/20204","targetHints":{"allow":["GET"]}}],"collection":[{"href":"https:\/\/www.irishfoodanddrink.com\/de\/wp-json\/wp\/v2\/pages"}],"about":[{"href":"https:\/\/www.irishfoodanddrink.com\/de\/wp-json\/wp\/v2\/types\/page"}],"author":[{"embeddable":true,"href":"https:\/\/www.irishfoodanddrink.com\/de\/wp-json\/wp\/v2\/users\/13"}],"replies":[{"embeddable":true,"href":"https:\/\/www.irishfoodanddrink.com\/de\/wp-json\/wp\/v2\/comments?post=20204"}],"version-history":[{"count":12,"href":"https:\/\/www.irishfoodanddrink.com\/de\/wp-json\/wp\/v2\/pages\/20204\/revisions"}],"predecessor-version":[{"id":41785,"href":"https:\/\/www.irishfoodanddrink.com\/de\/wp-json\/wp\/v2\/pages\/20204\/revisions\/41785"}],"wp:attachment":[{"href":"https:\/\/www.irishfoodanddrink.com\/de\/wp-json\/wp\/v2\/media?parent=20204"}],"curies":[{"name":"wp","href":"https:\/\/api.w.org\/{rel}","templated":true}]}}