{"id":20802,"date":"2020-11-23T16:55:26","date_gmt":"2020-11-23T16:55:26","guid":{"rendered":"http:\/\/staging.irishfoodanddrink.com\/?page_id=20802"},"modified":"2026-01-22T14:51:26","modified_gmt":"2026-01-22T14:51:26","slug":"channels-competencies-coverage","status":"publish","type":"page","link":"https:\/\/www.irishfoodanddrink.com\/de\/irish-advantage\/channels-competencies-coverage\/","title":{"rendered":"Kan\u00e4le, Kompetenzen &#038; Reichweite"},"content":{"rendered":"","protected":false},"excerpt":{"rendered":"","protected":false},"author":4,"featured_media":0,"parent":20735,"menu_order":0,"comment_status":"closed","ping_status":"closed","template":"page-templates\/landing-page.php","meta":{"_acf_changed":false,"inline_featured_image":false,"footnotes":""},"class_list":["post-20802","page","type-page","status-publish","hentry"],"acf":[],"yoast_head":"<!-- This site is optimized with the Yoast SEO plugin v27.3 - https:\/\/yoast.com\/product\/yoast-seo-wordpress\/ -->\n<title>Kan\u00e4le &amp; Kompetenzen | Irish Advantage<\/title>\n<meta name=\"description\" content=\"Entdecken Sie irische Lieferketten\u2011Kompetenz, Marktkenntnis und industrielle F\u00e4higkeiten f\u00fcr zuverl\u00e4ssige B2B\u2011Partnerschaften.\" \/>\n<meta name=\"robots\" content=\"index, follow, max-snippet:-1, max-image-preview:large, max-video-preview:-1\" \/>\n<link rel=\"canonical\" href=\"https:\/\/www.irishfoodanddrink.com\/de\/irish-advantage\/channels-competencies-coverage\/\" \/>\n<meta property=\"og:locale\" content=\"de_DE\" \/>\n<meta property=\"og:type\" content=\"article\" \/>\n<meta property=\"og:title\" content=\"Kan\u00e4le &amp; Kompetenzen | Irish Advantage\" \/>\n<meta property=\"og:description\" content=\"Entdecken Sie irische Lieferketten\u2011Kompetenz, Marktkenntnis und industrielle F\u00e4higkeiten f\u00fcr zuverl\u00e4ssige B2B\u2011Partnerschaften.\" \/>\n<meta property=\"og:url\" content=\"https:\/\/www.irishfoodanddrink.com\/de\/irish-advantage\/channels-competencies-coverage\/\" \/>\n<meta property=\"og:site_name\" content=\"Irish Food &amp; Drink\" \/>\n<meta property=\"article:modified_time\" content=\"2026-01-22T14:51:26+00:00\" \/>\n<meta property=\"og:image\" content=\"https:\/\/www.irishfoodanddrink.com\/wp-content\/uploads\/2020\/12\/Small-homepage-image-339-x-226-min.jpg\" \/>\n\t<meta property=\"og:image:width\" content=\"339\" \/>\n\t<meta property=\"og:image:height\" content=\"226\" \/>\n\t<meta property=\"og:image:type\" content=\"image\/jpeg\" \/>\n<meta name=\"twitter:card\" content=\"summary_large_image\" \/>\n<script type=\"application\/ld+json\" class=\"yoast-schema-graph\">{\"@context\":\"https:\\\/\\\/schema.org\",\"@graph\":[{\"@type\":\"WebPage\",\"@id\":\"https:\\\/\\\/www.irishfoodanddrink.com\\\/de\\\/irish-advantage\\\/channels-competencies-coverage\\\/\",\"url\":\"https:\\\/\\\/www.irishfoodanddrink.com\\\/de\\\/irish-advantage\\\/channels-competencies-coverage\\\/\",\"name\":\"Kan\u00e4le & Kompetenzen | Irish Advantage\",\"isPartOf\":{\"@id\":\"https:\\\/\\\/www.irishfoodanddrink.com\\\/de\\\/#website\"},\"datePublished\":\"2020-11-23T16:55:26+00:00\",\"dateModified\":\"2026-01-22T14:51:26+00:00\",\"description\":\"Entdecken Sie irische Lieferketten\u2011Kompetenz, Marktkenntnis und industrielle F\u00e4higkeiten f\u00fcr zuverl\u00e4ssige B2B\u2011Partnerschaften.\",\"breadcrumb\":{\"@id\":\"https:\\\/\\\/www.irishfoodanddrink.com\\\/de\\\/irish-advantage\\\/channels-competencies-coverage\\\/#breadcrumb\"},\"inLanguage\":\"de-DE\",\"potentialAction\":[{\"@type\":\"ReadAction\",\"target\":[\"https:\\\/\\\/www.irishfoodanddrink.com\\\/de\\\/irish-advantage\\\/channels-competencies-coverage\\\/\"]}]},{\"@type\":\"BreadcrumbList\",\"@id\":\"https:\\\/\\\/www.irishfoodanddrink.com\\\/de\\\/irish-advantage\\\/channels-competencies-coverage\\\/#breadcrumb\",\"itemListElement\":[{\"@type\":\"ListItem\",\"position\":1,\"name\":\"Home\",\"item\":\"https:\\\/\\\/www.irishfoodanddrink.com\\\/de\\\/\"},{\"@type\":\"ListItem\",\"position\":2,\"name\":\"Der Vorteil Irlands\",\"item\":\"https:\\\/\\\/www.irishfoodanddrink.com\\\/de\\\/irish-advantage\\\/\"},{\"@type\":\"ListItem\",\"position\":3,\"name\":\"Kan\u00e4le, Kompetenzen &#038; Reichweite\"}]},{\"@type\":\"WebSite\",\"@id\":\"https:\\\/\\\/www.irishfoodanddrink.com\\\/de\\\/#website\",\"url\":\"https:\\\/\\\/www.irishfoodanddrink.com\\\/de\\\/\",\"name\":\"Irish Food &amp; Drink\",\"description\":\"Helping you source food and drink from Irish suppliers\",\"potentialAction\":[{\"@type\":\"SearchAction\",\"target\":{\"@type\":\"EntryPoint\",\"urlTemplate\":\"https:\\\/\\\/www.irishfoodanddrink.com\\\/de\\\/?s={search_term_string}\"},\"query-input\":{\"@type\":\"PropertyValueSpecification\",\"valueRequired\":true,\"valueName\":\"search_term_string\"}}],\"inLanguage\":\"de-DE\"}]}<\/script>\n<!-- \/ Yoast SEO plugin. -->","yoast_head_json":{"title":"Kan\u00e4le & Kompetenzen | Irish Advantage","description":"Entdecken Sie irische Lieferketten\u2011Kompetenz, Marktkenntnis und industrielle F\u00e4higkeiten f\u00fcr zuverl\u00e4ssige B2B\u2011Partnerschaften.","robots":{"index":"index","follow":"follow","max-snippet":"max-snippet:-1","max-image-preview":"max-image-preview:large","max-video-preview":"max-video-preview:-1"},"canonical":"https:\/\/www.irishfoodanddrink.com\/de\/irish-advantage\/channels-competencies-coverage\/","og_locale":"de_DE","og_type":"article","og_title":"Kan\u00e4le & Kompetenzen | Irish Advantage","og_description":"Entdecken Sie irische Lieferketten\u2011Kompetenz, Marktkenntnis und industrielle F\u00e4higkeiten f\u00fcr zuverl\u00e4ssige B2B\u2011Partnerschaften.","og_url":"https:\/\/www.irishfoodanddrink.com\/de\/irish-advantage\/channels-competencies-coverage\/","og_site_name":"Irish Food &amp; Drink","article_modified_time":"2026-01-22T14:51:26+00:00","og_image":[{"width":339,"height":226,"url":"https:\/\/www.irishfoodanddrink.com\/wp-content\/uploads\/2020\/12\/Small-homepage-image-339-x-226-min.jpg","type":"image\/jpeg"}],"twitter_card":"summary_large_image","schema":{"@context":"https:\/\/schema.org","@graph":[{"@type":"WebPage","@id":"https:\/\/www.irishfoodanddrink.com\/de\/irish-advantage\/channels-competencies-coverage\/","url":"https:\/\/www.irishfoodanddrink.com\/de\/irish-advantage\/channels-competencies-coverage\/","name":"Kan\u00e4le & Kompetenzen | Irish Advantage","isPartOf":{"@id":"https:\/\/www.irishfoodanddrink.com\/de\/#website"},"datePublished":"2020-11-23T16:55:26+00:00","dateModified":"2026-01-22T14:51:26+00:00","description":"Entdecken Sie irische Lieferketten\u2011Kompetenz, Marktkenntnis und industrielle F\u00e4higkeiten f\u00fcr zuverl\u00e4ssige B2B\u2011Partnerschaften.","breadcrumb":{"@id":"https:\/\/www.irishfoodanddrink.com\/de\/irish-advantage\/channels-competencies-coverage\/#breadcrumb"},"inLanguage":"de-DE","potentialAction":[{"@type":"ReadAction","target":["https:\/\/www.irishfoodanddrink.com\/de\/irish-advantage\/channels-competencies-coverage\/"]}]},{"@type":"BreadcrumbList","@id":"https:\/\/www.irishfoodanddrink.com\/de\/irish-advantage\/channels-competencies-coverage\/#breadcrumb","itemListElement":[{"@type":"ListItem","position":1,"name":"Home","item":"https:\/\/www.irishfoodanddrink.com\/de\/"},{"@type":"ListItem","position":2,"name":"Der Vorteil Irlands","item":"https:\/\/www.irishfoodanddrink.com\/de\/irish-advantage\/"},{"@type":"ListItem","position":3,"name":"Kan\u00e4le, Kompetenzen &#038; Reichweite"}]},{"@type":"WebSite","@id":"https:\/\/www.irishfoodanddrink.com\/de\/#website","url":"https:\/\/www.irishfoodanddrink.com\/de\/","name":"Irish Food &amp; Drink","description":"Helping you source food and drink from Irish suppliers","potentialAction":[{"@type":"SearchAction","target":{"@type":"EntryPoint","urlTemplate":"https:\/\/www.irishfoodanddrink.com\/de\/?s={search_term_string}"},"query-input":{"@type":"PropertyValueSpecification","valueRequired":true,"valueName":"search_term_string"}}],"inLanguage":"de-DE"}]}},"_links":{"self":[{"href":"https:\/\/www.irishfoodanddrink.com\/de\/wp-json\/wp\/v2\/pages\/20802","targetHints":{"allow":["GET"]}}],"collection":[{"href":"https:\/\/www.irishfoodanddrink.com\/de\/wp-json\/wp\/v2\/pages"}],"about":[{"href":"https:\/\/www.irishfoodanddrink.com\/de\/wp-json\/wp\/v2\/types\/page"}],"author":[{"embeddable":true,"href":"https:\/\/www.irishfoodanddrink.com\/de\/wp-json\/wp\/v2\/users\/4"}],"replies":[{"embeddable":true,"href":"https:\/\/www.irishfoodanddrink.com\/de\/wp-json\/wp\/v2\/comments?post=20802"}],"version-history":[{"count":8,"href":"https:\/\/www.irishfoodanddrink.com\/de\/wp-json\/wp\/v2\/pages\/20802\/revisions"}],"predecessor-version":[{"id":41746,"href":"https:\/\/www.irishfoodanddrink.com\/de\/wp-json\/wp\/v2\/pages\/20802\/revisions\/41746"}],"up":[{"embeddable":true,"href":"https:\/\/www.irishfoodanddrink.com\/de\/wp-json\/wp\/v2\/pages\/20735"}],"wp:attachment":[{"href":"https:\/\/www.irishfoodanddrink.com\/de\/wp-json\/wp\/v2\/media?parent=20802"}],"curies":[{"name":"wp","href":"https:\/\/api.w.org\/{rel}","templated":true}]}}