{"id":21090,"date":"2020-11-24T12:07:14","date_gmt":"2020-11-24T12:07:14","guid":{"rendered":"http:\/\/staging.irishfoodanddrink.com\/?page_id=21090"},"modified":"2026-01-21T15:48:08","modified_gmt":"2026-01-21T15:48:08","slug":"zahlen-fakten","status":"publish","type":"page","link":"https:\/\/www.irishfoodanddrink.com\/de\/irish-advantage\/zahlen-fakten\/","title":{"rendered":"Zahlen &#038; Fakten"},"content":{"rendered":"<h1 data-start=\"0\" data-end=\"139\"><strong data-start=\"0\" data-end=\"61\">Irlands Lebensmittel- und Getr\u00e4nkesektor: Fakten &amp; Zahlen<\/strong><\/h1>\n<p data-start=\"0\" data-end=\"139\"><br data-start=\"61\" data-end=\"64\" \/><strong>Rekordleistung. Bewiesene Widerstandsf\u00e4higkeit. Vertrauensw\u00fcrdige Qualit\u00e4t.<\/strong><\/p>\n<p data-start=\"141\" data-end=\"547\">Der irische Lebensmittel-, Getr\u00e4nke- und Gartenbausektor erreichte 2025 einen Exportwert von <strong data-start=\"234\" data-end=\"256\">19 Milliarden Euro<\/strong> und verzeichnete damit die st\u00e4rkste Leistung seiner Geschichte. Trotz globaler Volatilit\u00e4t erzielten irische Produzenten ein kontinuierliches Wachstum, getragen von Nachhaltigkeit, Integrit\u00e4t der Lieferketten und erstklassiger Produktqualit\u00e4t.<br data-start=\"500\" data-end=\"503\" \/><a href=\"https:\/\/www.bordbia.ie\/industry\/insights\/performance-and-prospects\/export-performance-prospects-2026\/\" target=\"_blank\" rel=\"noopener\"><em data-start=\"503\" data-end=\"547\">Exportleistung und -perspektiven 2025\u20132026<\/em><\/a><\/p>\n<hr data-start=\"549\" data-end=\"552\" \/>\n<h3 data-start=\"554\" data-end=\"590\">Zentrale Exportkennzahlen (2025)<\/h3>\n<p data-start=\"591\" data-end=\"965\"><strong data-start=\"591\" data-end=\"628\">Gesamtexporte: 19 Milliarden Euro<\/strong><br data-start=\"628\" data-end=\"631\" \/>Die Exporte stiegen <strong data-start=\"651\" data-end=\"679\">jahr\u00fcbergreifend um 12 %<\/strong>, unterst\u00fctzt durch eine starke Preisentwicklung in den wichtigsten Kategorien, insbesondere bei Milchprodukten und Rindfleisch. Irische Exporteure bewiesen eine au\u00dfergew\u00f6hnliche Widerstandsf\u00e4higkeit angesichts von Inflation, sich wandelndem Konsumverhalten und globalen Marktst\u00f6rungen.<\/p>\n<hr data-start=\"967\" data-end=\"970\" \/>\n<h3 data-start=\"972\" data-end=\"1000\">Leistung nach Kategorien<\/h3>\n<p data-start=\"1002\" data-end=\"1049\"><strong data-start=\"1002\" data-end=\"1049\">Milchprodukte \u2013 7,3 Milliarden Euro (+14 %)<\/strong><\/p>\n<ul data-start=\"1050\" data-end=\"1271\">\n<li data-start=\"1050\" data-end=\"1141\">\n<p data-start=\"1052\" data-end=\"1141\">Rekordjahr dank verbesserter Marktpreise und der Vorteile der grasbasierten Produktion.<\/p>\n<\/li>\n<li data-start=\"1142\" data-end=\"1208\">\n<p data-start=\"1144\" data-end=\"1208\">Butter \u00fcberstieg erstmals die Marke von <strong data-start=\"1184\" data-end=\"1205\">2 Milliarden Euro<\/strong>.<\/p>\n<\/li>\n<li data-start=\"1209\" data-end=\"1271\">\n<p data-start=\"1211\" data-end=\"1271\">K\u00e4seexporte wuchsen um <strong data-start=\"1234\" data-end=\"1242\">19 %<\/strong> auf <strong data-start=\"1247\" data-end=\"1270\">1,7 Milliarden Euro<\/strong>.<\/p>\n<\/li>\n<\/ul>\n<p data-start=\"1273\" data-end=\"1329\"><strong data-start=\"1273\" data-end=\"1329\">Fleisch &amp; Viehzucht \u2013 \u00dcber 5 Milliarden Euro (+18 %)<\/strong><\/p>\n<ul data-start=\"1330\" data-end=\"1505\">\n<li data-start=\"1330\" data-end=\"1411\">\n<p data-start=\"1332\" data-end=\"1411\">Deutliches, preisgetriebenes Wachstum bei Rindfleisch und Lebendtierexporten.<\/p>\n<\/li>\n<li data-start=\"1412\" data-end=\"1505\">\n<p data-start=\"1414\" data-end=\"1505\">Starke Nachfrage, getragen von Irlands anerkannten Qualit\u00e4ts- und Nachhaltigkeitsstandards.<\/p>\n<\/li>\n<\/ul>\n<p data-start=\"1507\" data-end=\"1564\"><strong data-start=\"1507\" data-end=\"1564\">Verarbeitete Konsumg\u00fcter \u2013 3,6 Milliarden Euro (+9 %)<\/strong><\/p>\n<ul data-start=\"1565\" data-end=\"1703\">\n<li data-start=\"1565\" data-end=\"1632\">\n<p data-start=\"1567\" data-end=\"1632\">Wachstum bei Getr\u00e4nken, Schokolade, S\u00e4ften und Fertiggerichten.<\/p>\n<\/li>\n<li data-start=\"1633\" data-end=\"1703\">\n<p data-start=\"1635\" data-end=\"1703\">Allein die Exporte in das Vereinigte K\u00f6nigreich stiegen um <strong data-start=\"1694\" data-end=\"1702\">10 %<\/strong>.<\/p>\n<\/li>\n<\/ul>\n<p data-start=\"1705\" data-end=\"1744\"><strong data-start=\"1705\" data-end=\"1744\">Getr\u00e4nke \u2013 2 Milliarden Euro (+2 %)<\/strong><\/p>\n<ul data-start=\"1745\" data-end=\"1954\">\n<li data-start=\"1745\" data-end=\"1866\">\n<p data-start=\"1747\" data-end=\"1866\">Irischer Whiskey bleibt der wichtigste Wachstumstreiber und macht <strong data-start=\"1813\" data-end=\"1821\">45 %<\/strong> des Exportwerts aus (\u2248 <strong data-start=\"1845\" data-end=\"1862\">930 Mio. Euro<\/strong>).<\/p>\n<\/li>\n<li data-start=\"1867\" data-end=\"1954\">\n<p data-start=\"1869\" data-end=\"1954\">Wachstum durch zunehmende Pr\u00e4senz in Afrika, Asien und auf Premium-M\u00e4rkten in der EU.<\/p>\n<\/li>\n<\/ul>\n<p data-start=\"1956\" data-end=\"2001\"><strong data-start=\"1956\" data-end=\"2001\">Meeresfr\u00fcchte \u2013 635 Millionen Euro (+9 %)<\/strong><\/p>\n<ul data-start=\"2002\" data-end=\"2070\">\n<li data-start=\"2002\" data-end=\"2070\">\n<p data-start=\"2004\" data-end=\"2070\">H\u00f6here Exportmengen glichen niedrigere Erl\u00f6se einzelner Arten aus.<\/p>\n<\/li>\n<\/ul>\n<p data-start=\"2072\" data-end=\"2117\"><strong data-start=\"2072\" data-end=\"2117\">Gartenbau &amp; Getreide \u2013 330 Millionen Euro<\/strong><\/p>\n<ul data-start=\"2118\" data-end=\"2189\">\n<li data-start=\"2118\" data-end=\"2189\">\n<p data-start=\"2120\" data-end=\"2189\">Stabile Entwicklung, mit Wachstum vor allem durch Champignon-Exporte.<\/p>\n<\/li>\n<\/ul>\n<hr data-start=\"2191\" data-end=\"2194\" \/>\n<h3 data-start=\"2196\" data-end=\"2252\">Warum Lebensmittel und Getr\u00e4nke aus Irland beziehen?<\/h3>\n<ul data-start=\"2253\" data-end=\"2556\">\n<li data-start=\"2253\" data-end=\"2335\">\n<p data-start=\"2255\" data-end=\"2335\">Grasbasierte Produktion f\u00fcr nat\u00fcrliche Qualit\u00e4t und ausgezeichneten Geschmack.<\/p>\n<\/li>\n<li data-start=\"2336\" data-end=\"2436\">\n<p data-start=\"2338\" data-end=\"2436\">Nachgewiesene Nachhaltigkeitskompetenz, abgesichert durch anerkannte Qualit\u00e4tssicherungssysteme.<\/p>\n<\/li>\n<li data-start=\"2437\" data-end=\"2507\">\n<p data-start=\"2439\" data-end=\"2507\">Zuverl\u00e4ssige globale Lieferketten mit strenger R\u00fcckverfolgbarkeit.<\/p>\n<\/li>\n<li data-start=\"2508\" data-end=\"2556\">\n<p data-start=\"2510\" data-end=\"2556\">Breite Marktabdeckung in \u00fcber <strong data-start=\"2540\" data-end=\"2555\">140 L\u00e4ndern<\/strong>.<\/p>\n<\/li>\n<\/ul>\n<p data-start=\"2558\" data-end=\"2739\" data-is-last-node=\"\" data-is-only-node=\"\">Irlands Leistung spiegelt einen agroaliment\u00e4ren Sektor von Weltklasse wider, der auf Integrit\u00e4t, Innovation und langfristigen Partnerschaften mit internationalen Eink\u00e4ufern basiert.<\/p>\n","protected":false},"excerpt":{"rendered":"<p>Irlands Lebensmittel- und Getr\u00e4nkesektor: Fakten &amp; Zahlen Rekordleistung. Bewiesene Widerstandsf\u00e4higkeit. Vertrauensw\u00fcrdige Qualit\u00e4t. Der irische Lebensmittel-, Getr\u00e4nke- und Gartenbausektor erreichte 2025 einen Exportwert von 19 Milliarden Euro und verzeichnete damit die st\u00e4rkste Leistung seiner Geschichte. Trotz globaler Volatilit\u00e4t erzielten irische Produzenten ein kontinuierliches Wachstum, getragen von Nachhaltigkeit, Integrit\u00e4t der Lieferketten und erstklassiger Produktqualit\u00e4t.Exportleistung und -perspektiven 2025\u20132026 [&hellip;]<\/p>\n","protected":false},"author":6,"featured_media":0,"parent":20735,"menu_order":3,"comment_status":"closed","ping_status":"closed","template":"","meta":{"_acf_changed":false,"inline_featured_image":false,"footnotes":""},"class_list":["post-21090","page","type-page","status-publish","hentry"],"acf":[],"yoast_head":"<!-- This site is optimized with the Yoast SEO plugin v27.3 - https:\/\/yoast.com\/product\/yoast-seo-wordpress\/ -->\n<title>Zahlen &amp; Fakten | Irish Advantage<\/title>\n<meta name=\"description\" content=\"Wichtige Daten zur irischen Lebensmittel\u2011 und Getr\u00e4nkeindustrie: Nachhaltigkeit, Qualit\u00e4t, Exportkompetenz und Marktst\u00e4rke.\" \/>\n<meta name=\"robots\" content=\"index, follow, max-snippet:-1, max-image-preview:large, max-video-preview:-1\" \/>\n<link rel=\"canonical\" href=\"https:\/\/www.irishfoodanddrink.com\/de\/irish-advantage\/zahlen-fakten\/\" \/>\n<meta property=\"og:locale\" content=\"de_DE\" \/>\n<meta property=\"og:type\" content=\"article\" \/>\n<meta property=\"og:title\" content=\"Zahlen &amp; Fakten | Irish Advantage\" \/>\n<meta property=\"og:description\" content=\"Wichtige Daten zur irischen Lebensmittel\u2011 und Getr\u00e4nkeindustrie: Nachhaltigkeit, Qualit\u00e4t, Exportkompetenz und Marktst\u00e4rke.\" \/>\n<meta property=\"og:url\" content=\"https:\/\/www.irishfoodanddrink.com\/de\/irish-advantage\/zahlen-fakten\/\" \/>\n<meta property=\"og:site_name\" content=\"Irish Food &amp; Drink\" \/>\n<meta property=\"article:modified_time\" content=\"2026-01-21T15:48:08+00:00\" \/>\n<meta property=\"og:image\" content=\"https:\/\/www.irishfoodanddrink.com\/wp-content\/uploads\/2020\/12\/Small-homepage-image-339-x-226-min.jpg\" \/>\n\t<meta property=\"og:image:width\" content=\"339\" \/>\n\t<meta property=\"og:image:height\" content=\"226\" \/>\n\t<meta property=\"og:image:type\" content=\"image\/jpeg\" \/>\n<meta name=\"twitter:card\" content=\"summary_large_image\" \/>\n<meta name=\"twitter:label1\" content=\"Est. reading time\" \/>\n\t<meta name=\"twitter:data1\" content=\"2 minutes\" \/>\n<script type=\"application\/ld+json\" class=\"yoast-schema-graph\">{\"@context\":\"https:\\\/\\\/schema.org\",\"@graph\":[{\"@type\":\"WebPage\",\"@id\":\"https:\\\/\\\/www.irishfoodanddrink.com\\\/de\\\/irish-advantage\\\/zahlen-fakten\\\/\",\"url\":\"https:\\\/\\\/www.irishfoodanddrink.com\\\/de\\\/irish-advantage\\\/zahlen-fakten\\\/\",\"name\":\"Zahlen & Fakten | Irish Advantage\",\"isPartOf\":{\"@id\":\"https:\\\/\\\/www.irishfoodanddrink.com\\\/de\\\/#website\"},\"datePublished\":\"2020-11-24T12:07:14+00:00\",\"dateModified\":\"2026-01-21T15:48:08+00:00\",\"description\":\"Wichtige Daten zur irischen Lebensmittel\u2011 und Getr\u00e4nkeindustrie: Nachhaltigkeit, Qualit\u00e4t, Exportkompetenz und Marktst\u00e4rke.\",\"breadcrumb\":{\"@id\":\"https:\\\/\\\/www.irishfoodanddrink.com\\\/de\\\/irish-advantage\\\/zahlen-fakten\\\/#breadcrumb\"},\"inLanguage\":\"de-DE\",\"potentialAction\":[{\"@type\":\"ReadAction\",\"target\":[\"https:\\\/\\\/www.irishfoodanddrink.com\\\/de\\\/irish-advantage\\\/zahlen-fakten\\\/\"]}]},{\"@type\":\"BreadcrumbList\",\"@id\":\"https:\\\/\\\/www.irishfoodanddrink.com\\\/de\\\/irish-advantage\\\/zahlen-fakten\\\/#breadcrumb\",\"itemListElement\":[{\"@type\":\"ListItem\",\"position\":1,\"name\":\"Home\",\"item\":\"https:\\\/\\\/www.irishfoodanddrink.com\\\/de\\\/\"},{\"@type\":\"ListItem\",\"position\":2,\"name\":\"Der Vorteil Irlands\",\"item\":\"https:\\\/\\\/www.irishfoodanddrink.com\\\/de\\\/irish-advantage\\\/\"},{\"@type\":\"ListItem\",\"position\":3,\"name\":\"Zahlen &#038; Fakten\"}]},{\"@type\":\"WebSite\",\"@id\":\"https:\\\/\\\/www.irishfoodanddrink.com\\\/de\\\/#website\",\"url\":\"https:\\\/\\\/www.irishfoodanddrink.com\\\/de\\\/\",\"name\":\"Irish Food &amp; Drink\",\"description\":\"Helping you source food and drink from Irish suppliers\",\"potentialAction\":[{\"@type\":\"SearchAction\",\"target\":{\"@type\":\"EntryPoint\",\"urlTemplate\":\"https:\\\/\\\/www.irishfoodanddrink.com\\\/de\\\/?s={search_term_string}\"},\"query-input\":{\"@type\":\"PropertyValueSpecification\",\"valueRequired\":true,\"valueName\":\"search_term_string\"}}],\"inLanguage\":\"de-DE\"}]}<\/script>\n<!-- \/ Yoast SEO plugin. -->","yoast_head_json":{"title":"Zahlen & Fakten | Irish Advantage","description":"Wichtige Daten zur irischen Lebensmittel\u2011 und Getr\u00e4nkeindustrie: Nachhaltigkeit, Qualit\u00e4t, Exportkompetenz und Marktst\u00e4rke.","robots":{"index":"index","follow":"follow","max-snippet":"max-snippet:-1","max-image-preview":"max-image-preview:large","max-video-preview":"max-video-preview:-1"},"canonical":"https:\/\/www.irishfoodanddrink.com\/de\/irish-advantage\/zahlen-fakten\/","og_locale":"de_DE","og_type":"article","og_title":"Zahlen & Fakten | Irish Advantage","og_description":"Wichtige Daten zur irischen Lebensmittel\u2011 und Getr\u00e4nkeindustrie: Nachhaltigkeit, Qualit\u00e4t, Exportkompetenz und Marktst\u00e4rke.","og_url":"https:\/\/www.irishfoodanddrink.com\/de\/irish-advantage\/zahlen-fakten\/","og_site_name":"Irish Food &amp; Drink","article_modified_time":"2026-01-21T15:48:08+00:00","og_image":[{"width":339,"height":226,"url":"https:\/\/www.irishfoodanddrink.com\/wp-content\/uploads\/2020\/12\/Small-homepage-image-339-x-226-min.jpg","type":"image\/jpeg"}],"twitter_card":"summary_large_image","twitter_misc":{"Est. reading time":"2 minutes"},"schema":{"@context":"https:\/\/schema.org","@graph":[{"@type":"WebPage","@id":"https:\/\/www.irishfoodanddrink.com\/de\/irish-advantage\/zahlen-fakten\/","url":"https:\/\/www.irishfoodanddrink.com\/de\/irish-advantage\/zahlen-fakten\/","name":"Zahlen & Fakten | Irish Advantage","isPartOf":{"@id":"https:\/\/www.irishfoodanddrink.com\/de\/#website"},"datePublished":"2020-11-24T12:07:14+00:00","dateModified":"2026-01-21T15:48:08+00:00","description":"Wichtige Daten zur irischen Lebensmittel\u2011 und Getr\u00e4nkeindustrie: Nachhaltigkeit, Qualit\u00e4t, Exportkompetenz und Marktst\u00e4rke.","breadcrumb":{"@id":"https:\/\/www.irishfoodanddrink.com\/de\/irish-advantage\/zahlen-fakten\/#breadcrumb"},"inLanguage":"de-DE","potentialAction":[{"@type":"ReadAction","target":["https:\/\/www.irishfoodanddrink.com\/de\/irish-advantage\/zahlen-fakten\/"]}]},{"@type":"BreadcrumbList","@id":"https:\/\/www.irishfoodanddrink.com\/de\/irish-advantage\/zahlen-fakten\/#breadcrumb","itemListElement":[{"@type":"ListItem","position":1,"name":"Home","item":"https:\/\/www.irishfoodanddrink.com\/de\/"},{"@type":"ListItem","position":2,"name":"Der Vorteil Irlands","item":"https:\/\/www.irishfoodanddrink.com\/de\/irish-advantage\/"},{"@type":"ListItem","position":3,"name":"Zahlen &#038; Fakten"}]},{"@type":"WebSite","@id":"https:\/\/www.irishfoodanddrink.com\/de\/#website","url":"https:\/\/www.irishfoodanddrink.com\/de\/","name":"Irish Food &amp; Drink","description":"Helping you source food and drink from Irish suppliers","potentialAction":[{"@type":"SearchAction","target":{"@type":"EntryPoint","urlTemplate":"https:\/\/www.irishfoodanddrink.com\/de\/?s={search_term_string}"},"query-input":{"@type":"PropertyValueSpecification","valueRequired":true,"valueName":"search_term_string"}}],"inLanguage":"de-DE"}]}},"_links":{"self":[{"href":"https:\/\/www.irishfoodanddrink.com\/de\/wp-json\/wp\/v2\/pages\/21090","targetHints":{"allow":["GET"]}}],"collection":[{"href":"https:\/\/www.irishfoodanddrink.com\/de\/wp-json\/wp\/v2\/pages"}],"about":[{"href":"https:\/\/www.irishfoodanddrink.com\/de\/wp-json\/wp\/v2\/types\/page"}],"author":[{"embeddable":true,"href":"https:\/\/www.irishfoodanddrink.com\/de\/wp-json\/wp\/v2\/users\/6"}],"replies":[{"embeddable":true,"href":"https:\/\/www.irishfoodanddrink.com\/de\/wp-json\/wp\/v2\/comments?post=21090"}],"version-history":[{"count":3,"href":"https:\/\/www.irishfoodanddrink.com\/de\/wp-json\/wp\/v2\/pages\/21090\/revisions"}],"predecessor-version":[{"id":41672,"href":"https:\/\/www.irishfoodanddrink.com\/de\/wp-json\/wp\/v2\/pages\/21090\/revisions\/41672"}],"up":[{"embeddable":true,"href":"https:\/\/www.irishfoodanddrink.com\/de\/wp-json\/wp\/v2\/pages\/20735"}],"wp:attachment":[{"href":"https:\/\/www.irishfoodanddrink.com\/de\/wp-json\/wp\/v2\/media?parent=21090"}],"curies":[{"name":"wp","href":"https:\/\/api.w.org\/{rel}","templated":true}]}}