{"id":21476,"date":"2020-11-26T06:46:12","date_gmt":"2020-11-26T06:46:12","guid":{"rendered":"http:\/\/staging.irishfoodanddrink.com\/?page_id=21476"},"modified":"2026-01-21T15:26:31","modified_gmt":"2026-01-21T15:26:31","slug":"qualitaetssicherung","status":"publish","type":"page","link":"https:\/\/www.irishfoodanddrink.com\/de\/irish-advantage\/qualitaetssicherung\/","title":{"rendered":"Qualit\u00e4tssicherung"},"content":{"rendered":"<p class=\"p1\">Bord Bia operates Quality Assurance Schemes for the following product categories: Bacon, Beef, Chicken, Duck, Eggs, Fruit, Lamb, Pork, Turkey and Vegetables. The schemes are voluntary however there is significant support for them from farmers and the food industry. Currently over 42,000 farmers and over 150 food processors and packers are members.<\/p>\n<p class=\"p1\">In the Bord Bia Quality Assurance Schemes all steps in the food chain from production to the final packaging for sale to the end user are Quality Assured; these include the farm or growing unit, the meat factory or packing centre and any secondary processing food factory (smoking, curing, cooking etc).<span class=\"Apple-converted-space\">\u00a0<\/span>The Bord Bia Q Mark on a product indicates that the product has been produced in accordance with the required Quality Assurance standards and that the product was produced, in its entirety, in Ireland. All of Bord Bia\u2019s Quality Assurance schemes are also accredited to the internationally recognised European Standard EN45011 \/ ISO.<\/p>\n","protected":false},"excerpt":{"rendered":"<p>Bord Bia operates Quality Assurance Schemes for the following product categories: Bacon, Beef, Chicken, Duck, Eggs, Fruit, Lamb, Pork, Turkey and Vegetables. The schemes are voluntary however there is significant support for them from farmers and the food industry. Currently over 42,000 farmers and over 150 food processors and packers are members. In the Bord [&hellip;]<\/p>\n","protected":false},"author":13,"featured_media":0,"parent":20735,"menu_order":5,"comment_status":"closed","ping_status":"closed","template":"page-templates\/landing-page.php","meta":{"_acf_changed":false,"inline_featured_image":false,"footnotes":""},"class_list":["post-21476","page","type-page","status-publish","hentry"],"acf":[],"yoast_head":"<!-- This site is optimized with the Yoast SEO plugin v27.3 - https:\/\/yoast.com\/product\/yoast-seo-wordpress\/ -->\n<title>Qualit\u00e4tssicherung | Irish Advantage<\/title>\n<meta name=\"description\" content=\"Entdecken Sie irische Qualit\u00e4tsstandards, Zertifizierungen und R\u00fcckverfolgbarkeit. Verl\u00e4ssliche Prozesse f\u00fcr sichere und nachhaltige B2B\u2011Beschaffung.\" \/>\n<meta name=\"robots\" content=\"index, follow, max-snippet:-1, max-image-preview:large, max-video-preview:-1\" \/>\n<link rel=\"canonical\" href=\"https:\/\/www.irishfoodanddrink.com\/de\/irish-advantage\/qualitaetssicherung\/\" \/>\n<meta property=\"og:locale\" content=\"de_DE\" \/>\n<meta property=\"og:type\" content=\"article\" \/>\n<meta property=\"og:title\" content=\"Qualit\u00e4tssicherung | Irish Advantage\" \/>\n<meta property=\"og:description\" content=\"Entdecken Sie irische Qualit\u00e4tsstandards, Zertifizierungen und R\u00fcckverfolgbarkeit. Verl\u00e4ssliche Prozesse f\u00fcr sichere und nachhaltige B2B\u2011Beschaffung.\" \/>\n<meta property=\"og:url\" content=\"https:\/\/www.irishfoodanddrink.com\/de\/irish-advantage\/qualitaetssicherung\/\" \/>\n<meta property=\"og:site_name\" content=\"Irish Food &amp; Drink\" \/>\n<meta property=\"article:modified_time\" content=\"2026-01-21T15:26:31+00:00\" \/>\n<meta property=\"og:image\" content=\"https:\/\/www.irishfoodanddrink.com\/wp-content\/uploads\/2020\/12\/Small-homepage-image-339-x-226-min.jpg\" \/>\n\t<meta property=\"og:image:width\" content=\"339\" \/>\n\t<meta property=\"og:image:height\" content=\"226\" \/>\n\t<meta property=\"og:image:type\" content=\"image\/jpeg\" \/>\n<meta name=\"twitter:card\" content=\"summary_large_image\" \/>\n<meta name=\"twitter:label1\" content=\"Est. reading time\" \/>\n\t<meta name=\"twitter:data1\" content=\"1 minute\" \/>\n<script type=\"application\/ld+json\" class=\"yoast-schema-graph\">{\"@context\":\"https:\\\/\\\/schema.org\",\"@graph\":[{\"@type\":\"WebPage\",\"@id\":\"https:\\\/\\\/www.irishfoodanddrink.com\\\/de\\\/irish-advantage\\\/qualitaetssicherung\\\/\",\"url\":\"https:\\\/\\\/www.irishfoodanddrink.com\\\/de\\\/irish-advantage\\\/qualitaetssicherung\\\/\",\"name\":\"Qualit\u00e4tssicherung | Irish Advantage\",\"isPartOf\":{\"@id\":\"https:\\\/\\\/www.irishfoodanddrink.com\\\/de\\\/#website\"},\"datePublished\":\"2020-11-26T06:46:12+00:00\",\"dateModified\":\"2026-01-21T15:26:31+00:00\",\"description\":\"Entdecken Sie irische Qualit\u00e4tsstandards, Zertifizierungen und R\u00fcckverfolgbarkeit. Verl\u00e4ssliche Prozesse f\u00fcr sichere und nachhaltige B2B\u2011Beschaffung.\",\"breadcrumb\":{\"@id\":\"https:\\\/\\\/www.irishfoodanddrink.com\\\/de\\\/irish-advantage\\\/qualitaetssicherung\\\/#breadcrumb\"},\"inLanguage\":\"de-DE\",\"potentialAction\":[{\"@type\":\"ReadAction\",\"target\":[\"https:\\\/\\\/www.irishfoodanddrink.com\\\/de\\\/irish-advantage\\\/qualitaetssicherung\\\/\"]}]},{\"@type\":\"BreadcrumbList\",\"@id\":\"https:\\\/\\\/www.irishfoodanddrink.com\\\/de\\\/irish-advantage\\\/qualitaetssicherung\\\/#breadcrumb\",\"itemListElement\":[{\"@type\":\"ListItem\",\"position\":1,\"name\":\"Home\",\"item\":\"https:\\\/\\\/www.irishfoodanddrink.com\\\/de\\\/\"},{\"@type\":\"ListItem\",\"position\":2,\"name\":\"Der Vorteil Irlands\",\"item\":\"https:\\\/\\\/www.irishfoodanddrink.com\\\/de\\\/irish-advantage\\\/\"},{\"@type\":\"ListItem\",\"position\":3,\"name\":\"Qualit\u00e4tssicherung\"}]},{\"@type\":\"WebSite\",\"@id\":\"https:\\\/\\\/www.irishfoodanddrink.com\\\/de\\\/#website\",\"url\":\"https:\\\/\\\/www.irishfoodanddrink.com\\\/de\\\/\",\"name\":\"Irish Food &amp; Drink\",\"description\":\"Helping you source food and drink from Irish suppliers\",\"potentialAction\":[{\"@type\":\"SearchAction\",\"target\":{\"@type\":\"EntryPoint\",\"urlTemplate\":\"https:\\\/\\\/www.irishfoodanddrink.com\\\/de\\\/?s={search_term_string}\"},\"query-input\":{\"@type\":\"PropertyValueSpecification\",\"valueRequired\":true,\"valueName\":\"search_term_string\"}}],\"inLanguage\":\"de-DE\"}]}<\/script>\n<!-- \/ Yoast SEO plugin. -->","yoast_head_json":{"title":"Qualit\u00e4tssicherung | Irish Advantage","description":"Entdecken Sie irische Qualit\u00e4tsstandards, Zertifizierungen und R\u00fcckverfolgbarkeit. Verl\u00e4ssliche Prozesse f\u00fcr sichere und nachhaltige B2B\u2011Beschaffung.","robots":{"index":"index","follow":"follow","max-snippet":"max-snippet:-1","max-image-preview":"max-image-preview:large","max-video-preview":"max-video-preview:-1"},"canonical":"https:\/\/www.irishfoodanddrink.com\/de\/irish-advantage\/qualitaetssicherung\/","og_locale":"de_DE","og_type":"article","og_title":"Qualit\u00e4tssicherung | Irish Advantage","og_description":"Entdecken Sie irische Qualit\u00e4tsstandards, Zertifizierungen und R\u00fcckverfolgbarkeit. Verl\u00e4ssliche Prozesse f\u00fcr sichere und nachhaltige B2B\u2011Beschaffung.","og_url":"https:\/\/www.irishfoodanddrink.com\/de\/irish-advantage\/qualitaetssicherung\/","og_site_name":"Irish Food &amp; Drink","article_modified_time":"2026-01-21T15:26:31+00:00","og_image":[{"width":339,"height":226,"url":"https:\/\/www.irishfoodanddrink.com\/wp-content\/uploads\/2020\/12\/Small-homepage-image-339-x-226-min.jpg","type":"image\/jpeg"}],"twitter_card":"summary_large_image","twitter_misc":{"Est. reading time":"1 minute"},"schema":{"@context":"https:\/\/schema.org","@graph":[{"@type":"WebPage","@id":"https:\/\/www.irishfoodanddrink.com\/de\/irish-advantage\/qualitaetssicherung\/","url":"https:\/\/www.irishfoodanddrink.com\/de\/irish-advantage\/qualitaetssicherung\/","name":"Qualit\u00e4tssicherung | Irish Advantage","isPartOf":{"@id":"https:\/\/www.irishfoodanddrink.com\/de\/#website"},"datePublished":"2020-11-26T06:46:12+00:00","dateModified":"2026-01-21T15:26:31+00:00","description":"Entdecken Sie irische Qualit\u00e4tsstandards, Zertifizierungen und R\u00fcckverfolgbarkeit. Verl\u00e4ssliche Prozesse f\u00fcr sichere und nachhaltige B2B\u2011Beschaffung.","breadcrumb":{"@id":"https:\/\/www.irishfoodanddrink.com\/de\/irish-advantage\/qualitaetssicherung\/#breadcrumb"},"inLanguage":"de-DE","potentialAction":[{"@type":"ReadAction","target":["https:\/\/www.irishfoodanddrink.com\/de\/irish-advantage\/qualitaetssicherung\/"]}]},{"@type":"BreadcrumbList","@id":"https:\/\/www.irishfoodanddrink.com\/de\/irish-advantage\/qualitaetssicherung\/#breadcrumb","itemListElement":[{"@type":"ListItem","position":1,"name":"Home","item":"https:\/\/www.irishfoodanddrink.com\/de\/"},{"@type":"ListItem","position":2,"name":"Der Vorteil Irlands","item":"https:\/\/www.irishfoodanddrink.com\/de\/irish-advantage\/"},{"@type":"ListItem","position":3,"name":"Qualit\u00e4tssicherung"}]},{"@type":"WebSite","@id":"https:\/\/www.irishfoodanddrink.com\/de\/#website","url":"https:\/\/www.irishfoodanddrink.com\/de\/","name":"Irish Food &amp; Drink","description":"Helping you source food and drink from Irish suppliers","potentialAction":[{"@type":"SearchAction","target":{"@type":"EntryPoint","urlTemplate":"https:\/\/www.irishfoodanddrink.com\/de\/?s={search_term_string}"},"query-input":{"@type":"PropertyValueSpecification","valueRequired":true,"valueName":"search_term_string"}}],"inLanguage":"de-DE"}]}},"_links":{"self":[{"href":"https:\/\/www.irishfoodanddrink.com\/de\/wp-json\/wp\/v2\/pages\/21476","targetHints":{"allow":["GET"]}}],"collection":[{"href":"https:\/\/www.irishfoodanddrink.com\/de\/wp-json\/wp\/v2\/pages"}],"about":[{"href":"https:\/\/www.irishfoodanddrink.com\/de\/wp-json\/wp\/v2\/types\/page"}],"author":[{"embeddable":true,"href":"https:\/\/www.irishfoodanddrink.com\/de\/wp-json\/wp\/v2\/users\/13"}],"replies":[{"embeddable":true,"href":"https:\/\/www.irishfoodanddrink.com\/de\/wp-json\/wp\/v2\/comments?post=21476"}],"version-history":[{"count":5,"href":"https:\/\/www.irishfoodanddrink.com\/de\/wp-json\/wp\/v2\/pages\/21476\/revisions"}],"predecessor-version":[{"id":41704,"href":"https:\/\/www.irishfoodanddrink.com\/de\/wp-json\/wp\/v2\/pages\/21476\/revisions\/41704"}],"up":[{"embeddable":true,"href":"https:\/\/www.irishfoodanddrink.com\/de\/wp-json\/wp\/v2\/pages\/20735"}],"wp:attachment":[{"href":"https:\/\/www.irishfoodanddrink.com\/de\/wp-json\/wp\/v2\/media?parent=21476"}],"curies":[{"name":"wp","href":"https:\/\/api.w.org\/{rel}","templated":true}]}}