{"id":21575,"date":"2020-11-26T07:44:22","date_gmt":"2020-11-26T07:44:22","guid":{"rendered":"http:\/\/staging.irishfoodanddrink.com\/?page_id=21575"},"modified":"2025-09-25T07:09:18","modified_gmt":"2025-09-25T07:09:18","slug":"irische-molkereiprodukte-2","status":"publish","type":"page","link":"https:\/\/www.irishfoodanddrink.com\/de\/irische-molkereiprodukte-2\/","title":{"rendered":"Irische Molkereiprodukte"},"content":{"rendered":"<div style=\"padding: 41.67% 0 0 0; position: relative;\"><iframe style=\"position: absolute; top: 0; left: 0; width: 100%; height: 100%;\" src=\"https:\/\/player.vimeo.com\/video\/387994403\" frameborder=\"0\" allowfullscreen=\"allowfullscreen\" data-mce-fragment=\"1\"><\/iframe><\/div>\n<p><script src=\"https:\/\/player.vimeo.com\/api\/player.js\"><\/script><\/p>\n<p>Wenn es um Molkereiprodukte geht, sind Verbraucher auf der ganzen Welt immer mehr auf der Suche nach nat\u00fcrlichen, nachhaltigen und qualitativ hochwertigen Produkten.<\/p>\n<p>Dank unserer \u00fcppigen Weiden, unseres milden Klimas und unserer langen landwirtschaftlichen Tradition sind wir hier auf der gr\u00fcnen Insel perfekt aufgestellt, um die wachsende Nachfrage nach hochwertigen Molkereiprodukten aus Weidehaltung zu bedienen. Unsere Farmer arbeiten auch heute noch mit Sorgfalt, Hingabe und Respekt f\u00fcr unsere Traditionen. Daher ist Irland f\u00fchrend bei Standards f\u00fcr Weidehaltung.<\/p>\n<p>Jetzt k\u00f6nnen wir das auch nachweisen durch den\u00a0<em>Grass Fed Standard<\/em>\u00a0f\u00fcr irische Molkereiprodukte, eingef\u00fchrt von Bord Bia, Irlands halbstaatlicher Handelsagentur f\u00fcr Lebensmittel und landwirtschaftliche Erzeugnisse.<\/p>\n<hr class=\"wp-block-separator\" \/>\n<h3><strong>Was ist der Grass Fed Standard von Bord Bia f\u00fcr irische Molkereiprodukte?<\/strong><\/h3>\n<p>Unser neuer\u00a0<em>Grass Fed Standard<\/em>\u00a0wurde von Bord Bia, Irlands halbstaatlicher Handelsagentur f\u00fcr Lebensmittel und landwirtschaftliche Erzeugnisse, entwickelt und ist der weltweit erste unabh\u00e4ngig best\u00e4tigte Standard, durch den der Weidehaltungs-Status jeder einzelnen Kuhherde glaubhaft nachgewiesen und verifiziert werden kann. Dadurch wird verl\u00e4sslich belegt, was wir bereits seit Langem wussten: Das Gras und Weidehaltung entscheidend f\u00fcr die Qualit\u00e4t irischer Molkereiprodukte sind.<\/p>\n<p>Der\u00a0<em>Grass Fed Standard<\/em>\u00a0von Bord Bia bietet die datenbasierte Sicherheit, dass irische Molkereiprodukte von Kuhherden stammen, deren Ern\u00e4hrung im Durchschnitt zu 95 % aus Gras und Futter auf Grasbasis bestand und die durchschnittlich 240 Tage im Jahr auf offenen Weiden gegrast haben. Nur Molkereiprodukte von Herden, die diese Grenzwerte einhalten, d\u00fcrfen den\u00a0<em>Grass Fed Standard\u00a0<\/em>von Bord Bia tragen.<\/p>\n<p>Unser Standard verwendet Daten, die w\u00e4hrend Farm-Audits im Rahmen des nationalen Nachhaltigkeitssicherungskonzepts f\u00fcr Milch und Molkereiprodukte (SDAS) von Bord Bia erfasst werden. Das SDAS ist ein freiwilliges Konzept, das im Zusammenhang mit Origin Green, Irlands nationalem Nachhaltigkeitsprogramm f\u00fcr Lebensmittel, durchgef\u00fchrt wird.<\/p>\n<p>Durch den Standard k\u00f6nnen irische Verarbeiter nun nachweisen, dass ihre Molkereiprodukte aus Milch von zertifizierten Kuhherden stammen.<\/p>\n<hr class=\"wp-block-separator\" \/>\n<figure><img decoding=\"async\" class=\"wp-image-11643\" src=\"http:\/\/www.irishfoodanddrink.com\/wp-content\/uploads\/2019\/11\/dairy-1.jpg\" sizes=\"(max-width: 1004px) 100vw, 1004px\" srcset=\"http:\/\/www.irishfoodanddrink.com\/wp-content\/uploads\/2019\/11\/dairy-1.jpg 1004w, http:\/\/www.irishfoodanddrink.com\/wp-content\/uploads\/2019\/11\/dairy-1-300x199.jpg 300w, http:\/\/www.irishfoodanddrink.com\/wp-content\/uploads\/2019\/11\/dairy-1-768x509.jpg 768w, http:\/\/www.irishfoodanddrink.com\/wp-content\/uploads\/2019\/11\/dairy-1-400x265.jpg 400w, http:\/\/www.irishfoodanddrink.com\/wp-content\/uploads\/2019\/11\/dairy-1-420x280.jpg 420w, http:\/\/www.irishfoodanddrink.com\/wp-content\/uploads\/2019\/11\/dairy-1-151x100.jpg 151w, http:\/\/www.irishfoodanddrink.com\/wp-content\/uploads\/2019\/11\/dairy-1-100x66.jpg 100w, http:\/\/www.irishfoodanddrink.com\/wp-content\/uploads\/2019\/11\/dairy-1-800x531.jpg 800w, http:\/\/www.irishfoodanddrink.com\/wp-content\/uploads\/2019\/11\/dairy-1-350x232.jpg 350w\" alt=\"\" data-id=\"11643\" data-link=\"https:\/\/www.irishfoodanddrink.com\/irish-beef\/dairy-2\/\" \/><\/figure>\n<figure><img decoding=\"async\" class=\"wp-image-11844\" src=\"http:\/\/www.irishfoodanddrink.com\/wp-content\/uploads\/2019\/11\/Grass-Capture-Resized.jpg\" sizes=\"(max-width: 976px) 100vw, 976px\" srcset=\"http:\/\/www.irishfoodanddrink.com\/wp-content\/uploads\/2019\/11\/Grass-Capture-Resized.jpg 976w, http:\/\/www.irishfoodanddrink.com\/wp-content\/uploads\/2019\/11\/Grass-Capture-Resized-300x187.jpg 300w, http:\/\/www.irishfoodanddrink.com\/wp-content\/uploads\/2019\/11\/Grass-Capture-Resized-768x478.jpg 768w, http:\/\/www.irishfoodanddrink.com\/wp-content\/uploads\/2019\/11\/Grass-Capture-Resized-400x249.jpg 400w, http:\/\/www.irishfoodanddrink.com\/wp-content\/uploads\/2019\/11\/Grass-Capture-Resized-161x100.jpg 161w, http:\/\/www.irishfoodanddrink.com\/wp-content\/uploads\/2019\/11\/Grass-Capture-Resized-100x62.jpg 100w, http:\/\/www.irishfoodanddrink.com\/wp-content\/uploads\/2019\/11\/Grass-Capture-Resized-800x498.jpg 800w, http:\/\/www.irishfoodanddrink.com\/wp-content\/uploads\/2019\/11\/Grass-Capture-Resized-350x218.jpg 350w\" alt=\"\" data-id=\"11844\" data-link=\"https:\/\/www.irishfoodanddrink.com\/irish-beef\/grass-capture-resized\/\" \/><\/figure>\n<figure><img decoding=\"async\" class=\"wp-image-11903\" src=\"http:\/\/www.irishfoodanddrink.com\/wp-content\/uploads\/2019\/11\/dairy-4-1024x702.jpg\" sizes=\"(max-width: 1024px) 100vw, 1024px\" srcset=\"http:\/\/www.irishfoodanddrink.com\/wp-content\/uploads\/2019\/11\/dairy-4-1024x702.jpg 1024w, http:\/\/www.irishfoodanddrink.com\/wp-content\/uploads\/2019\/11\/dairy-4-300x206.jpg 300w, http:\/\/www.irishfoodanddrink.com\/wp-content\/uploads\/2019\/11\/dairy-4-768x527.jpg 768w, http:\/\/www.irishfoodanddrink.com\/wp-content\/uploads\/2019\/11\/dairy-4-400x274.jpg 400w, http:\/\/www.irishfoodanddrink.com\/wp-content\/uploads\/2019\/11\/dairy-4-146x100.jpg 146w, http:\/\/www.irishfoodanddrink.com\/wp-content\/uploads\/2019\/11\/dairy-4-100x69.jpg 100w, http:\/\/www.irishfoodanddrink.com\/wp-content\/uploads\/2019\/11\/dairy-4-800x549.jpg 800w, http:\/\/www.irishfoodanddrink.com\/wp-content\/uploads\/2019\/11\/dairy-4-350x240.jpg 350w, http:\/\/www.irishfoodanddrink.com\/wp-content\/uploads\/2019\/11\/dairy-4.jpg 1247w\" alt=\"\" data-id=\"11903\" data-link=\"https:\/\/www.irishfoodanddrink.com\/irish-dairy\/dairy-4\/\" \/><\/figure>\n<hr class=\"wp-block-separator\" \/>\n<h3><strong>Warum wurde der Grass Fed Standard von Bord Bia entwickelt?<\/strong><\/h3>\n<p>In der ganzen Welt suchen Konsumenten verst\u00e4rkt nach Molkereiprodukten, welche auf Weidehaltung basieren und auch der Markt fordert entsprechende Belege. Marktforschungsergebnisse von Ernst &amp; Young zeigen, dass 50% der Konsumenten weltweit Rindfleisch aus Weidehaltung bevorzugen. Nahezu zwei Drittel (64%) der Konsumenten sind bereit mehr f\u00fcr Rindfleisch aus Weidehaltung auszugeben, da es mit \u201eNat\u00fcrlichkeit\u201c, \u201eGesundheit\u201c und \u201eHochwertiger Qualit\u00e4t\u201c verbunden wird.<\/p>\n<p>Bord Bia\u2019s\u00a0<em>Grass-Fed Standard<\/em>\u00a0vermittelt die Garantie, dass Irland sich zu Molkereiprodukten ausschlie\u00dflich von Herden aus Weidehaltung verpflichtet.<\/p>\n<p>F\u00fcr Einzelhandels- und Gastronomiekunden irischer Molkereiprodukte ist der\u00a0<em>Grass Fed Standard<\/em>\u00a0der neueste Ausdruck einer langfristigen Verpflichtung zu Exzellenz. Diese Exzellenz macht Irland zu einem der f\u00fchrenden Exportnationen f\u00fcr Molkereiprodukte in Europa und zur ersten Wahl f\u00fcr Verbraucher, die Molkereiprodukte von h\u00f6chster Qualit\u00e4t aus Weidehaltung nachfragen.<\/p>\n<p>Der\u00a0<em>Grass Fed Standard<\/em>\u00a0von Bord Bia wurde in Abstimmung mit weiteren wichtigen und relevanten Interessengruppen aus dem Molkereisektor einschlie\u00dflich des Landwirtschaftsministeriums, Teagasc, Farmern und Milchverarbeitern entwickelt. Die irische Molkereibranche implementiert diesen Standard derzeit auf Verarbeitungsebene und plant die Markteinf\u00fchrung zertifizierter Produkte f\u00fcr 2021. F\u00fcr weitere Details und Informationen zum\u00a0<em>Grass Fed Standard<\/em>\u00a0von Bord Bia f\u00fcr irische Molkereiprodukte klicken Sie bitte\u00a0<a href=\"http:\/\/www.bordbia.ie\/grassfed\">hier<\/a>.<\/p>\n<hr class=\"wp-block-separator\" \/>\n<h3>Origin Green<\/h3>\n<p>Origin Green ist Irlands f\u00fchrendes nationales Programm f\u00fcr Lebensmittelqualit\u00e4t und Nachhaltigkeit. Die Arbeit der Mitglieder wird gemessen und unabh\u00e4ngig gepr\u00fcft, um in der gesamten Lieferkette eine kontinuierliche Verbesserung in Bereichen wie Lebensmittelsicherheit, R\u00fcckverfolgbarkeit, Tiergesundheit und Tierschutz, Treibhausgasemissionen sowie Wasser- und Bodenmanagement voranzutreiben. Dies erm\u00f6glicht es den Landwirten, messbare Nachhaltigkeitsziele f\u00fcr den Umweltschutz festzulegen und zu erreichen.<\/p>\n<hr class=\"wp-block-separator\" \/>\n<figure><img decoding=\"async\" class=\"wp-image-11942\" src=\"http:\/\/www.irishfoodanddrink.com\/wp-content\/uploads\/2019\/12\/dairycapture2-1024x683-min-1024x683.jpg\" sizes=\"(max-width: 1024px) 100vw, 1024px\" srcset=\"http:\/\/www.irishfoodanddrink.com\/wp-content\/uploads\/2019\/12\/dairycapture2-1024x683-min.jpg 1024w, http:\/\/www.irishfoodanddrink.com\/wp-content\/uploads\/2019\/12\/dairycapture2-1024x683-min-300x200.jpg 300w, http:\/\/www.irishfoodanddrink.com\/wp-content\/uploads\/2019\/12\/dairycapture2-1024x683-min-768x512.jpg 768w, http:\/\/www.irishfoodanddrink.com\/wp-content\/uploads\/2019\/12\/dairycapture2-1024x683-min-400x267.jpg 400w, http:\/\/www.irishfoodanddrink.com\/wp-content\/uploads\/2019\/12\/dairycapture2-1024x683-min-420x280.jpg 420w, http:\/\/www.irishfoodanddrink.com\/wp-content\/uploads\/2019\/12\/dairycapture2-1024x683-min-150x100.jpg 150w, http:\/\/www.irishfoodanddrink.com\/wp-content\/uploads\/2019\/12\/dairycapture2-1024x683-min-100x67.jpg 100w, http:\/\/www.irishfoodanddrink.com\/wp-content\/uploads\/2019\/12\/dairycapture2-1024x683-min-800x534.jpg 800w, http:\/\/www.irishfoodanddrink.com\/wp-content\/uploads\/2019\/12\/dairycapture2-1024x683-min-350x233.jpg 350w\" alt=\"\" data-id=\"11942\" data-link=\"https:\/\/www.irishfoodanddrink.com\/irische-milchprodukte\/dairycapture2-1024x683-min\/\" \/><\/figure>\n<figure><img decoding=\"async\" class=\"wp-image-11836\" src=\"http:\/\/www.irishfoodanddrink.com\/wp-content\/uploads\/2019\/11\/capturedairy6-1024x684.jpg\" sizes=\"(max-width: 1024px) 100vw, 1024px\" srcset=\"http:\/\/www.irishfoodanddrink.com\/wp-content\/uploads\/2019\/11\/capturedairy6-1024x684.jpg 1024w, http:\/\/www.irishfoodanddrink.com\/wp-content\/uploads\/2019\/11\/capturedairy6-300x201.jpg 300w, http:\/\/www.irishfoodanddrink.com\/wp-content\/uploads\/2019\/11\/capturedairy6-768x513.jpg 768w, http:\/\/www.irishfoodanddrink.com\/wp-content\/uploads\/2019\/11\/capturedairy6-400x267.jpg 400w, http:\/\/www.irishfoodanddrink.com\/wp-content\/uploads\/2019\/11\/capturedairy6-420x280.jpg 420w, http:\/\/www.irishfoodanddrink.com\/wp-content\/uploads\/2019\/11\/capturedairy6-150x100.jpg 150w, http:\/\/www.irishfoodanddrink.com\/wp-content\/uploads\/2019\/11\/capturedairy6-100x67.jpg 100w, http:\/\/www.irishfoodanddrink.com\/wp-content\/uploads\/2019\/11\/capturedairy6-800x535.jpg 800w, http:\/\/www.irishfoodanddrink.com\/wp-content\/uploads\/2019\/11\/capturedairy6-350x234.jpg 350w, http:\/\/www.irishfoodanddrink.com\/wp-content\/uploads\/2019\/11\/capturedairy6.jpg 1119w\" alt=\"\" data-id=\"11836\" data-link=\"https:\/\/www.irishfoodanddrink.com\/irisches-rindfleisch\/capturedairy6-2\/\" \/><\/figure>\n<figure><img decoding=\"async\" class=\"wp-image-11830\" src=\"http:\/\/www.irishfoodanddrink.com\/wp-content\/uploads\/2019\/11\/soilcapture-min.jpg\" sizes=\"(max-width: 969px) 100vw, 969px\" srcset=\"http:\/\/www.irishfoodanddrink.com\/wp-content\/uploads\/2019\/11\/soilcapture-min.jpg 969w, http:\/\/www.irishfoodanddrink.com\/wp-content\/uploads\/2019\/11\/soilcapture-min-300x202.jpg 300w, http:\/\/www.irishfoodanddrink.com\/wp-content\/uploads\/2019\/11\/soilcapture-min-768x518.jpg 768w, http:\/\/www.irishfoodanddrink.com\/wp-content\/uploads\/2019\/11\/soilcapture-min-400x270.jpg 400w, http:\/\/www.irishfoodanddrink.com\/wp-content\/uploads\/2019\/11\/soilcapture-min-148x100.jpg 148w, http:\/\/www.irishfoodanddrink.com\/wp-content\/uploads\/2019\/11\/soilcapture-min-100x67.jpg 100w, http:\/\/www.irishfoodanddrink.com\/wp-content\/uploads\/2019\/11\/soilcapture-min-800x540.jpg 800w, http:\/\/www.irishfoodanddrink.com\/wp-content\/uploads\/2019\/11\/soilcapture-min-350x236.jpg 350w\" alt=\"\" data-id=\"11830\" data-link=\"https:\/\/www.irishfoodanddrink.com\/irish-beef\/soilcapture-min\/\" \/><\/figure>\n<hr class=\"wp-block-separator\" \/>\n<h3><strong>R\u00fcckverfolgbarkeit<\/strong><\/h3>\n<p>Alle ausschlie\u00dflich mit Gras gef\u00fctterten irischen Milchviehherden sind vollst\u00e4ndig r\u00fcckverfolgbar. Jedes Kalb erh\u00e4lt bei der Geburt eine eindeutige Passnummer und ist ein Leben lang anhand der einzigartigen Kennzeichnung mit zwei Ohrmarken identifizierbar. Ebenso kann jedes einzelne Tier in allen Phasen \u00fcber das nationale System zur Kennzeichnung der Tiere und Aufzeichnung von Verbringungen (Animal Identification and Movement System; AIMS) r\u00fcckverfolgt werden, ein voll digitalisiertes R\u00fcckverfolgungssystem, das vom irischen Ministerium f\u00fcr Landwirtschaft, Ern\u00e4hrung und Marineangelegenheiten betrieben wird.<\/p>\n<p>Au\u00dferdem nutzen irische Molkereien hochmoderne Technologie, um die R\u00fcckverfolgbarkeit der von ihnen verarbeiteten Milch sicherzustellen \u2013 von den einzelnen H\u00f6fen bis hin zur Verarbeitung \u2013,um so den hohen Anforderungen ihrer internationalen Kunden nachzukommen.<\/p>\n","protected":false},"excerpt":{"rendered":"<p>Wenn es um Molkereiprodukte geht, sind Verbraucher auf der ganzen Welt immer mehr auf der Suche nach nat\u00fcrlichen, nachhaltigen und qualitativ hochwertigen Produkten. Dank unserer \u00fcppigen Weiden, unseres milden Klimas und unserer langen landwirtschaftlichen Tradition sind wir hier auf der gr\u00fcnen Insel perfekt aufgestellt, um die wachsende Nachfrage nach hochwertigen Molkereiprodukten aus Weidehaltung zu bedienen. [&hellip;]<\/p>\n","protected":false},"author":13,"featured_media":0,"parent":0,"menu_order":6,"comment_status":"closed","ping_status":"closed","template":"page-templates\/landing-page.php","meta":{"_acf_changed":false,"inline_featured_image":false,"footnotes":""},"class_list":["post-21575","page","type-page","status-publish","hentry"],"acf":[],"yoast_head":"<!-- This site is optimized with the Yoast SEO plugin v27.3 - https:\/\/yoast.com\/product\/yoast-seo-wordpress\/ -->\n<title>Irische Molkereiprodukte - Irish Food &amp; Drink Irische Molkereiprodukte<\/title>\n<meta name=\"description\" content=\"Irische Molkereiprodukte aus Weidehaltung, wo wir im Einklang mit der Natur arbeiten\" \/>\n<meta name=\"robots\" content=\"index, follow, max-snippet:-1, max-image-preview:large, max-video-preview:-1\" \/>\n<link rel=\"canonical\" href=\"https:\/\/www.irishfoodanddrink.com\/de\/irische-molkereiprodukte-2\/\" \/>\n<meta property=\"og:locale\" content=\"de_DE\" \/>\n<meta property=\"og:type\" content=\"article\" \/>\n<meta property=\"og:title\" content=\"Irische Molkereiprodukte - Irish Food &amp; Drink Irische Molkereiprodukte\" \/>\n<meta property=\"og:description\" content=\"Irische Molkereiprodukte aus Weidehaltung, wo wir im Einklang mit der Natur arbeiten\" \/>\n<meta property=\"og:url\" content=\"https:\/\/www.irishfoodanddrink.com\/de\/irische-molkereiprodukte-2\/\" \/>\n<meta property=\"og:site_name\" content=\"Irish Food &amp; Drink\" \/>\n<meta property=\"article:modified_time\" content=\"2025-09-25T07:09:18+00:00\" \/>\n<meta property=\"og:image\" content=\"http:\/\/www.irishfoodanddrink.com\/wp-content\/uploads\/2019\/11\/dairy-1.jpg\" \/>\n<meta name=\"twitter:card\" content=\"summary_large_image\" \/>\n<meta name=\"twitter:label1\" content=\"Est. reading time\" \/>\n\t<meta name=\"twitter:data1\" content=\"5 minutes\" \/>\n<script type=\"application\/ld+json\" class=\"yoast-schema-graph\">{\"@context\":\"https:\\\/\\\/schema.org\",\"@graph\":[{\"@type\":\"WebPage\",\"@id\":\"https:\\\/\\\/www.irishfoodanddrink.com\\\/de\\\/irische-molkereiprodukte-2\\\/\",\"url\":\"https:\\\/\\\/www.irishfoodanddrink.com\\\/de\\\/irische-molkereiprodukte-2\\\/\",\"name\":\"Irische Molkereiprodukte - Irish Food &amp; Drink Irische Molkereiprodukte\",\"isPartOf\":{\"@id\":\"https:\\\/\\\/www.irishfoodanddrink.com\\\/de\\\/#website\"},\"primaryImageOfPage\":{\"@id\":\"https:\\\/\\\/www.irishfoodanddrink.com\\\/de\\\/irische-molkereiprodukte-2\\\/#primaryimage\"},\"image\":{\"@id\":\"https:\\\/\\\/www.irishfoodanddrink.com\\\/de\\\/irische-molkereiprodukte-2\\\/#primaryimage\"},\"thumbnailUrl\":\"http:\\\/\\\/www.irishfoodanddrink.com\\\/wp-content\\\/uploads\\\/2019\\\/11\\\/dairy-1.jpg\",\"datePublished\":\"2020-11-26T07:44:22+00:00\",\"dateModified\":\"2025-09-25T07:09:18+00:00\",\"description\":\"Irische Molkereiprodukte aus Weidehaltung, wo wir im Einklang mit der Natur arbeiten\",\"breadcrumb\":{\"@id\":\"https:\\\/\\\/www.irishfoodanddrink.com\\\/de\\\/irische-molkereiprodukte-2\\\/#breadcrumb\"},\"inLanguage\":\"de-DE\",\"potentialAction\":[{\"@type\":\"ReadAction\",\"target\":[\"https:\\\/\\\/www.irishfoodanddrink.com\\\/de\\\/irische-molkereiprodukte-2\\\/\"]}]},{\"@type\":\"ImageObject\",\"inLanguage\":\"de-DE\",\"@id\":\"https:\\\/\\\/www.irishfoodanddrink.com\\\/de\\\/irische-molkereiprodukte-2\\\/#primaryimage\",\"url\":\"http:\\\/\\\/www.irishfoodanddrink.com\\\/wp-content\\\/uploads\\\/2019\\\/11\\\/dairy-1.jpg\",\"contentUrl\":\"http:\\\/\\\/www.irishfoodanddrink.com\\\/wp-content\\\/uploads\\\/2019\\\/11\\\/dairy-1.jpg\"},{\"@type\":\"BreadcrumbList\",\"@id\":\"https:\\\/\\\/www.irishfoodanddrink.com\\\/de\\\/irische-molkereiprodukte-2\\\/#breadcrumb\",\"itemListElement\":[{\"@type\":\"ListItem\",\"position\":1,\"name\":\"Home\",\"item\":\"https:\\\/\\\/www.irishfoodanddrink.com\\\/de\\\/\"},{\"@type\":\"ListItem\",\"position\":2,\"name\":\"Irische Molkereiprodukte\"}]},{\"@type\":\"WebSite\",\"@id\":\"https:\\\/\\\/www.irishfoodanddrink.com\\\/de\\\/#website\",\"url\":\"https:\\\/\\\/www.irishfoodanddrink.com\\\/de\\\/\",\"name\":\"Irish Food &amp; Drink\",\"description\":\"Helping you source food and drink from Irish suppliers\",\"potentialAction\":[{\"@type\":\"SearchAction\",\"target\":{\"@type\":\"EntryPoint\",\"urlTemplate\":\"https:\\\/\\\/www.irishfoodanddrink.com\\\/de\\\/?s={search_term_string}\"},\"query-input\":{\"@type\":\"PropertyValueSpecification\",\"valueRequired\":true,\"valueName\":\"search_term_string\"}}],\"inLanguage\":\"de-DE\"}]}<\/script>\n<!-- \/ Yoast SEO plugin. -->","yoast_head_json":{"title":"Irische Molkereiprodukte - Irish Food &amp; Drink Irische Molkereiprodukte","description":"Irische Molkereiprodukte aus Weidehaltung, wo wir im Einklang mit der Natur arbeiten","robots":{"index":"index","follow":"follow","max-snippet":"max-snippet:-1","max-image-preview":"max-image-preview:large","max-video-preview":"max-video-preview:-1"},"canonical":"https:\/\/www.irishfoodanddrink.com\/de\/irische-molkereiprodukte-2\/","og_locale":"de_DE","og_type":"article","og_title":"Irische Molkereiprodukte - Irish Food &amp; Drink Irische Molkereiprodukte","og_description":"Irische Molkereiprodukte aus Weidehaltung, wo wir im Einklang mit der Natur arbeiten","og_url":"https:\/\/www.irishfoodanddrink.com\/de\/irische-molkereiprodukte-2\/","og_site_name":"Irish Food &amp; Drink","article_modified_time":"2025-09-25T07:09:18+00:00","og_image":[{"url":"http:\/\/www.irishfoodanddrink.com\/wp-content\/uploads\/2019\/11\/dairy-1.jpg","type":"","width":"","height":""}],"twitter_card":"summary_large_image","twitter_misc":{"Est. reading time":"5 minutes"},"schema":{"@context":"https:\/\/schema.org","@graph":[{"@type":"WebPage","@id":"https:\/\/www.irishfoodanddrink.com\/de\/irische-molkereiprodukte-2\/","url":"https:\/\/www.irishfoodanddrink.com\/de\/irische-molkereiprodukte-2\/","name":"Irische Molkereiprodukte - Irish Food &amp; Drink Irische Molkereiprodukte","isPartOf":{"@id":"https:\/\/www.irishfoodanddrink.com\/de\/#website"},"primaryImageOfPage":{"@id":"https:\/\/www.irishfoodanddrink.com\/de\/irische-molkereiprodukte-2\/#primaryimage"},"image":{"@id":"https:\/\/www.irishfoodanddrink.com\/de\/irische-molkereiprodukte-2\/#primaryimage"},"thumbnailUrl":"http:\/\/www.irishfoodanddrink.com\/wp-content\/uploads\/2019\/11\/dairy-1.jpg","datePublished":"2020-11-26T07:44:22+00:00","dateModified":"2025-09-25T07:09:18+00:00","description":"Irische Molkereiprodukte aus Weidehaltung, wo wir im Einklang mit der Natur arbeiten","breadcrumb":{"@id":"https:\/\/www.irishfoodanddrink.com\/de\/irische-molkereiprodukte-2\/#breadcrumb"},"inLanguage":"de-DE","potentialAction":[{"@type":"ReadAction","target":["https:\/\/www.irishfoodanddrink.com\/de\/irische-molkereiprodukte-2\/"]}]},{"@type":"ImageObject","inLanguage":"de-DE","@id":"https:\/\/www.irishfoodanddrink.com\/de\/irische-molkereiprodukte-2\/#primaryimage","url":"http:\/\/www.irishfoodanddrink.com\/wp-content\/uploads\/2019\/11\/dairy-1.jpg","contentUrl":"http:\/\/www.irishfoodanddrink.com\/wp-content\/uploads\/2019\/11\/dairy-1.jpg"},{"@type":"BreadcrumbList","@id":"https:\/\/www.irishfoodanddrink.com\/de\/irische-molkereiprodukte-2\/#breadcrumb","itemListElement":[{"@type":"ListItem","position":1,"name":"Home","item":"https:\/\/www.irishfoodanddrink.com\/de\/"},{"@type":"ListItem","position":2,"name":"Irische Molkereiprodukte"}]},{"@type":"WebSite","@id":"https:\/\/www.irishfoodanddrink.com\/de\/#website","url":"https:\/\/www.irishfoodanddrink.com\/de\/","name":"Irish Food &amp; Drink","description":"Helping you source food and drink from Irish suppliers","potentialAction":[{"@type":"SearchAction","target":{"@type":"EntryPoint","urlTemplate":"https:\/\/www.irishfoodanddrink.com\/de\/?s={search_term_string}"},"query-input":{"@type":"PropertyValueSpecification","valueRequired":true,"valueName":"search_term_string"}}],"inLanguage":"de-DE"}]}},"_links":{"self":[{"href":"https:\/\/www.irishfoodanddrink.com\/de\/wp-json\/wp\/v2\/pages\/21575","targetHints":{"allow":["GET"]}}],"collection":[{"href":"https:\/\/www.irishfoodanddrink.com\/de\/wp-json\/wp\/v2\/pages"}],"about":[{"href":"https:\/\/www.irishfoodanddrink.com\/de\/wp-json\/wp\/v2\/types\/page"}],"author":[{"embeddable":true,"href":"https:\/\/www.irishfoodanddrink.com\/de\/wp-json\/wp\/v2\/users\/13"}],"replies":[{"embeddable":true,"href":"https:\/\/www.irishfoodanddrink.com\/de\/wp-json\/wp\/v2\/comments?post=21575"}],"version-history":[{"count":6,"href":"https:\/\/www.irishfoodanddrink.com\/de\/wp-json\/wp\/v2\/pages\/21575\/revisions"}],"predecessor-version":[{"id":22598,"href":"https:\/\/www.irishfoodanddrink.com\/de\/wp-json\/wp\/v2\/pages\/21575\/revisions\/22598"}],"wp:attachment":[{"href":"https:\/\/www.irishfoodanddrink.com\/de\/wp-json\/wp\/v2\/media?parent=21575"}],"curies":[{"name":"wp","href":"https:\/\/api.w.org\/{rel}","templated":true}]}}