{"id":25892,"date":"2021-10-05T12:40:08","date_gmt":"2021-10-05T12:40:08","guid":{"rendered":"https:\/\/www.irishfoodanddrink.com\/?page_id=25892"},"modified":"2026-01-22T15:45:14","modified_gmt":"2026-01-22T15:45:14","slug":"neue-teammitglieder-ressourcen","status":"publish","type":"page","link":"https:\/\/www.irishfoodanddrink.com\/de\/neue-teammitglieder-ressourcen\/","title":{"rendered":"\u00a0Neue Teammitglieder &#8211; Ressourcen"},"content":{"rendered":"<p>Wir haben drei neue Mitglieder bei Bord Bia DACH, die Sie und Ihre Bed\u00fcrfnisse unterst\u00fctzen k\u00f6nnen.<\/p>\n<p>Sarah Haworth ist neu im Bereich irisches Rind- und Lammfleisch unter der Leitung von Hannah Barkhoff. Emer arbeitet in Justynas Team f\u00fcr \u201cPrepared Consumer Foods\u201d, Molkereiprodukte, Alkohol und Meeresfr\u00fcchte. Steven ist ein Marketing Fellow und ist daf\u00fcr verantwortlich, dass seine Clients eine genaue und angemessene Markteintrittsstrategie f\u00fcr die DACH-Region haben. Einige seiner Clients hilft er durch Marktforschung, Gap-Analysen, Logistik und Preisgestaltung und anderen mit Business Development, Marketingstrategie und Kunden Management. Die Arbeit variiert je nachdem, in welchem Stadium sich der Client mit seiner Marktpr\u00e4senz befindet.<\/p>\n<p>&nbsp;<\/p>\n","protected":false},"excerpt":{"rendered":"<p>Wir haben drei neue Mitglieder bei Bord Bia DACH, die Sie und Ihre Bed\u00fcrfnisse unterst\u00fctzen k\u00f6nnen. Sarah Haworth ist neu im Bereich irisches Rind- und Lammfleisch unter der Leitung von Hannah Barkhoff. Emer arbeitet in Justynas Team f\u00fcr \u201cPrepared Consumer Foods\u201d, Molkereiprodukte, Alkohol und Meeresfr\u00fcchte. Steven ist ein Marketing Fellow und ist daf\u00fcr verantwortlich, dass [&hellip;]<\/p>\n","protected":false},"author":18,"featured_media":0,"parent":0,"menu_order":0,"comment_status":"closed","ping_status":"closed","template":"page-templates\/landing-page.php","meta":{"_acf_changed":false,"inline_featured_image":false,"footnotes":""},"class_list":["post-25892","page","type-page","status-publish","hentry"],"acf":[],"yoast_head":"<!-- This site is optimized with the Yoast SEO plugin v27.3 - https:\/\/yoast.com\/product\/yoast-seo-wordpress\/ -->\n<title>Ressourcen f\u00fcr neue Teammitglieder | Irish Food &amp; Drink<\/title>\n<meta name=\"description\" content=\"Nutzen Sie hilfreiche Ressourcen, Leitf\u00e4den und Tools zur Orientierung und erfolgreichen Zusammenarbeit im Irish\u2011Food\u2011and\u2011Drink\u2011Netzwerk.\" \/>\n<meta name=\"robots\" content=\"index, follow, max-snippet:-1, max-image-preview:large, max-video-preview:-1\" \/>\n<link rel=\"canonical\" href=\"https:\/\/www.irishfoodanddrink.com\/de\/neue-teammitglieder-ressourcen\/\" \/>\n<meta property=\"og:locale\" content=\"de_DE\" \/>\n<meta property=\"og:type\" content=\"article\" \/>\n<meta property=\"og:title\" content=\"Ressourcen f\u00fcr neue Teammitglieder | Irish Food &amp; Drink\" \/>\n<meta property=\"og:description\" content=\"Nutzen Sie hilfreiche Ressourcen, Leitf\u00e4den und Tools zur Orientierung und erfolgreichen Zusammenarbeit im Irish\u2011Food\u2011and\u2011Drink\u2011Netzwerk.\" \/>\n<meta property=\"og:url\" content=\"https:\/\/www.irishfoodanddrink.com\/de\/neue-teammitglieder-ressourcen\/\" \/>\n<meta property=\"og:site_name\" content=\"Irish Food &amp; Drink\" \/>\n<meta property=\"article:modified_time\" content=\"2026-01-22T15:45:14+00:00\" \/>\n<meta property=\"og:image\" content=\"https:\/\/www.irishfoodanddrink.com\/wp-content\/uploads\/2020\/12\/Small-homepage-image-339-x-226-min.jpg\" \/>\n\t<meta property=\"og:image:width\" content=\"339\" \/>\n\t<meta property=\"og:image:height\" content=\"226\" \/>\n\t<meta property=\"og:image:type\" content=\"image\/jpeg\" \/>\n<meta name=\"twitter:card\" content=\"summary_large_image\" \/>\n<meta name=\"twitter:label1\" content=\"Est. reading time\" \/>\n\t<meta name=\"twitter:data1\" content=\"1 minute\" \/>\n<script type=\"application\/ld+json\" class=\"yoast-schema-graph\">{\"@context\":\"https:\\\/\\\/schema.org\",\"@graph\":[{\"@type\":\"WebPage\",\"@id\":\"https:\\\/\\\/www.irishfoodanddrink.com\\\/de\\\/neue-teammitglieder-ressourcen\\\/\",\"url\":\"https:\\\/\\\/www.irishfoodanddrink.com\\\/de\\\/neue-teammitglieder-ressourcen\\\/\",\"name\":\"Ressourcen f\u00fcr neue Teammitglieder | Irish Food & Drink\",\"isPartOf\":{\"@id\":\"https:\\\/\\\/www.irishfoodanddrink.com\\\/de\\\/#website\"},\"datePublished\":\"2021-10-05T12:40:08+00:00\",\"dateModified\":\"2026-01-22T15:45:14+00:00\",\"description\":\"Nutzen Sie hilfreiche Ressourcen, Leitf\u00e4den und Tools zur Orientierung und erfolgreichen Zusammenarbeit im Irish\u2011Food\u2011and\u2011Drink\u2011Netzwerk.\",\"breadcrumb\":{\"@id\":\"https:\\\/\\\/www.irishfoodanddrink.com\\\/de\\\/neue-teammitglieder-ressourcen\\\/#breadcrumb\"},\"inLanguage\":\"de-DE\",\"potentialAction\":[{\"@type\":\"ReadAction\",\"target\":[\"https:\\\/\\\/www.irishfoodanddrink.com\\\/de\\\/neue-teammitglieder-ressourcen\\\/\"]}]},{\"@type\":\"BreadcrumbList\",\"@id\":\"https:\\\/\\\/www.irishfoodanddrink.com\\\/de\\\/neue-teammitglieder-ressourcen\\\/#breadcrumb\",\"itemListElement\":[{\"@type\":\"ListItem\",\"position\":1,\"name\":\"Home\",\"item\":\"https:\\\/\\\/www.irishfoodanddrink.com\\\/de\\\/\"},{\"@type\":\"ListItem\",\"position\":2,\"name\":\"\u00a0Neue Teammitglieder &#8211; Ressourcen\"}]},{\"@type\":\"WebSite\",\"@id\":\"https:\\\/\\\/www.irishfoodanddrink.com\\\/de\\\/#website\",\"url\":\"https:\\\/\\\/www.irishfoodanddrink.com\\\/de\\\/\",\"name\":\"Irish Food &amp; Drink\",\"description\":\"Helping you source food and drink from Irish suppliers\",\"potentialAction\":[{\"@type\":\"SearchAction\",\"target\":{\"@type\":\"EntryPoint\",\"urlTemplate\":\"https:\\\/\\\/www.irishfoodanddrink.com\\\/de\\\/?s={search_term_string}\"},\"query-input\":{\"@type\":\"PropertyValueSpecification\",\"valueRequired\":true,\"valueName\":\"search_term_string\"}}],\"inLanguage\":\"de-DE\"}]}<\/script>\n<!-- \/ Yoast SEO plugin. -->","yoast_head_json":{"title":"Ressourcen f\u00fcr neue Teammitglieder | Irish Food & Drink","description":"Nutzen Sie hilfreiche Ressourcen, Leitf\u00e4den und Tools zur Orientierung und erfolgreichen Zusammenarbeit im Irish\u2011Food\u2011and\u2011Drink\u2011Netzwerk.","robots":{"index":"index","follow":"follow","max-snippet":"max-snippet:-1","max-image-preview":"max-image-preview:large","max-video-preview":"max-video-preview:-1"},"canonical":"https:\/\/www.irishfoodanddrink.com\/de\/neue-teammitglieder-ressourcen\/","og_locale":"de_DE","og_type":"article","og_title":"Ressourcen f\u00fcr neue Teammitglieder | Irish Food & Drink","og_description":"Nutzen Sie hilfreiche Ressourcen, Leitf\u00e4den und Tools zur Orientierung und erfolgreichen Zusammenarbeit im Irish\u2011Food\u2011and\u2011Drink\u2011Netzwerk.","og_url":"https:\/\/www.irishfoodanddrink.com\/de\/neue-teammitglieder-ressourcen\/","og_site_name":"Irish Food &amp; Drink","article_modified_time":"2026-01-22T15:45:14+00:00","og_image":[{"width":339,"height":226,"url":"https:\/\/www.irishfoodanddrink.com\/wp-content\/uploads\/2020\/12\/Small-homepage-image-339-x-226-min.jpg","type":"image\/jpeg"}],"twitter_card":"summary_large_image","twitter_misc":{"Est. reading time":"1 minute"},"schema":{"@context":"https:\/\/schema.org","@graph":[{"@type":"WebPage","@id":"https:\/\/www.irishfoodanddrink.com\/de\/neue-teammitglieder-ressourcen\/","url":"https:\/\/www.irishfoodanddrink.com\/de\/neue-teammitglieder-ressourcen\/","name":"Ressourcen f\u00fcr neue Teammitglieder | Irish Food & Drink","isPartOf":{"@id":"https:\/\/www.irishfoodanddrink.com\/de\/#website"},"datePublished":"2021-10-05T12:40:08+00:00","dateModified":"2026-01-22T15:45:14+00:00","description":"Nutzen Sie hilfreiche Ressourcen, Leitf\u00e4den und Tools zur Orientierung und erfolgreichen Zusammenarbeit im Irish\u2011Food\u2011and\u2011Drink\u2011Netzwerk.","breadcrumb":{"@id":"https:\/\/www.irishfoodanddrink.com\/de\/neue-teammitglieder-ressourcen\/#breadcrumb"},"inLanguage":"de-DE","potentialAction":[{"@type":"ReadAction","target":["https:\/\/www.irishfoodanddrink.com\/de\/neue-teammitglieder-ressourcen\/"]}]},{"@type":"BreadcrumbList","@id":"https:\/\/www.irishfoodanddrink.com\/de\/neue-teammitglieder-ressourcen\/#breadcrumb","itemListElement":[{"@type":"ListItem","position":1,"name":"Home","item":"https:\/\/www.irishfoodanddrink.com\/de\/"},{"@type":"ListItem","position":2,"name":"\u00a0Neue Teammitglieder &#8211; Ressourcen"}]},{"@type":"WebSite","@id":"https:\/\/www.irishfoodanddrink.com\/de\/#website","url":"https:\/\/www.irishfoodanddrink.com\/de\/","name":"Irish Food &amp; Drink","description":"Helping you source food and drink from Irish suppliers","potentialAction":[{"@type":"SearchAction","target":{"@type":"EntryPoint","urlTemplate":"https:\/\/www.irishfoodanddrink.com\/de\/?s={search_term_string}"},"query-input":{"@type":"PropertyValueSpecification","valueRequired":true,"valueName":"search_term_string"}}],"inLanguage":"de-DE"}]}},"_links":{"self":[{"href":"https:\/\/www.irishfoodanddrink.com\/de\/wp-json\/wp\/v2\/pages\/25892","targetHints":{"allow":["GET"]}}],"collection":[{"href":"https:\/\/www.irishfoodanddrink.com\/de\/wp-json\/wp\/v2\/pages"}],"about":[{"href":"https:\/\/www.irishfoodanddrink.com\/de\/wp-json\/wp\/v2\/types\/page"}],"author":[{"embeddable":true,"href":"https:\/\/www.irishfoodanddrink.com\/de\/wp-json\/wp\/v2\/users\/18"}],"replies":[{"embeddable":true,"href":"https:\/\/www.irishfoodanddrink.com\/de\/wp-json\/wp\/v2\/comments?post=25892"}],"version-history":[{"count":21,"href":"https:\/\/www.irishfoodanddrink.com\/de\/wp-json\/wp\/v2\/pages\/25892\/revisions"}],"predecessor-version":[{"id":26593,"href":"https:\/\/www.irishfoodanddrink.com\/de\/wp-json\/wp\/v2\/pages\/25892\/revisions\/26593"}],"wp:attachment":[{"href":"https:\/\/www.irishfoodanddrink.com\/de\/wp-json\/wp\/v2\/media?parent=25892"}],"curies":[{"name":"wp","href":"https:\/\/api.w.org\/{rel}","templated":true}]}}