{"id":25907,"date":"2021-10-05T12:49:26","date_gmt":"2021-10-05T12:49:26","guid":{"rendered":"https:\/\/www.irishfoodanddrink.com\/?page_id=25907"},"modified":"2021-11-11T10:25:24","modified_gmt":"2021-11-11T10:25:24","slug":"anuga-deutschland-ressourcen","status":"publish","type":"page","link":"https:\/\/www.irishfoodanddrink.com\/de\/neue-teammitglieder-ressourcen\/anuga-deutschland-ressourcen\/","title":{"rendered":"ANUGA &#8211; Ressourcen"},"content":{"rendered":"<p>Europa\u2019s gr\u00f6\u00dfte Lebensmittelmesse \u2013 ANUGA \u2013 ist zur\u00fcck. Eine Mischung aus gewohnter Live-Pr\u00e4senz von Ausstellern und digitalen Programmangeboten soll die bekannte Besucherfrequenz der fr\u00fcheren Jahre trotz Pandemie sicherstellen. Bord Bia wird in der Fleisch- und Molkereiprodukthalle seine neuesten Highlights von der gr\u00fcnen Insel pr\u00e4sentieren. Der Nachhaltigkeitsansatz von Irlands Lebensmittelindustrie ist sowohl in dem Pr\u00e4senz der irischen Hersteller am Bord Bia Stand erkennbar als auch durch den neuen Weidehaltungs-Standard, welcher rund um die ANUGA in relevanten Handelsmagazinen, Print und Online, kommuniziert wird. Ihr Interesse an irischen Produkten ist geweckt? Dann treffen Sie uns auf der ANUGA in den Hallen 10.1 F-019g und 6.1 A-040g-B-049g!<\/p>\n<p>&nbsp;<\/p>\n","protected":false},"excerpt":{"rendered":"<p>Europa\u2019s gr\u00f6\u00dfte Lebensmittelmesse \u2013 ANUGA \u2013 ist zur\u00fcck. Eine Mischung aus gewohnter Live-Pr\u00e4senz von Ausstellern und digitalen Programmangeboten soll die bekannte Besucherfrequenz der fr\u00fcheren Jahre trotz Pandemie sicherstellen. Bord Bia wird in der Fleisch- und Molkereiprodukthalle seine neuesten Highlights von der gr\u00fcnen Insel pr\u00e4sentieren. Der Nachhaltigkeitsansatz von Irlands Lebensmittelindustrie ist sowohl in dem Pr\u00e4senz der [&hellip;]<\/p>\n","protected":false},"author":18,"featured_media":0,"parent":25892,"menu_order":0,"comment_status":"closed","ping_status":"closed","template":"page-templates\/landing-page.php","meta":{"_acf_changed":false,"inline_featured_image":false,"footnotes":""},"class_list":["post-25907","page","type-page","status-publish","hentry"],"acf":[],"yoast_head":"<!-- This site is optimized with the Yoast SEO plugin v27.3 - https:\/\/yoast.com\/product\/yoast-seo-wordpress\/ -->\n<title>ANUGA - Ressourcen - Irish Food &amp; Drink<\/title>\n<meta name=\"robots\" content=\"index, follow, max-snippet:-1, max-image-preview:large, max-video-preview:-1\" \/>\n<link rel=\"canonical\" href=\"https:\/\/www.irishfoodanddrink.com\/de\/neue-teammitglieder-ressourcen\/anuga-deutschland-ressourcen\/\" \/>\n<meta property=\"og:locale\" content=\"de_DE\" \/>\n<meta property=\"og:type\" content=\"article\" \/>\n<meta property=\"og:title\" content=\"ANUGA - Ressourcen - Irish Food &amp; Drink\" \/>\n<meta property=\"og:description\" content=\"Europa\u2019s gr\u00f6\u00dfte Lebensmittelmesse \u2013 ANUGA \u2013 ist zur\u00fcck. Eine Mischung aus gewohnter Live-Pr\u00e4senz von Ausstellern und digitalen Programmangeboten soll die bekannte Besucherfrequenz der fr\u00fcheren Jahre trotz Pandemie sicherstellen. Bord Bia wird in der Fleisch- und Molkereiprodukthalle seine neuesten Highlights von der gr\u00fcnen Insel pr\u00e4sentieren. Der Nachhaltigkeitsansatz von Irlands Lebensmittelindustrie ist sowohl in dem Pr\u00e4senz der [&hellip;]\" \/>\n<meta property=\"og:url\" content=\"https:\/\/www.irishfoodanddrink.com\/de\/neue-teammitglieder-ressourcen\/anuga-deutschland-ressourcen\/\" \/>\n<meta property=\"og:site_name\" content=\"Irish Food &amp; Drink\" \/>\n<meta property=\"article:modified_time\" content=\"2021-11-11T10:25:24+00:00\" \/>\n<meta property=\"og:image\" content=\"https:\/\/www.irishfoodanddrink.com\/wp-content\/uploads\/2020\/12\/Small-homepage-image-339-x-226-min.jpg\" \/>\n\t<meta property=\"og:image:width\" content=\"339\" \/>\n\t<meta property=\"og:image:height\" content=\"226\" \/>\n\t<meta property=\"og:image:type\" content=\"image\/jpeg\" \/>\n<meta name=\"twitter:card\" content=\"summary_large_image\" \/>\n<meta name=\"twitter:label1\" content=\"Est. reading time\" \/>\n\t<meta name=\"twitter:data1\" content=\"1 minute\" \/>\n<script type=\"application\/ld+json\" class=\"yoast-schema-graph\">{\"@context\":\"https:\\\/\\\/schema.org\",\"@graph\":[{\"@type\":\"WebPage\",\"@id\":\"https:\\\/\\\/www.irishfoodanddrink.com\\\/de\\\/neue-teammitglieder-ressourcen\\\/anuga-deutschland-ressourcen\\\/\",\"url\":\"https:\\\/\\\/www.irishfoodanddrink.com\\\/de\\\/neue-teammitglieder-ressourcen\\\/anuga-deutschland-ressourcen\\\/\",\"name\":\"ANUGA - Ressourcen - Irish Food &amp; Drink\",\"isPartOf\":{\"@id\":\"https:\\\/\\\/www.irishfoodanddrink.com\\\/de\\\/#website\"},\"datePublished\":\"2021-10-05T12:49:26+00:00\",\"dateModified\":\"2021-11-11T10:25:24+00:00\",\"breadcrumb\":{\"@id\":\"https:\\\/\\\/www.irishfoodanddrink.com\\\/de\\\/neue-teammitglieder-ressourcen\\\/anuga-deutschland-ressourcen\\\/#breadcrumb\"},\"inLanguage\":\"de-DE\",\"potentialAction\":[{\"@type\":\"ReadAction\",\"target\":[\"https:\\\/\\\/www.irishfoodanddrink.com\\\/de\\\/neue-teammitglieder-ressourcen\\\/anuga-deutschland-ressourcen\\\/\"]}]},{\"@type\":\"BreadcrumbList\",\"@id\":\"https:\\\/\\\/www.irishfoodanddrink.com\\\/de\\\/neue-teammitglieder-ressourcen\\\/anuga-deutschland-ressourcen\\\/#breadcrumb\",\"itemListElement\":[{\"@type\":\"ListItem\",\"position\":1,\"name\":\"Home\",\"item\":\"https:\\\/\\\/www.irishfoodanddrink.com\\\/de\\\/\"},{\"@type\":\"ListItem\",\"position\":2,\"name\":\"\u00a0Neue Teammitglieder &#8211; Ressourcen\",\"item\":\"https:\\\/\\\/www.irishfoodanddrink.com\\\/de\\\/neue-teammitglieder-ressourcen\\\/\"},{\"@type\":\"ListItem\",\"position\":3,\"name\":\"ANUGA &#8211; Ressourcen\"}]},{\"@type\":\"WebSite\",\"@id\":\"https:\\\/\\\/www.irishfoodanddrink.com\\\/de\\\/#website\",\"url\":\"https:\\\/\\\/www.irishfoodanddrink.com\\\/de\\\/\",\"name\":\"Irish Food &amp; Drink\",\"description\":\"Helping you source food and drink from Irish suppliers\",\"potentialAction\":[{\"@type\":\"SearchAction\",\"target\":{\"@type\":\"EntryPoint\",\"urlTemplate\":\"https:\\\/\\\/www.irishfoodanddrink.com\\\/de\\\/?s={search_term_string}\"},\"query-input\":{\"@type\":\"PropertyValueSpecification\",\"valueRequired\":true,\"valueName\":\"search_term_string\"}}],\"inLanguage\":\"de-DE\"}]}<\/script>\n<!-- \/ Yoast SEO plugin. -->","yoast_head_json":{"title":"ANUGA - Ressourcen - Irish Food &amp; Drink","robots":{"index":"index","follow":"follow","max-snippet":"max-snippet:-1","max-image-preview":"max-image-preview:large","max-video-preview":"max-video-preview:-1"},"canonical":"https:\/\/www.irishfoodanddrink.com\/de\/neue-teammitglieder-ressourcen\/anuga-deutschland-ressourcen\/","og_locale":"de_DE","og_type":"article","og_title":"ANUGA - Ressourcen - Irish Food &amp; Drink","og_description":"Europa\u2019s gr\u00f6\u00dfte Lebensmittelmesse \u2013 ANUGA \u2013 ist zur\u00fcck. Eine Mischung aus gewohnter Live-Pr\u00e4senz von Ausstellern und digitalen Programmangeboten soll die bekannte Besucherfrequenz der fr\u00fcheren Jahre trotz Pandemie sicherstellen. Bord Bia wird in der Fleisch- und Molkereiprodukthalle seine neuesten Highlights von der gr\u00fcnen Insel pr\u00e4sentieren. Der Nachhaltigkeitsansatz von Irlands Lebensmittelindustrie ist sowohl in dem Pr\u00e4senz der [&hellip;]","og_url":"https:\/\/www.irishfoodanddrink.com\/de\/neue-teammitglieder-ressourcen\/anuga-deutschland-ressourcen\/","og_site_name":"Irish Food &amp; Drink","article_modified_time":"2021-11-11T10:25:24+00:00","og_image":[{"width":339,"height":226,"url":"https:\/\/www.irishfoodanddrink.com\/wp-content\/uploads\/2020\/12\/Small-homepage-image-339-x-226-min.jpg","type":"image\/jpeg"}],"twitter_card":"summary_large_image","twitter_misc":{"Est. reading time":"1 minute"},"schema":{"@context":"https:\/\/schema.org","@graph":[{"@type":"WebPage","@id":"https:\/\/www.irishfoodanddrink.com\/de\/neue-teammitglieder-ressourcen\/anuga-deutschland-ressourcen\/","url":"https:\/\/www.irishfoodanddrink.com\/de\/neue-teammitglieder-ressourcen\/anuga-deutschland-ressourcen\/","name":"ANUGA - Ressourcen - Irish Food &amp; Drink","isPartOf":{"@id":"https:\/\/www.irishfoodanddrink.com\/de\/#website"},"datePublished":"2021-10-05T12:49:26+00:00","dateModified":"2021-11-11T10:25:24+00:00","breadcrumb":{"@id":"https:\/\/www.irishfoodanddrink.com\/de\/neue-teammitglieder-ressourcen\/anuga-deutschland-ressourcen\/#breadcrumb"},"inLanguage":"de-DE","potentialAction":[{"@type":"ReadAction","target":["https:\/\/www.irishfoodanddrink.com\/de\/neue-teammitglieder-ressourcen\/anuga-deutschland-ressourcen\/"]}]},{"@type":"BreadcrumbList","@id":"https:\/\/www.irishfoodanddrink.com\/de\/neue-teammitglieder-ressourcen\/anuga-deutschland-ressourcen\/#breadcrumb","itemListElement":[{"@type":"ListItem","position":1,"name":"Home","item":"https:\/\/www.irishfoodanddrink.com\/de\/"},{"@type":"ListItem","position":2,"name":"\u00a0Neue Teammitglieder &#8211; Ressourcen","item":"https:\/\/www.irishfoodanddrink.com\/de\/neue-teammitglieder-ressourcen\/"},{"@type":"ListItem","position":3,"name":"ANUGA &#8211; Ressourcen"}]},{"@type":"WebSite","@id":"https:\/\/www.irishfoodanddrink.com\/de\/#website","url":"https:\/\/www.irishfoodanddrink.com\/de\/","name":"Irish Food &amp; Drink","description":"Helping you source food and drink from Irish suppliers","potentialAction":[{"@type":"SearchAction","target":{"@type":"EntryPoint","urlTemplate":"https:\/\/www.irishfoodanddrink.com\/de\/?s={search_term_string}"},"query-input":{"@type":"PropertyValueSpecification","valueRequired":true,"valueName":"search_term_string"}}],"inLanguage":"de-DE"}]}},"_links":{"self":[{"href":"https:\/\/www.irishfoodanddrink.com\/de\/wp-json\/wp\/v2\/pages\/25907","targetHints":{"allow":["GET"]}}],"collection":[{"href":"https:\/\/www.irishfoodanddrink.com\/de\/wp-json\/wp\/v2\/pages"}],"about":[{"href":"https:\/\/www.irishfoodanddrink.com\/de\/wp-json\/wp\/v2\/types\/page"}],"author":[{"embeddable":true,"href":"https:\/\/www.irishfoodanddrink.com\/de\/wp-json\/wp\/v2\/users\/18"}],"replies":[{"embeddable":true,"href":"https:\/\/www.irishfoodanddrink.com\/de\/wp-json\/wp\/v2\/comments?post=25907"}],"version-history":[{"count":13,"href":"https:\/\/www.irishfoodanddrink.com\/de\/wp-json\/wp\/v2\/pages\/25907\/revisions"}],"predecessor-version":[{"id":26102,"href":"https:\/\/www.irishfoodanddrink.com\/de\/wp-json\/wp\/v2\/pages\/25907\/revisions\/26102"}],"up":[{"embeddable":true,"href":"https:\/\/www.irishfoodanddrink.com\/de\/wp-json\/wp\/v2\/pages\/25892"}],"wp:attachment":[{"href":"https:\/\/www.irishfoodanddrink.com\/de\/wp-json\/wp\/v2\/media?parent=25907"}],"curies":[{"name":"wp","href":"https:\/\/api.w.org\/{rel}","templated":true}]}}