{"id":25914,"date":"2021-10-05T12:53:46","date_gmt":"2021-10-05T12:53:46","guid":{"rendered":"https:\/\/www.irishfoodanddrink.com\/?page_id=25914"},"modified":"2026-01-26T15:12:21","modified_gmt":"2026-01-26T15:12:21","slug":"brexit-alternative-lieferanten-aus-der-eu-ressourcen","status":"publish","type":"page","link":"https:\/\/www.irishfoodanddrink.com\/de\/brexit-alternative-lieferanten-aus-der-eu-ressourcen\/","title":{"rendered":"Brexit: Alternative Lieferanten aus der EU -Ressourcen"},"content":{"rendered":"<p>Laut Bord Bia\u2019s COVID-19 Bericht in 2020\u00a0 f\u00fchrten die Auswirkungen von COVID-19 zu einem Anstieg des Kaufs von Rindfleisch. Die K\u00e4ufer wollten ihr Restauranterlebnis ersetzen, und Rindfleisch, insbesondere Steak, spielte dabei eine wichtige Rolle.<\/p>\n<p>Nach 18 Monaten der &#8220;Scratch Cooking&#8221;, suchen Verbraucher nun nach mehr Abwechslung und Inspiration. Im Vereinigten K\u00f6nigreich, Deutschland, den Niederlanden und Belgien w\u00fcnschen sich die Kunden mehr Abwechslung im Fleisch-Segment. In den Niederlanden und im Vereinigten K\u00f6nigreich kaufen die Kunden mehr Schalentiere und Putenfleisch als Alternative, und in Italien und Irland suchen die Kunden nach etwas, das leichter zuzubereiten ist als Rindfleisch. Die K\u00e4ufer von Rindfleisch brauchen also durchweg mehr Inspiration, um das derzeitige Kaufniveau zu halten. Den Verbrauchern zeigen, wie fertige Gerichte aussehen k\u00f6nnten, und die Hervorhebung der Alleinstellungsmerkmale der irischen Herkunft und R\u00fcckverfolgbarkeit k\u00f6nnen zweifellos dazu beitragen, die K\u00e4ufer zu inspirieren.<\/p>\n<p>Das irische Konzept der Grasf\u00fctterung kann dazu beitragen, die Abwechslung die von den K\u00e4ufern gew\u00fcnschte und die K\u00e4ufer davon zu \u00fcberzeugen, mehr f\u00fcr ihr Rindfleisch zu bezahlen. Wir sehen die Anf\u00e4nge eines Aufschwungs in Nachhaltigkeit nach COVID-19. Die K\u00e4ufer geben an, dass sie ihren Rindfleischkonsum in den n\u00e4chsten drei Jahren einschr\u00e4nken wollen, vor allem aus Sorge um den Tierschutz und die Umweltauswirkungen der Rindfleischproduktion. Im Vergleich zu diesem Zeitpunkt im letzten Jahr wird Rindfleisch aus Weidehaltung in Zukunft mit gr\u00f6\u00dferer Wahrscheinlichkeit gekauft: Drei von zehn K\u00e4ufern von Rindfleisch in Schweden, dem Vereinigten K\u00f6nigreich und Deutschland gaben an, dass sie eher Rindfleisch kaufen w\u00fcrden, wenn es aus Weidehaltung stammt &#8211; etwas, das irisches Rindfleisch f\u00fcr sich beanspruchen und in gro\u00dfem Umfang nachweisen kann.<\/p>\n<p>F\u00fcr weitere Informationen wenden Sie sich bitte an danny.bowles@bordbia.ie oder an Ihr \u00f6rtliches Bord Bia-B\u00fcro.<\/p>\n","protected":false},"excerpt":{"rendered":"<p>Laut Bord Bia\u2019s COVID-19 Bericht in 2020\u00a0 f\u00fchrten die Auswirkungen von COVID-19 zu einem Anstieg des Kaufs von Rindfleisch. Die K\u00e4ufer wollten ihr Restauranterlebnis ersetzen, und Rindfleisch, insbesondere Steak, spielte dabei eine wichtige Rolle. Nach 18 Monaten der &#8220;Scratch Cooking&#8221;, suchen Verbraucher nun nach mehr Abwechslung und Inspiration. Im Vereinigten K\u00f6nigreich, Deutschland, den Niederlanden und [&hellip;]<\/p>\n","protected":false},"author":18,"featured_media":0,"parent":0,"menu_order":0,"comment_status":"closed","ping_status":"closed","template":"page-templates\/landing-page.php","meta":{"_acf_changed":false,"inline_featured_image":false,"footnotes":""},"class_list":["post-25914","page","type-page","status-publish","hentry"],"acf":[],"yoast_head":"<!-- This site is optimized with the Yoast SEO plugin v27.3 - https:\/\/yoast.com\/product\/yoast-seo-wordpress\/ -->\n<title>Brexit: Alternative Lieferanten aus der EU -Ressourcen - Irish Food &amp; Drink<\/title>\n<meta name=\"robots\" content=\"index, follow, max-snippet:-1, max-image-preview:large, max-video-preview:-1\" \/>\n<link rel=\"canonical\" href=\"https:\/\/www.irishfoodanddrink.com\/de\/brexit-alternative-lieferanten-aus-der-eu-ressourcen\/\" \/>\n<meta property=\"og:locale\" content=\"de_DE\" \/>\n<meta property=\"og:type\" content=\"article\" \/>\n<meta property=\"og:title\" content=\"Brexit: Alternative Lieferanten aus der EU -Ressourcen - Irish Food &amp; Drink\" \/>\n<meta property=\"og:description\" content=\"Laut Bord Bia\u2019s COVID-19 Bericht in 2020\u00a0 f\u00fchrten die Auswirkungen von COVID-19 zu einem Anstieg des Kaufs von Rindfleisch. Die K\u00e4ufer wollten ihr Restauranterlebnis ersetzen, und Rindfleisch, insbesondere Steak, spielte dabei eine wichtige Rolle. Nach 18 Monaten der &#8220;Scratch Cooking&#8221;, suchen Verbraucher nun nach mehr Abwechslung und Inspiration. Im Vereinigten K\u00f6nigreich, Deutschland, den Niederlanden und [&hellip;]\" \/>\n<meta property=\"og:url\" content=\"https:\/\/www.irishfoodanddrink.com\/de\/brexit-alternative-lieferanten-aus-der-eu-ressourcen\/\" \/>\n<meta property=\"og:site_name\" content=\"Irish Food &amp; Drink\" \/>\n<meta property=\"article:modified_time\" content=\"2026-01-26T15:12:21+00:00\" \/>\n<meta property=\"og:image\" content=\"https:\/\/www.irishfoodanddrink.com\/wp-content\/uploads\/2020\/12\/Small-homepage-image-339-x-226-min.jpg\" \/>\n\t<meta property=\"og:image:width\" content=\"339\" \/>\n\t<meta property=\"og:image:height\" content=\"226\" \/>\n\t<meta property=\"og:image:type\" content=\"image\/jpeg\" \/>\n<meta name=\"twitter:card\" content=\"summary_large_image\" \/>\n<meta name=\"twitter:label1\" content=\"Est. reading time\" \/>\n\t<meta name=\"twitter:data1\" content=\"2 minutes\" \/>\n<script type=\"application\/ld+json\" class=\"yoast-schema-graph\">{\"@context\":\"https:\\\/\\\/schema.org\",\"@graph\":[{\"@type\":\"WebPage\",\"@id\":\"https:\\\/\\\/www.irishfoodanddrink.com\\\/de\\\/brexit-alternative-lieferanten-aus-der-eu-ressourcen\\\/\",\"url\":\"https:\\\/\\\/www.irishfoodanddrink.com\\\/de\\\/brexit-alternative-lieferanten-aus-der-eu-ressourcen\\\/\",\"name\":\"Brexit: Alternative Lieferanten aus der EU -Ressourcen - Irish Food &amp; Drink\",\"isPartOf\":{\"@id\":\"https:\\\/\\\/www.irishfoodanddrink.com\\\/de\\\/#website\"},\"datePublished\":\"2021-10-05T12:53:46+00:00\",\"dateModified\":\"2026-01-26T15:12:21+00:00\",\"breadcrumb\":{\"@id\":\"https:\\\/\\\/www.irishfoodanddrink.com\\\/de\\\/brexit-alternative-lieferanten-aus-der-eu-ressourcen\\\/#breadcrumb\"},\"inLanguage\":\"de-DE\",\"potentialAction\":[{\"@type\":\"ReadAction\",\"target\":[\"https:\\\/\\\/www.irishfoodanddrink.com\\\/de\\\/brexit-alternative-lieferanten-aus-der-eu-ressourcen\\\/\"]}]},{\"@type\":\"BreadcrumbList\",\"@id\":\"https:\\\/\\\/www.irishfoodanddrink.com\\\/de\\\/brexit-alternative-lieferanten-aus-der-eu-ressourcen\\\/#breadcrumb\",\"itemListElement\":[{\"@type\":\"ListItem\",\"position\":1,\"name\":\"Home\",\"item\":\"https:\\\/\\\/www.irishfoodanddrink.com\\\/de\\\/\"},{\"@type\":\"ListItem\",\"position\":2,\"name\":\"Brexit: Alternative Lieferanten aus der EU -Ressourcen\"}]},{\"@type\":\"WebSite\",\"@id\":\"https:\\\/\\\/www.irishfoodanddrink.com\\\/de\\\/#website\",\"url\":\"https:\\\/\\\/www.irishfoodanddrink.com\\\/de\\\/\",\"name\":\"Irish Food &amp; Drink\",\"description\":\"Helping you source food and drink from Irish suppliers\",\"potentialAction\":[{\"@type\":\"SearchAction\",\"target\":{\"@type\":\"EntryPoint\",\"urlTemplate\":\"https:\\\/\\\/www.irishfoodanddrink.com\\\/de\\\/?s={search_term_string}\"},\"query-input\":{\"@type\":\"PropertyValueSpecification\",\"valueRequired\":true,\"valueName\":\"search_term_string\"}}],\"inLanguage\":\"de-DE\"}]}<\/script>\n<!-- \/ Yoast SEO plugin. -->","yoast_head_json":{"title":"Brexit: Alternative Lieferanten aus der EU -Ressourcen - Irish Food &amp; Drink","robots":{"index":"index","follow":"follow","max-snippet":"max-snippet:-1","max-image-preview":"max-image-preview:large","max-video-preview":"max-video-preview:-1"},"canonical":"https:\/\/www.irishfoodanddrink.com\/de\/brexit-alternative-lieferanten-aus-der-eu-ressourcen\/","og_locale":"de_DE","og_type":"article","og_title":"Brexit: Alternative Lieferanten aus der EU -Ressourcen - Irish Food &amp; Drink","og_description":"Laut Bord Bia\u2019s COVID-19 Bericht in 2020\u00a0 f\u00fchrten die Auswirkungen von COVID-19 zu einem Anstieg des Kaufs von Rindfleisch. Die K\u00e4ufer wollten ihr Restauranterlebnis ersetzen, und Rindfleisch, insbesondere Steak, spielte dabei eine wichtige Rolle. Nach 18 Monaten der &#8220;Scratch Cooking&#8221;, suchen Verbraucher nun nach mehr Abwechslung und Inspiration. Im Vereinigten K\u00f6nigreich, Deutschland, den Niederlanden und [&hellip;]","og_url":"https:\/\/www.irishfoodanddrink.com\/de\/brexit-alternative-lieferanten-aus-der-eu-ressourcen\/","og_site_name":"Irish Food &amp; Drink","article_modified_time":"2026-01-26T15:12:21+00:00","og_image":[{"width":339,"height":226,"url":"https:\/\/www.irishfoodanddrink.com\/wp-content\/uploads\/2020\/12\/Small-homepage-image-339-x-226-min.jpg","type":"image\/jpeg"}],"twitter_card":"summary_large_image","twitter_misc":{"Est. reading time":"2 minutes"},"schema":{"@context":"https:\/\/schema.org","@graph":[{"@type":"WebPage","@id":"https:\/\/www.irishfoodanddrink.com\/de\/brexit-alternative-lieferanten-aus-der-eu-ressourcen\/","url":"https:\/\/www.irishfoodanddrink.com\/de\/brexit-alternative-lieferanten-aus-der-eu-ressourcen\/","name":"Brexit: Alternative Lieferanten aus der EU -Ressourcen - Irish Food &amp; Drink","isPartOf":{"@id":"https:\/\/www.irishfoodanddrink.com\/de\/#website"},"datePublished":"2021-10-05T12:53:46+00:00","dateModified":"2026-01-26T15:12:21+00:00","breadcrumb":{"@id":"https:\/\/www.irishfoodanddrink.com\/de\/brexit-alternative-lieferanten-aus-der-eu-ressourcen\/#breadcrumb"},"inLanguage":"de-DE","potentialAction":[{"@type":"ReadAction","target":["https:\/\/www.irishfoodanddrink.com\/de\/brexit-alternative-lieferanten-aus-der-eu-ressourcen\/"]}]},{"@type":"BreadcrumbList","@id":"https:\/\/www.irishfoodanddrink.com\/de\/brexit-alternative-lieferanten-aus-der-eu-ressourcen\/#breadcrumb","itemListElement":[{"@type":"ListItem","position":1,"name":"Home","item":"https:\/\/www.irishfoodanddrink.com\/de\/"},{"@type":"ListItem","position":2,"name":"Brexit: Alternative Lieferanten aus der EU -Ressourcen"}]},{"@type":"WebSite","@id":"https:\/\/www.irishfoodanddrink.com\/de\/#website","url":"https:\/\/www.irishfoodanddrink.com\/de\/","name":"Irish Food &amp; Drink","description":"Helping you source food and drink from Irish suppliers","potentialAction":[{"@type":"SearchAction","target":{"@type":"EntryPoint","urlTemplate":"https:\/\/www.irishfoodanddrink.com\/de\/?s={search_term_string}"},"query-input":{"@type":"PropertyValueSpecification","valueRequired":true,"valueName":"search_term_string"}}],"inLanguage":"de-DE"}]}},"_links":{"self":[{"href":"https:\/\/www.irishfoodanddrink.com\/de\/wp-json\/wp\/v2\/pages\/25914","targetHints":{"allow":["GET"]}}],"collection":[{"href":"https:\/\/www.irishfoodanddrink.com\/de\/wp-json\/wp\/v2\/pages"}],"about":[{"href":"https:\/\/www.irishfoodanddrink.com\/de\/wp-json\/wp\/v2\/types\/page"}],"author":[{"embeddable":true,"href":"https:\/\/www.irishfoodanddrink.com\/de\/wp-json\/wp\/v2\/users\/18"}],"replies":[{"embeddable":true,"href":"https:\/\/www.irishfoodanddrink.com\/de\/wp-json\/wp\/v2\/comments?post=25914"}],"version-history":[{"count":11,"href":"https:\/\/www.irishfoodanddrink.com\/de\/wp-json\/wp\/v2\/pages\/25914\/revisions"}],"predecessor-version":[{"id":41787,"href":"https:\/\/www.irishfoodanddrink.com\/de\/wp-json\/wp\/v2\/pages\/25914\/revisions\/41787"}],"wp:attachment":[{"href":"https:\/\/www.irishfoodanddrink.com\/de\/wp-json\/wp\/v2\/media?parent=25914"}],"curies":[{"name":"wp","href":"https:\/\/api.w.org\/{rel}","templated":true}]}}