{"id":25940,"date":"2021-10-05T13:16:54","date_gmt":"2021-10-05T13:16:54","guid":{"rendered":"https:\/\/www.irishfoodanddrink.com\/?page_id=25940"},"modified":"2021-10-08T10:26:13","modified_gmt":"2021-10-08T10:26:13","slug":"irish-lamb-in-deutschland-neueste-veranstaltungen-ressourcen","status":"publish","type":"page","link":"https:\/\/www.irishfoodanddrink.com\/de\/news-dxb\/irish-lamb-in-deutschland-neueste-veranstaltungen-ressourcen\/","title":{"rendered":"Irish Lamb in Deutschland \u2013 Neueste Veranstaltungen &#8211; Ressourcen"},"content":{"rendered":"<p><strong><u>Mike S\u00fcsser<\/u><\/strong><\/p>\n<p>Im August 2021 startete die Kooperation zwischen Bord Bia Deutschland und dem prominenten Koch sowie TV-Pers\u00f6nlichkeit Mike S\u00fcsser. In einer neuen Kampagne \u201c Mike Meets Irish Lamb\u201d, kreierte Mike S\u00fcsser drei vielf\u00e4ltige Irish Lamb\u00a0 Rezepte sowie hilfreiche \u201cTipps und Tricks\u201d Videos, um Verbraucher zu inspirieren mit irischem Lammfleisch zu kochen und moderne, einfache und leckere Lammrezepte auszuprobieren.<\/p>\n<p>Neben Koch-Tipps vom Profi, Rezepten und n\u00fctzlichen Tipps &amp; Tricks rund um das Thema Lammfleisch, zeigt Mike den Verbrauchern, was Lammfleisch von der gr\u00fcnen Insel so nachhaltig, vielseitig und hochwertig macht.<\/p>\n<p>Die Videos werden zeitlich auf IrishBeef.de, Irishlamb.de, auf den IrishBeef.de Facebook, Instagram und YouTube Seiten, sowie in bekannten deutschen Medien ausgestrahlt<\/p>\n<p><u>Mike\u2019s Rezepte:<\/u><\/p>\n<ul>\n<li>Irische Lammkoteletts vom Grill mit Ahorn-Whisky Lack, Pfirsichsalsa, und Spitzkraut.<\/li>\n<li>In Cider geschmorte Lammkeule mit Schmorgem\u00fcse, Selleriecreme und Schwarze Oliven.<\/li>\n<li>Irisches Lammrack im Ganzen gebraten mit Rahmwirsing, Karamellisierte Guinnesszwiebel und Feigen.<img loading=\"lazy\" decoding=\"async\" class=\"wp-image-25946 aligncenter\" src=\"\/wordpress\/wp-content\/uploads\/2021\/10\/Chef.png\" alt=\"\" width=\"339\" height=\"509\" srcset=\"https:\/\/www.irishfoodanddrink.com\/wp-content\/uploads\/2021\/10\/Chef.png 320w, https:\/\/www.irishfoodanddrink.com\/wp-content\/uploads\/2021\/10\/Chef-67x100.png 67w, https:\/\/www.irishfoodanddrink.com\/wp-content\/uploads\/2021\/10\/Chef-267x400.png 267w\" sizes=\"auto, (max-width: 339px) 100vw, 339px\" \/><\/li>\n<\/ul>\n<p>&nbsp;<\/p>\n","protected":false},"excerpt":{"rendered":"<p>Mike S\u00fcsser Im August 2021 startete die Kooperation zwischen Bord Bia Deutschland und dem prominenten Koch sowie TV-Pers\u00f6nlichkeit Mike S\u00fcsser. In einer neuen Kampagne \u201c Mike Meets Irish Lamb\u201d, kreierte Mike S\u00fcsser drei vielf\u00e4ltige Irish Lamb\u00a0 Rezepte sowie hilfreiche \u201cTipps und Tricks\u201d Videos, um Verbraucher zu inspirieren mit irischem Lammfleisch zu kochen und moderne, einfache [&hellip;]<\/p>\n","protected":false},"author":18,"featured_media":0,"parent":25722,"menu_order":0,"comment_status":"closed","ping_status":"closed","template":"page-templates\/landing-page.php","meta":{"_acf_changed":false,"inline_featured_image":false,"footnotes":""},"class_list":["post-25940","page","type-page","status-publish","hentry"],"acf":[],"yoast_head":"<!-- This site is optimized with the Yoast SEO plugin v27.3 - https:\/\/yoast.com\/product\/yoast-seo-wordpress\/ -->\n<title>Irish Lamb in Deutschland \u2013 Neueste Veranstaltungen - Ressourcen - Irish Food &amp; Drink<\/title>\n<meta name=\"robots\" content=\"index, follow, max-snippet:-1, max-image-preview:large, max-video-preview:-1\" \/>\n<link rel=\"canonical\" href=\"https:\/\/www.irishfoodanddrink.com\/de\/news-dxb\/irish-lamb-in-deutschland-neueste-veranstaltungen-ressourcen\/\" \/>\n<meta property=\"og:locale\" content=\"de_DE\" \/>\n<meta property=\"og:type\" content=\"article\" \/>\n<meta property=\"og:title\" content=\"Irish Lamb in Deutschland \u2013 Neueste Veranstaltungen - Ressourcen - Irish Food &amp; Drink\" \/>\n<meta property=\"og:description\" content=\"Mike S\u00fcsser Im August 2021 startete die Kooperation zwischen Bord Bia Deutschland und dem prominenten Koch sowie TV-Pers\u00f6nlichkeit Mike S\u00fcsser. In einer neuen Kampagne \u201c Mike Meets Irish Lamb\u201d, kreierte Mike S\u00fcsser drei vielf\u00e4ltige Irish Lamb\u00a0 Rezepte sowie hilfreiche \u201cTipps und Tricks\u201d Videos, um Verbraucher zu inspirieren mit irischem Lammfleisch zu kochen und moderne, einfache [&hellip;]\" \/>\n<meta property=\"og:url\" content=\"https:\/\/www.irishfoodanddrink.com\/de\/news-dxb\/irish-lamb-in-deutschland-neueste-veranstaltungen-ressourcen\/\" \/>\n<meta property=\"og:site_name\" content=\"Irish Food &amp; Drink\" \/>\n<meta property=\"article:modified_time\" content=\"2021-10-08T10:26:13+00:00\" \/>\n<meta property=\"og:image\" content=\"https:\/\/www.irishfoodanddrink.com\/wp-content\/uploads\/2020\/12\/Small-homepage-image-339-x-226-min.jpg\" \/>\n\t<meta property=\"og:image:width\" content=\"339\" \/>\n\t<meta property=\"og:image:height\" content=\"226\" \/>\n\t<meta property=\"og:image:type\" content=\"image\/jpeg\" \/>\n<meta name=\"twitter:card\" content=\"summary_large_image\" \/>\n<meta name=\"twitter:label1\" content=\"Est. reading time\" \/>\n\t<meta name=\"twitter:data1\" content=\"1 minute\" \/>\n<script type=\"application\/ld+json\" class=\"yoast-schema-graph\">{\"@context\":\"https:\\\/\\\/schema.org\",\"@graph\":[{\"@type\":\"WebPage\",\"@id\":\"https:\\\/\\\/www.irishfoodanddrink.com\\\/de\\\/news-dxb\\\/irish-lamb-in-deutschland-neueste-veranstaltungen-ressourcen\\\/\",\"url\":\"https:\\\/\\\/www.irishfoodanddrink.com\\\/de\\\/news-dxb\\\/irish-lamb-in-deutschland-neueste-veranstaltungen-ressourcen\\\/\",\"name\":\"Irish Lamb in Deutschland \u2013 Neueste Veranstaltungen - Ressourcen - Irish Food &amp; Drink\",\"isPartOf\":{\"@id\":\"https:\\\/\\\/www.irishfoodanddrink.com\\\/de\\\/#website\"},\"datePublished\":\"2021-10-05T13:16:54+00:00\",\"dateModified\":\"2021-10-08T10:26:13+00:00\",\"breadcrumb\":{\"@id\":\"https:\\\/\\\/www.irishfoodanddrink.com\\\/de\\\/news-dxb\\\/irish-lamb-in-deutschland-neueste-veranstaltungen-ressourcen\\\/#breadcrumb\"},\"inLanguage\":\"de-DE\",\"potentialAction\":[{\"@type\":\"ReadAction\",\"target\":[\"https:\\\/\\\/www.irishfoodanddrink.com\\\/de\\\/news-dxb\\\/irish-lamb-in-deutschland-neueste-veranstaltungen-ressourcen\\\/\"]}]},{\"@type\":\"BreadcrumbList\",\"@id\":\"https:\\\/\\\/www.irishfoodanddrink.com\\\/de\\\/news-dxb\\\/irish-lamb-in-deutschland-neueste-veranstaltungen-ressourcen\\\/#breadcrumb\",\"itemListElement\":[{\"@type\":\"ListItem\",\"position\":1,\"name\":\"Home\",\"item\":\"https:\\\/\\\/www.irishfoodanddrink.com\\\/de\\\/\"},{\"@type\":\"ListItem\",\"position\":2,\"name\":\"News &#8211; Dubai Edition\",\"item\":\"https:\\\/\\\/www.irishfoodanddrink.com\\\/de\\\/news-dxb\\\/\"},{\"@type\":\"ListItem\",\"position\":3,\"name\":\"Irish Lamb in Deutschland \u2013 Neueste Veranstaltungen &#8211; Ressourcen\"}]},{\"@type\":\"WebSite\",\"@id\":\"https:\\\/\\\/www.irishfoodanddrink.com\\\/de\\\/#website\",\"url\":\"https:\\\/\\\/www.irishfoodanddrink.com\\\/de\\\/\",\"name\":\"Irish Food &amp; Drink\",\"description\":\"Helping you source food and drink from Irish suppliers\",\"potentialAction\":[{\"@type\":\"SearchAction\",\"target\":{\"@type\":\"EntryPoint\",\"urlTemplate\":\"https:\\\/\\\/www.irishfoodanddrink.com\\\/de\\\/?s={search_term_string}\"},\"query-input\":{\"@type\":\"PropertyValueSpecification\",\"valueRequired\":true,\"valueName\":\"search_term_string\"}}],\"inLanguage\":\"de-DE\"}]}<\/script>\n<!-- \/ Yoast SEO plugin. -->","yoast_head_json":{"title":"Irish Lamb in Deutschland \u2013 Neueste Veranstaltungen - Ressourcen - Irish Food &amp; Drink","robots":{"index":"index","follow":"follow","max-snippet":"max-snippet:-1","max-image-preview":"max-image-preview:large","max-video-preview":"max-video-preview:-1"},"canonical":"https:\/\/www.irishfoodanddrink.com\/de\/news-dxb\/irish-lamb-in-deutschland-neueste-veranstaltungen-ressourcen\/","og_locale":"de_DE","og_type":"article","og_title":"Irish Lamb in Deutschland \u2013 Neueste Veranstaltungen - Ressourcen - Irish Food &amp; Drink","og_description":"Mike S\u00fcsser Im August 2021 startete die Kooperation zwischen Bord Bia Deutschland und dem prominenten Koch sowie TV-Pers\u00f6nlichkeit Mike S\u00fcsser. In einer neuen Kampagne \u201c Mike Meets Irish Lamb\u201d, kreierte Mike S\u00fcsser drei vielf\u00e4ltige Irish Lamb\u00a0 Rezepte sowie hilfreiche \u201cTipps und Tricks\u201d Videos, um Verbraucher zu inspirieren mit irischem Lammfleisch zu kochen und moderne, einfache [&hellip;]","og_url":"https:\/\/www.irishfoodanddrink.com\/de\/news-dxb\/irish-lamb-in-deutschland-neueste-veranstaltungen-ressourcen\/","og_site_name":"Irish Food &amp; Drink","article_modified_time":"2021-10-08T10:26:13+00:00","og_image":[{"width":339,"height":226,"url":"https:\/\/www.irishfoodanddrink.com\/wp-content\/uploads\/2020\/12\/Small-homepage-image-339-x-226-min.jpg","type":"image\/jpeg"}],"twitter_card":"summary_large_image","twitter_misc":{"Est. reading time":"1 minute"},"schema":{"@context":"https:\/\/schema.org","@graph":[{"@type":"WebPage","@id":"https:\/\/www.irishfoodanddrink.com\/de\/news-dxb\/irish-lamb-in-deutschland-neueste-veranstaltungen-ressourcen\/","url":"https:\/\/www.irishfoodanddrink.com\/de\/news-dxb\/irish-lamb-in-deutschland-neueste-veranstaltungen-ressourcen\/","name":"Irish Lamb in Deutschland \u2013 Neueste Veranstaltungen - Ressourcen - Irish Food &amp; Drink","isPartOf":{"@id":"https:\/\/www.irishfoodanddrink.com\/de\/#website"},"datePublished":"2021-10-05T13:16:54+00:00","dateModified":"2021-10-08T10:26:13+00:00","breadcrumb":{"@id":"https:\/\/www.irishfoodanddrink.com\/de\/news-dxb\/irish-lamb-in-deutschland-neueste-veranstaltungen-ressourcen\/#breadcrumb"},"inLanguage":"de-DE","potentialAction":[{"@type":"ReadAction","target":["https:\/\/www.irishfoodanddrink.com\/de\/news-dxb\/irish-lamb-in-deutschland-neueste-veranstaltungen-ressourcen\/"]}]},{"@type":"BreadcrumbList","@id":"https:\/\/www.irishfoodanddrink.com\/de\/news-dxb\/irish-lamb-in-deutschland-neueste-veranstaltungen-ressourcen\/#breadcrumb","itemListElement":[{"@type":"ListItem","position":1,"name":"Home","item":"https:\/\/www.irishfoodanddrink.com\/de\/"},{"@type":"ListItem","position":2,"name":"News &#8211; Dubai Edition","item":"https:\/\/www.irishfoodanddrink.com\/de\/news-dxb\/"},{"@type":"ListItem","position":3,"name":"Irish Lamb in Deutschland \u2013 Neueste Veranstaltungen &#8211; Ressourcen"}]},{"@type":"WebSite","@id":"https:\/\/www.irishfoodanddrink.com\/de\/#website","url":"https:\/\/www.irishfoodanddrink.com\/de\/","name":"Irish Food &amp; Drink","description":"Helping you source food and drink from Irish suppliers","potentialAction":[{"@type":"SearchAction","target":{"@type":"EntryPoint","urlTemplate":"https:\/\/www.irishfoodanddrink.com\/de\/?s={search_term_string}"},"query-input":{"@type":"PropertyValueSpecification","valueRequired":true,"valueName":"search_term_string"}}],"inLanguage":"de-DE"}]}},"_links":{"self":[{"href":"https:\/\/www.irishfoodanddrink.com\/de\/wp-json\/wp\/v2\/pages\/25940","targetHints":{"allow":["GET"]}}],"collection":[{"href":"https:\/\/www.irishfoodanddrink.com\/de\/wp-json\/wp\/v2\/pages"}],"about":[{"href":"https:\/\/www.irishfoodanddrink.com\/de\/wp-json\/wp\/v2\/types\/page"}],"author":[{"embeddable":true,"href":"https:\/\/www.irishfoodanddrink.com\/de\/wp-json\/wp\/v2\/users\/18"}],"replies":[{"embeddable":true,"href":"https:\/\/www.irishfoodanddrink.com\/de\/wp-json\/wp\/v2\/comments?post=25940"}],"version-history":[{"count":22,"href":"https:\/\/www.irishfoodanddrink.com\/de\/wp-json\/wp\/v2\/pages\/25940\/revisions"}],"predecessor-version":[{"id":26100,"href":"https:\/\/www.irishfoodanddrink.com\/de\/wp-json\/wp\/v2\/pages\/25940\/revisions\/26100"}],"up":[{"embeddable":true,"href":"https:\/\/www.irishfoodanddrink.com\/de\/wp-json\/wp\/v2\/pages\/25722"}],"wp:attachment":[{"href":"https:\/\/www.irishfoodanddrink.com\/de\/wp-json\/wp\/v2\/media?parent=25940"}],"curies":[{"name":"wp","href":"https:\/\/api.w.org\/{rel}","templated":true}]}}