{"id":25994,"date":"2021-10-06T07:27:01","date_gmt":"2021-10-06T07:27:01","guid":{"rendered":"https:\/\/www.irishfoodanddrink.com\/?page_id=25994"},"modified":"2021-11-11T10:26:03","modified_gmt":"2021-11-11T10:26:03","slug":"neue-irische-produkte-fuer-gastronomie-und-den-leh-ressourcen","status":"publish","type":"page","link":"https:\/\/www.irishfoodanddrink.com\/de\/neue-teammitglieder-ressourcen\/neue-irische-produkte-fuer-gastronomie-und-den-leh-ressourcen\/","title":{"rendered":"Neue irische Produkte f\u00fcr Gastronomie und den LEH &#8211; Ressourcen"},"content":{"rendered":"<p><strong>Cheddar &amp; Cheese Saucen von Dairygold:<\/strong><\/p>\n<p>Innovation f\u00fcr die Gastronomie durch nat\u00fcrliche Zutaten aus irischer Weidemilch. Cremig-geschmackvolle K\u00e4sesaucen perfekt f\u00fcr Burger, Pommes, Nachos, Dipp uvm.<\/p>\n<ul>\n<li>Mit 50 % K\u00e4se<\/li>\n<li>Irische Butter statt billigem \u00d6l<\/li>\n<li>Einzigartig cremiger Geschmack<\/li>\n<li>Clean-Label<\/li>\n<li>Frei von Konservierungsstoffen<\/li>\n<li>950g Squeeze-Bottle und wiederverschlie\u00dfbarem 4 kg Beutel<\/li>\n<li>2 beliebte Geschmackssorten: Classic oder Jalape\u00f1o<\/li>\n<\/ul>\n<p><img loading=\"lazy\" decoding=\"async\" class=\"alignnone wp-image-25995\" src=\"\/wordpress\/wp-content\/uploads\/2021\/10\/Cheese.jpg\" alt=\"\" width=\"455\" height=\"303\" srcset=\"https:\/\/www.irishfoodanddrink.com\/wp-content\/uploads\/2021\/10\/Cheese.jpg 799w, https:\/\/www.irishfoodanddrink.com\/wp-content\/uploads\/2021\/10\/Cheese-100x67.jpg 100w, https:\/\/www.irishfoodanddrink.com\/wp-content\/uploads\/2021\/10\/Cheese-400x266.jpg 400w\" sizes=\"auto, (max-width: 455px) 100vw, 455px\" \/><\/p>\n<p><strong>Cheesestrings \u2013 K\u00e4se H\u00e4ppchen von Kerry Foods<\/strong><\/p>\n<p><img loading=\"lazy\" decoding=\"async\" class=\"alignnone size-medium wp-image-26000\" src=\"\/wordpress\/wp-content\/uploads\/2021\/10\/Cheese-strings.png\" alt=\"\" width=\"293\" height=\"300\" srcset=\"https:\/\/www.irishfoodanddrink.com\/wp-content\/uploads\/2021\/10\/Cheese-strings.png 390w, https:\/\/www.irishfoodanddrink.com\/wp-content\/uploads\/2021\/10\/Cheese-strings-98x100.png 98w\" sizes=\"auto, (max-width: 293px) 100vw, 293px\" \/><\/p>\n<p>Diese lustig geformten K\u00e4sesnacks aus schnittfestem Mozzarella sind eine Erweiterung des Cheestring Sortiments und bereits sehr beliebt bei Kindern und Eltern in Frankreich und UK.<\/p>\n<ul>\n<li>Hergestellt aus echtem irischem Weidek\u00e4se<\/li>\n<li>Kindgerecht, milder K\u00e4se<\/li>\n<li>Keine k\u00fcnstlichen Farb-, Aroma- oder Konservierungsstoffe<\/li>\n<li>Reich an Kalzium<\/li>\n<li>Lustige Formen mit Kindern kreiert<\/li>\n<li>75g (4 x 18,75g)<\/li>\n<li>Individuell verpackt, perfekt f\u00fcr die Pausenbrotdose<\/li>\n<\/ul>\n<p><img loading=\"lazy\" decoding=\"async\" class=\"alignnone wp-image-26005\" src=\"\/wordpress\/wp-content\/uploads\/2021\/10\/Chicken.jpg\" alt=\"\" width=\"435\" height=\"136\" srcset=\"https:\/\/www.irishfoodanddrink.com\/wp-content\/uploads\/2021\/10\/Chicken.jpg 686w, https:\/\/www.irishfoodanddrink.com\/wp-content\/uploads\/2021\/10\/Chicken-100x31.jpg 100w, https:\/\/www.irishfoodanddrink.com\/wp-content\/uploads\/2021\/10\/Chicken-400x125.jpg 400w\" sizes=\"auto, (max-width: 435px) 100vw, 435px\" \/><\/p>\n<p><strong>H\u00e4hnchenprodukte von Rosie &amp; Jim: <\/strong><\/p>\n<p>Die glutenfreien und gefrorernen H\u00e4hnchenprodukte von Rosie &amp; Jim sind in 3 verschiedenen Rezepten erh\u00e4ltlich: Panierte H\u00e4hnchenbrustfilets, Southern fried H\u00e4hnchentreifen und Southern fried H\u00e4hnchenbrustfilets.<\/p>\n<ul>\n<li>Glutenfrei<\/li>\n<li>100% Brustfleisch<\/li>\n<li>400g Beutel<\/li>\n<li>Im Tiefk\u00fchlregal<\/li>\n<\/ul>\n<p><img loading=\"lazy\" decoding=\"async\" class=\"alignnone size-full wp-image-26010\" src=\"\/wordpress\/wp-content\/uploads\/2021\/10\/Rosie-and-JIm.png\" alt=\"\" width=\"177\" height=\"202\" srcset=\"https:\/\/www.irishfoodanddrink.com\/wp-content\/uploads\/2021\/10\/Rosie-and-JIm.png 177w, https:\/\/www.irishfoodanddrink.com\/wp-content\/uploads\/2021\/10\/Rosie-and-JIm-88x100.png 88w\" sizes=\"auto, (max-width: 177px) 100vw, 177px\" \/><\/p>\n","protected":false},"excerpt":{"rendered":"<p>Cheddar &amp; Cheese Saucen von Dairygold: Innovation f\u00fcr die Gastronomie durch nat\u00fcrliche Zutaten aus irischer Weidemilch. Cremig-geschmackvolle K\u00e4sesaucen perfekt f\u00fcr Burger, Pommes, Nachos, Dipp uvm. Mit 50 % K\u00e4se Irische Butter statt billigem \u00d6l Einzigartig cremiger Geschmack Clean-Label Frei von Konservierungsstoffen 950g Squeeze-Bottle und wiederverschlie\u00dfbarem 4 kg Beutel 2 beliebte Geschmackssorten: Classic oder Jalape\u00f1o Cheesestrings [&hellip;]<\/p>\n","protected":false},"author":18,"featured_media":0,"parent":25892,"menu_order":0,"comment_status":"closed","ping_status":"closed","template":"page-templates\/landing-page.php","meta":{"_acf_changed":false,"inline_featured_image":false,"footnotes":""},"class_list":["post-25994","page","type-page","status-publish","hentry"],"acf":[],"yoast_head":"<!-- This site is optimized with the Yoast SEO plugin v27.3 - https:\/\/yoast.com\/product\/yoast-seo-wordpress\/ -->\n<title>Neue irische Produkte f\u00fcr Gastronomie und den LEH - Ressourcen - Irish Food &amp; Drink<\/title>\n<meta name=\"robots\" content=\"index, follow, max-snippet:-1, max-image-preview:large, max-video-preview:-1\" \/>\n<link rel=\"canonical\" href=\"https:\/\/www.irishfoodanddrink.com\/de\/neue-teammitglieder-ressourcen\/neue-irische-produkte-fuer-gastronomie-und-den-leh-ressourcen\/\" \/>\n<meta property=\"og:locale\" content=\"de_DE\" \/>\n<meta property=\"og:type\" content=\"article\" \/>\n<meta property=\"og:title\" content=\"Neue irische Produkte f\u00fcr Gastronomie und den LEH - Ressourcen - Irish Food &amp; Drink\" \/>\n<meta property=\"og:description\" content=\"Cheddar &amp; Cheese Saucen von Dairygold: Innovation f\u00fcr die Gastronomie durch nat\u00fcrliche Zutaten aus irischer Weidemilch. Cremig-geschmackvolle K\u00e4sesaucen perfekt f\u00fcr Burger, Pommes, Nachos, Dipp uvm. Mit 50 % K\u00e4se Irische Butter statt billigem \u00d6l Einzigartig cremiger Geschmack Clean-Label Frei von Konservierungsstoffen 950g Squeeze-Bottle und wiederverschlie\u00dfbarem 4 kg Beutel 2 beliebte Geschmackssorten: Classic oder Jalape\u00f1o Cheesestrings [&hellip;]\" \/>\n<meta property=\"og:url\" content=\"https:\/\/www.irishfoodanddrink.com\/de\/neue-teammitglieder-ressourcen\/neue-irische-produkte-fuer-gastronomie-und-den-leh-ressourcen\/\" \/>\n<meta property=\"og:site_name\" content=\"Irish Food &amp; Drink\" \/>\n<meta property=\"article:modified_time\" content=\"2021-11-11T10:26:03+00:00\" \/>\n<meta property=\"og:image\" content=\"https:\/\/www.irishfoodanddrink.com\/wp-content\/uploads\/2020\/12\/Small-homepage-image-339-x-226-min.jpg\" \/>\n\t<meta property=\"og:image:width\" content=\"339\" \/>\n\t<meta property=\"og:image:height\" content=\"226\" \/>\n\t<meta property=\"og:image:type\" content=\"image\/jpeg\" \/>\n<meta name=\"twitter:card\" content=\"summary_large_image\" \/>\n<meta name=\"twitter:label1\" content=\"Est. reading time\" \/>\n\t<meta name=\"twitter:data1\" content=\"2 minutes\" \/>\n<script type=\"application\/ld+json\" class=\"yoast-schema-graph\">{\"@context\":\"https:\\\/\\\/schema.org\",\"@graph\":[{\"@type\":\"WebPage\",\"@id\":\"https:\\\/\\\/www.irishfoodanddrink.com\\\/de\\\/neue-teammitglieder-ressourcen\\\/neue-irische-produkte-fuer-gastronomie-und-den-leh-ressourcen\\\/\",\"url\":\"https:\\\/\\\/www.irishfoodanddrink.com\\\/de\\\/neue-teammitglieder-ressourcen\\\/neue-irische-produkte-fuer-gastronomie-und-den-leh-ressourcen\\\/\",\"name\":\"Neue irische Produkte f\u00fcr Gastronomie und den LEH - Ressourcen - Irish Food &amp; Drink\",\"isPartOf\":{\"@id\":\"https:\\\/\\\/www.irishfoodanddrink.com\\\/de\\\/#website\"},\"datePublished\":\"2021-10-06T07:27:01+00:00\",\"dateModified\":\"2021-11-11T10:26:03+00:00\",\"breadcrumb\":{\"@id\":\"https:\\\/\\\/www.irishfoodanddrink.com\\\/de\\\/neue-teammitglieder-ressourcen\\\/neue-irische-produkte-fuer-gastronomie-und-den-leh-ressourcen\\\/#breadcrumb\"},\"inLanguage\":\"de-DE\",\"potentialAction\":[{\"@type\":\"ReadAction\",\"target\":[\"https:\\\/\\\/www.irishfoodanddrink.com\\\/de\\\/neue-teammitglieder-ressourcen\\\/neue-irische-produkte-fuer-gastronomie-und-den-leh-ressourcen\\\/\"]}]},{\"@type\":\"BreadcrumbList\",\"@id\":\"https:\\\/\\\/www.irishfoodanddrink.com\\\/de\\\/neue-teammitglieder-ressourcen\\\/neue-irische-produkte-fuer-gastronomie-und-den-leh-ressourcen\\\/#breadcrumb\",\"itemListElement\":[{\"@type\":\"ListItem\",\"position\":1,\"name\":\"Home\",\"item\":\"https:\\\/\\\/www.irishfoodanddrink.com\\\/de\\\/\"},{\"@type\":\"ListItem\",\"position\":2,\"name\":\"\u00a0Neue Teammitglieder &#8211; Ressourcen\",\"item\":\"https:\\\/\\\/www.irishfoodanddrink.com\\\/de\\\/neue-teammitglieder-ressourcen\\\/\"},{\"@type\":\"ListItem\",\"position\":3,\"name\":\"Neue irische Produkte f\u00fcr Gastronomie und den LEH &#8211; Ressourcen\"}]},{\"@type\":\"WebSite\",\"@id\":\"https:\\\/\\\/www.irishfoodanddrink.com\\\/de\\\/#website\",\"url\":\"https:\\\/\\\/www.irishfoodanddrink.com\\\/de\\\/\",\"name\":\"Irish Food &amp; Drink\",\"description\":\"Helping you source food and drink from Irish suppliers\",\"potentialAction\":[{\"@type\":\"SearchAction\",\"target\":{\"@type\":\"EntryPoint\",\"urlTemplate\":\"https:\\\/\\\/www.irishfoodanddrink.com\\\/de\\\/?s={search_term_string}\"},\"query-input\":{\"@type\":\"PropertyValueSpecification\",\"valueRequired\":true,\"valueName\":\"search_term_string\"}}],\"inLanguage\":\"de-DE\"}]}<\/script>\n<!-- \/ Yoast SEO plugin. -->","yoast_head_json":{"title":"Neue irische Produkte f\u00fcr Gastronomie und den LEH - Ressourcen - Irish Food &amp; Drink","robots":{"index":"index","follow":"follow","max-snippet":"max-snippet:-1","max-image-preview":"max-image-preview:large","max-video-preview":"max-video-preview:-1"},"canonical":"https:\/\/www.irishfoodanddrink.com\/de\/neue-teammitglieder-ressourcen\/neue-irische-produkte-fuer-gastronomie-und-den-leh-ressourcen\/","og_locale":"de_DE","og_type":"article","og_title":"Neue irische Produkte f\u00fcr Gastronomie und den LEH - Ressourcen - Irish Food &amp; Drink","og_description":"Cheddar &amp; Cheese Saucen von Dairygold: Innovation f\u00fcr die Gastronomie durch nat\u00fcrliche Zutaten aus irischer Weidemilch. Cremig-geschmackvolle K\u00e4sesaucen perfekt f\u00fcr Burger, Pommes, Nachos, Dipp uvm. Mit 50 % K\u00e4se Irische Butter statt billigem \u00d6l Einzigartig cremiger Geschmack Clean-Label Frei von Konservierungsstoffen 950g Squeeze-Bottle und wiederverschlie\u00dfbarem 4 kg Beutel 2 beliebte Geschmackssorten: Classic oder Jalape\u00f1o Cheesestrings [&hellip;]","og_url":"https:\/\/www.irishfoodanddrink.com\/de\/neue-teammitglieder-ressourcen\/neue-irische-produkte-fuer-gastronomie-und-den-leh-ressourcen\/","og_site_name":"Irish Food &amp; Drink","article_modified_time":"2021-11-11T10:26:03+00:00","og_image":[{"width":339,"height":226,"url":"https:\/\/www.irishfoodanddrink.com\/wp-content\/uploads\/2020\/12\/Small-homepage-image-339-x-226-min.jpg","type":"image\/jpeg"}],"twitter_card":"summary_large_image","twitter_misc":{"Est. reading time":"2 minutes"},"schema":{"@context":"https:\/\/schema.org","@graph":[{"@type":"WebPage","@id":"https:\/\/www.irishfoodanddrink.com\/de\/neue-teammitglieder-ressourcen\/neue-irische-produkte-fuer-gastronomie-und-den-leh-ressourcen\/","url":"https:\/\/www.irishfoodanddrink.com\/de\/neue-teammitglieder-ressourcen\/neue-irische-produkte-fuer-gastronomie-und-den-leh-ressourcen\/","name":"Neue irische Produkte f\u00fcr Gastronomie und den LEH - Ressourcen - Irish Food &amp; Drink","isPartOf":{"@id":"https:\/\/www.irishfoodanddrink.com\/de\/#website"},"datePublished":"2021-10-06T07:27:01+00:00","dateModified":"2021-11-11T10:26:03+00:00","breadcrumb":{"@id":"https:\/\/www.irishfoodanddrink.com\/de\/neue-teammitglieder-ressourcen\/neue-irische-produkte-fuer-gastronomie-und-den-leh-ressourcen\/#breadcrumb"},"inLanguage":"de-DE","potentialAction":[{"@type":"ReadAction","target":["https:\/\/www.irishfoodanddrink.com\/de\/neue-teammitglieder-ressourcen\/neue-irische-produkte-fuer-gastronomie-und-den-leh-ressourcen\/"]}]},{"@type":"BreadcrumbList","@id":"https:\/\/www.irishfoodanddrink.com\/de\/neue-teammitglieder-ressourcen\/neue-irische-produkte-fuer-gastronomie-und-den-leh-ressourcen\/#breadcrumb","itemListElement":[{"@type":"ListItem","position":1,"name":"Home","item":"https:\/\/www.irishfoodanddrink.com\/de\/"},{"@type":"ListItem","position":2,"name":"\u00a0Neue Teammitglieder &#8211; Ressourcen","item":"https:\/\/www.irishfoodanddrink.com\/de\/neue-teammitglieder-ressourcen\/"},{"@type":"ListItem","position":3,"name":"Neue irische Produkte f\u00fcr Gastronomie und den LEH &#8211; Ressourcen"}]},{"@type":"WebSite","@id":"https:\/\/www.irishfoodanddrink.com\/de\/#website","url":"https:\/\/www.irishfoodanddrink.com\/de\/","name":"Irish Food &amp; Drink","description":"Helping you source food and drink from Irish suppliers","potentialAction":[{"@type":"SearchAction","target":{"@type":"EntryPoint","urlTemplate":"https:\/\/www.irishfoodanddrink.com\/de\/?s={search_term_string}"},"query-input":{"@type":"PropertyValueSpecification","valueRequired":true,"valueName":"search_term_string"}}],"inLanguage":"de-DE"}]}},"_links":{"self":[{"href":"https:\/\/www.irishfoodanddrink.com\/de\/wp-json\/wp\/v2\/pages\/25994","targetHints":{"allow":["GET"]}}],"collection":[{"href":"https:\/\/www.irishfoodanddrink.com\/de\/wp-json\/wp\/v2\/pages"}],"about":[{"href":"https:\/\/www.irishfoodanddrink.com\/de\/wp-json\/wp\/v2\/types\/page"}],"author":[{"embeddable":true,"href":"https:\/\/www.irishfoodanddrink.com\/de\/wp-json\/wp\/v2\/users\/18"}],"replies":[{"embeddable":true,"href":"https:\/\/www.irishfoodanddrink.com\/de\/wp-json\/wp\/v2\/comments?post=25994"}],"version-history":[{"count":18,"href":"https:\/\/www.irishfoodanddrink.com\/de\/wp-json\/wp\/v2\/pages\/25994\/revisions"}],"predecessor-version":[{"id":26105,"href":"https:\/\/www.irishfoodanddrink.com\/de\/wp-json\/wp\/v2\/pages\/25994\/revisions\/26105"}],"up":[{"embeddable":true,"href":"https:\/\/www.irishfoodanddrink.com\/de\/wp-json\/wp\/v2\/pages\/25892"}],"wp:attachment":[{"href":"https:\/\/www.irishfoodanddrink.com\/de\/wp-json\/wp\/v2\/media?parent=25994"}],"curies":[{"name":"wp","href":"https:\/\/api.w.org\/{rel}","templated":true}]}}