{"id":26532,"date":"2021-12-20T08:57:11","date_gmt":"2021-12-20T08:57:11","guid":{"rendered":"https:\/\/www.irishfoodanddrink.com\/?page_id=26532"},"modified":"2021-12-20T13:59:10","modified_gmt":"2021-12-20T13:59:10","slug":"tv-kampagne-auf-rtl","status":"publish","type":"page","link":"https:\/\/www.irishfoodanddrink.com\/de\/tv-kampagne-auf-rtl\/","title":{"rendered":"TV-Kampagne auf RTL+"},"content":{"rendered":"<p>Im November startete Bord Bia D\u00fcsseldorf im Rahmen seiner Irish Beef Weihnachtskampagne eine weihnachtliche Streaming-Werbekampagne f\u00fcr irisches Rindfleisch auf der Online-Streamingplattform RTL+ (zuvor bekannt als TV NOW). RTL+ ist Teil von RTL\u00a0Deutschland und mit 2,4\u00a0Millionen zahlenden Abonnenten und sieben\u00a0Millionen Unique Usern das f\u00fchrende Streamingportal Deutschlands.<\/p>\n<p>Die Irish Beef Werbekampagne auf RTL+ l\u00e4uft im November und Dezember und bringt kochaffine deutsche Konsumenten in die Welt des schmackhaften und nachhaltigen irischen Rindfleisches: Irish Beef als Erg\u00e4nzung eines speziellen Festagsmen\u00fcs. Parallel, finden deutschlandweite Online- und In-store-aktionen f\u00fcr Irish Beef statt.<\/p>\n<p>Die Kampagne umfasst eine Informationsseite von \u201e<a href=\"https:\/\/irishbeef.de\/\">IrishBeef.de<\/a>\u201c, statische und native Werbung sowie ein Irish-Beef-Werbevideo,\u00a0 welches vor und w\u00e4hrend Kochsendungen auf RTL+\u00a0 als Werbung abgesspielt wird. Deser Irish Beef Spot, erscheint auch programmbegleitend, wenn Kernbotschaften zum Thema Rindfleisch und Nachhaltigkeit \u00fcbermittelt werden. Wir freuen uns dar\u00fcber, Rindfleisch aus Irland diesen Winter im Kontext von Deutschlands f\u00fchrenden Kochsendungen zu sehen \u2013 und das mit einer Reichweite von insgesamt 2,25\u00a0Millionen Ad-Impressions.<\/p>\n<p>Programmbegleitende Werbung:<\/p>\n<p><img loading=\"lazy\" decoding=\"async\" class=\"alignnone size-full wp-image-26526\" src=\"\/wordpress\/wp-content\/uploads\/2021\/12\/Rtl-Ad.png\" alt=\"\" width=\"1099\" height=\"525\" srcset=\"https:\/\/www.irishfoodanddrink.com\/wp-content\/uploads\/2021\/12\/Rtl-Ad.png 1099w, https:\/\/www.irishfoodanddrink.com\/wp-content\/uploads\/2021\/12\/Rtl-Ad-100x48.png 100w, https:\/\/www.irishfoodanddrink.com\/wp-content\/uploads\/2021\/12\/Rtl-Ad-400x191.png 400w, https:\/\/www.irishfoodanddrink.com\/wp-content\/uploads\/2021\/12\/Rtl-Ad-800x382.png 800w\" sizes=\"auto, (max-width: 1099px) 100vw, 1099px\" \/><\/p>\n","protected":false},"excerpt":{"rendered":"<p>Im November startete Bord Bia D\u00fcsseldorf im Rahmen seiner Irish Beef Weihnachtskampagne eine weihnachtliche Streaming-Werbekampagne f\u00fcr irisches Rindfleisch auf der Online-Streamingplattform RTL+ (zuvor bekannt als TV NOW). RTL+ ist Teil von RTL\u00a0Deutschland und mit 2,4\u00a0Millionen zahlenden Abonnenten und sieben\u00a0Millionen Unique Usern das f\u00fchrende Streamingportal Deutschlands. Die Irish Beef Werbekampagne auf RTL+ l\u00e4uft im November und [&hellip;]<\/p>\n","protected":false},"author":22,"featured_media":0,"parent":0,"menu_order":0,"comment_status":"closed","ping_status":"closed","template":"","meta":{"_acf_changed":false,"inline_featured_image":false,"footnotes":""},"class_list":["post-26532","page","type-page","status-publish","hentry"],"acf":[],"yoast_head":"<!-- This site is optimized with the Yoast SEO plugin v27.3 - https:\/\/yoast.com\/product\/yoast-seo-wordpress\/ -->\n<title>TV-Kampagne auf RTL+ - Irish Food &amp; Drink<\/title>\n<meta name=\"robots\" content=\"index, follow, max-snippet:-1, max-image-preview:large, max-video-preview:-1\" \/>\n<link rel=\"canonical\" href=\"https:\/\/www.irishfoodanddrink.com\/de\/tv-kampagne-auf-rtl\/\" \/>\n<meta property=\"og:locale\" content=\"de_DE\" \/>\n<meta property=\"og:type\" content=\"article\" \/>\n<meta property=\"og:title\" content=\"TV-Kampagne auf RTL+ - Irish Food &amp; Drink\" \/>\n<meta property=\"og:description\" content=\"Im November startete Bord Bia D\u00fcsseldorf im Rahmen seiner Irish Beef Weihnachtskampagne eine weihnachtliche Streaming-Werbekampagne f\u00fcr irisches Rindfleisch auf der Online-Streamingplattform RTL+ (zuvor bekannt als TV NOW). RTL+ ist Teil von RTL\u00a0Deutschland und mit 2,4\u00a0Millionen zahlenden Abonnenten und sieben\u00a0Millionen Unique Usern das f\u00fchrende Streamingportal Deutschlands. Die Irish Beef Werbekampagne auf RTL+ l\u00e4uft im November und [&hellip;]\" \/>\n<meta property=\"og:url\" content=\"https:\/\/www.irishfoodanddrink.com\/de\/tv-kampagne-auf-rtl\/\" \/>\n<meta property=\"og:site_name\" content=\"Irish Food &amp; Drink\" \/>\n<meta property=\"article:modified_time\" content=\"2021-12-20T13:59:10+00:00\" \/>\n<meta property=\"og:image\" content=\"https:\/\/www.irishfoodanddrink.com\/wp-content\/uploads\/2020\/12\/Small-homepage-image-339-x-226-min.jpg\" \/>\n\t<meta property=\"og:image:width\" content=\"339\" \/>\n\t<meta property=\"og:image:height\" content=\"226\" \/>\n\t<meta property=\"og:image:type\" content=\"image\/jpeg\" \/>\n<meta name=\"twitter:card\" content=\"summary_large_image\" \/>\n<meta name=\"twitter:label1\" content=\"Est. reading time\" \/>\n\t<meta name=\"twitter:data1\" content=\"1 minute\" \/>\n<script type=\"application\/ld+json\" class=\"yoast-schema-graph\">{\"@context\":\"https:\\\/\\\/schema.org\",\"@graph\":[{\"@type\":\"WebPage\",\"@id\":\"https:\\\/\\\/www.irishfoodanddrink.com\\\/de\\\/tv-kampagne-auf-rtl\\\/\",\"url\":\"https:\\\/\\\/www.irishfoodanddrink.com\\\/de\\\/tv-kampagne-auf-rtl\\\/\",\"name\":\"TV-Kampagne auf RTL+ - Irish Food &amp; Drink\",\"isPartOf\":{\"@id\":\"https:\\\/\\\/www.irishfoodanddrink.com\\\/de\\\/#website\"},\"datePublished\":\"2021-12-20T08:57:11+00:00\",\"dateModified\":\"2021-12-20T13:59:10+00:00\",\"breadcrumb\":{\"@id\":\"https:\\\/\\\/www.irishfoodanddrink.com\\\/de\\\/tv-kampagne-auf-rtl\\\/#breadcrumb\"},\"inLanguage\":\"de-DE\",\"potentialAction\":[{\"@type\":\"ReadAction\",\"target\":[\"https:\\\/\\\/www.irishfoodanddrink.com\\\/de\\\/tv-kampagne-auf-rtl\\\/\"]}]},{\"@type\":\"BreadcrumbList\",\"@id\":\"https:\\\/\\\/www.irishfoodanddrink.com\\\/de\\\/tv-kampagne-auf-rtl\\\/#breadcrumb\",\"itemListElement\":[{\"@type\":\"ListItem\",\"position\":1,\"name\":\"Home\",\"item\":\"https:\\\/\\\/www.irishfoodanddrink.com\\\/de\\\/\"},{\"@type\":\"ListItem\",\"position\":2,\"name\":\"TV-Kampagne auf RTL+\"}]},{\"@type\":\"WebSite\",\"@id\":\"https:\\\/\\\/www.irishfoodanddrink.com\\\/de\\\/#website\",\"url\":\"https:\\\/\\\/www.irishfoodanddrink.com\\\/de\\\/\",\"name\":\"Irish Food &amp; Drink\",\"description\":\"Helping you source food and drink from Irish suppliers\",\"potentialAction\":[{\"@type\":\"SearchAction\",\"target\":{\"@type\":\"EntryPoint\",\"urlTemplate\":\"https:\\\/\\\/www.irishfoodanddrink.com\\\/de\\\/?s={search_term_string}\"},\"query-input\":{\"@type\":\"PropertyValueSpecification\",\"valueRequired\":true,\"valueName\":\"search_term_string\"}}],\"inLanguage\":\"de-DE\"}]}<\/script>\n<!-- \/ Yoast SEO plugin. -->","yoast_head_json":{"title":"TV-Kampagne auf RTL+ - Irish Food &amp; Drink","robots":{"index":"index","follow":"follow","max-snippet":"max-snippet:-1","max-image-preview":"max-image-preview:large","max-video-preview":"max-video-preview:-1"},"canonical":"https:\/\/www.irishfoodanddrink.com\/de\/tv-kampagne-auf-rtl\/","og_locale":"de_DE","og_type":"article","og_title":"TV-Kampagne auf RTL+ - Irish Food &amp; Drink","og_description":"Im November startete Bord Bia D\u00fcsseldorf im Rahmen seiner Irish Beef Weihnachtskampagne eine weihnachtliche Streaming-Werbekampagne f\u00fcr irisches Rindfleisch auf der Online-Streamingplattform RTL+ (zuvor bekannt als TV NOW). RTL+ ist Teil von RTL\u00a0Deutschland und mit 2,4\u00a0Millionen zahlenden Abonnenten und sieben\u00a0Millionen Unique Usern das f\u00fchrende Streamingportal Deutschlands. Die Irish Beef Werbekampagne auf RTL+ l\u00e4uft im November und [&hellip;]","og_url":"https:\/\/www.irishfoodanddrink.com\/de\/tv-kampagne-auf-rtl\/","og_site_name":"Irish Food &amp; Drink","article_modified_time":"2021-12-20T13:59:10+00:00","og_image":[{"width":339,"height":226,"url":"https:\/\/www.irishfoodanddrink.com\/wp-content\/uploads\/2020\/12\/Small-homepage-image-339-x-226-min.jpg","type":"image\/jpeg"}],"twitter_card":"summary_large_image","twitter_misc":{"Est. reading time":"1 minute"},"schema":{"@context":"https:\/\/schema.org","@graph":[{"@type":"WebPage","@id":"https:\/\/www.irishfoodanddrink.com\/de\/tv-kampagne-auf-rtl\/","url":"https:\/\/www.irishfoodanddrink.com\/de\/tv-kampagne-auf-rtl\/","name":"TV-Kampagne auf RTL+ - Irish Food &amp; Drink","isPartOf":{"@id":"https:\/\/www.irishfoodanddrink.com\/de\/#website"},"datePublished":"2021-12-20T08:57:11+00:00","dateModified":"2021-12-20T13:59:10+00:00","breadcrumb":{"@id":"https:\/\/www.irishfoodanddrink.com\/de\/tv-kampagne-auf-rtl\/#breadcrumb"},"inLanguage":"de-DE","potentialAction":[{"@type":"ReadAction","target":["https:\/\/www.irishfoodanddrink.com\/de\/tv-kampagne-auf-rtl\/"]}]},{"@type":"BreadcrumbList","@id":"https:\/\/www.irishfoodanddrink.com\/de\/tv-kampagne-auf-rtl\/#breadcrumb","itemListElement":[{"@type":"ListItem","position":1,"name":"Home","item":"https:\/\/www.irishfoodanddrink.com\/de\/"},{"@type":"ListItem","position":2,"name":"TV-Kampagne auf RTL+"}]},{"@type":"WebSite","@id":"https:\/\/www.irishfoodanddrink.com\/de\/#website","url":"https:\/\/www.irishfoodanddrink.com\/de\/","name":"Irish Food &amp; Drink","description":"Helping you source food and drink from Irish suppliers","potentialAction":[{"@type":"SearchAction","target":{"@type":"EntryPoint","urlTemplate":"https:\/\/www.irishfoodanddrink.com\/de\/?s={search_term_string}"},"query-input":{"@type":"PropertyValueSpecification","valueRequired":true,"valueName":"search_term_string"}}],"inLanguage":"de-DE"}]}},"_links":{"self":[{"href":"https:\/\/www.irishfoodanddrink.com\/de\/wp-json\/wp\/v2\/pages\/26532","targetHints":{"allow":["GET"]}}],"collection":[{"href":"https:\/\/www.irishfoodanddrink.com\/de\/wp-json\/wp\/v2\/pages"}],"about":[{"href":"https:\/\/www.irishfoodanddrink.com\/de\/wp-json\/wp\/v2\/types\/page"}],"author":[{"embeddable":true,"href":"https:\/\/www.irishfoodanddrink.com\/de\/wp-json\/wp\/v2\/users\/22"}],"replies":[{"embeddable":true,"href":"https:\/\/www.irishfoodanddrink.com\/de\/wp-json\/wp\/v2\/comments?post=26532"}],"version-history":[{"count":5,"href":"https:\/\/www.irishfoodanddrink.com\/de\/wp-json\/wp\/v2\/pages\/26532\/revisions"}],"predecessor-version":[{"id":26625,"href":"https:\/\/www.irishfoodanddrink.com\/de\/wp-json\/wp\/v2\/pages\/26532\/revisions\/26625"}],"wp:attachment":[{"href":"https:\/\/www.irishfoodanddrink.com\/de\/wp-json\/wp\/v2\/media?parent=26532"}],"curies":[{"name":"wp","href":"https:\/\/api.w.org\/{rel}","templated":true}]}}