{"id":26535,"date":"2021-12-20T08:58:28","date_gmt":"2021-12-20T08:58:28","guid":{"rendered":"https:\/\/www.irishfoodanddrink.com\/?page_id=26535"},"modified":"2021-12-20T11:34:14","modified_gmt":"2021-12-20T11:34:14","slug":"irische-milchwirtschaft-auf-wachstumskurs","status":"publish","type":"page","link":"https:\/\/www.irishfoodanddrink.com\/de\/irische-milchwirtschaft-auf-wachstumskurs\/","title":{"rendered":"Irische Milchwirtschaft auf Wachstumskurs"},"content":{"rendered":"<p>Die Milchanlieferungen sind in Irland in den ersten neun Monaten des Jahres 2021 um fast 6,5\u00a0Prozent gestiegen, und die Ausfuhren d\u00fcrften im dritten Jahr in Folge die Marke von f\u00fcnf Milliarden\u00a0Euro \u00fcberschreiten.<\/p>\n<p>Den mengenm\u00e4\u00dfig gr\u00f6\u00dften Anteil daran haben Butter und K\u00e4se mit 18% bzw. 17%, wovon mehr als 90% an die Schl\u00fcsselm\u00e4rkte Europa, Vereinigtes K\u00f6nigreich und Nordamerika gehen. Auch der Export von Milchpulver nach Asien und Afrika hat kr\u00e4ftig zugenommen.<\/p>\n<p>Diese positive Entwicklung spielt sich in Europa vor dem Hintergrund einer stabilen Milchproduktion ab \u2013 bei Mengenr\u00fcckg\u00e4ngen in den beiden gr\u00f6\u00dften Erzeugerl\u00e4ndern Frankreich und Deutschland. Auch erheblich gestiegene Input-, Verarbeitungs- und Logistikkosten, die zu St\u00f6rungen der globalen Lieferketten f\u00fchren, haben die Performance beeinflusst.<\/p>\n<p>Die Nachhaltigkeit erweist sich f\u00fcr die irische Milchwirtschaft als wichtiges Differenzierungsmerkmal, da die irische Lebensmittelbranche mit \u201eOrigin Green\u201c das weltweit einzige Nachhaltigkeitsprogramm f\u00fcr die Lebensmittel- und Getr\u00e4nkeindustrie vorweisen kann. Das Programm wird st\u00e4ndig an neue Marktanforderungen angepasst und erm\u00f6glicht jetzt auch die Messung von indirekten Emissionen (Scope\u00a03).<\/p>\n<p>2021 hat die irische Milchindustrie beschlossen, im Rahmen eines unabh\u00e4ngig gepr\u00fcften Programms die \u201eGrass-Fed\u201c-Zertifizierung anzubieten. Damit kann f\u00fcr irische Milchprodukte nun glaubhaft nachgewiesen werden, dass sie auf Weidehaltung beruhen: Produkte mit diesem G\u00fctesiegel m\u00fcssen von K\u00fchen stammen, deren Futter zu mindestens 95\u00a0Prozent auf Gras basiert und die im letzten Jahr mindestens 240\u00a0Tage auf der Weide verbracht haben.<\/p>\n<p>F\u00fcr weitere Informationen \u00fcber irische Milchproduktanbieter oder die Anwendung des Grass-Fed-Standards von Bord Bia kontaktieren Sie bitte <a href=\"mailto:dairyteam@bordbia.ie\">dairyteam@bordbia.ie<\/a> oder Ihre lokale Niederlassung von Bord Bia unter <a href=\"mailto:infogermany@bordbia.ie\">infogermany@bordbia.ie<\/a>.<\/p>\n","protected":false},"excerpt":{"rendered":"<p>Die Milchanlieferungen sind in Irland in den ersten neun Monaten des Jahres 2021 um fast 6,5\u00a0Prozent gestiegen, und die Ausfuhren d\u00fcrften im dritten Jahr in Folge die Marke von f\u00fcnf Milliarden\u00a0Euro \u00fcberschreiten. Den mengenm\u00e4\u00dfig gr\u00f6\u00dften Anteil daran haben Butter und K\u00e4se mit 18% bzw. 17%, wovon mehr als 90% an die Schl\u00fcsselm\u00e4rkte Europa, Vereinigtes K\u00f6nigreich [&hellip;]<\/p>\n","protected":false},"author":22,"featured_media":0,"parent":0,"menu_order":0,"comment_status":"closed","ping_status":"closed","template":"","meta":{"_acf_changed":false,"inline_featured_image":false,"footnotes":""},"class_list":["post-26535","page","type-page","status-publish","hentry"],"acf":[],"yoast_head":"<!-- This site is optimized with the Yoast SEO plugin v27.3 - https:\/\/yoast.com\/product\/yoast-seo-wordpress\/ -->\n<title>Irische Milchwirtschaft auf Wachstumskurs - Irish Food &amp; Drink<\/title>\n<meta name=\"robots\" content=\"index, follow, max-snippet:-1, max-image-preview:large, max-video-preview:-1\" \/>\n<link rel=\"canonical\" href=\"https:\/\/www.irishfoodanddrink.com\/de\/irische-milchwirtschaft-auf-wachstumskurs\/\" \/>\n<meta property=\"og:locale\" content=\"de_DE\" \/>\n<meta property=\"og:type\" content=\"article\" \/>\n<meta property=\"og:title\" content=\"Irische Milchwirtschaft auf Wachstumskurs - Irish Food &amp; Drink\" \/>\n<meta property=\"og:description\" content=\"Die Milchanlieferungen sind in Irland in den ersten neun Monaten des Jahres 2021 um fast 6,5\u00a0Prozent gestiegen, und die Ausfuhren d\u00fcrften im dritten Jahr in Folge die Marke von f\u00fcnf Milliarden\u00a0Euro \u00fcberschreiten. Den mengenm\u00e4\u00dfig gr\u00f6\u00dften Anteil daran haben Butter und K\u00e4se mit 18% bzw. 17%, wovon mehr als 90% an die Schl\u00fcsselm\u00e4rkte Europa, Vereinigtes K\u00f6nigreich [&hellip;]\" \/>\n<meta property=\"og:url\" content=\"https:\/\/www.irishfoodanddrink.com\/de\/irische-milchwirtschaft-auf-wachstumskurs\/\" \/>\n<meta property=\"og:site_name\" content=\"Irish Food &amp; Drink\" \/>\n<meta property=\"article:modified_time\" content=\"2021-12-20T11:34:14+00:00\" \/>\n<meta property=\"og:image\" content=\"https:\/\/www.irishfoodanddrink.com\/wp-content\/uploads\/2020\/12\/Small-homepage-image-339-x-226-min.jpg\" \/>\n\t<meta property=\"og:image:width\" content=\"339\" \/>\n\t<meta property=\"og:image:height\" content=\"226\" \/>\n\t<meta property=\"og:image:type\" content=\"image\/jpeg\" \/>\n<meta name=\"twitter:card\" content=\"summary_large_image\" \/>\n<meta name=\"twitter:label1\" content=\"Est. reading time\" \/>\n\t<meta name=\"twitter:data1\" content=\"2 minutes\" \/>\n<script type=\"application\/ld+json\" class=\"yoast-schema-graph\">{\"@context\":\"https:\\\/\\\/schema.org\",\"@graph\":[{\"@type\":\"WebPage\",\"@id\":\"https:\\\/\\\/www.irishfoodanddrink.com\\\/de\\\/irische-milchwirtschaft-auf-wachstumskurs\\\/\",\"url\":\"https:\\\/\\\/www.irishfoodanddrink.com\\\/de\\\/irische-milchwirtschaft-auf-wachstumskurs\\\/\",\"name\":\"Irische Milchwirtschaft auf Wachstumskurs - Irish Food &amp; Drink\",\"isPartOf\":{\"@id\":\"https:\\\/\\\/www.irishfoodanddrink.com\\\/de\\\/#website\"},\"datePublished\":\"2021-12-20T08:58:28+00:00\",\"dateModified\":\"2021-12-20T11:34:14+00:00\",\"breadcrumb\":{\"@id\":\"https:\\\/\\\/www.irishfoodanddrink.com\\\/de\\\/irische-milchwirtschaft-auf-wachstumskurs\\\/#breadcrumb\"},\"inLanguage\":\"de-DE\",\"potentialAction\":[{\"@type\":\"ReadAction\",\"target\":[\"https:\\\/\\\/www.irishfoodanddrink.com\\\/de\\\/irische-milchwirtschaft-auf-wachstumskurs\\\/\"]}]},{\"@type\":\"BreadcrumbList\",\"@id\":\"https:\\\/\\\/www.irishfoodanddrink.com\\\/de\\\/irische-milchwirtschaft-auf-wachstumskurs\\\/#breadcrumb\",\"itemListElement\":[{\"@type\":\"ListItem\",\"position\":1,\"name\":\"Home\",\"item\":\"https:\\\/\\\/www.irishfoodanddrink.com\\\/de\\\/\"},{\"@type\":\"ListItem\",\"position\":2,\"name\":\"Irische Milchwirtschaft auf Wachstumskurs\"}]},{\"@type\":\"WebSite\",\"@id\":\"https:\\\/\\\/www.irishfoodanddrink.com\\\/de\\\/#website\",\"url\":\"https:\\\/\\\/www.irishfoodanddrink.com\\\/de\\\/\",\"name\":\"Irish Food &amp; Drink\",\"description\":\"Helping you source food and drink from Irish suppliers\",\"potentialAction\":[{\"@type\":\"SearchAction\",\"target\":{\"@type\":\"EntryPoint\",\"urlTemplate\":\"https:\\\/\\\/www.irishfoodanddrink.com\\\/de\\\/?s={search_term_string}\"},\"query-input\":{\"@type\":\"PropertyValueSpecification\",\"valueRequired\":true,\"valueName\":\"search_term_string\"}}],\"inLanguage\":\"de-DE\"}]}<\/script>\n<!-- \/ Yoast SEO plugin. -->","yoast_head_json":{"title":"Irische Milchwirtschaft auf Wachstumskurs - Irish Food &amp; Drink","robots":{"index":"index","follow":"follow","max-snippet":"max-snippet:-1","max-image-preview":"max-image-preview:large","max-video-preview":"max-video-preview:-1"},"canonical":"https:\/\/www.irishfoodanddrink.com\/de\/irische-milchwirtschaft-auf-wachstumskurs\/","og_locale":"de_DE","og_type":"article","og_title":"Irische Milchwirtschaft auf Wachstumskurs - Irish Food &amp; Drink","og_description":"Die Milchanlieferungen sind in Irland in den ersten neun Monaten des Jahres 2021 um fast 6,5\u00a0Prozent gestiegen, und die Ausfuhren d\u00fcrften im dritten Jahr in Folge die Marke von f\u00fcnf Milliarden\u00a0Euro \u00fcberschreiten. Den mengenm\u00e4\u00dfig gr\u00f6\u00dften Anteil daran haben Butter und K\u00e4se mit 18% bzw. 17%, wovon mehr als 90% an die Schl\u00fcsselm\u00e4rkte Europa, Vereinigtes K\u00f6nigreich [&hellip;]","og_url":"https:\/\/www.irishfoodanddrink.com\/de\/irische-milchwirtschaft-auf-wachstumskurs\/","og_site_name":"Irish Food &amp; Drink","article_modified_time":"2021-12-20T11:34:14+00:00","og_image":[{"width":339,"height":226,"url":"https:\/\/www.irishfoodanddrink.com\/wp-content\/uploads\/2020\/12\/Small-homepage-image-339-x-226-min.jpg","type":"image\/jpeg"}],"twitter_card":"summary_large_image","twitter_misc":{"Est. reading time":"2 minutes"},"schema":{"@context":"https:\/\/schema.org","@graph":[{"@type":"WebPage","@id":"https:\/\/www.irishfoodanddrink.com\/de\/irische-milchwirtschaft-auf-wachstumskurs\/","url":"https:\/\/www.irishfoodanddrink.com\/de\/irische-milchwirtschaft-auf-wachstumskurs\/","name":"Irische Milchwirtschaft auf Wachstumskurs - Irish Food &amp; Drink","isPartOf":{"@id":"https:\/\/www.irishfoodanddrink.com\/de\/#website"},"datePublished":"2021-12-20T08:58:28+00:00","dateModified":"2021-12-20T11:34:14+00:00","breadcrumb":{"@id":"https:\/\/www.irishfoodanddrink.com\/de\/irische-milchwirtschaft-auf-wachstumskurs\/#breadcrumb"},"inLanguage":"de-DE","potentialAction":[{"@type":"ReadAction","target":["https:\/\/www.irishfoodanddrink.com\/de\/irische-milchwirtschaft-auf-wachstumskurs\/"]}]},{"@type":"BreadcrumbList","@id":"https:\/\/www.irishfoodanddrink.com\/de\/irische-milchwirtschaft-auf-wachstumskurs\/#breadcrumb","itemListElement":[{"@type":"ListItem","position":1,"name":"Home","item":"https:\/\/www.irishfoodanddrink.com\/de\/"},{"@type":"ListItem","position":2,"name":"Irische Milchwirtschaft auf Wachstumskurs"}]},{"@type":"WebSite","@id":"https:\/\/www.irishfoodanddrink.com\/de\/#website","url":"https:\/\/www.irishfoodanddrink.com\/de\/","name":"Irish Food &amp; Drink","description":"Helping you source food and drink from Irish suppliers","potentialAction":[{"@type":"SearchAction","target":{"@type":"EntryPoint","urlTemplate":"https:\/\/www.irishfoodanddrink.com\/de\/?s={search_term_string}"},"query-input":{"@type":"PropertyValueSpecification","valueRequired":true,"valueName":"search_term_string"}}],"inLanguage":"de-DE"}]}},"_links":{"self":[{"href":"https:\/\/www.irishfoodanddrink.com\/de\/wp-json\/wp\/v2\/pages\/26535","targetHints":{"allow":["GET"]}}],"collection":[{"href":"https:\/\/www.irishfoodanddrink.com\/de\/wp-json\/wp\/v2\/pages"}],"about":[{"href":"https:\/\/www.irishfoodanddrink.com\/de\/wp-json\/wp\/v2\/types\/page"}],"author":[{"embeddable":true,"href":"https:\/\/www.irishfoodanddrink.com\/de\/wp-json\/wp\/v2\/users\/22"}],"replies":[{"embeddable":true,"href":"https:\/\/www.irishfoodanddrink.com\/de\/wp-json\/wp\/v2\/comments?post=26535"}],"version-history":[{"count":3,"href":"https:\/\/www.irishfoodanddrink.com\/de\/wp-json\/wp\/v2\/pages\/26535\/revisions"}],"predecessor-version":[{"id":26588,"href":"https:\/\/www.irishfoodanddrink.com\/de\/wp-json\/wp\/v2\/pages\/26535\/revisions\/26588"}],"wp:attachment":[{"href":"https:\/\/www.irishfoodanddrink.com\/de\/wp-json\/wp\/v2\/media?parent=26535"}],"curies":[{"name":"wp","href":"https:\/\/api.w.org\/{rel}","templated":true}]}}