{"id":26539,"date":"2021-12-20T09:00:18","date_gmt":"2021-12-20T09:00:18","guid":{"rendered":"https:\/\/www.irishfoodanddrink.com\/?page_id=26539"},"modified":"2021-12-20T13:59:47","modified_gmt":"2021-12-20T13:59:47","slug":"an-irish-night-in","status":"publish","type":"page","link":"https:\/\/www.irishfoodanddrink.com\/de\/an-irish-night-in\/","title":{"rendered":"An Irish Night In"},"content":{"rendered":"<p>Der Botschafter Irlands in Deutschland, Dr.\u00a0Nicholas O&#8217;Brien, l\u00e4dt Sie im Januar 2022 zu einem irischen Abend der besonderen Art ein: \u201eAn Irish Night In\u201c.<\/p>\n<p>Die Veranstaltung kn\u00fcpft an den Erfolg der \u201eIrish Night In\u201c 2021 an, bei der zu Beginn dieses Jahres mehr als 22.000\u00a0Menschen aus Deutschland und aller Welt einen Abend mit irischen Speisen, Getr\u00e4nken, Spielen und irischer Musik erlebten.<\/p>\n<p>Beim Event am 22.\u00a0Januar 2022 wird den Teilnehmern in Kochvideos gezeigt, wie sie aus irischen Zutaten ein k\u00f6stliches Drei-G\u00e4nge-Men\u00fc zaubern k\u00f6nnen \u2013 hier stehen unter anderem R\u00e4ucherlachs, Lamm, Starkbier und Whiskey von der gr\u00fcnen Insel auf dem Speiseplan. Es werden Rezeptkarten zum Download angeboten, damit die Teilnehmer Vorbereitungen treffen und ihr eigenes Men\u00fc mitkochen k\u00f6nnen. Auf mehr als 100 gl\u00fcckliche Teilnehmer in Deutschland wartet zudem eine Geschenkbox mit irischen Lebensmitteln und Getr\u00e4nken sowie gedruckten Exemplaren der wundersch\u00f6n gestalteten Rezeptkarten.<\/p>\n<p>Neben den kulinarischen Highlights bietet der Abend humorvolle Plaudereien, Spiele und Musik von irischen Toptalenten \u2013 live aus der Residenz von Botschafter O&#8217;Brien zu Ihnen nach Hause!<\/p>\n<p>Melden Sie sich <a href=\"https:\/\/www.eventbrite.ie\/e\/an-irish-night-in-a-shared-night-of-irish-culture-tickets-202937901727\">hier<\/a> an, um gemeinsam mit uns \u201eAn Irish Night In\u201c zu erleben.<\/p>\n<p><img loading=\"lazy\" decoding=\"async\" class=\"alignnone size-full wp-image-26540\" src=\"\/wordpress\/wp-content\/uploads\/2021\/12\/AINI.png\" alt=\"\" width=\"1226\" height=\"608\" srcset=\"https:\/\/www.irishfoodanddrink.com\/wp-content\/uploads\/2021\/12\/AINI.png 1226w, https:\/\/www.irishfoodanddrink.com\/wp-content\/uploads\/2021\/12\/AINI-100x50.png 100w, https:\/\/www.irishfoodanddrink.com\/wp-content\/uploads\/2021\/12\/AINI-400x198.png 400w, https:\/\/www.irishfoodanddrink.com\/wp-content\/uploads\/2021\/12\/AINI-800x397.png 800w\" sizes=\"auto, (max-width: 1226px) 100vw, 1226px\" \/><\/p>\n","protected":false},"excerpt":{"rendered":"<p>Der Botschafter Irlands in Deutschland, Dr.\u00a0Nicholas O&#8217;Brien, l\u00e4dt Sie im Januar 2022 zu einem irischen Abend der besonderen Art ein: \u201eAn Irish Night In\u201c. Die Veranstaltung kn\u00fcpft an den Erfolg der \u201eIrish Night In\u201c 2021 an, bei der zu Beginn dieses Jahres mehr als 22.000\u00a0Menschen aus Deutschland und aller Welt einen Abend mit irischen Speisen, [&hellip;]<\/p>\n","protected":false},"author":22,"featured_media":0,"parent":0,"menu_order":0,"comment_status":"closed","ping_status":"closed","template":"","meta":{"_acf_changed":false,"inline_featured_image":false,"footnotes":""},"class_list":["post-26539","page","type-page","status-publish","hentry"],"acf":[],"yoast_head":"<!-- This site is optimized with the Yoast SEO plugin v27.1.1 - https:\/\/yoast.com\/product\/yoast-seo-wordpress\/ -->\n<title>An Irish Night In - Irish Food &amp; Drink<\/title>\n<meta name=\"robots\" content=\"index, follow, max-snippet:-1, max-image-preview:large, max-video-preview:-1\" \/>\n<link rel=\"canonical\" href=\"https:\/\/www.irishfoodanddrink.com\/de\/an-irish-night-in\/\" \/>\n<meta property=\"og:locale\" content=\"de_DE\" \/>\n<meta property=\"og:type\" content=\"article\" \/>\n<meta property=\"og:title\" content=\"An Irish Night In - Irish Food &amp; Drink\" \/>\n<meta property=\"og:description\" content=\"Der Botschafter Irlands in Deutschland, Dr.\u00a0Nicholas O&#8217;Brien, l\u00e4dt Sie im Januar 2022 zu einem irischen Abend der besonderen Art ein: \u201eAn Irish Night In\u201c. Die Veranstaltung kn\u00fcpft an den Erfolg der \u201eIrish Night In\u201c 2021 an, bei der zu Beginn dieses Jahres mehr als 22.000\u00a0Menschen aus Deutschland und aller Welt einen Abend mit irischen Speisen, [&hellip;]\" \/>\n<meta property=\"og:url\" content=\"https:\/\/www.irishfoodanddrink.com\/de\/an-irish-night-in\/\" \/>\n<meta property=\"og:site_name\" content=\"Irish Food &amp; Drink\" \/>\n<meta property=\"article:modified_time\" content=\"2021-12-20T13:59:47+00:00\" \/>\n<meta property=\"og:image\" content=\"https:\/\/www.irishfoodanddrink.com\/wp-content\/uploads\/2020\/12\/Small-homepage-image-339-x-226-min.jpg\" \/>\n\t<meta property=\"og:image:width\" content=\"339\" \/>\n\t<meta property=\"og:image:height\" content=\"226\" \/>\n\t<meta property=\"og:image:type\" content=\"image\/jpeg\" \/>\n<meta name=\"twitter:card\" content=\"summary_large_image\" \/>\n<meta name=\"twitter:label1\" content=\"Est. reading time\" \/>\n\t<meta name=\"twitter:data1\" content=\"2 minutes\" \/>\n<script type=\"application\/ld+json\" class=\"yoast-schema-graph\">{\"@context\":\"https:\/\/schema.org\",\"@graph\":[{\"@type\":\"WebPage\",\"@id\":\"https:\/\/www.irishfoodanddrink.com\/de\/an-irish-night-in\/\",\"url\":\"https:\/\/www.irishfoodanddrink.com\/de\/an-irish-night-in\/\",\"name\":\"An Irish Night In - Irish Food &amp; Drink\",\"isPartOf\":{\"@id\":\"https:\/\/www.irishfoodanddrink.com\/de\/#website\"},\"datePublished\":\"2021-12-20T09:00:18+00:00\",\"dateModified\":\"2021-12-20T13:59:47+00:00\",\"breadcrumb\":{\"@id\":\"https:\/\/www.irishfoodanddrink.com\/de\/an-irish-night-in\/#breadcrumb\"},\"inLanguage\":\"de-DE\",\"potentialAction\":[{\"@type\":\"ReadAction\",\"target\":[\"https:\/\/www.irishfoodanddrink.com\/de\/an-irish-night-in\/\"]}]},{\"@type\":\"BreadcrumbList\",\"@id\":\"https:\/\/www.irishfoodanddrink.com\/de\/an-irish-night-in\/#breadcrumb\",\"itemListElement\":[{\"@type\":\"ListItem\",\"position\":1,\"name\":\"Home\",\"item\":\"https:\/\/www.irishfoodanddrink.com\/de\/\"},{\"@type\":\"ListItem\",\"position\":2,\"name\":\"An Irish Night In\"}]},{\"@type\":\"WebSite\",\"@id\":\"https:\/\/www.irishfoodanddrink.com\/de\/#website\",\"url\":\"https:\/\/www.irishfoodanddrink.com\/de\/\",\"name\":\"Irish Food &amp; Drink\",\"description\":\"Helping you source food and drink from Irish suppliers\",\"potentialAction\":[{\"@type\":\"SearchAction\",\"target\":{\"@type\":\"EntryPoint\",\"urlTemplate\":\"https:\/\/www.irishfoodanddrink.com\/de\/?s={search_term_string}\"},\"query-input\":{\"@type\":\"PropertyValueSpecification\",\"valueRequired\":true,\"valueName\":\"search_term_string\"}}],\"inLanguage\":\"de-DE\"}]}<\/script>\n<!-- \/ Yoast SEO plugin. -->","yoast_head_json":{"title":"An Irish Night In - Irish Food &amp; Drink","robots":{"index":"index","follow":"follow","max-snippet":"max-snippet:-1","max-image-preview":"max-image-preview:large","max-video-preview":"max-video-preview:-1"},"canonical":"https:\/\/www.irishfoodanddrink.com\/de\/an-irish-night-in\/","og_locale":"de_DE","og_type":"article","og_title":"An Irish Night In - Irish Food &amp; Drink","og_description":"Der Botschafter Irlands in Deutschland, Dr.\u00a0Nicholas O&#8217;Brien, l\u00e4dt Sie im Januar 2022 zu einem irischen Abend der besonderen Art ein: \u201eAn Irish Night In\u201c. Die Veranstaltung kn\u00fcpft an den Erfolg der \u201eIrish Night In\u201c 2021 an, bei der zu Beginn dieses Jahres mehr als 22.000\u00a0Menschen aus Deutschland und aller Welt einen Abend mit irischen Speisen, [&hellip;]","og_url":"https:\/\/www.irishfoodanddrink.com\/de\/an-irish-night-in\/","og_site_name":"Irish Food &amp; Drink","article_modified_time":"2021-12-20T13:59:47+00:00","og_image":[{"width":339,"height":226,"url":"https:\/\/www.irishfoodanddrink.com\/wp-content\/uploads\/2020\/12\/Small-homepage-image-339-x-226-min.jpg","type":"image\/jpeg"}],"twitter_card":"summary_large_image","twitter_misc":{"Est. reading time":"2 minutes"},"schema":{"@context":"https:\/\/schema.org","@graph":[{"@type":"WebPage","@id":"https:\/\/www.irishfoodanddrink.com\/de\/an-irish-night-in\/","url":"https:\/\/www.irishfoodanddrink.com\/de\/an-irish-night-in\/","name":"An Irish Night In - Irish Food &amp; Drink","isPartOf":{"@id":"https:\/\/www.irishfoodanddrink.com\/de\/#website"},"datePublished":"2021-12-20T09:00:18+00:00","dateModified":"2021-12-20T13:59:47+00:00","breadcrumb":{"@id":"https:\/\/www.irishfoodanddrink.com\/de\/an-irish-night-in\/#breadcrumb"},"inLanguage":"de-DE","potentialAction":[{"@type":"ReadAction","target":["https:\/\/www.irishfoodanddrink.com\/de\/an-irish-night-in\/"]}]},{"@type":"BreadcrumbList","@id":"https:\/\/www.irishfoodanddrink.com\/de\/an-irish-night-in\/#breadcrumb","itemListElement":[{"@type":"ListItem","position":1,"name":"Home","item":"https:\/\/www.irishfoodanddrink.com\/de\/"},{"@type":"ListItem","position":2,"name":"An Irish Night In"}]},{"@type":"WebSite","@id":"https:\/\/www.irishfoodanddrink.com\/de\/#website","url":"https:\/\/www.irishfoodanddrink.com\/de\/","name":"Irish Food &amp; Drink","description":"Helping you source food and drink from Irish suppliers","potentialAction":[{"@type":"SearchAction","target":{"@type":"EntryPoint","urlTemplate":"https:\/\/www.irishfoodanddrink.com\/de\/?s={search_term_string}"},"query-input":{"@type":"PropertyValueSpecification","valueRequired":true,"valueName":"search_term_string"}}],"inLanguage":"de-DE"}]}},"_links":{"self":[{"href":"https:\/\/www.irishfoodanddrink.com\/de\/wp-json\/wp\/v2\/pages\/26539","targetHints":{"allow":["GET"]}}],"collection":[{"href":"https:\/\/www.irishfoodanddrink.com\/de\/wp-json\/wp\/v2\/pages"}],"about":[{"href":"https:\/\/www.irishfoodanddrink.com\/de\/wp-json\/wp\/v2\/types\/page"}],"author":[{"embeddable":true,"href":"https:\/\/www.irishfoodanddrink.com\/de\/wp-json\/wp\/v2\/users\/22"}],"replies":[{"embeddable":true,"href":"https:\/\/www.irishfoodanddrink.com\/de\/wp-json\/wp\/v2\/comments?post=26539"}],"version-history":[{"count":3,"href":"https:\/\/www.irishfoodanddrink.com\/de\/wp-json\/wp\/v2\/pages\/26539\/revisions"}],"predecessor-version":[{"id":26627,"href":"https:\/\/www.irishfoodanddrink.com\/de\/wp-json\/wp\/v2\/pages\/26539\/revisions\/26627"}],"wp:attachment":[{"href":"https:\/\/www.irishfoodanddrink.com\/de\/wp-json\/wp\/v2\/media?parent=26539"}],"curies":[{"name":"wp","href":"https:\/\/api.w.org\/{rel}","templated":true}]}}