{"id":26546,"date":"2021-12-20T09:03:57","date_gmt":"2021-12-20T09:03:57","guid":{"rendered":"https:\/\/www.irishfoodanddrink.com\/?page_id=26546"},"modified":"2021-12-20T11:34:47","modified_gmt":"2021-12-20T11:34:47","slug":"anuga-und-anstehende-messen","status":"publish","type":"page","link":"https:\/\/www.irishfoodanddrink.com\/de\/anuga-und-anstehende-messen\/","title":{"rendered":"ANUGA und anstehende Messen"},"content":{"rendered":"<p>Das Team von Bord Bia D\u00fcsseldorf nahm vom 9. bis 13. Oktober 2021 zusammen mit 13 ausstellenden irischen Produzenten an der Anuga in K\u00f6ln teil, der Weltleitmesse f\u00fcr die Lebensmittelindustrie. Martin Heydon, irischer Staatsminister f\u00fcr Forschung und Entwicklung, Sicherheit im landwirtschaftlichen Betrieb und Erschlie\u00dfung neuer M\u00e4rkte, und Vertreter der Botschaft in Berlin, Botschafter Dr. Nicholas O\u2019Brien, statteten der Anuga einen zweit\u00e4gigen Besuch ab, um an Meetings mit Eink\u00e4ufern teilzunehmen und die gro\u00dfartige Arbeit der ausstellenden irischen Klienten mit eigenen Augen zu sehen.<\/p>\n<p>Unser lebendiger Messeauftritt erwies sich als voller Erfolg, da er nicht nur zahlreiche Besucher anlockte, sondern durch die Pr\u00e4senz irischer Erzeuger am Bord-Bia-Stand auch die Nachhaltigkeitskonzepte der irischen Lebensmittel- und Getr\u00e4nkeindustrie ins Blickfeld r\u00fcckte. Eine wichtige Rolle spielte dabei der neue Standard f\u00fcr Weidehaltung, der rund um die ANUGA in einschl\u00e4gigen Fachzeitschriften (Print- und Onlinemedien) kommuniziert wurde.<\/p>\n<p>Der gelungene Messeauftritt hat beim Team von Bord Bia D\u00fcsseldorf gro\u00dfe Vorfreude auf die 2022 in Deutschland anstehenden Messen geweckt. F\u00fcr die ISM in K\u00f6ln Ende Januar 2022 sind die Planungen in vollem Gange. Die Kategorien Snacks und S\u00fc\u00dfwaren beeindrucken durch Wachstum und Dynamik, da sie auf Verbrauchertrends wie Gesundheit, Genuss und Nachhaltigkeit reagieren.<\/p>\n<p><img loading=\"lazy\" decoding=\"async\" class=\"alignnone size-full wp-image-26385\" src=\"\/wordpress\/wp-content\/uploads\/2021\/12\/ism.png\" alt=\"\" width=\"8736\" height=\"6136\" srcset=\"https:\/\/www.irishfoodanddrink.com\/wp-content\/uploads\/2021\/12\/ism.png 8736w, https:\/\/www.irishfoodanddrink.com\/wp-content\/uploads\/2021\/12\/ism-100x70.png 100w, https:\/\/www.irishfoodanddrink.com\/wp-content\/uploads\/2021\/12\/ism-400x281.png 400w, https:\/\/www.irishfoodanddrink.com\/wp-content\/uploads\/2021\/12\/ism-800x562.png 800w, https:\/\/www.irishfoodanddrink.com\/wp-content\/uploads\/2021\/12\/ism-1440x1011.png 1440w\" sizes=\"auto, (max-width: 8736px) 100vw, 8736px\" \/><\/p>\n<p>Bord Bia wird auf der ISM mit sieben irischen Herstellern vertreten sein, die auf neuen Erkenntnissen basierende Innovationen im Bereich Premium-Schokolade, Backwaren, gesunde und schmackhafte Snacks sowie Zuckerwaren pr\u00e4sentieren. Alle Hersteller wurden im Rahmen des Nachhaltigkeitsprogramms Origin Green vollst\u00e4ndig verifiziert.<\/p>\n<p>Das wachsende Gesundheitsbewusstsein von Konsumenten hat in den letzten Jahren zu zahlreichen Innovationen seitens irischer Hersteller gef\u00fchrt. Better-for-you-Produkte, Werbeaussagen zur Abwesenheit bestimmter Substanzen, verbesserte Funktionalit\u00e4ten, inspirierende Geschmacksrichtungen, innovative Formate und starke Nachhaltigkeitsaussagen stellen ohne Zweifel \u00fcberzeugende Argumente f\u00fcr Eink\u00e4ufer dar, die ihren Kategorien neuen Mehrwert verleihen wollen.<\/p>\n<p>F\u00fcr weitere Angaben zu Exporteuren von nachhaltigen irischen Lebensmitteln und Getr\u00e4nken kontaktieren Sie bitte <a href=\"mailto:infogermany@bordbia.ie\">infogermany@bordbia.ie<\/a>. Dort erhalten Sie auch weiterf\u00fchrende Informationen und Verbindungen zu Lieferanten.<\/p>\n<p>&nbsp;<\/p>\n<p>Bord Bia D\u00fcsseldorf und eine gro\u00dfe Zahl von irischen Klienten wird 2022 an weiteren Fachmessen teilnehmen, darunter:<\/p>\n<ul>\n<li>die Biofach im Februar \u2013 die Weltleitmesse f\u00fcr Bio-Lebensmittel in N\u00fcrnberg<\/li>\n<li>die Internorga im M\u00e4rz \u2013 eine f\u00fchrende Fachmesse f\u00fcr Hotellerie und Gastronomie in Hamburg<\/li>\n<li>die ProWein im M\u00e4rz \u2013 die Weltleitmesse f\u00fcr Wein und Spirituosen in D\u00fcsseldorf.<\/li>\n<\/ul>\n<p>Wir hoffen, einige von Ihnen unter den Teilnehmern zu finden und Sie alle an unserem Irland-Stand begr\u00fc\u00dfen zu d\u00fcrfen.<\/p>\n<p>&nbsp;<\/p>\n<p>&nbsp;<\/p>\n","protected":false},"excerpt":{"rendered":"<p>Das Team von Bord Bia D\u00fcsseldorf nahm vom 9. bis 13. Oktober 2021 zusammen mit 13 ausstellenden irischen Produzenten an der Anuga in K\u00f6ln teil, der Weltleitmesse f\u00fcr die Lebensmittelindustrie. Martin Heydon, irischer Staatsminister f\u00fcr Forschung und Entwicklung, Sicherheit im landwirtschaftlichen Betrieb und Erschlie\u00dfung neuer M\u00e4rkte, und Vertreter der Botschaft in Berlin, Botschafter Dr. Nicholas [&hellip;]<\/p>\n","protected":false},"author":22,"featured_media":0,"parent":0,"menu_order":0,"comment_status":"closed","ping_status":"closed","template":"","meta":{"_acf_changed":false,"inline_featured_image":false,"footnotes":""},"class_list":["post-26546","page","type-page","status-publish","hentry"],"acf":[],"yoast_head":"<!-- This site is optimized with the Yoast SEO plugin v27.3 - https:\/\/yoast.com\/product\/yoast-seo-wordpress\/ -->\n<title>ANUGA und anstehende Messen - Irish Food &amp; Drink<\/title>\n<meta name=\"robots\" content=\"index, follow, max-snippet:-1, max-image-preview:large, max-video-preview:-1\" \/>\n<link rel=\"canonical\" href=\"https:\/\/www.irishfoodanddrink.com\/de\/anuga-und-anstehende-messen\/\" \/>\n<meta property=\"og:locale\" content=\"de_DE\" \/>\n<meta property=\"og:type\" content=\"article\" \/>\n<meta property=\"og:title\" content=\"ANUGA und anstehende Messen - Irish Food &amp; Drink\" \/>\n<meta property=\"og:description\" content=\"Das Team von Bord Bia D\u00fcsseldorf nahm vom 9. bis 13. Oktober 2021 zusammen mit 13 ausstellenden irischen Produzenten an der Anuga in K\u00f6ln teil, der Weltleitmesse f\u00fcr die Lebensmittelindustrie. Martin Heydon, irischer Staatsminister f\u00fcr Forschung und Entwicklung, Sicherheit im landwirtschaftlichen Betrieb und Erschlie\u00dfung neuer M\u00e4rkte, und Vertreter der Botschaft in Berlin, Botschafter Dr. Nicholas [&hellip;]\" \/>\n<meta property=\"og:url\" content=\"https:\/\/www.irishfoodanddrink.com\/de\/anuga-und-anstehende-messen\/\" \/>\n<meta property=\"og:site_name\" content=\"Irish Food &amp; Drink\" \/>\n<meta property=\"article:modified_time\" content=\"2021-12-20T11:34:47+00:00\" \/>\n<meta property=\"og:image\" content=\"https:\/\/www.irishfoodanddrink.com\/wp-content\/uploads\/2020\/12\/Small-homepage-image-339-x-226-min.jpg\" \/>\n\t<meta property=\"og:image:width\" content=\"339\" \/>\n\t<meta property=\"og:image:height\" content=\"226\" \/>\n\t<meta property=\"og:image:type\" content=\"image\/jpeg\" \/>\n<meta name=\"twitter:card\" content=\"summary_large_image\" \/>\n<meta name=\"twitter:label1\" content=\"Est. reading time\" \/>\n\t<meta name=\"twitter:data1\" content=\"2 minutes\" \/>\n<script type=\"application\/ld+json\" class=\"yoast-schema-graph\">{\"@context\":\"https:\\\/\\\/schema.org\",\"@graph\":[{\"@type\":\"WebPage\",\"@id\":\"https:\\\/\\\/www.irishfoodanddrink.com\\\/de\\\/anuga-und-anstehende-messen\\\/\",\"url\":\"https:\\\/\\\/www.irishfoodanddrink.com\\\/de\\\/anuga-und-anstehende-messen\\\/\",\"name\":\"ANUGA und anstehende Messen - Irish Food &amp; Drink\",\"isPartOf\":{\"@id\":\"https:\\\/\\\/www.irishfoodanddrink.com\\\/de\\\/#website\"},\"datePublished\":\"2021-12-20T09:03:57+00:00\",\"dateModified\":\"2021-12-20T11:34:47+00:00\",\"breadcrumb\":{\"@id\":\"https:\\\/\\\/www.irishfoodanddrink.com\\\/de\\\/anuga-und-anstehende-messen\\\/#breadcrumb\"},\"inLanguage\":\"de-DE\",\"potentialAction\":[{\"@type\":\"ReadAction\",\"target\":[\"https:\\\/\\\/www.irishfoodanddrink.com\\\/de\\\/anuga-und-anstehende-messen\\\/\"]}]},{\"@type\":\"BreadcrumbList\",\"@id\":\"https:\\\/\\\/www.irishfoodanddrink.com\\\/de\\\/anuga-und-anstehende-messen\\\/#breadcrumb\",\"itemListElement\":[{\"@type\":\"ListItem\",\"position\":1,\"name\":\"Home\",\"item\":\"https:\\\/\\\/www.irishfoodanddrink.com\\\/de\\\/\"},{\"@type\":\"ListItem\",\"position\":2,\"name\":\"ANUGA und anstehende Messen\"}]},{\"@type\":\"WebSite\",\"@id\":\"https:\\\/\\\/www.irishfoodanddrink.com\\\/de\\\/#website\",\"url\":\"https:\\\/\\\/www.irishfoodanddrink.com\\\/de\\\/\",\"name\":\"Irish Food &amp; Drink\",\"description\":\"Helping you source food and drink from Irish suppliers\",\"potentialAction\":[{\"@type\":\"SearchAction\",\"target\":{\"@type\":\"EntryPoint\",\"urlTemplate\":\"https:\\\/\\\/www.irishfoodanddrink.com\\\/de\\\/?s={search_term_string}\"},\"query-input\":{\"@type\":\"PropertyValueSpecification\",\"valueRequired\":true,\"valueName\":\"search_term_string\"}}],\"inLanguage\":\"de-DE\"}]}<\/script>\n<!-- \/ Yoast SEO plugin. -->","yoast_head_json":{"title":"ANUGA und anstehende Messen - Irish Food &amp; Drink","robots":{"index":"index","follow":"follow","max-snippet":"max-snippet:-1","max-image-preview":"max-image-preview:large","max-video-preview":"max-video-preview:-1"},"canonical":"https:\/\/www.irishfoodanddrink.com\/de\/anuga-und-anstehende-messen\/","og_locale":"de_DE","og_type":"article","og_title":"ANUGA und anstehende Messen - Irish Food &amp; Drink","og_description":"Das Team von Bord Bia D\u00fcsseldorf nahm vom 9. bis 13. Oktober 2021 zusammen mit 13 ausstellenden irischen Produzenten an der Anuga in K\u00f6ln teil, der Weltleitmesse f\u00fcr die Lebensmittelindustrie. Martin Heydon, irischer Staatsminister f\u00fcr Forschung und Entwicklung, Sicherheit im landwirtschaftlichen Betrieb und Erschlie\u00dfung neuer M\u00e4rkte, und Vertreter der Botschaft in Berlin, Botschafter Dr. Nicholas [&hellip;]","og_url":"https:\/\/www.irishfoodanddrink.com\/de\/anuga-und-anstehende-messen\/","og_site_name":"Irish Food &amp; Drink","article_modified_time":"2021-12-20T11:34:47+00:00","og_image":[{"width":339,"height":226,"url":"https:\/\/www.irishfoodanddrink.com\/wp-content\/uploads\/2020\/12\/Small-homepage-image-339-x-226-min.jpg","type":"image\/jpeg"}],"twitter_card":"summary_large_image","twitter_misc":{"Est. reading time":"2 minutes"},"schema":{"@context":"https:\/\/schema.org","@graph":[{"@type":"WebPage","@id":"https:\/\/www.irishfoodanddrink.com\/de\/anuga-und-anstehende-messen\/","url":"https:\/\/www.irishfoodanddrink.com\/de\/anuga-und-anstehende-messen\/","name":"ANUGA und anstehende Messen - Irish Food &amp; Drink","isPartOf":{"@id":"https:\/\/www.irishfoodanddrink.com\/de\/#website"},"datePublished":"2021-12-20T09:03:57+00:00","dateModified":"2021-12-20T11:34:47+00:00","breadcrumb":{"@id":"https:\/\/www.irishfoodanddrink.com\/de\/anuga-und-anstehende-messen\/#breadcrumb"},"inLanguage":"de-DE","potentialAction":[{"@type":"ReadAction","target":["https:\/\/www.irishfoodanddrink.com\/de\/anuga-und-anstehende-messen\/"]}]},{"@type":"BreadcrumbList","@id":"https:\/\/www.irishfoodanddrink.com\/de\/anuga-und-anstehende-messen\/#breadcrumb","itemListElement":[{"@type":"ListItem","position":1,"name":"Home","item":"https:\/\/www.irishfoodanddrink.com\/de\/"},{"@type":"ListItem","position":2,"name":"ANUGA und anstehende Messen"}]},{"@type":"WebSite","@id":"https:\/\/www.irishfoodanddrink.com\/de\/#website","url":"https:\/\/www.irishfoodanddrink.com\/de\/","name":"Irish Food &amp; Drink","description":"Helping you source food and drink from Irish suppliers","potentialAction":[{"@type":"SearchAction","target":{"@type":"EntryPoint","urlTemplate":"https:\/\/www.irishfoodanddrink.com\/de\/?s={search_term_string}"},"query-input":{"@type":"PropertyValueSpecification","valueRequired":true,"valueName":"search_term_string"}}],"inLanguage":"de-DE"}]}},"_links":{"self":[{"href":"https:\/\/www.irishfoodanddrink.com\/de\/wp-json\/wp\/v2\/pages\/26546","targetHints":{"allow":["GET"]}}],"collection":[{"href":"https:\/\/www.irishfoodanddrink.com\/de\/wp-json\/wp\/v2\/pages"}],"about":[{"href":"https:\/\/www.irishfoodanddrink.com\/de\/wp-json\/wp\/v2\/types\/page"}],"author":[{"embeddable":true,"href":"https:\/\/www.irishfoodanddrink.com\/de\/wp-json\/wp\/v2\/users\/22"}],"replies":[{"embeddable":true,"href":"https:\/\/www.irishfoodanddrink.com\/de\/wp-json\/wp\/v2\/comments?post=26546"}],"version-history":[{"count":3,"href":"https:\/\/www.irishfoodanddrink.com\/de\/wp-json\/wp\/v2\/pages\/26546\/revisions"}],"predecessor-version":[{"id":26589,"href":"https:\/\/www.irishfoodanddrink.com\/de\/wp-json\/wp\/v2\/pages\/26546\/revisions\/26589"}],"wp:attachment":[{"href":"https:\/\/www.irishfoodanddrink.com\/de\/wp-json\/wp\/v2\/media?parent=26546"}],"curies":[{"name":"wp","href":"https:\/\/api.w.org\/{rel}","templated":true}]}}