{"id":29485,"date":"2022-05-13T14:55:37","date_gmt":"2022-05-13T14:55:37","guid":{"rendered":"https:\/\/www.irishfoodanddrink.com\/?page_id=29485"},"modified":"2022-05-13T14:55:37","modified_gmt":"2022-05-13T14:55:37","slug":"irische-meeresfruechte-kampagne","status":"publish","type":"page","link":"https:\/\/www.irishfoodanddrink.com\/de\/irische-meeresfruechte-kampagne\/","title":{"rendered":"Irische Meeresfr\u00fcchte-Kampagne"},"content":{"rendered":"<p><strong>Profitieren auch Sie von der neuen Irish Seafood B2C Kampagne!<\/strong><\/p>\n<p>F\u00fcr 2022 steht Irischer Bio-R\u00e4ucherlachs als Exportschlager im Fokus.<\/p>\n<p>Die Vorteile irischen Bio-Lachses sind im B2B Bereich seit Jahren bekannt, daher konzentriert sich Bord Bia nun verst\u00e4rkt auf Endverbraucher.<\/p>\n<p>Die authentischen Bilder der irischen K\u00fcsten sprechen marketingtechnisch zwar f\u00fcr sich selbst, werden aber zus\u00e4tzlich durch Fakten bez\u00fcglich der naturnahen Aufzucht und der Bio-Premium-Qualit\u00e4t verst\u00e4rkt. Hier konnten wir viel auf unserer Marketing Erfahrung mit Premium Rindfleisch und Molkereiprodukten aus Irland aufbauen. Deutsche Verbaucher wissen an irischen Produkten die Herkunft zu sch\u00e4tzen und sind sich besonders des respektvollen Umgangs mit den Tieren und der Natur bewusst &#8211; das ist bei Fisch nicht anders.<\/p>\n<p>Uns war es wichtig Optik und Transparenz auf einen Blick zu vereinen \u2013 brandneue Rezepte machen zudem Lust aufs Ausprobieren!<\/p>\n<p>Digitale Banner, Videos, POS Rezeptkarten und Advertorials in Printformat werden ab Ende April bis Ende Oktober 2022 gezielt eingesetzt und verweisen auf die brandneue <a href=\"http:\/\/www.irishseafood.de\">www.irishseafood.de<\/a> Webseite. Die gesch\u00e4tzte Reichweite wird im Print bei 7.5 Millionen Lesern und digital bei 2.4 Millionen liegen.<\/p>\n<p>Kontaktieren Sie uns gerne wenn Sie den Abverkauf von irischem Fisch und irischen Meeresfr\u00fcchten gezielt mit uns f\u00f6rdern m\u00f6chten \u2013 unser Material stellen wir Ihnen gerne zur Verf\u00fcgung.<\/p>\n<p><img loading=\"lazy\" decoding=\"async\" class=\"alignnone size-full wp-image-29486\" src=\"\/wordpress\/wp-content\/uploads\/2022\/05\/Seafood-campaign.png\" alt=\"\" width=\"1150\" height=\"291\" srcset=\"https:\/\/www.irishfoodanddrink.com\/wp-content\/uploads\/2022\/05\/Seafood-campaign.png 1150w, https:\/\/www.irishfoodanddrink.com\/wp-content\/uploads\/2022\/05\/Seafood-campaign-100x25.png 100w, https:\/\/www.irishfoodanddrink.com\/wp-content\/uploads\/2022\/05\/Seafood-campaign-400x101.png 400w, https:\/\/www.irishfoodanddrink.com\/wp-content\/uploads\/2022\/05\/Seafood-campaign-800x202.png 800w\" sizes=\"auto, (max-width: 1150px) 100vw, 1150px\" \/><\/p>\n","protected":false},"excerpt":{"rendered":"<p>Profitieren auch Sie von der neuen Irish Seafood B2C Kampagne! F\u00fcr 2022 steht Irischer Bio-R\u00e4ucherlachs als Exportschlager im Fokus. Die Vorteile irischen Bio-Lachses sind im B2B Bereich seit Jahren bekannt, daher konzentriert sich Bord Bia nun verst\u00e4rkt auf Endverbraucher. Die authentischen Bilder der irischen K\u00fcsten sprechen marketingtechnisch zwar f\u00fcr sich selbst, werden aber zus\u00e4tzlich durch [&hellip;]<\/p>\n","protected":false},"author":22,"featured_media":0,"parent":0,"menu_order":0,"comment_status":"closed","ping_status":"closed","template":"","meta":{"_acf_changed":false,"inline_featured_image":false,"footnotes":""},"class_list":["post-29485","page","type-page","status-publish","hentry"],"acf":[],"yoast_head":"<!-- This site is optimized with the Yoast SEO plugin v27.3 - https:\/\/yoast.com\/product\/yoast-seo-wordpress\/ -->\n<title>Irische Meeresfr\u00fcchte-Kampagne - Irish Food &amp; Drink<\/title>\n<meta name=\"robots\" content=\"index, follow, max-snippet:-1, max-image-preview:large, max-video-preview:-1\" \/>\n<link rel=\"canonical\" href=\"https:\/\/www.irishfoodanddrink.com\/de\/irische-meeresfruechte-kampagne\/\" \/>\n<meta property=\"og:locale\" content=\"de_DE\" \/>\n<meta property=\"og:type\" content=\"article\" \/>\n<meta property=\"og:title\" content=\"Irische Meeresfr\u00fcchte-Kampagne - Irish Food &amp; Drink\" \/>\n<meta property=\"og:description\" content=\"Profitieren auch Sie von der neuen Irish Seafood B2C Kampagne! F\u00fcr 2022 steht Irischer Bio-R\u00e4ucherlachs als Exportschlager im Fokus. Die Vorteile irischen Bio-Lachses sind im B2B Bereich seit Jahren bekannt, daher konzentriert sich Bord Bia nun verst\u00e4rkt auf Endverbraucher. Die authentischen Bilder der irischen K\u00fcsten sprechen marketingtechnisch zwar f\u00fcr sich selbst, werden aber zus\u00e4tzlich durch [&hellip;]\" \/>\n<meta property=\"og:url\" content=\"https:\/\/www.irishfoodanddrink.com\/de\/irische-meeresfruechte-kampagne\/\" \/>\n<meta property=\"og:site_name\" content=\"Irish Food &amp; Drink\" \/>\n<meta property=\"og:image\" content=\"https:\/\/www.irishfoodanddrink.com\/wp-content\/uploads\/2020\/12\/Small-homepage-image-339-x-226-min.jpg\" \/>\n\t<meta property=\"og:image:width\" content=\"339\" \/>\n\t<meta property=\"og:image:height\" content=\"226\" \/>\n\t<meta property=\"og:image:type\" content=\"image\/jpeg\" \/>\n<meta name=\"twitter:card\" content=\"summary_large_image\" \/>\n<meta name=\"twitter:label1\" content=\"Est. reading time\" \/>\n\t<meta name=\"twitter:data1\" content=\"1 minute\" \/>\n<script type=\"application\/ld+json\" class=\"yoast-schema-graph\">{\"@context\":\"https:\\\/\\\/schema.org\",\"@graph\":[{\"@type\":\"WebPage\",\"@id\":\"https:\\\/\\\/www.irishfoodanddrink.com\\\/de\\\/irische-meeresfruechte-kampagne\\\/\",\"url\":\"https:\\\/\\\/www.irishfoodanddrink.com\\\/de\\\/irische-meeresfruechte-kampagne\\\/\",\"name\":\"Irische Meeresfr\u00fcchte-Kampagne - Irish Food &amp; Drink\",\"isPartOf\":{\"@id\":\"https:\\\/\\\/www.irishfoodanddrink.com\\\/de\\\/#website\"},\"datePublished\":\"2022-05-13T14:55:37+00:00\",\"breadcrumb\":{\"@id\":\"https:\\\/\\\/www.irishfoodanddrink.com\\\/de\\\/irische-meeresfruechte-kampagne\\\/#breadcrumb\"},\"inLanguage\":\"de-DE\",\"potentialAction\":[{\"@type\":\"ReadAction\",\"target\":[\"https:\\\/\\\/www.irishfoodanddrink.com\\\/de\\\/irische-meeresfruechte-kampagne\\\/\"]}]},{\"@type\":\"BreadcrumbList\",\"@id\":\"https:\\\/\\\/www.irishfoodanddrink.com\\\/de\\\/irische-meeresfruechte-kampagne\\\/#breadcrumb\",\"itemListElement\":[{\"@type\":\"ListItem\",\"position\":1,\"name\":\"Home\",\"item\":\"https:\\\/\\\/www.irishfoodanddrink.com\\\/de\\\/\"},{\"@type\":\"ListItem\",\"position\":2,\"name\":\"Irische Meeresfr\u00fcchte-Kampagne\"}]},{\"@type\":\"WebSite\",\"@id\":\"https:\\\/\\\/www.irishfoodanddrink.com\\\/de\\\/#website\",\"url\":\"https:\\\/\\\/www.irishfoodanddrink.com\\\/de\\\/\",\"name\":\"Irish Food &amp; Drink\",\"description\":\"Helping you source food and drink from Irish suppliers\",\"potentialAction\":[{\"@type\":\"SearchAction\",\"target\":{\"@type\":\"EntryPoint\",\"urlTemplate\":\"https:\\\/\\\/www.irishfoodanddrink.com\\\/de\\\/?s={search_term_string}\"},\"query-input\":{\"@type\":\"PropertyValueSpecification\",\"valueRequired\":true,\"valueName\":\"search_term_string\"}}],\"inLanguage\":\"de-DE\"}]}<\/script>\n<!-- \/ Yoast SEO plugin. -->","yoast_head_json":{"title":"Irische Meeresfr\u00fcchte-Kampagne - Irish Food &amp; Drink","robots":{"index":"index","follow":"follow","max-snippet":"max-snippet:-1","max-image-preview":"max-image-preview:large","max-video-preview":"max-video-preview:-1"},"canonical":"https:\/\/www.irishfoodanddrink.com\/de\/irische-meeresfruechte-kampagne\/","og_locale":"de_DE","og_type":"article","og_title":"Irische Meeresfr\u00fcchte-Kampagne - Irish Food &amp; Drink","og_description":"Profitieren auch Sie von der neuen Irish Seafood B2C Kampagne! F\u00fcr 2022 steht Irischer Bio-R\u00e4ucherlachs als Exportschlager im Fokus. Die Vorteile irischen Bio-Lachses sind im B2B Bereich seit Jahren bekannt, daher konzentriert sich Bord Bia nun verst\u00e4rkt auf Endverbraucher. Die authentischen Bilder der irischen K\u00fcsten sprechen marketingtechnisch zwar f\u00fcr sich selbst, werden aber zus\u00e4tzlich durch [&hellip;]","og_url":"https:\/\/www.irishfoodanddrink.com\/de\/irische-meeresfruechte-kampagne\/","og_site_name":"Irish Food &amp; Drink","og_image":[{"width":339,"height":226,"url":"https:\/\/www.irishfoodanddrink.com\/wp-content\/uploads\/2020\/12\/Small-homepage-image-339-x-226-min.jpg","type":"image\/jpeg"}],"twitter_card":"summary_large_image","twitter_misc":{"Est. reading time":"1 minute"},"schema":{"@context":"https:\/\/schema.org","@graph":[{"@type":"WebPage","@id":"https:\/\/www.irishfoodanddrink.com\/de\/irische-meeresfruechte-kampagne\/","url":"https:\/\/www.irishfoodanddrink.com\/de\/irische-meeresfruechte-kampagne\/","name":"Irische Meeresfr\u00fcchte-Kampagne - Irish Food &amp; Drink","isPartOf":{"@id":"https:\/\/www.irishfoodanddrink.com\/de\/#website"},"datePublished":"2022-05-13T14:55:37+00:00","breadcrumb":{"@id":"https:\/\/www.irishfoodanddrink.com\/de\/irische-meeresfruechte-kampagne\/#breadcrumb"},"inLanguage":"de-DE","potentialAction":[{"@type":"ReadAction","target":["https:\/\/www.irishfoodanddrink.com\/de\/irische-meeresfruechte-kampagne\/"]}]},{"@type":"BreadcrumbList","@id":"https:\/\/www.irishfoodanddrink.com\/de\/irische-meeresfruechte-kampagne\/#breadcrumb","itemListElement":[{"@type":"ListItem","position":1,"name":"Home","item":"https:\/\/www.irishfoodanddrink.com\/de\/"},{"@type":"ListItem","position":2,"name":"Irische Meeresfr\u00fcchte-Kampagne"}]},{"@type":"WebSite","@id":"https:\/\/www.irishfoodanddrink.com\/de\/#website","url":"https:\/\/www.irishfoodanddrink.com\/de\/","name":"Irish Food &amp; Drink","description":"Helping you source food and drink from Irish suppliers","potentialAction":[{"@type":"SearchAction","target":{"@type":"EntryPoint","urlTemplate":"https:\/\/www.irishfoodanddrink.com\/de\/?s={search_term_string}"},"query-input":{"@type":"PropertyValueSpecification","valueRequired":true,"valueName":"search_term_string"}}],"inLanguage":"de-DE"}]}},"_links":{"self":[{"href":"https:\/\/www.irishfoodanddrink.com\/de\/wp-json\/wp\/v2\/pages\/29485","targetHints":{"allow":["GET"]}}],"collection":[{"href":"https:\/\/www.irishfoodanddrink.com\/de\/wp-json\/wp\/v2\/pages"}],"about":[{"href":"https:\/\/www.irishfoodanddrink.com\/de\/wp-json\/wp\/v2\/types\/page"}],"author":[{"embeddable":true,"href":"https:\/\/www.irishfoodanddrink.com\/de\/wp-json\/wp\/v2\/users\/22"}],"replies":[{"embeddable":true,"href":"https:\/\/www.irishfoodanddrink.com\/de\/wp-json\/wp\/v2\/comments?post=29485"}],"version-history":[{"count":4,"href":"https:\/\/www.irishfoodanddrink.com\/de\/wp-json\/wp\/v2\/pages\/29485\/revisions"}],"predecessor-version":[{"id":29494,"href":"https:\/\/www.irishfoodanddrink.com\/de\/wp-json\/wp\/v2\/pages\/29485\/revisions\/29494"}],"wp:attachment":[{"href":"https:\/\/www.irishfoodanddrink.com\/de\/wp-json\/wp\/v2\/media?parent=29485"}],"curies":[{"name":"wp","href":"https:\/\/api.w.org\/{rel}","templated":true}]}}