{"id":29495,"date":"2022-05-13T14:55:19","date_gmt":"2022-05-13T14:55:19","guid":{"rendered":"https:\/\/www.irishfoodanddrink.com\/?page_id=29495"},"modified":"2022-05-13T14:55:19","modified_gmt":"2022-05-13T14:55:19","slug":"bevorstehende-messen","status":"publish","type":"page","link":"https:\/\/www.irishfoodanddrink.com\/de\/bevorstehende-messen\/","title":{"rendered":"Bevorstehende Messen"},"content":{"rendered":"<p>Bord Bia freut sich, auf zahlreichen Messen pr\u00e4sent zu sein, die in den kommenden Wochen in Deutschland stattfinden werden. Das Team von Bord Bia Deutschland wird auf den folgenden Messen mit zahlreichen irischen Kundenunternehmen vertreten sein, die dort ihre begeisternden und innovativen Produkte mit einem Schwerpunkt auf Nachhaltigkeit zeigen werden:<\/p>\n<p><strong>ProWein, D\u00fcsseldorf <\/strong><\/p>\n<p><img loading=\"lazy\" decoding=\"async\" class=\"alignnone size-full wp-image-29496\" src=\"\/wordpress\/wp-content\/uploads\/2022\/05\/unnamed.png\" alt=\"\" width=\"512\" height=\"512\" srcset=\"https:\/\/www.irishfoodanddrink.com\/wp-content\/uploads\/2022\/05\/unnamed.png 512w, https:\/\/www.irishfoodanddrink.com\/wp-content\/uploads\/2022\/05\/unnamed-100x100.png 100w, https:\/\/www.irishfoodanddrink.com\/wp-content\/uploads\/2022\/05\/unnamed-400x400.png 400w\" sizes=\"auto, (max-width: 512px) 100vw, 512px\" \/><\/p>\n<p>&nbsp;<\/p>\n<p>Die ProWein ist die weltweit f\u00fchrende Fachmesse f\u00fcr Wein und Spirituosen und findet vom 15. bis zum 17. Mai in D\u00fcsseldorf statt. Diese Veranstaltung ist das gr\u00f6\u00dfte Branchentreffen f\u00fcr Experten aus den Bereichen Weinbau, Produktion, Handel und Gastronomie. 21 irische Anbieter werden auf der ProWein in Halle 11, Stand D90, ausstellen, darunter Grace O\u2019Malley, Teeling, West Cork Distillery und viele andere.<\/p>\n<p>&nbsp;<\/p>\n<p><strong>Biofach, N\u00fcrnberg<\/strong><\/p>\n<p><img loading=\"lazy\" decoding=\"async\" class=\"alignnone size-full wp-image-29501\" src=\"\/wordpress\/wp-content\/uploads\/2022\/05\/Biofach.jpg\" alt=\"\" width=\"386\" height=\"258\" srcset=\"https:\/\/www.irishfoodanddrink.com\/wp-content\/uploads\/2022\/05\/Biofach.jpg 386w, https:\/\/www.irishfoodanddrink.com\/wp-content\/uploads\/2022\/05\/Biofach-100x67.jpg 100w\" sizes=\"auto, (max-width: 386px) 100vw, 386px\" \/><\/p>\n<p>&nbsp;<\/p>\n<p>Die Biofach ist die Weltleitmesse f\u00fcr Bio-Lebensmittel und findet vom 26. bis zum 29. Juli in der Messe N\u00fcrnberg statt. Hierbei handelt es sich um eine Summer Edition der Biofach. Sie wird als Hybridveranstaltung durchgef\u00fchrt, also sowohl in Pr\u00e4senz als auch online.<\/p>\n<p>Unser dynamischer irischer Stand hat bei vorherigen Messen sehr erfolgreich die Aufmerksamkeit der Kunden auf sich gezogen. Und, was noch wichtiger ist: Er hat durch die Anwesenheit irischer Hersteller am Stand von Bord Bia die Nachhaltigkeitsans\u00e4tze der irischen Lebensmittel- und Getr\u00e4nkeindustrie hervorgehoben. Wir m\u00f6chten Sie daher einladen, uns auf den anstehenden Messen zu besuchen und unsere irischen Produzenten besser kennenzulernen!<\/p>\n<p>F\u00fcr weitere Informationen zu nachhaltigen irischen Lebensmittel- und Getr\u00e4nkeexporten wenden Sie sich bitte an <a href=\"mailto:emer.carew@bordbia.ie\">infogermany@bordbia.ie<\/a>, um Kontakt zu Lieferanten aufzunehmen.<\/p>\n<p>&nbsp;<\/p>\n<p>&nbsp;<\/p>\n","protected":false},"excerpt":{"rendered":"<p>Bord Bia freut sich, auf zahlreichen Messen pr\u00e4sent zu sein, die in den kommenden Wochen in Deutschland stattfinden werden. Das Team von Bord Bia Deutschland wird auf den folgenden Messen mit zahlreichen irischen Kundenunternehmen vertreten sein, die dort ihre begeisternden und innovativen Produkte mit einem Schwerpunkt auf Nachhaltigkeit zeigen werden: ProWein, D\u00fcsseldorf &nbsp; Die ProWein [&hellip;]<\/p>\n","protected":false},"author":22,"featured_media":0,"parent":0,"menu_order":0,"comment_status":"closed","ping_status":"closed","template":"","meta":{"_acf_changed":false,"inline_featured_image":false,"footnotes":""},"class_list":["post-29495","page","type-page","status-publish","hentry"],"acf":[],"yoast_head":"<!-- This site is optimized with the Yoast SEO plugin v27.3 - https:\/\/yoast.com\/product\/yoast-seo-wordpress\/ -->\n<title>Bevorstehende Messen - Irish Food &amp; Drink<\/title>\n<meta name=\"robots\" content=\"index, follow, max-snippet:-1, max-image-preview:large, max-video-preview:-1\" \/>\n<link rel=\"canonical\" href=\"https:\/\/www.irishfoodanddrink.com\/de\/bevorstehende-messen\/\" \/>\n<meta property=\"og:locale\" content=\"de_DE\" \/>\n<meta property=\"og:type\" content=\"article\" \/>\n<meta property=\"og:title\" content=\"Bevorstehende Messen - Irish Food &amp; Drink\" \/>\n<meta property=\"og:description\" content=\"Bord Bia freut sich, auf zahlreichen Messen pr\u00e4sent zu sein, die in den kommenden Wochen in Deutschland stattfinden werden. Das Team von Bord Bia Deutschland wird auf den folgenden Messen mit zahlreichen irischen Kundenunternehmen vertreten sein, die dort ihre begeisternden und innovativen Produkte mit einem Schwerpunkt auf Nachhaltigkeit zeigen werden: ProWein, D\u00fcsseldorf &nbsp; Die ProWein [&hellip;]\" \/>\n<meta property=\"og:url\" content=\"https:\/\/www.irishfoodanddrink.com\/de\/bevorstehende-messen\/\" \/>\n<meta property=\"og:site_name\" content=\"Irish Food &amp; Drink\" \/>\n<meta property=\"og:image\" content=\"https:\/\/www.irishfoodanddrink.com\/wp-content\/uploads\/2020\/12\/Small-homepage-image-339-x-226-min.jpg\" \/>\n\t<meta property=\"og:image:width\" content=\"339\" \/>\n\t<meta property=\"og:image:height\" content=\"226\" \/>\n\t<meta property=\"og:image:type\" content=\"image\/jpeg\" \/>\n<meta name=\"twitter:card\" content=\"summary_large_image\" \/>\n<meta name=\"twitter:label1\" content=\"Est. reading time\" \/>\n\t<meta name=\"twitter:data1\" content=\"1 minute\" \/>\n<script type=\"application\/ld+json\" class=\"yoast-schema-graph\">{\"@context\":\"https:\\\/\\\/schema.org\",\"@graph\":[{\"@type\":\"WebPage\",\"@id\":\"https:\\\/\\\/www.irishfoodanddrink.com\\\/de\\\/bevorstehende-messen\\\/\",\"url\":\"https:\\\/\\\/www.irishfoodanddrink.com\\\/de\\\/bevorstehende-messen\\\/\",\"name\":\"Bevorstehende Messen - Irish Food &amp; Drink\",\"isPartOf\":{\"@id\":\"https:\\\/\\\/www.irishfoodanddrink.com\\\/de\\\/#website\"},\"datePublished\":\"2022-05-13T14:55:19+00:00\",\"breadcrumb\":{\"@id\":\"https:\\\/\\\/www.irishfoodanddrink.com\\\/de\\\/bevorstehende-messen\\\/#breadcrumb\"},\"inLanguage\":\"de-DE\",\"potentialAction\":[{\"@type\":\"ReadAction\",\"target\":[\"https:\\\/\\\/www.irishfoodanddrink.com\\\/de\\\/bevorstehende-messen\\\/\"]}]},{\"@type\":\"BreadcrumbList\",\"@id\":\"https:\\\/\\\/www.irishfoodanddrink.com\\\/de\\\/bevorstehende-messen\\\/#breadcrumb\",\"itemListElement\":[{\"@type\":\"ListItem\",\"position\":1,\"name\":\"Home\",\"item\":\"https:\\\/\\\/www.irishfoodanddrink.com\\\/de\\\/\"},{\"@type\":\"ListItem\",\"position\":2,\"name\":\"Bevorstehende Messen\"}]},{\"@type\":\"WebSite\",\"@id\":\"https:\\\/\\\/www.irishfoodanddrink.com\\\/de\\\/#website\",\"url\":\"https:\\\/\\\/www.irishfoodanddrink.com\\\/de\\\/\",\"name\":\"Irish Food &amp; Drink\",\"description\":\"Helping you source food and drink from Irish suppliers\",\"potentialAction\":[{\"@type\":\"SearchAction\",\"target\":{\"@type\":\"EntryPoint\",\"urlTemplate\":\"https:\\\/\\\/www.irishfoodanddrink.com\\\/de\\\/?s={search_term_string}\"},\"query-input\":{\"@type\":\"PropertyValueSpecification\",\"valueRequired\":true,\"valueName\":\"search_term_string\"}}],\"inLanguage\":\"de-DE\"}]}<\/script>\n<!-- \/ Yoast SEO plugin. -->","yoast_head_json":{"title":"Bevorstehende Messen - Irish Food &amp; Drink","robots":{"index":"index","follow":"follow","max-snippet":"max-snippet:-1","max-image-preview":"max-image-preview:large","max-video-preview":"max-video-preview:-1"},"canonical":"https:\/\/www.irishfoodanddrink.com\/de\/bevorstehende-messen\/","og_locale":"de_DE","og_type":"article","og_title":"Bevorstehende Messen - Irish Food &amp; Drink","og_description":"Bord Bia freut sich, auf zahlreichen Messen pr\u00e4sent zu sein, die in den kommenden Wochen in Deutschland stattfinden werden. Das Team von Bord Bia Deutschland wird auf den folgenden Messen mit zahlreichen irischen Kundenunternehmen vertreten sein, die dort ihre begeisternden und innovativen Produkte mit einem Schwerpunkt auf Nachhaltigkeit zeigen werden: ProWein, D\u00fcsseldorf &nbsp; Die ProWein [&hellip;]","og_url":"https:\/\/www.irishfoodanddrink.com\/de\/bevorstehende-messen\/","og_site_name":"Irish Food &amp; Drink","og_image":[{"width":339,"height":226,"url":"https:\/\/www.irishfoodanddrink.com\/wp-content\/uploads\/2020\/12\/Small-homepage-image-339-x-226-min.jpg","type":"image\/jpeg"}],"twitter_card":"summary_large_image","twitter_misc":{"Est. reading time":"1 minute"},"schema":{"@context":"https:\/\/schema.org","@graph":[{"@type":"WebPage","@id":"https:\/\/www.irishfoodanddrink.com\/de\/bevorstehende-messen\/","url":"https:\/\/www.irishfoodanddrink.com\/de\/bevorstehende-messen\/","name":"Bevorstehende Messen - Irish Food &amp; Drink","isPartOf":{"@id":"https:\/\/www.irishfoodanddrink.com\/de\/#website"},"datePublished":"2022-05-13T14:55:19+00:00","breadcrumb":{"@id":"https:\/\/www.irishfoodanddrink.com\/de\/bevorstehende-messen\/#breadcrumb"},"inLanguage":"de-DE","potentialAction":[{"@type":"ReadAction","target":["https:\/\/www.irishfoodanddrink.com\/de\/bevorstehende-messen\/"]}]},{"@type":"BreadcrumbList","@id":"https:\/\/www.irishfoodanddrink.com\/de\/bevorstehende-messen\/#breadcrumb","itemListElement":[{"@type":"ListItem","position":1,"name":"Home","item":"https:\/\/www.irishfoodanddrink.com\/de\/"},{"@type":"ListItem","position":2,"name":"Bevorstehende Messen"}]},{"@type":"WebSite","@id":"https:\/\/www.irishfoodanddrink.com\/de\/#website","url":"https:\/\/www.irishfoodanddrink.com\/de\/","name":"Irish Food &amp; Drink","description":"Helping you source food and drink from Irish suppliers","potentialAction":[{"@type":"SearchAction","target":{"@type":"EntryPoint","urlTemplate":"https:\/\/www.irishfoodanddrink.com\/de\/?s={search_term_string}"},"query-input":{"@type":"PropertyValueSpecification","valueRequired":true,"valueName":"search_term_string"}}],"inLanguage":"de-DE"}]}},"_links":{"self":[{"href":"https:\/\/www.irishfoodanddrink.com\/de\/wp-json\/wp\/v2\/pages\/29495","targetHints":{"allow":["GET"]}}],"collection":[{"href":"https:\/\/www.irishfoodanddrink.com\/de\/wp-json\/wp\/v2\/pages"}],"about":[{"href":"https:\/\/www.irishfoodanddrink.com\/de\/wp-json\/wp\/v2\/types\/page"}],"author":[{"embeddable":true,"href":"https:\/\/www.irishfoodanddrink.com\/de\/wp-json\/wp\/v2\/users\/22"}],"replies":[{"embeddable":true,"href":"https:\/\/www.irishfoodanddrink.com\/de\/wp-json\/wp\/v2\/comments?post=29495"}],"version-history":[{"count":2,"href":"https:\/\/www.irishfoodanddrink.com\/de\/wp-json\/wp\/v2\/pages\/29495\/revisions"}],"predecessor-version":[{"id":29507,"href":"https:\/\/www.irishfoodanddrink.com\/de\/wp-json\/wp\/v2\/pages\/29495\/revisions\/29507"}],"wp:attachment":[{"href":"https:\/\/www.irishfoodanddrink.com\/de\/wp-json\/wp\/v2\/media?parent=29495"}],"curies":[{"name":"wp","href":"https:\/\/api.w.org\/{rel}","templated":true}]}}