{"id":29514,"date":"2022-05-13T14:56:28","date_gmt":"2022-05-13T14:56:28","guid":{"rendered":"https:\/\/www.irishfoodanddrink.com\/?page_id=29514"},"modified":"2022-05-13T15:02:58","modified_gmt":"2022-05-13T15:02:58","slug":"vier-aufschlussreiche-trends-der-fleischkategorie","status":"publish","type":"page","link":"https:\/\/www.irishfoodanddrink.com\/de\/vier-aufschlussreiche-trends-der-fleischkategorie\/","title":{"rendered":"Vier aufschlussreiche Trends der Fleischkategorie"},"content":{"rendered":"<p><strong>\u00a0<\/strong><\/p>\n<ol>\n<li style=\"list-style-type: none;\">\n<ol>\n<li><strong>Die beispiellosen Werte und Volumen aus dem Jahr 2020 konnten nicht wiederholt werden<\/strong><\/li>\n<\/ol>\n<p>2021 war ein R\u00fcckgang bei den Ausgaben f\u00fcr Lebensmittel im Vergleich zu den beispiellosen Zahlen aus dem Jahr 2020 festzustellen. Wenn man die Werte jedoch mit den Zahlen aus dem Jahr 2019 vergleicht, war 2021 ein relativ stabiles Jahr. Die Bedeutung von Rind-, H\u00e4hnchen- und Schweinefleisch hat gegen\u00fcber 2020 abgenommen, ist jedoch im Vergleich zu 2019 leicht gestiegen. F\u00fcr das Kaufverhalten ergibt sich ein \u00e4hnlicher Trend.<\/p>\n<ol start=\"2\">\n<li><strong>Ein verst\u00e4rkter Fokus auf Nachhaltigkeit und Gesundheit wirkt sich auf den Fleischkonsum aus<\/strong><\/li>\n<\/ol>\n<p>Der Hauptgrund f\u00fcr den R\u00fcckgang beim Rindfleischkonsum ist der Wunsch, den Verzehr von Fleisch aller Art zugunsten der Gesundheit, des Umweltschutzes und des Tierwohls zu reduzieren. Generell sind die Themen Gesundheit und Nachhaltigkeit in j\u00fcngster Zeit immer st\u00e4rker in den Fokus der Verbraucher ger\u00fcckt. Das beeinflusst auch ihre Neigung, Rindfleisch bzw. Fleisch im Allgemeinen zu kaufen. Ungeachtet dessen lieben die Konsumenten Rindfleisch noch immer. Der Schl\u00fcssel, um die K\u00e4ufer in dieser Produktkategorie zu halten, ist, ihre wachsenden Bedenken im Zusammenhang mit der Auswirkung der Rindfleischproduktion auf die Umwelt und das Tierwohl auszur\u00e4umen. Au\u00dferdem sollte der Wert qualitativ hochwertigen irischen Rindfleischs aus Weidehaltung klar kommuniziert werden.<\/p>\n<ol start=\"3\">\n<li><strong>Steigende Preise f\u00fchren zu einer Neubelebung der Fleischkategorie<\/strong><\/li>\n<\/ol>\n<p>In ganz Europa sp\u00fcren wir die Auswirkung der Inflation. Hohe Kosten werden in zunehmendem Ma\u00dfe zu einer H\u00fcrde f\u00fcr den Verzehr und Kauf von Rindfleisch.<\/p>\n<p>Dennoch k\u00f6nnen spezielle Angebote genutzt werden, um K\u00e4ufer anzulocken und es ihnen leichter zu machen, auf hochwertigere Produkte umzusteigen und die Kategorie zu entdecken. Das ist ein eindeutiger Beleg daf\u00fcr, dass die Verbraucher auf der Suche nach etwas Neuem in ihrem Repertoire sind \u2013 ganz gleich, ob dies neue Teilst\u00fccke sind, neue Geschm\u00e4cker oder neue Arten der Pr\u00e4sentation der Produkte, die bereits im Angebot sind. Produktpaletten und Formate m\u00fcssen \u00fcber Kategorien hinweg neu erfunden werden. Derzeit profitiert Lammfleisch von diesem Wunsch nach Ver\u00e4nderung: Es steigt in der Gunst der Verbraucher, w\u00e4hrend das Standing aller anderen Kategorien momentan sinkt.<\/p>\n<ol start=\"4\">\n<li><strong>Die Begriffe \u201eirisch\u201c und \u201eaus Weidehaltung\u201c k\u00f6nnen eine Wiederbelebung unterst\u00fctzen<\/strong><\/li>\n<\/ol>\n<p>Die irischen Rindfleischproduzenten haben gro\u00dfartige Eigenschaften, die wir hervorheben k\u00f6nnen. Dadurch k\u00f6nnen wir dazu beitragen, die notwendige Wiederbelebung zu unterst\u00fctzen. Weidehaltung ist weiterhin \u00fcber alle M\u00e4rkte hinweg ein wichtiges Symbol f\u00fcr hochwertigeres Rindfleisch. Gleichzeitig verbinden K\u00e4ufer von Rindfleisch Weidehaltung auch mit Nachhaltigkeit, wie aus dem Global Sustainability Outlook, unserer Studie zum Thema Nachhaltigkeit, aus dem Jahr 2021 hervorgeht. Dank des Grass-Fed-Standards k\u00f6nnen wir klare Argumente f\u00fcr Weidehaltung liefern, die andere Produktionsmethoden nicht in diesem Ma\u00dfe f\u00fcr sich in Anspruch nehmen k\u00f6nnen.<\/p>\n<p>F\u00fcr weitere Informationen rund um Meat Shopper Insights, die Studie mit Einblicken \u00fcber Fleischkunden, oder weitere Informationen zu Entwicklungen innerhalb des irischen Fleischsektors sowie zu nachhaltigen irischen Rindfleischexporteuren wenden Sie sich bitte an\u00a0<a href=\"mailto:sarah.haworth@bordbia.ie\">sarah.haworth@bordbia.ie<\/a>\u00a0in Ihrer lokalen Niederlassung von Bord Bia.<\/li>\n<\/ol>\n<p>&nbsp;<\/p>\n<p><img loading=\"lazy\" decoding=\"async\" class=\"alignnone size-full wp-image-28846\" src=\"\/wordpress\/wp-content\/uploads\/2022\/03\/Bavette-Cut_-Raw-Beef-1-min.jpg\" alt=\"\" width=\"1920\" height=\"1080\" srcset=\"https:\/\/www.irishfoodanddrink.com\/wp-content\/uploads\/2022\/03\/Bavette-Cut_-Raw-Beef-1-min.jpg 1920w, https:\/\/www.irishfoodanddrink.com\/wp-content\/uploads\/2022\/03\/Bavette-Cut_-Raw-Beef-1-min-100x56.jpg 100w, https:\/\/www.irishfoodanddrink.com\/wp-content\/uploads\/2022\/03\/Bavette-Cut_-Raw-Beef-1-min-400x225.jpg 400w, https:\/\/www.irishfoodanddrink.com\/wp-content\/uploads\/2022\/03\/Bavette-Cut_-Raw-Beef-1-min-800x450.jpg 800w, https:\/\/www.irishfoodanddrink.com\/wp-content\/uploads\/2022\/03\/Bavette-Cut_-Raw-Beef-1-min-1440x810.jpg 1440w\" sizes=\"auto, (max-width: 1920px) 100vw, 1920px\" \/><\/p>\n<p>Bord Bia. 2021. Meat Shopper Insight Tracker.<\/p>\n<p>Bord Bia. 2021. Global Sustainability Outlook. <a href=\"https:\/\/www.bordbia.ie\/industry\/insights\/global-sustainability-insights\/\">https:\/\/www.bordbia.ie\/industry\/insights\/global-sustainability-insights\/<\/a><\/p>\n<p>Eurostat. 2021. Turnover and sales volume in wholesale and retail.<\/p>\n<p>&nbsp;<\/p>\n","protected":false},"excerpt":{"rendered":"<p>\u00a0 Die beispiellosen Werte und Volumen aus dem Jahr 2020 konnten nicht wiederholt werden 2021 war ein R\u00fcckgang bei den Ausgaben f\u00fcr Lebensmittel im Vergleich zu den beispiellosen Zahlen aus dem Jahr 2020 festzustellen. Wenn man die Werte jedoch mit den Zahlen aus dem Jahr 2019 vergleicht, war 2021 ein relativ stabiles Jahr. Die Bedeutung [&hellip;]<\/p>\n","protected":false},"author":22,"featured_media":0,"parent":0,"menu_order":0,"comment_status":"closed","ping_status":"closed","template":"","meta":{"_acf_changed":false,"inline_featured_image":false,"footnotes":""},"class_list":["post-29514","page","type-page","status-publish","hentry"],"acf":[],"yoast_head":"<!-- This site is optimized with the Yoast SEO plugin v27.3 - https:\/\/yoast.com\/product\/yoast-seo-wordpress\/ -->\n<title>Vier aufschlussreiche Trends der Fleischkategorie - Irish Food &amp; Drink<\/title>\n<meta name=\"robots\" content=\"index, follow, max-snippet:-1, max-image-preview:large, max-video-preview:-1\" \/>\n<link rel=\"canonical\" href=\"https:\/\/www.irishfoodanddrink.com\/de\/vier-aufschlussreiche-trends-der-fleischkategorie\/\" \/>\n<meta property=\"og:locale\" content=\"de_DE\" \/>\n<meta property=\"og:type\" content=\"article\" \/>\n<meta property=\"og:title\" content=\"Vier aufschlussreiche Trends der Fleischkategorie - Irish Food &amp; Drink\" \/>\n<meta property=\"og:description\" content=\"\u00a0 Die beispiellosen Werte und Volumen aus dem Jahr 2020 konnten nicht wiederholt werden 2021 war ein R\u00fcckgang bei den Ausgaben f\u00fcr Lebensmittel im Vergleich zu den beispiellosen Zahlen aus dem Jahr 2020 festzustellen. Wenn man die Werte jedoch mit den Zahlen aus dem Jahr 2019 vergleicht, war 2021 ein relativ stabiles Jahr. Die Bedeutung [&hellip;]\" \/>\n<meta property=\"og:url\" content=\"https:\/\/www.irishfoodanddrink.com\/de\/vier-aufschlussreiche-trends-der-fleischkategorie\/\" \/>\n<meta property=\"og:site_name\" content=\"Irish Food &amp; Drink\" \/>\n<meta property=\"article:modified_time\" content=\"2022-05-13T15:02:58+00:00\" \/>\n<meta property=\"og:image\" content=\"https:\/\/www.irishfoodanddrink.com\/wp-content\/uploads\/2020\/12\/Small-homepage-image-339-x-226-min.jpg\" \/>\n\t<meta property=\"og:image:width\" content=\"339\" \/>\n\t<meta property=\"og:image:height\" content=\"226\" \/>\n\t<meta property=\"og:image:type\" content=\"image\/jpeg\" \/>\n<meta name=\"twitter:card\" content=\"summary_large_image\" \/>\n<meta name=\"twitter:label1\" content=\"Est. reading time\" \/>\n\t<meta name=\"twitter:data1\" content=\"3 minutes\" \/>\n<script type=\"application\/ld+json\" class=\"yoast-schema-graph\">{\"@context\":\"https:\\\/\\\/schema.org\",\"@graph\":[{\"@type\":\"WebPage\",\"@id\":\"https:\\\/\\\/www.irishfoodanddrink.com\\\/de\\\/vier-aufschlussreiche-trends-der-fleischkategorie\\\/\",\"url\":\"https:\\\/\\\/www.irishfoodanddrink.com\\\/de\\\/vier-aufschlussreiche-trends-der-fleischkategorie\\\/\",\"name\":\"Vier aufschlussreiche Trends der Fleischkategorie - Irish Food &amp; Drink\",\"isPartOf\":{\"@id\":\"https:\\\/\\\/www.irishfoodanddrink.com\\\/de\\\/#website\"},\"datePublished\":\"2022-05-13T14:56:28+00:00\",\"dateModified\":\"2022-05-13T15:02:58+00:00\",\"breadcrumb\":{\"@id\":\"https:\\\/\\\/www.irishfoodanddrink.com\\\/de\\\/vier-aufschlussreiche-trends-der-fleischkategorie\\\/#breadcrumb\"},\"inLanguage\":\"de-DE\",\"potentialAction\":[{\"@type\":\"ReadAction\",\"target\":[\"https:\\\/\\\/www.irishfoodanddrink.com\\\/de\\\/vier-aufschlussreiche-trends-der-fleischkategorie\\\/\"]}]},{\"@type\":\"BreadcrumbList\",\"@id\":\"https:\\\/\\\/www.irishfoodanddrink.com\\\/de\\\/vier-aufschlussreiche-trends-der-fleischkategorie\\\/#breadcrumb\",\"itemListElement\":[{\"@type\":\"ListItem\",\"position\":1,\"name\":\"Home\",\"item\":\"https:\\\/\\\/www.irishfoodanddrink.com\\\/de\\\/\"},{\"@type\":\"ListItem\",\"position\":2,\"name\":\"Vier aufschlussreiche Trends der Fleischkategorie\"}]},{\"@type\":\"WebSite\",\"@id\":\"https:\\\/\\\/www.irishfoodanddrink.com\\\/de\\\/#website\",\"url\":\"https:\\\/\\\/www.irishfoodanddrink.com\\\/de\\\/\",\"name\":\"Irish Food &amp; Drink\",\"description\":\"Helping you source food and drink from Irish suppliers\",\"potentialAction\":[{\"@type\":\"SearchAction\",\"target\":{\"@type\":\"EntryPoint\",\"urlTemplate\":\"https:\\\/\\\/www.irishfoodanddrink.com\\\/de\\\/?s={search_term_string}\"},\"query-input\":{\"@type\":\"PropertyValueSpecification\",\"valueRequired\":true,\"valueName\":\"search_term_string\"}}],\"inLanguage\":\"de-DE\"}]}<\/script>\n<!-- \/ Yoast SEO plugin. -->","yoast_head_json":{"title":"Vier aufschlussreiche Trends der Fleischkategorie - Irish Food &amp; Drink","robots":{"index":"index","follow":"follow","max-snippet":"max-snippet:-1","max-image-preview":"max-image-preview:large","max-video-preview":"max-video-preview:-1"},"canonical":"https:\/\/www.irishfoodanddrink.com\/de\/vier-aufschlussreiche-trends-der-fleischkategorie\/","og_locale":"de_DE","og_type":"article","og_title":"Vier aufschlussreiche Trends der Fleischkategorie - Irish Food &amp; Drink","og_description":"\u00a0 Die beispiellosen Werte und Volumen aus dem Jahr 2020 konnten nicht wiederholt werden 2021 war ein R\u00fcckgang bei den Ausgaben f\u00fcr Lebensmittel im Vergleich zu den beispiellosen Zahlen aus dem Jahr 2020 festzustellen. Wenn man die Werte jedoch mit den Zahlen aus dem Jahr 2019 vergleicht, war 2021 ein relativ stabiles Jahr. Die Bedeutung [&hellip;]","og_url":"https:\/\/www.irishfoodanddrink.com\/de\/vier-aufschlussreiche-trends-der-fleischkategorie\/","og_site_name":"Irish Food &amp; Drink","article_modified_time":"2022-05-13T15:02:58+00:00","og_image":[{"width":339,"height":226,"url":"https:\/\/www.irishfoodanddrink.com\/wp-content\/uploads\/2020\/12\/Small-homepage-image-339-x-226-min.jpg","type":"image\/jpeg"}],"twitter_card":"summary_large_image","twitter_misc":{"Est. reading time":"3 minutes"},"schema":{"@context":"https:\/\/schema.org","@graph":[{"@type":"WebPage","@id":"https:\/\/www.irishfoodanddrink.com\/de\/vier-aufschlussreiche-trends-der-fleischkategorie\/","url":"https:\/\/www.irishfoodanddrink.com\/de\/vier-aufschlussreiche-trends-der-fleischkategorie\/","name":"Vier aufschlussreiche Trends der Fleischkategorie - Irish Food &amp; Drink","isPartOf":{"@id":"https:\/\/www.irishfoodanddrink.com\/de\/#website"},"datePublished":"2022-05-13T14:56:28+00:00","dateModified":"2022-05-13T15:02:58+00:00","breadcrumb":{"@id":"https:\/\/www.irishfoodanddrink.com\/de\/vier-aufschlussreiche-trends-der-fleischkategorie\/#breadcrumb"},"inLanguage":"de-DE","potentialAction":[{"@type":"ReadAction","target":["https:\/\/www.irishfoodanddrink.com\/de\/vier-aufschlussreiche-trends-der-fleischkategorie\/"]}]},{"@type":"BreadcrumbList","@id":"https:\/\/www.irishfoodanddrink.com\/de\/vier-aufschlussreiche-trends-der-fleischkategorie\/#breadcrumb","itemListElement":[{"@type":"ListItem","position":1,"name":"Home","item":"https:\/\/www.irishfoodanddrink.com\/de\/"},{"@type":"ListItem","position":2,"name":"Vier aufschlussreiche Trends der Fleischkategorie"}]},{"@type":"WebSite","@id":"https:\/\/www.irishfoodanddrink.com\/de\/#website","url":"https:\/\/www.irishfoodanddrink.com\/de\/","name":"Irish Food &amp; Drink","description":"Helping you source food and drink from Irish suppliers","potentialAction":[{"@type":"SearchAction","target":{"@type":"EntryPoint","urlTemplate":"https:\/\/www.irishfoodanddrink.com\/de\/?s={search_term_string}"},"query-input":{"@type":"PropertyValueSpecification","valueRequired":true,"valueName":"search_term_string"}}],"inLanguage":"de-DE"}]}},"_links":{"self":[{"href":"https:\/\/www.irishfoodanddrink.com\/de\/wp-json\/wp\/v2\/pages\/29514","targetHints":{"allow":["GET"]}}],"collection":[{"href":"https:\/\/www.irishfoodanddrink.com\/de\/wp-json\/wp\/v2\/pages"}],"about":[{"href":"https:\/\/www.irishfoodanddrink.com\/de\/wp-json\/wp\/v2\/types\/page"}],"author":[{"embeddable":true,"href":"https:\/\/www.irishfoodanddrink.com\/de\/wp-json\/wp\/v2\/users\/22"}],"replies":[{"embeddable":true,"href":"https:\/\/www.irishfoodanddrink.com\/de\/wp-json\/wp\/v2\/comments?post=29514"}],"version-history":[{"count":3,"href":"https:\/\/www.irishfoodanddrink.com\/de\/wp-json\/wp\/v2\/pages\/29514\/revisions"}],"predecessor-version":[{"id":29518,"href":"https:\/\/www.irishfoodanddrink.com\/de\/wp-json\/wp\/v2\/pages\/29514\/revisions\/29518"}],"wp:attachment":[{"href":"https:\/\/www.irishfoodanddrink.com\/de\/wp-json\/wp\/v2\/media?parent=29514"}],"curies":[{"name":"wp","href":"https:\/\/api.w.org\/{rel}","templated":true}]}}