{"id":31374,"date":"2022-12-15T17:39:39","date_gmt":"2022-12-15T17:39:39","guid":{"rendered":"https:\/\/www.irishfoodanddrink.com\/?page_id=31374"},"modified":"2022-12-15T17:39:39","modified_gmt":"2022-12-15T17:39:39","slug":"vielen-dank-fuer-ihre-unterstuetzung","status":"publish","type":"page","link":"https:\/\/www.irishfoodanddrink.com\/de\/vielen-dank-fuer-ihre-unterstuetzung\/","title":{"rendered":"Vielen Dank f\u00fcr Ihre Unterst\u00fctzung!"},"content":{"rendered":"<p><span data-contrast=\"auto\">Im Namen des gesamten Bord Bia D\u00fcsseldorf-Teams m\u00f6chten wir uns bei Ihnen f\u00fcr Ihre kontinuierliche Unterst\u00fctzung und die gute Zusammenarbeit im Jahr 2022 bedanken!\u00a0 Hier sind ein paar Ausz\u00fcge der Highlights rund um unsere gemeinsamen Aktivit\u00e4ten f\u00fcr irische Lebensmittel und Getr\u00e4nke: <\/span><span data-ccp-props=\"{&quot;134233117&quot;:false,&quot;134233118&quot;:false,&quot;201341983&quot;:0,&quot;335551550&quot;:1,&quot;335551620&quot;:1,&quot;335559685&quot;:0,&quot;335559737&quot;:0,&quot;335559738&quot;:0,&quot;335559739&quot;:160,&quot;335559740&quot;:259}\">\u00a0<\/span><\/p>\n<p><span data-contrast=\"auto\">\u00a0<\/span><b><span data-contrast=\"auto\">Ministerbesuch auf der Biofach in N\u00fcrnberg<\/span><\/b><span data-contrast=\"auto\">\u00a0<\/span><span data-ccp-props=\"{&quot;134233117&quot;:false,&quot;134233118&quot;:false,&quot;201341983&quot;:0,&quot;335551550&quot;:1,&quot;335551620&quot;:1,&quot;335559685&quot;:0,&quot;335559737&quot;:0,&quot;335559738&quot;:0,&quot;335559739&quot;:160,&quot;335559740&quot;:259}\">\u00a0<\/span><\/p>\n<p><span data-contrast=\"auto\">Ministerin Pippa Hackett, Senatorin im Ministerium f\u00fcr Landwirtschaft, Ern\u00e4hrung und Meeresangelegenheiten, unternahm im Zuge der Biofach 2022 eine Handelsmission nach N\u00fcrnberg. Dort traf sie sowohl\u00a0Vertreter des deutschen Bio-Einzelhandels als auch deutsche Politiker wie den bayrischen Landtagsabgeordneten und regionale Bio-Landwirte, um sich \u00fcber die Relevanz von Bio-Lebensmitteln und deren Entwicklung auf dem deutschen Markt zu informieren. <\/span><span data-ccp-props=\"{&quot;201341983&quot;:0,&quot;335551550&quot;:1,&quot;335551620&quot;:1,&quot;335559739&quot;:160,&quot;335559740&quot;:259}\">\u00a0<\/span><\/p>\n<p><b><span data-contrast=\"auto\">Spirit of Ireland-Veranstaltung in der Bar Convent Berlin<\/span><\/b><span data-contrast=\"auto\">\u00a0<\/span><span data-ccp-props=\"{&quot;201341983&quot;:0,&quot;335551550&quot;:1,&quot;335551620&quot;:1,&quot;335559739&quot;:160,&quot;335559740&quot;:259}\">\u00a0<\/span><\/p>\n<p><span data-contrast=\"auto\">Im Rahmen des Bar Convent Berlins 2022 veranstaltete Bord Bia einen exklusiven Verkostungsabend \u2013 den &#8220;Spirit of Ireland&#8221; \u2013\u00a0bei dem unsere Kunden aus Handel und Gastronomie von zwei irischen Spirituosenexperten, Susan Doyle und Philip Duff, in die Welt irischer Spirituosen entf\u00fchrt wurden. <\/span><span data-ccp-props=\"{&quot;134233117&quot;:false,&quot;134233118&quot;:false,&quot;201341983&quot;:0,&quot;335551550&quot;:1,&quot;335551620&quot;:1,&quot;335559685&quot;:0,&quot;335559737&quot;:0,&quot;335559738&quot;:0,&quot;335559739&quot;:160,&quot;335559740&quot;:259}\">\u00a0<\/span><\/p>\n<p><b><span data-contrast=\"auto\">Gastronomie-Safari<\/span><\/b><span data-contrast=\"auto\">\u00a0<\/span><span data-ccp-props=\"{&quot;201341983&quot;:0,&quot;335551550&quot;:1,&quot;335551620&quot;:1,&quot;335559739&quot;:160,&quot;335559740&quot;:259}\">\u00a0<\/span><\/p>\n<p><span data-contrast=\"auto\">Im November 2022 organisierten wir f\u00fcr\u00a0irische Produzenten\u00a0eine Gastronomietour durch NRW. Viele unserer Kunden gew\u00e4hrten hilfreiche Blicke hinter die Kulissen und empfingen uns mit einer herausragenden Gastfreundschaft. Branchenexperten gaben den Herstellern zudem wertvolles Marktwissen rund um Trends und aktuellen Entwicklungen mit auf den Weg.<\/span><span data-ccp-props=\"{&quot;201341983&quot;:0,&quot;335551550&quot;:1,&quot;335551620&quot;:1,&quot;335559739&quot;:160,&quot;335559740&quot;:259}\">\u00a0<\/span><\/p>\n<p><b><span data-contrast=\"auto\">Plakatkampagne f\u00fcr irisches Rindfleisch<\/span><\/b><span data-contrast=\"auto\">\u00a0<\/span><span data-ccp-props=\"{&quot;201341983&quot;:0,&quot;335551550&quot;:1,&quot;335551620&quot;:1,&quot;335559739&quot;:160,&quot;335559740&quot;:259}\">\u00a0<\/span><\/p>\n<p><span data-contrast=\"auto\">Im Rahmen einer Weihnachtskampagne f\u00fcr irisches Rindfleisch startete Bord Bia D\u00fcsseldorf eine Out-of-Home-Kampagne. Die Plakate waren in der Region Nordrhein-Westfalen in St\u00e4dten wie Aachen, K\u00f6ln, Dortmund und Essen zu sehen und hatten eine Gesamtreichweite von \u00fcber 7,3 Millionen. \u00a0<\/span><span data-ccp-props=\"{&quot;201341983&quot;:0,&quot;335551550&quot;:1,&quot;335551620&quot;:1,&quot;335559739&quot;:160,&quot;335559740&quot;:259}\">\u00a0<\/span><\/p>\n<p><b><span data-contrast=\"auto\">Hausmessen<\/span><\/b><b><span data-contrast=\"auto\">\u00a0<\/span><\/b><span data-ccp-props=\"{&quot;201341983&quot;:0,&quot;335551550&quot;:1,&quot;335551620&quot;:1,&quot;335559739&quot;:160,&quot;335559740&quot;:259}\">\u00a0<\/span><\/p>\n<p><span data-contrast=\"auto\">Bord Bia D\u00fcsseldorf war in diesem Jahr wieder auf verschiedenen Hausmessen vertreten, die von deutschen Kunden das ganze Jahr \u00fcber veranstaltet wurden. Im Fokus stand zumeist irisches Fleisch von Rind und Lamm, welches \u00fcber Meisterkurse, Verkostungen und POS-Materialien beworben wurde.\u00a0 \u00a0<\/span><\/p>\n","protected":false},"excerpt":{"rendered":"<p>Im Namen des gesamten Bord Bia D\u00fcsseldorf-Teams m\u00f6chten wir uns bei Ihnen f\u00fcr Ihre kontinuierliche Unterst\u00fctzung und die gute Zusammenarbeit im Jahr 2022 bedanken!\u00a0 Hier sind ein paar Ausz\u00fcge der Highlights rund um unsere gemeinsamen Aktivit\u00e4ten f\u00fcr irische Lebensmittel und Getr\u00e4nke: \u00a0 \u00a0Ministerbesuch auf der Biofach in N\u00fcrnberg\u00a0\u00a0 Ministerin Pippa Hackett, Senatorin im Ministerium f\u00fcr [&hellip;]<\/p>\n","protected":false},"author":22,"featured_media":0,"parent":0,"menu_order":0,"comment_status":"closed","ping_status":"closed","template":"","meta":{"_acf_changed":false,"inline_featured_image":false,"footnotes":""},"class_list":["post-31374","page","type-page","status-publish","hentry"],"acf":[],"yoast_head":"<!-- This site is optimized with the Yoast SEO plugin v27.3 - https:\/\/yoast.com\/product\/yoast-seo-wordpress\/ -->\n<title>Vielen Dank f\u00fcr Ihre Unterst\u00fctzung! - Irish Food &amp; Drink<\/title>\n<meta name=\"robots\" content=\"index, follow, max-snippet:-1, max-image-preview:large, max-video-preview:-1\" \/>\n<link rel=\"canonical\" href=\"https:\/\/www.irishfoodanddrink.com\/de\/vielen-dank-fuer-ihre-unterstuetzung\/\" \/>\n<meta property=\"og:locale\" content=\"de_DE\" \/>\n<meta property=\"og:type\" content=\"article\" \/>\n<meta property=\"og:title\" content=\"Vielen Dank f\u00fcr Ihre Unterst\u00fctzung! - Irish Food &amp; Drink\" \/>\n<meta property=\"og:description\" content=\"Im Namen des gesamten Bord Bia D\u00fcsseldorf-Teams m\u00f6chten wir uns bei Ihnen f\u00fcr Ihre kontinuierliche Unterst\u00fctzung und die gute Zusammenarbeit im Jahr 2022 bedanken!\u00a0 Hier sind ein paar Ausz\u00fcge der Highlights rund um unsere gemeinsamen Aktivit\u00e4ten f\u00fcr irische Lebensmittel und Getr\u00e4nke: \u00a0 \u00a0Ministerbesuch auf der Biofach in N\u00fcrnberg\u00a0\u00a0 Ministerin Pippa Hackett, Senatorin im Ministerium f\u00fcr [&hellip;]\" \/>\n<meta property=\"og:url\" content=\"https:\/\/www.irishfoodanddrink.com\/de\/vielen-dank-fuer-ihre-unterstuetzung\/\" \/>\n<meta property=\"og:site_name\" content=\"Irish Food &amp; Drink\" \/>\n<meta property=\"og:image\" content=\"https:\/\/www.irishfoodanddrink.com\/wp-content\/uploads\/2020\/12\/Small-homepage-image-339-x-226-min.jpg\" \/>\n\t<meta property=\"og:image:width\" content=\"339\" \/>\n\t<meta property=\"og:image:height\" content=\"226\" \/>\n\t<meta property=\"og:image:type\" content=\"image\/jpeg\" \/>\n<meta name=\"twitter:card\" content=\"summary_large_image\" \/>\n<meta name=\"twitter:label1\" content=\"Est. reading time\" \/>\n\t<meta name=\"twitter:data1\" content=\"1 minute\" \/>\n<script type=\"application\/ld+json\" class=\"yoast-schema-graph\">{\"@context\":\"https:\\\/\\\/schema.org\",\"@graph\":[{\"@type\":\"WebPage\",\"@id\":\"https:\\\/\\\/www.irishfoodanddrink.com\\\/de\\\/vielen-dank-fuer-ihre-unterstuetzung\\\/\",\"url\":\"https:\\\/\\\/www.irishfoodanddrink.com\\\/de\\\/vielen-dank-fuer-ihre-unterstuetzung\\\/\",\"name\":\"Vielen Dank f\u00fcr Ihre Unterst\u00fctzung! - Irish Food &amp; Drink\",\"isPartOf\":{\"@id\":\"https:\\\/\\\/www.irishfoodanddrink.com\\\/de\\\/#website\"},\"datePublished\":\"2022-12-15T17:39:39+00:00\",\"breadcrumb\":{\"@id\":\"https:\\\/\\\/www.irishfoodanddrink.com\\\/de\\\/vielen-dank-fuer-ihre-unterstuetzung\\\/#breadcrumb\"},\"inLanguage\":\"de-DE\",\"potentialAction\":[{\"@type\":\"ReadAction\",\"target\":[\"https:\\\/\\\/www.irishfoodanddrink.com\\\/de\\\/vielen-dank-fuer-ihre-unterstuetzung\\\/\"]}]},{\"@type\":\"BreadcrumbList\",\"@id\":\"https:\\\/\\\/www.irishfoodanddrink.com\\\/de\\\/vielen-dank-fuer-ihre-unterstuetzung\\\/#breadcrumb\",\"itemListElement\":[{\"@type\":\"ListItem\",\"position\":1,\"name\":\"Home\",\"item\":\"https:\\\/\\\/www.irishfoodanddrink.com\\\/de\\\/\"},{\"@type\":\"ListItem\",\"position\":2,\"name\":\"Vielen Dank f\u00fcr Ihre Unterst\u00fctzung!\"}]},{\"@type\":\"WebSite\",\"@id\":\"https:\\\/\\\/www.irishfoodanddrink.com\\\/de\\\/#website\",\"url\":\"https:\\\/\\\/www.irishfoodanddrink.com\\\/de\\\/\",\"name\":\"Irish Food &amp; Drink\",\"description\":\"Helping you source food and drink from Irish suppliers\",\"potentialAction\":[{\"@type\":\"SearchAction\",\"target\":{\"@type\":\"EntryPoint\",\"urlTemplate\":\"https:\\\/\\\/www.irishfoodanddrink.com\\\/de\\\/?s={search_term_string}\"},\"query-input\":{\"@type\":\"PropertyValueSpecification\",\"valueRequired\":true,\"valueName\":\"search_term_string\"}}],\"inLanguage\":\"de-DE\"}]}<\/script>\n<!-- \/ Yoast SEO plugin. -->","yoast_head_json":{"title":"Vielen Dank f\u00fcr Ihre Unterst\u00fctzung! - Irish Food &amp; Drink","robots":{"index":"index","follow":"follow","max-snippet":"max-snippet:-1","max-image-preview":"max-image-preview:large","max-video-preview":"max-video-preview:-1"},"canonical":"https:\/\/www.irishfoodanddrink.com\/de\/vielen-dank-fuer-ihre-unterstuetzung\/","og_locale":"de_DE","og_type":"article","og_title":"Vielen Dank f\u00fcr Ihre Unterst\u00fctzung! - Irish Food &amp; Drink","og_description":"Im Namen des gesamten Bord Bia D\u00fcsseldorf-Teams m\u00f6chten wir uns bei Ihnen f\u00fcr Ihre kontinuierliche Unterst\u00fctzung und die gute Zusammenarbeit im Jahr 2022 bedanken!\u00a0 Hier sind ein paar Ausz\u00fcge der Highlights rund um unsere gemeinsamen Aktivit\u00e4ten f\u00fcr irische Lebensmittel und Getr\u00e4nke: \u00a0 \u00a0Ministerbesuch auf der Biofach in N\u00fcrnberg\u00a0\u00a0 Ministerin Pippa Hackett, Senatorin im Ministerium f\u00fcr [&hellip;]","og_url":"https:\/\/www.irishfoodanddrink.com\/de\/vielen-dank-fuer-ihre-unterstuetzung\/","og_site_name":"Irish Food &amp; Drink","og_image":[{"width":339,"height":226,"url":"https:\/\/www.irishfoodanddrink.com\/wp-content\/uploads\/2020\/12\/Small-homepage-image-339-x-226-min.jpg","type":"image\/jpeg"}],"twitter_card":"summary_large_image","twitter_misc":{"Est. reading time":"1 minute"},"schema":{"@context":"https:\/\/schema.org","@graph":[{"@type":"WebPage","@id":"https:\/\/www.irishfoodanddrink.com\/de\/vielen-dank-fuer-ihre-unterstuetzung\/","url":"https:\/\/www.irishfoodanddrink.com\/de\/vielen-dank-fuer-ihre-unterstuetzung\/","name":"Vielen Dank f\u00fcr Ihre Unterst\u00fctzung! - Irish Food &amp; Drink","isPartOf":{"@id":"https:\/\/www.irishfoodanddrink.com\/de\/#website"},"datePublished":"2022-12-15T17:39:39+00:00","breadcrumb":{"@id":"https:\/\/www.irishfoodanddrink.com\/de\/vielen-dank-fuer-ihre-unterstuetzung\/#breadcrumb"},"inLanguage":"de-DE","potentialAction":[{"@type":"ReadAction","target":["https:\/\/www.irishfoodanddrink.com\/de\/vielen-dank-fuer-ihre-unterstuetzung\/"]}]},{"@type":"BreadcrumbList","@id":"https:\/\/www.irishfoodanddrink.com\/de\/vielen-dank-fuer-ihre-unterstuetzung\/#breadcrumb","itemListElement":[{"@type":"ListItem","position":1,"name":"Home","item":"https:\/\/www.irishfoodanddrink.com\/de\/"},{"@type":"ListItem","position":2,"name":"Vielen Dank f\u00fcr Ihre Unterst\u00fctzung!"}]},{"@type":"WebSite","@id":"https:\/\/www.irishfoodanddrink.com\/de\/#website","url":"https:\/\/www.irishfoodanddrink.com\/de\/","name":"Irish Food &amp; Drink","description":"Helping you source food and drink from Irish suppliers","potentialAction":[{"@type":"SearchAction","target":{"@type":"EntryPoint","urlTemplate":"https:\/\/www.irishfoodanddrink.com\/de\/?s={search_term_string}"},"query-input":{"@type":"PropertyValueSpecification","valueRequired":true,"valueName":"search_term_string"}}],"inLanguage":"de-DE"}]}},"_links":{"self":[{"href":"https:\/\/www.irishfoodanddrink.com\/de\/wp-json\/wp\/v2\/pages\/31374","targetHints":{"allow":["GET"]}}],"collection":[{"href":"https:\/\/www.irishfoodanddrink.com\/de\/wp-json\/wp\/v2\/pages"}],"about":[{"href":"https:\/\/www.irishfoodanddrink.com\/de\/wp-json\/wp\/v2\/types\/page"}],"author":[{"embeddable":true,"href":"https:\/\/www.irishfoodanddrink.com\/de\/wp-json\/wp\/v2\/users\/22"}],"replies":[{"embeddable":true,"href":"https:\/\/www.irishfoodanddrink.com\/de\/wp-json\/wp\/v2\/comments?post=31374"}],"version-history":[{"count":2,"href":"https:\/\/www.irishfoodanddrink.com\/de\/wp-json\/wp\/v2\/pages\/31374\/revisions"}],"predecessor-version":[{"id":31376,"href":"https:\/\/www.irishfoodanddrink.com\/de\/wp-json\/wp\/v2\/pages\/31374\/revisions\/31376"}],"wp:attachment":[{"href":"https:\/\/www.irishfoodanddrink.com\/de\/wp-json\/wp\/v2\/media?parent=31374"}],"curies":[{"name":"wp","href":"https:\/\/api.w.org\/{rel}","templated":true}]}}