{"id":31377,"date":"2022-12-15T17:41:40","date_gmt":"2022-12-15T17:41:40","guid":{"rendered":"https:\/\/www.irishfoodanddrink.com\/?page_id=31377"},"modified":"2022-12-15T17:41:40","modified_gmt":"2022-12-15T17:41:40","slug":"ausblick-messen-im-jahr-2023","status":"publish","type":"page","link":"https:\/\/www.irishfoodanddrink.com\/de\/ausblick-messen-im-jahr-2023\/","title":{"rendered":"Ausblick &#8211; Messen im Jahr 2023"},"content":{"rendered":"<p><span data-contrast=\"auto\">Auch im kommenden Jahr 2023 werden wir wieder mit Bord Bia und ausgew\u00e4hlten Herstellern aus Irland auf den wichtigsten Messen pr\u00e4sent sein. Wir laden Sie daher herzlich dazu ein, uns auf folgenden Messen besuchen zu kommen <\/span><span data-ccp-props=\"{&quot;201341983&quot;:0,&quot;335551550&quot;:1,&quot;335551620&quot;:1,&quot;335559739&quot;:160,&quot;335559740&quot;:257}\">\u00a0<\/span><\/p>\n<ul>\n<li data-leveltext=\"-\" data-font=\"Calibri\" data-listid=\"4\" data-list-defn-props=\"{&quot;335552541&quot;:1,&quot;335559683&quot;:0,&quot;335559684&quot;:-2,&quot;335559685&quot;:720,&quot;335559991&quot;:360,&quot;469769226&quot;:&quot;Calibri&quot;,&quot;469769242&quot;:[8226],&quot;469777803&quot;:&quot;left&quot;,&quot;469777804&quot;:&quot;-&quot;,&quot;469777815&quot;:&quot;hybridMultilevel&quot;}\" aria-setsize=\"-1\" data-aria-posinset=\"1\" data-aria-level=\"1\"><span data-contrast=\"auto\">Biofach (14.-17. Februar), Weltleitmesse f\u00fcr Bioprodukte in N\u00fcrnberg, <em><strong>Halle 5, Stand 5-141<\/strong><\/em><\/span><span data-ccp-props=\"{&quot;201341983&quot;:0,&quot;335551550&quot;:1,&quot;335551620&quot;:1,&quot;335559739&quot;:160,&quot;335559740&quot;:259}\">\u00a0<\/span><\/li>\n<li data-leveltext=\"-\" data-font=\"Calibri\" data-listid=\"4\" data-list-defn-props=\"{&quot;335552541&quot;:1,&quot;335559683&quot;:0,&quot;335559684&quot;:-2,&quot;335559685&quot;:720,&quot;335559991&quot;:360,&quot;469769226&quot;:&quot;Calibri&quot;,&quot;469769242&quot;:[8226],&quot;469777803&quot;:&quot;left&quot;,&quot;469777804&quot;:&quot;-&quot;,&quot;469777815&quot;:&quot;hybridMultilevel&quot;}\" aria-setsize=\"-1\" data-aria-posinset=\"2\" data-aria-level=\"1\"><span data-contrast=\"auto\">Internorga (10.-14. M\u00e4rz), f\u00fchrende Fachmesse f\u00fcr das Hotel- und Gastronomiegewerbe in Hamburg, <strong><em>Halle A1, Stand A1.417<\/em><\/strong><\/span><span data-ccp-props=\"{&quot;201341983&quot;:0,&quot;335551550&quot;:1,&quot;335551620&quot;:1,&quot;335559739&quot;:160,&quot;335559740&quot;:259}\">\u00a0<\/span><\/li>\n<li data-leveltext=\"-\" data-font=\"Calibri\" data-listid=\"4\" data-list-defn-props=\"{&quot;335552541&quot;:1,&quot;335559683&quot;:0,&quot;335559684&quot;:-2,&quot;335559685&quot;:720,&quot;335559991&quot;:360,&quot;469769226&quot;:&quot;Calibri&quot;,&quot;469769242&quot;:[8226],&quot;469777803&quot;:&quot;left&quot;,&quot;469777804&quot;:&quot;-&quot;,&quot;469777815&quot;:&quot;hybridMultilevel&quot;}\" aria-setsize=\"-1\" data-aria-posinset=\"3\" data-aria-level=\"1\"><span data-contrast=\"auto\">Prowein (19.-21. M\u00e4rz), Fachmesse f\u00fcr Wein und Spirituosen in D\u00fcsseldorf, <em><strong>Halle 13, Stand D30 <\/strong><\/em><\/span><span data-ccp-props=\"{&quot;201341983&quot;:0,&quot;335551550&quot;:1,&quot;335551620&quot;:1,&quot;335559739&quot;:160,&quot;335559740&quot;:259}\">\u00a0<\/span><\/li>\n<li data-leveltext=\"-\" data-font=\"Calibri\" data-listid=\"4\" data-list-defn-props=\"{&quot;335552541&quot;:1,&quot;335559683&quot;:0,&quot;335559684&quot;:-2,&quot;335559685&quot;:720,&quot;335559991&quot;:360,&quot;469769226&quot;:&quot;Calibri&quot;,&quot;469769242&quot;:[8226],&quot;469777803&quot;:&quot;left&quot;,&quot;469777804&quot;:&quot;-&quot;,&quot;469777815&quot;:&quot;hybridMultilevel&quot;}\" aria-setsize=\"-1\" data-aria-posinset=\"4\" data-aria-level=\"1\"><span data-contrast=\"auto\">ISM (23.-25. April), f\u00fchrende internationale Fachmesse f\u00fcr die S\u00fc\u00dfwaren- und Snackbranche in K\u00f6ln, <em><strong>Halle 4.2, Stand F-031g<\/strong><\/em><\/span><em><strong>\u00a0<\/strong><\/em><\/li>\n<\/ul>\n<p><span data-contrast=\"auto\">und sich selbst ein Bild von der herausragenden und nachhaltigen Qualit\u00e4t irischer Produkte zu machen. <\/span><span data-ccp-props=\"{&quot;201341983&quot;:0,&quot;335551550&quot;:1,&quot;335551620&quot;:1,&quot;335559739&quot;:160,&quot;335559740&quot;:257}\">\u00a0<\/span><\/p>\n<p><span data-contrast=\"auto\">Wenn Sie erfahren m\u00f6chten, welche Hersteller genau vor Ort sein werden, nehmen Sie gerne per Mail an <a href=\"mailto:infogermany@bordbia.ie\">infogermany@bordbia.ie<\/a><\/span><span data-contrast=\"none\">\u00a0<\/span><span data-contrast=\"auto\">zu uns Kontakt auf.<\/span><span data-ccp-props=\"{&quot;201341983&quot;:0,&quot;335551550&quot;:1,&quot;335551620&quot;:1,&quot;335559739&quot;:160,&quot;335559740&quot;:257}\">\u00a0<\/span><\/p>\n","protected":false},"excerpt":{"rendered":"<p>Auch im kommenden Jahr 2023 werden wir wieder mit Bord Bia und ausgew\u00e4hlten Herstellern aus Irland auf den wichtigsten Messen pr\u00e4sent sein. Wir laden Sie daher herzlich dazu ein, uns auf folgenden Messen besuchen zu kommen \u00a0 Biofach (14.-17. Februar), Weltleitmesse f\u00fcr Bioprodukte in N\u00fcrnberg, Halle 5, Stand 5-141\u00a0 Internorga (10.-14. M\u00e4rz), f\u00fchrende Fachmesse f\u00fcr [&hellip;]<\/p>\n","protected":false},"author":22,"featured_media":0,"parent":0,"menu_order":0,"comment_status":"closed","ping_status":"closed","template":"","meta":{"_acf_changed":false,"inline_featured_image":false,"footnotes":""},"class_list":["post-31377","page","type-page","status-publish","hentry"],"acf":[],"yoast_head":"<!-- This site is optimized with the Yoast SEO plugin v27.3 - https:\/\/yoast.com\/product\/yoast-seo-wordpress\/ -->\n<title>Ausblick - Messen im Jahr 2023 - Irish Food &amp; Drink<\/title>\n<meta name=\"robots\" content=\"index, follow, max-snippet:-1, max-image-preview:large, max-video-preview:-1\" \/>\n<link rel=\"canonical\" href=\"https:\/\/www.irishfoodanddrink.com\/de\/ausblick-messen-im-jahr-2023\/\" \/>\n<meta property=\"og:locale\" content=\"de_DE\" \/>\n<meta property=\"og:type\" content=\"article\" \/>\n<meta property=\"og:title\" content=\"Ausblick - Messen im Jahr 2023 - Irish Food &amp; Drink\" \/>\n<meta property=\"og:description\" content=\"Auch im kommenden Jahr 2023 werden wir wieder mit Bord Bia und ausgew\u00e4hlten Herstellern aus Irland auf den wichtigsten Messen pr\u00e4sent sein. Wir laden Sie daher herzlich dazu ein, uns auf folgenden Messen besuchen zu kommen \u00a0 Biofach (14.-17. Februar), Weltleitmesse f\u00fcr Bioprodukte in N\u00fcrnberg, Halle 5, Stand 5-141\u00a0 Internorga (10.-14. M\u00e4rz), f\u00fchrende Fachmesse f\u00fcr [&hellip;]\" \/>\n<meta property=\"og:url\" content=\"https:\/\/www.irishfoodanddrink.com\/de\/ausblick-messen-im-jahr-2023\/\" \/>\n<meta property=\"og:site_name\" content=\"Irish Food &amp; Drink\" \/>\n<meta property=\"og:image\" content=\"https:\/\/www.irishfoodanddrink.com\/wp-content\/uploads\/2020\/12\/Small-homepage-image-339-x-226-min.jpg\" \/>\n\t<meta property=\"og:image:width\" content=\"339\" \/>\n\t<meta property=\"og:image:height\" content=\"226\" \/>\n\t<meta property=\"og:image:type\" content=\"image\/jpeg\" \/>\n<meta name=\"twitter:card\" content=\"summary_large_image\" \/>\n<meta name=\"twitter:label1\" content=\"Est. reading time\" \/>\n\t<meta name=\"twitter:data1\" content=\"1 minute\" \/>\n<script type=\"application\/ld+json\" class=\"yoast-schema-graph\">{\"@context\":\"https:\\\/\\\/schema.org\",\"@graph\":[{\"@type\":\"WebPage\",\"@id\":\"https:\\\/\\\/www.irishfoodanddrink.com\\\/de\\\/ausblick-messen-im-jahr-2023\\\/\",\"url\":\"https:\\\/\\\/www.irishfoodanddrink.com\\\/de\\\/ausblick-messen-im-jahr-2023\\\/\",\"name\":\"Ausblick - Messen im Jahr 2023 - Irish Food &amp; Drink\",\"isPartOf\":{\"@id\":\"https:\\\/\\\/www.irishfoodanddrink.com\\\/de\\\/#website\"},\"datePublished\":\"2022-12-15T17:41:40+00:00\",\"breadcrumb\":{\"@id\":\"https:\\\/\\\/www.irishfoodanddrink.com\\\/de\\\/ausblick-messen-im-jahr-2023\\\/#breadcrumb\"},\"inLanguage\":\"de-DE\",\"potentialAction\":[{\"@type\":\"ReadAction\",\"target\":[\"https:\\\/\\\/www.irishfoodanddrink.com\\\/de\\\/ausblick-messen-im-jahr-2023\\\/\"]}]},{\"@type\":\"BreadcrumbList\",\"@id\":\"https:\\\/\\\/www.irishfoodanddrink.com\\\/de\\\/ausblick-messen-im-jahr-2023\\\/#breadcrumb\",\"itemListElement\":[{\"@type\":\"ListItem\",\"position\":1,\"name\":\"Home\",\"item\":\"https:\\\/\\\/www.irishfoodanddrink.com\\\/de\\\/\"},{\"@type\":\"ListItem\",\"position\":2,\"name\":\"Ausblick &#8211; Messen im Jahr 2023\"}]},{\"@type\":\"WebSite\",\"@id\":\"https:\\\/\\\/www.irishfoodanddrink.com\\\/de\\\/#website\",\"url\":\"https:\\\/\\\/www.irishfoodanddrink.com\\\/de\\\/\",\"name\":\"Irish Food &amp; Drink\",\"description\":\"Helping you source food and drink from Irish suppliers\",\"potentialAction\":[{\"@type\":\"SearchAction\",\"target\":{\"@type\":\"EntryPoint\",\"urlTemplate\":\"https:\\\/\\\/www.irishfoodanddrink.com\\\/de\\\/?s={search_term_string}\"},\"query-input\":{\"@type\":\"PropertyValueSpecification\",\"valueRequired\":true,\"valueName\":\"search_term_string\"}}],\"inLanguage\":\"de-DE\"}]}<\/script>\n<!-- \/ Yoast SEO plugin. -->","yoast_head_json":{"title":"Ausblick - Messen im Jahr 2023 - Irish Food &amp; Drink","robots":{"index":"index","follow":"follow","max-snippet":"max-snippet:-1","max-image-preview":"max-image-preview:large","max-video-preview":"max-video-preview:-1"},"canonical":"https:\/\/www.irishfoodanddrink.com\/de\/ausblick-messen-im-jahr-2023\/","og_locale":"de_DE","og_type":"article","og_title":"Ausblick - Messen im Jahr 2023 - Irish Food &amp; Drink","og_description":"Auch im kommenden Jahr 2023 werden wir wieder mit Bord Bia und ausgew\u00e4hlten Herstellern aus Irland auf den wichtigsten Messen pr\u00e4sent sein. Wir laden Sie daher herzlich dazu ein, uns auf folgenden Messen besuchen zu kommen \u00a0 Biofach (14.-17. Februar), Weltleitmesse f\u00fcr Bioprodukte in N\u00fcrnberg, Halle 5, Stand 5-141\u00a0 Internorga (10.-14. M\u00e4rz), f\u00fchrende Fachmesse f\u00fcr [&hellip;]","og_url":"https:\/\/www.irishfoodanddrink.com\/de\/ausblick-messen-im-jahr-2023\/","og_site_name":"Irish Food &amp; Drink","og_image":[{"width":339,"height":226,"url":"https:\/\/www.irishfoodanddrink.com\/wp-content\/uploads\/2020\/12\/Small-homepage-image-339-x-226-min.jpg","type":"image\/jpeg"}],"twitter_card":"summary_large_image","twitter_misc":{"Est. reading time":"1 minute"},"schema":{"@context":"https:\/\/schema.org","@graph":[{"@type":"WebPage","@id":"https:\/\/www.irishfoodanddrink.com\/de\/ausblick-messen-im-jahr-2023\/","url":"https:\/\/www.irishfoodanddrink.com\/de\/ausblick-messen-im-jahr-2023\/","name":"Ausblick - Messen im Jahr 2023 - Irish Food &amp; Drink","isPartOf":{"@id":"https:\/\/www.irishfoodanddrink.com\/de\/#website"},"datePublished":"2022-12-15T17:41:40+00:00","breadcrumb":{"@id":"https:\/\/www.irishfoodanddrink.com\/de\/ausblick-messen-im-jahr-2023\/#breadcrumb"},"inLanguage":"de-DE","potentialAction":[{"@type":"ReadAction","target":["https:\/\/www.irishfoodanddrink.com\/de\/ausblick-messen-im-jahr-2023\/"]}]},{"@type":"BreadcrumbList","@id":"https:\/\/www.irishfoodanddrink.com\/de\/ausblick-messen-im-jahr-2023\/#breadcrumb","itemListElement":[{"@type":"ListItem","position":1,"name":"Home","item":"https:\/\/www.irishfoodanddrink.com\/de\/"},{"@type":"ListItem","position":2,"name":"Ausblick &#8211; Messen im Jahr 2023"}]},{"@type":"WebSite","@id":"https:\/\/www.irishfoodanddrink.com\/de\/#website","url":"https:\/\/www.irishfoodanddrink.com\/de\/","name":"Irish Food &amp; Drink","description":"Helping you source food and drink from Irish suppliers","potentialAction":[{"@type":"SearchAction","target":{"@type":"EntryPoint","urlTemplate":"https:\/\/www.irishfoodanddrink.com\/de\/?s={search_term_string}"},"query-input":{"@type":"PropertyValueSpecification","valueRequired":true,"valueName":"search_term_string"}}],"inLanguage":"de-DE"}]}},"_links":{"self":[{"href":"https:\/\/www.irishfoodanddrink.com\/de\/wp-json\/wp\/v2\/pages\/31377","targetHints":{"allow":["GET"]}}],"collection":[{"href":"https:\/\/www.irishfoodanddrink.com\/de\/wp-json\/wp\/v2\/pages"}],"about":[{"href":"https:\/\/www.irishfoodanddrink.com\/de\/wp-json\/wp\/v2\/types\/page"}],"author":[{"embeddable":true,"href":"https:\/\/www.irishfoodanddrink.com\/de\/wp-json\/wp\/v2\/users\/22"}],"replies":[{"embeddable":true,"href":"https:\/\/www.irishfoodanddrink.com\/de\/wp-json\/wp\/v2\/comments?post=31377"}],"version-history":[{"count":2,"href":"https:\/\/www.irishfoodanddrink.com\/de\/wp-json\/wp\/v2\/pages\/31377\/revisions"}],"predecessor-version":[{"id":31379,"href":"https:\/\/www.irishfoodanddrink.com\/de\/wp-json\/wp\/v2\/pages\/31377\/revisions\/31379"}],"wp:attachment":[{"href":"https:\/\/www.irishfoodanddrink.com\/de\/wp-json\/wp\/v2\/media?parent=31377"}],"curies":[{"name":"wp","href":"https:\/\/api.w.org\/{rel}","templated":true}]}}