{"id":31380,"date":"2022-12-15T17:43:42","date_gmt":"2022-12-15T17:43:42","guid":{"rendered":"https:\/\/www.irishfoodanddrink.com\/?page_id=31380"},"modified":"2022-12-15T17:43:42","modified_gmt":"2022-12-15T17:43:42","slug":"rekordjahr-fuer-irische-molkereien","status":"publish","type":"page","link":"https:\/\/www.irishfoodanddrink.com\/de\/rekordjahr-fuer-irische-molkereien\/","title":{"rendered":"Rekordjahr f\u00fcr irische Molkereien"},"content":{"rendered":"<p style=\"text-align: left;\"><span data-contrast=\"none\">2022 war ein starkes Jahr f\u00fcr die irische Milchwirtschaft mit Rekordpreisen und einer stabilen Milchproduktion im Vergleich zum Vorjahr. Dieser Produktion steht eine au\u00dfergew\u00f6hnliche irische Milcherzeugungssaison im Jahr 2021 und ein globaler R\u00fcckgang der Milcherzeugung im Jahr 2022 gegen\u00fcber. Die kombinierte Milcherzeugung der &#8216;Big-Five&#8217; (EU, Neuseeland, Australien, USA, Argentinien) blieb bis Ende September um 0,7 % hinter dem Vorjahreszeitraum zur\u00fcck, doch haben wir in den letzten Monaten ein Wachstum des Milchangebots gesehen.<\/span><span data-ccp-props=\"{&quot;201341983&quot;:0,&quot;335551550&quot;:1,&quot;335551620&quot;:1,&quot;335559739&quot;:160,&quot;335559740&quot;:259}\">\u00a0<\/span><\/p>\n<p style=\"text-align: left;\"><span data-contrast=\"none\">Auch die irischen Milchexporte sind gestiegen und haben in den ersten neun Monaten des Jahres 2022 einen Rekordwert erreicht. Dieser Wertzuwachs war in den meisten Kategorien zu verzeichnen, wurde aber haupts\u00e4chlich von Butter, K\u00e4se, fettgef\u00fclltem Milchpulver, Magermilchpulver und Kasein getragen. Dieser Wertzuwachs wurde in den meisten Regionen erzielt, wurde aber durch hohe Mengen an Produkten, die in die EU, das Vereinigte K\u00f6nigreich, die USA und Afrika geliefert wurden, untermauert.\u202fW\u00e4hrend die globalen Preise f\u00fcr Milchprodukte im vierten Quartal zur\u00fcckgingen und die irischen Milchexporte stagnierten, sind die Aussichten f\u00fcr irische Milchprodukte im Jahr 2023 positiv, da die Milcherzeugung stabil bleiben d\u00fcrfte, w\u00e4hrend das globale Angebot weiter zur\u00fcckgeht.<\/span><span data-ccp-props=\"{&quot;134233117&quot;:false,&quot;134233118&quot;:false,&quot;201341983&quot;:0,&quot;335551550&quot;:6,&quot;335551620&quot;:6,&quot;335559738&quot;:0,&quot;335559739&quot;:0,&quot;335559740&quot;:240}\">\u00a0<\/span><\/p>\n<p style=\"text-align: left;\"><span data-contrast=\"none\">Insgesamt war 2022 ein positives und arbeitsreiches Jahr f\u00fcr die irische Milchwirtschaft, da die starke Produktion und die Exporte durch die R\u00fcckkehr zu pers\u00f6nlichen Kundenkontakten unterst\u00fctzt wurden. Bord Bia war das ganze Jahr \u00fcber Gastgeber f\u00fcr Molkereilieferanten und -kunden mit Aktivit\u00e4ten wie Handelsmessen, Handelsmissionen, Studienbesuchen im Inland und Marktstudienbesuchen.\u00a0 <\/span><span data-ccp-props=\"{&quot;134233117&quot;:false,&quot;134233118&quot;:false,&quot;201341983&quot;:0,&quot;335551550&quot;:6,&quot;335551620&quot;:6,&quot;335559738&quot;:0,&quot;335559739&quot;:0,&quot;335559740&quot;:240}\">\u00a0<\/span><\/p>\n<p style=\"text-align: left;\"><span data-contrast=\"none\">F\u00fcr weitere Informationen \u00fcber irische Molkereiprodukte oder um mit einem f\u00fchrenden Milchlieferanten in Kontakt zu treten, wenden Sie sich bitte an das Molkerei-Team von Bord Bia unter <a href=\"mailto:dairy@bordbia.ie\">dairy@bordbia.ie<\/a> oder an Ihr \u00f6rtliches Bord Bia-B\u00fcro unter <a href=\"mailto:infogermany@bordbia.ie\">infogermany@bordbia.ie<\/a>.<\/span><span data-ccp-props=\"{&quot;134233117&quot;:false,&quot;134233118&quot;:false,&quot;201341983&quot;:0,&quot;335551550&quot;:6,&quot;335551620&quot;:6,&quot;335559738&quot;:0,&quot;335559739&quot;:0,&quot;335559740&quot;:240}\">\u00a0<\/span><\/p>\n","protected":false},"excerpt":{"rendered":"<p>2022 war ein starkes Jahr f\u00fcr die irische Milchwirtschaft mit Rekordpreisen und einer stabilen Milchproduktion im Vergleich zum Vorjahr. Dieser Produktion steht eine au\u00dfergew\u00f6hnliche irische Milcherzeugungssaison im Jahr 2021 und ein globaler R\u00fcckgang der Milcherzeugung im Jahr 2022 gegen\u00fcber. Die kombinierte Milcherzeugung der &#8216;Big-Five&#8217; (EU, Neuseeland, Australien, USA, Argentinien) blieb bis Ende September um 0,7 [&hellip;]<\/p>\n","protected":false},"author":22,"featured_media":0,"parent":0,"menu_order":0,"comment_status":"closed","ping_status":"closed","template":"","meta":{"_acf_changed":false,"inline_featured_image":false,"footnotes":""},"class_list":["post-31380","page","type-page","status-publish","hentry"],"acf":[],"yoast_head":"<!-- This site is optimized with the Yoast SEO plugin v27.3 - https:\/\/yoast.com\/product\/yoast-seo-wordpress\/ -->\n<title>Rekordjahr f\u00fcr irische Molkereien - Irish Food &amp; Drink<\/title>\n<meta name=\"robots\" content=\"index, follow, max-snippet:-1, max-image-preview:large, max-video-preview:-1\" \/>\n<link rel=\"canonical\" href=\"https:\/\/www.irishfoodanddrink.com\/de\/rekordjahr-fuer-irische-molkereien\/\" \/>\n<meta property=\"og:locale\" content=\"de_DE\" \/>\n<meta property=\"og:type\" content=\"article\" \/>\n<meta property=\"og:title\" content=\"Rekordjahr f\u00fcr irische Molkereien - Irish Food &amp; Drink\" \/>\n<meta property=\"og:description\" content=\"2022 war ein starkes Jahr f\u00fcr die irische Milchwirtschaft mit Rekordpreisen und einer stabilen Milchproduktion im Vergleich zum Vorjahr. Dieser Produktion steht eine au\u00dfergew\u00f6hnliche irische Milcherzeugungssaison im Jahr 2021 und ein globaler R\u00fcckgang der Milcherzeugung im Jahr 2022 gegen\u00fcber. Die kombinierte Milcherzeugung der &#8216;Big-Five&#8217; (EU, Neuseeland, Australien, USA, Argentinien) blieb bis Ende September um 0,7 [&hellip;]\" \/>\n<meta property=\"og:url\" content=\"https:\/\/www.irishfoodanddrink.com\/de\/rekordjahr-fuer-irische-molkereien\/\" \/>\n<meta property=\"og:site_name\" content=\"Irish Food &amp; Drink\" \/>\n<meta property=\"og:image\" content=\"https:\/\/www.irishfoodanddrink.com\/wp-content\/uploads\/2020\/12\/Small-homepage-image-339-x-226-min.jpg\" \/>\n\t<meta property=\"og:image:width\" content=\"339\" \/>\n\t<meta property=\"og:image:height\" content=\"226\" \/>\n\t<meta property=\"og:image:type\" content=\"image\/jpeg\" \/>\n<meta name=\"twitter:card\" content=\"summary_large_image\" \/>\n<meta name=\"twitter:label1\" content=\"Est. reading time\" \/>\n\t<meta name=\"twitter:data1\" content=\"2 minutes\" \/>\n<script type=\"application\/ld+json\" class=\"yoast-schema-graph\">{\"@context\":\"https:\\\/\\\/schema.org\",\"@graph\":[{\"@type\":\"WebPage\",\"@id\":\"https:\\\/\\\/www.irishfoodanddrink.com\\\/de\\\/rekordjahr-fuer-irische-molkereien\\\/\",\"url\":\"https:\\\/\\\/www.irishfoodanddrink.com\\\/de\\\/rekordjahr-fuer-irische-molkereien\\\/\",\"name\":\"Rekordjahr f\u00fcr irische Molkereien - Irish Food &amp; Drink\",\"isPartOf\":{\"@id\":\"https:\\\/\\\/www.irishfoodanddrink.com\\\/de\\\/#website\"},\"datePublished\":\"2022-12-15T17:43:42+00:00\",\"breadcrumb\":{\"@id\":\"https:\\\/\\\/www.irishfoodanddrink.com\\\/de\\\/rekordjahr-fuer-irische-molkereien\\\/#breadcrumb\"},\"inLanguage\":\"de-DE\",\"potentialAction\":[{\"@type\":\"ReadAction\",\"target\":[\"https:\\\/\\\/www.irishfoodanddrink.com\\\/de\\\/rekordjahr-fuer-irische-molkereien\\\/\"]}]},{\"@type\":\"BreadcrumbList\",\"@id\":\"https:\\\/\\\/www.irishfoodanddrink.com\\\/de\\\/rekordjahr-fuer-irische-molkereien\\\/#breadcrumb\",\"itemListElement\":[{\"@type\":\"ListItem\",\"position\":1,\"name\":\"Home\",\"item\":\"https:\\\/\\\/www.irishfoodanddrink.com\\\/de\\\/\"},{\"@type\":\"ListItem\",\"position\":2,\"name\":\"Rekordjahr f\u00fcr irische Molkereien\"}]},{\"@type\":\"WebSite\",\"@id\":\"https:\\\/\\\/www.irishfoodanddrink.com\\\/de\\\/#website\",\"url\":\"https:\\\/\\\/www.irishfoodanddrink.com\\\/de\\\/\",\"name\":\"Irish Food &amp; Drink\",\"description\":\"Helping you source food and drink from Irish suppliers\",\"potentialAction\":[{\"@type\":\"SearchAction\",\"target\":{\"@type\":\"EntryPoint\",\"urlTemplate\":\"https:\\\/\\\/www.irishfoodanddrink.com\\\/de\\\/?s={search_term_string}\"},\"query-input\":{\"@type\":\"PropertyValueSpecification\",\"valueRequired\":true,\"valueName\":\"search_term_string\"}}],\"inLanguage\":\"de-DE\"}]}<\/script>\n<!-- \/ Yoast SEO plugin. -->","yoast_head_json":{"title":"Rekordjahr f\u00fcr irische Molkereien - Irish Food &amp; Drink","robots":{"index":"index","follow":"follow","max-snippet":"max-snippet:-1","max-image-preview":"max-image-preview:large","max-video-preview":"max-video-preview:-1"},"canonical":"https:\/\/www.irishfoodanddrink.com\/de\/rekordjahr-fuer-irische-molkereien\/","og_locale":"de_DE","og_type":"article","og_title":"Rekordjahr f\u00fcr irische Molkereien - Irish Food &amp; Drink","og_description":"2022 war ein starkes Jahr f\u00fcr die irische Milchwirtschaft mit Rekordpreisen und einer stabilen Milchproduktion im Vergleich zum Vorjahr. Dieser Produktion steht eine au\u00dfergew\u00f6hnliche irische Milcherzeugungssaison im Jahr 2021 und ein globaler R\u00fcckgang der Milcherzeugung im Jahr 2022 gegen\u00fcber. Die kombinierte Milcherzeugung der &#8216;Big-Five&#8217; (EU, Neuseeland, Australien, USA, Argentinien) blieb bis Ende September um 0,7 [&hellip;]","og_url":"https:\/\/www.irishfoodanddrink.com\/de\/rekordjahr-fuer-irische-molkereien\/","og_site_name":"Irish Food &amp; Drink","og_image":[{"width":339,"height":226,"url":"https:\/\/www.irishfoodanddrink.com\/wp-content\/uploads\/2020\/12\/Small-homepage-image-339-x-226-min.jpg","type":"image\/jpeg"}],"twitter_card":"summary_large_image","twitter_misc":{"Est. reading time":"2 minutes"},"schema":{"@context":"https:\/\/schema.org","@graph":[{"@type":"WebPage","@id":"https:\/\/www.irishfoodanddrink.com\/de\/rekordjahr-fuer-irische-molkereien\/","url":"https:\/\/www.irishfoodanddrink.com\/de\/rekordjahr-fuer-irische-molkereien\/","name":"Rekordjahr f\u00fcr irische Molkereien - Irish Food &amp; Drink","isPartOf":{"@id":"https:\/\/www.irishfoodanddrink.com\/de\/#website"},"datePublished":"2022-12-15T17:43:42+00:00","breadcrumb":{"@id":"https:\/\/www.irishfoodanddrink.com\/de\/rekordjahr-fuer-irische-molkereien\/#breadcrumb"},"inLanguage":"de-DE","potentialAction":[{"@type":"ReadAction","target":["https:\/\/www.irishfoodanddrink.com\/de\/rekordjahr-fuer-irische-molkereien\/"]}]},{"@type":"BreadcrumbList","@id":"https:\/\/www.irishfoodanddrink.com\/de\/rekordjahr-fuer-irische-molkereien\/#breadcrumb","itemListElement":[{"@type":"ListItem","position":1,"name":"Home","item":"https:\/\/www.irishfoodanddrink.com\/de\/"},{"@type":"ListItem","position":2,"name":"Rekordjahr f\u00fcr irische Molkereien"}]},{"@type":"WebSite","@id":"https:\/\/www.irishfoodanddrink.com\/de\/#website","url":"https:\/\/www.irishfoodanddrink.com\/de\/","name":"Irish Food &amp; Drink","description":"Helping you source food and drink from Irish suppliers","potentialAction":[{"@type":"SearchAction","target":{"@type":"EntryPoint","urlTemplate":"https:\/\/www.irishfoodanddrink.com\/de\/?s={search_term_string}"},"query-input":{"@type":"PropertyValueSpecification","valueRequired":true,"valueName":"search_term_string"}}],"inLanguage":"de-DE"}]}},"_links":{"self":[{"href":"https:\/\/www.irishfoodanddrink.com\/de\/wp-json\/wp\/v2\/pages\/31380","targetHints":{"allow":["GET"]}}],"collection":[{"href":"https:\/\/www.irishfoodanddrink.com\/de\/wp-json\/wp\/v2\/pages"}],"about":[{"href":"https:\/\/www.irishfoodanddrink.com\/de\/wp-json\/wp\/v2\/types\/page"}],"author":[{"embeddable":true,"href":"https:\/\/www.irishfoodanddrink.com\/de\/wp-json\/wp\/v2\/users\/22"}],"replies":[{"embeddable":true,"href":"https:\/\/www.irishfoodanddrink.com\/de\/wp-json\/wp\/v2\/comments?post=31380"}],"version-history":[{"count":2,"href":"https:\/\/www.irishfoodanddrink.com\/de\/wp-json\/wp\/v2\/pages\/31380\/revisions"}],"predecessor-version":[{"id":31382,"href":"https:\/\/www.irishfoodanddrink.com\/de\/wp-json\/wp\/v2\/pages\/31380\/revisions\/31382"}],"wp:attachment":[{"href":"https:\/\/www.irishfoodanddrink.com\/de\/wp-json\/wp\/v2\/media?parent=31380"}],"curies":[{"name":"wp","href":"https:\/\/api.w.org\/{rel}","templated":true}]}}