{"id":31383,"date":"2022-12-15T17:50:02","date_gmt":"2022-12-15T17:50:02","guid":{"rendered":"https:\/\/www.irishfoodanddrink.com\/?page_id=31383"},"modified":"2022-12-15T17:50:02","modified_gmt":"2022-12-15T17:50:02","slug":"im-geiste-von-weihnachten","status":"publish","type":"page","link":"https:\/\/www.irishfoodanddrink.com\/de\/im-geiste-von-weihnachten\/","title":{"rendered":"Im Geiste von Weihnachten"},"content":{"rendered":"<p><span data-contrast=\"none\">Irlands Whiskey ist international f\u00fcr seine bemerkenswerte Verbindung von Tradition und Innovation bekannt. In den letzten zwei Jahrzehnten haben eine Reihe aufregender neuer Destillerien &#8211; neben einigen der weltweit \u00e4ltesten &#8211; Irland zu einem Ort der Entdeckung f\u00fcr diejenigen gemacht, die den leichteren, sanfteren Geschmack und die subtilen Aromen dreifach destillierten Whiskys genie\u00dfen.<\/span><span data-ccp-props=\"{&quot;201341983&quot;:0,&quot;335551550&quot;:6,&quot;335551620&quot;:6,&quot;335559739&quot;:160,&quot;335559740&quot;:259}\">\u00a0<\/span><\/p>\n<p><span data-contrast=\"none\">Um den Erfolg des irischen Whiskeys in Nordamerika, der EU und dar\u00fcber hinaus hervorzuheben, hat Bord Bia \u201cThe Spirit of Ireland\u201d ins Leben gerufen. Dies ist\u00a0eine interaktive Veranstaltung, die sich an Fachleute aus der Branche richtet &#8211; von den staatlichen Alkoholbeh\u00f6rden bis hin zu Barkeepern, Mixologen und dem Fachpersonal von Spirituosenabteilungen im Supermarkt.\u00a0 <\/span><span data-ccp-props=\"{&quot;201341983&quot;:0,&quot;335551550&quot;:6,&quot;335551620&quot;:6,&quot;335559739&quot;:160,&quot;335559740&quot;:259}\">\u00a0<\/span><\/p>\n<p><span data-contrast=\"none\">Dieses zweist\u00fcndige Erlebnis erweckt die Geschichte der irischen Spirituosen zum Leben. Unter der Leitung eines Branchenexperten unternehmen Sie eine Virtual-Reality-Tour durch einige der ber\u00fchmtesten Brennereien Irlands, lernen die vier verschiedenen Stile des irischen Whiskeys kennen und genie\u00dfen mit mehreren Sinnen eine unverwechselbare Sensorik.\u00a0 <\/span><span data-ccp-props=\"{&quot;201341983&quot;:0,&quot;335551550&quot;:6,&quot;335551620&quot;:6,&quot;335559739&quot;:160,&quot;335559740&quot;:259}\">\u00a0<\/span><\/p>\n<p><span data-contrast=\"none\">Bislang hat Spirit of Ireland Deutschland, Frankreich, Kanada und die USA erreicht. Wenn Sie ein gro\u00dfes Spirituosenunternehmen sind und sich an unseren Pl\u00e4nen zum Ausbau dieses Programms im Jahr 2023 beteiligen m\u00f6chten, wenden Sie sich bitte an <a href=\"mailto:infogermany@bordbia.ie\">infogermany@bordbia.ie<\/a> in Ihrem \u00f6rtlichen Bord Bia-B\u00fcro.<\/span><span data-ccp-props=\"{&quot;201341983&quot;:0,&quot;335551550&quot;:6,&quot;335551620&quot;:6,&quot;335559739&quot;:160,&quot;335559740&quot;:259}\">\u00a0<\/span><\/p>\n","protected":false},"excerpt":{"rendered":"<p>Irlands Whiskey ist international f\u00fcr seine bemerkenswerte Verbindung von Tradition und Innovation bekannt. In den letzten zwei Jahrzehnten haben eine Reihe aufregender neuer Destillerien &#8211; neben einigen der weltweit \u00e4ltesten &#8211; Irland zu einem Ort der Entdeckung f\u00fcr diejenigen gemacht, die den leichteren, sanfteren Geschmack und die subtilen Aromen dreifach destillierten Whiskys genie\u00dfen.\u00a0 Um den [&hellip;]<\/p>\n","protected":false},"author":22,"featured_media":0,"parent":0,"menu_order":0,"comment_status":"closed","ping_status":"closed","template":"","meta":{"_acf_changed":false,"inline_featured_image":false,"footnotes":""},"class_list":["post-31383","page","type-page","status-publish","hentry"],"acf":[],"yoast_head":"<!-- This site is optimized with the Yoast SEO plugin v27.3 - https:\/\/yoast.com\/product\/yoast-seo-wordpress\/ -->\n<title>Im Geiste von Weihnachten - Irish Food &amp; Drink<\/title>\n<meta name=\"robots\" content=\"index, follow, max-snippet:-1, max-image-preview:large, max-video-preview:-1\" \/>\n<link rel=\"canonical\" href=\"https:\/\/www.irishfoodanddrink.com\/de\/im-geiste-von-weihnachten\/\" \/>\n<meta property=\"og:locale\" content=\"de_DE\" \/>\n<meta property=\"og:type\" content=\"article\" \/>\n<meta property=\"og:title\" content=\"Im Geiste von Weihnachten - Irish Food &amp; Drink\" \/>\n<meta property=\"og:description\" content=\"Irlands Whiskey ist international f\u00fcr seine bemerkenswerte Verbindung von Tradition und Innovation bekannt. In den letzten zwei Jahrzehnten haben eine Reihe aufregender neuer Destillerien &#8211; neben einigen der weltweit \u00e4ltesten &#8211; Irland zu einem Ort der Entdeckung f\u00fcr diejenigen gemacht, die den leichteren, sanfteren Geschmack und die subtilen Aromen dreifach destillierten Whiskys genie\u00dfen.\u00a0 Um den [&hellip;]\" \/>\n<meta property=\"og:url\" content=\"https:\/\/www.irishfoodanddrink.com\/de\/im-geiste-von-weihnachten\/\" \/>\n<meta property=\"og:site_name\" content=\"Irish Food &amp; Drink\" \/>\n<meta property=\"og:image\" content=\"https:\/\/www.irishfoodanddrink.com\/wp-content\/uploads\/2020\/12\/Small-homepage-image-339-x-226-min.jpg\" \/>\n\t<meta property=\"og:image:width\" content=\"339\" \/>\n\t<meta property=\"og:image:height\" content=\"226\" \/>\n\t<meta property=\"og:image:type\" content=\"image\/jpeg\" \/>\n<meta name=\"twitter:card\" content=\"summary_large_image\" \/>\n<meta name=\"twitter:label1\" content=\"Est. reading time\" \/>\n\t<meta name=\"twitter:data1\" content=\"1 minute\" \/>\n<script type=\"application\/ld+json\" class=\"yoast-schema-graph\">{\"@context\":\"https:\\\/\\\/schema.org\",\"@graph\":[{\"@type\":\"WebPage\",\"@id\":\"https:\\\/\\\/www.irishfoodanddrink.com\\\/de\\\/im-geiste-von-weihnachten\\\/\",\"url\":\"https:\\\/\\\/www.irishfoodanddrink.com\\\/de\\\/im-geiste-von-weihnachten\\\/\",\"name\":\"Im Geiste von Weihnachten - Irish Food &amp; Drink\",\"isPartOf\":{\"@id\":\"https:\\\/\\\/www.irishfoodanddrink.com\\\/de\\\/#website\"},\"datePublished\":\"2022-12-15T17:50:02+00:00\",\"breadcrumb\":{\"@id\":\"https:\\\/\\\/www.irishfoodanddrink.com\\\/de\\\/im-geiste-von-weihnachten\\\/#breadcrumb\"},\"inLanguage\":\"de-DE\",\"potentialAction\":[{\"@type\":\"ReadAction\",\"target\":[\"https:\\\/\\\/www.irishfoodanddrink.com\\\/de\\\/im-geiste-von-weihnachten\\\/\"]}]},{\"@type\":\"BreadcrumbList\",\"@id\":\"https:\\\/\\\/www.irishfoodanddrink.com\\\/de\\\/im-geiste-von-weihnachten\\\/#breadcrumb\",\"itemListElement\":[{\"@type\":\"ListItem\",\"position\":1,\"name\":\"Home\",\"item\":\"https:\\\/\\\/www.irishfoodanddrink.com\\\/de\\\/\"},{\"@type\":\"ListItem\",\"position\":2,\"name\":\"Im Geiste von Weihnachten\"}]},{\"@type\":\"WebSite\",\"@id\":\"https:\\\/\\\/www.irishfoodanddrink.com\\\/de\\\/#website\",\"url\":\"https:\\\/\\\/www.irishfoodanddrink.com\\\/de\\\/\",\"name\":\"Irish Food &amp; Drink\",\"description\":\"Helping you source food and drink from Irish suppliers\",\"potentialAction\":[{\"@type\":\"SearchAction\",\"target\":{\"@type\":\"EntryPoint\",\"urlTemplate\":\"https:\\\/\\\/www.irishfoodanddrink.com\\\/de\\\/?s={search_term_string}\"},\"query-input\":{\"@type\":\"PropertyValueSpecification\",\"valueRequired\":true,\"valueName\":\"search_term_string\"}}],\"inLanguage\":\"de-DE\"}]}<\/script>\n<!-- \/ Yoast SEO plugin. -->","yoast_head_json":{"title":"Im Geiste von Weihnachten - Irish Food &amp; Drink","robots":{"index":"index","follow":"follow","max-snippet":"max-snippet:-1","max-image-preview":"max-image-preview:large","max-video-preview":"max-video-preview:-1"},"canonical":"https:\/\/www.irishfoodanddrink.com\/de\/im-geiste-von-weihnachten\/","og_locale":"de_DE","og_type":"article","og_title":"Im Geiste von Weihnachten - Irish Food &amp; Drink","og_description":"Irlands Whiskey ist international f\u00fcr seine bemerkenswerte Verbindung von Tradition und Innovation bekannt. In den letzten zwei Jahrzehnten haben eine Reihe aufregender neuer Destillerien &#8211; neben einigen der weltweit \u00e4ltesten &#8211; Irland zu einem Ort der Entdeckung f\u00fcr diejenigen gemacht, die den leichteren, sanfteren Geschmack und die subtilen Aromen dreifach destillierten Whiskys genie\u00dfen.\u00a0 Um den [&hellip;]","og_url":"https:\/\/www.irishfoodanddrink.com\/de\/im-geiste-von-weihnachten\/","og_site_name":"Irish Food &amp; Drink","og_image":[{"width":339,"height":226,"url":"https:\/\/www.irishfoodanddrink.com\/wp-content\/uploads\/2020\/12\/Small-homepage-image-339-x-226-min.jpg","type":"image\/jpeg"}],"twitter_card":"summary_large_image","twitter_misc":{"Est. reading time":"1 minute"},"schema":{"@context":"https:\/\/schema.org","@graph":[{"@type":"WebPage","@id":"https:\/\/www.irishfoodanddrink.com\/de\/im-geiste-von-weihnachten\/","url":"https:\/\/www.irishfoodanddrink.com\/de\/im-geiste-von-weihnachten\/","name":"Im Geiste von Weihnachten - Irish Food &amp; Drink","isPartOf":{"@id":"https:\/\/www.irishfoodanddrink.com\/de\/#website"},"datePublished":"2022-12-15T17:50:02+00:00","breadcrumb":{"@id":"https:\/\/www.irishfoodanddrink.com\/de\/im-geiste-von-weihnachten\/#breadcrumb"},"inLanguage":"de-DE","potentialAction":[{"@type":"ReadAction","target":["https:\/\/www.irishfoodanddrink.com\/de\/im-geiste-von-weihnachten\/"]}]},{"@type":"BreadcrumbList","@id":"https:\/\/www.irishfoodanddrink.com\/de\/im-geiste-von-weihnachten\/#breadcrumb","itemListElement":[{"@type":"ListItem","position":1,"name":"Home","item":"https:\/\/www.irishfoodanddrink.com\/de\/"},{"@type":"ListItem","position":2,"name":"Im Geiste von Weihnachten"}]},{"@type":"WebSite","@id":"https:\/\/www.irishfoodanddrink.com\/de\/#website","url":"https:\/\/www.irishfoodanddrink.com\/de\/","name":"Irish Food &amp; Drink","description":"Helping you source food and drink from Irish suppliers","potentialAction":[{"@type":"SearchAction","target":{"@type":"EntryPoint","urlTemplate":"https:\/\/www.irishfoodanddrink.com\/de\/?s={search_term_string}"},"query-input":{"@type":"PropertyValueSpecification","valueRequired":true,"valueName":"search_term_string"}}],"inLanguage":"de-DE"}]}},"_links":{"self":[{"href":"https:\/\/www.irishfoodanddrink.com\/de\/wp-json\/wp\/v2\/pages\/31383","targetHints":{"allow":["GET"]}}],"collection":[{"href":"https:\/\/www.irishfoodanddrink.com\/de\/wp-json\/wp\/v2\/pages"}],"about":[{"href":"https:\/\/www.irishfoodanddrink.com\/de\/wp-json\/wp\/v2\/types\/page"}],"author":[{"embeddable":true,"href":"https:\/\/www.irishfoodanddrink.com\/de\/wp-json\/wp\/v2\/users\/22"}],"replies":[{"embeddable":true,"href":"https:\/\/www.irishfoodanddrink.com\/de\/wp-json\/wp\/v2\/comments?post=31383"}],"version-history":[{"count":2,"href":"https:\/\/www.irishfoodanddrink.com\/de\/wp-json\/wp\/v2\/pages\/31383\/revisions"}],"predecessor-version":[{"id":31385,"href":"https:\/\/www.irishfoodanddrink.com\/de\/wp-json\/wp\/v2\/pages\/31383\/revisions\/31385"}],"wp:attachment":[{"href":"https:\/\/www.irishfoodanddrink.com\/de\/wp-json\/wp\/v2\/media?parent=31383"}],"curies":[{"name":"wp","href":"https:\/\/api.w.org\/{rel}","templated":true}]}}