{"id":41415,"date":"2025-10-21T10:01:06","date_gmt":"2025-10-21T10:01:06","guid":{"rendered":"https:\/\/www.irishfoodanddrink.com\/?page_id=41415"},"modified":"2025-10-21T10:07:07","modified_gmt":"2025-10-21T10:07:07","slug":"bio-lachs-aus-irland","status":"publish","type":"page","link":"https:\/\/www.irishfoodanddrink.com\/de\/bio-lachs-aus-irland\/","title":{"rendered":"Irischer Bio-Lachs\u00a0"},"content":{"rendered":"","protected":false},"excerpt":{"rendered":"","protected":false},"author":13,"featured_media":0,"parent":0,"menu_order":0,"comment_status":"closed","ping_status":"closed","template":"page-templates\/landing-page.php","meta":{"_acf_changed":false,"inline_featured_image":false,"footnotes":""},"class_list":["post-41415","page","type-page","status-publish","hentry"],"acf":[],"yoast_head":"<!-- This site is optimized with the Yoast SEO plugin v27.1.1 - https:\/\/yoast.com\/product\/yoast-seo-wordpress\/ -->\n<title>Irischer Bio-Lachs \u2013 Nachhaltig gez\u00fcchtet an der Atlantikk\u00fcste<\/title>\n<meta name=\"description\" content=\"Entdecken Sie irischen Bio-Lachs: 100 % zertifiziert, in klaren Atlantik-Gew\u00e4ssern gez\u00fcchtet, reich an Omega-3 &amp; Proteinen. Beste Qualit\u00e4t direkt aus Irland.\" \/>\n<meta name=\"robots\" content=\"index, follow, max-snippet:-1, max-image-preview:large, max-video-preview:-1\" \/>\n<link rel=\"canonical\" href=\"https:\/\/www.irishfoodanddrink.com\/de\/bio-lachs-aus-irland\/\" \/>\n<meta property=\"og:locale\" content=\"de_DE\" \/>\n<meta property=\"og:type\" content=\"article\" \/>\n<meta property=\"og:title\" content=\"Irischer Bio-Lachs \u2013 Nachhaltig gez\u00fcchtet an der Atlantikk\u00fcste\" \/>\n<meta property=\"og:description\" content=\"Entdecken Sie irischen Bio-Lachs: 100 % zertifiziert, in klaren Atlantik-Gew\u00e4ssern gez\u00fcchtet, reich an Omega-3 &amp; Proteinen. Beste Qualit\u00e4t direkt aus Irland.\" \/>\n<meta property=\"og:url\" content=\"https:\/\/www.irishfoodanddrink.com\/de\/bio-lachs-aus-irland\/\" \/>\n<meta property=\"og:site_name\" content=\"Irish Food &amp; Drink\" \/>\n<meta property=\"article:modified_time\" content=\"2025-10-21T10:07:07+00:00\" \/>\n<meta property=\"og:image\" content=\"https:\/\/www.irishfoodanddrink.com\/wp-content\/uploads\/2020\/12\/Small-homepage-image-339-x-226-min.jpg\" \/>\n\t<meta property=\"og:image:width\" content=\"339\" \/>\n\t<meta property=\"og:image:height\" content=\"226\" \/>\n\t<meta property=\"og:image:type\" content=\"image\/jpeg\" \/>\n<meta name=\"twitter:card\" content=\"summary_large_image\" \/>\n<script type=\"application\/ld+json\" class=\"yoast-schema-graph\">{\"@context\":\"https:\/\/schema.org\",\"@graph\":[{\"@type\":\"WebPage\",\"@id\":\"https:\/\/www.irishfoodanddrink.com\/de\/bio-lachs-aus-irland\/\",\"url\":\"https:\/\/www.irishfoodanddrink.com\/de\/bio-lachs-aus-irland\/\",\"name\":\"Irischer Bio-Lachs \u2013 Nachhaltig gez\u00fcchtet an der Atlantikk\u00fcste\",\"isPartOf\":{\"@id\":\"https:\/\/www.irishfoodanddrink.com\/de\/#website\"},\"datePublished\":\"2025-10-21T10:01:06+00:00\",\"dateModified\":\"2025-10-21T10:07:07+00:00\",\"description\":\"Entdecken Sie irischen Bio-Lachs: 100 % zertifiziert, in klaren Atlantik-Gew\u00e4ssern gez\u00fcchtet, reich an Omega-3 & Proteinen. Beste Qualit\u00e4t direkt aus Irland.\",\"breadcrumb\":{\"@id\":\"https:\/\/www.irishfoodanddrink.com\/de\/bio-lachs-aus-irland\/#breadcrumb\"},\"inLanguage\":\"de-DE\",\"potentialAction\":[{\"@type\":\"ReadAction\",\"target\":[\"https:\/\/www.irishfoodanddrink.com\/de\/bio-lachs-aus-irland\/\"]}]},{\"@type\":\"BreadcrumbList\",\"@id\":\"https:\/\/www.irishfoodanddrink.com\/de\/bio-lachs-aus-irland\/#breadcrumb\",\"itemListElement\":[{\"@type\":\"ListItem\",\"position\":1,\"name\":\"Home\",\"item\":\"https:\/\/www.irishfoodanddrink.com\/de\/\"},{\"@type\":\"ListItem\",\"position\":2,\"name\":\"Irischer Bio-Lachs\u00a0\"}]},{\"@type\":\"WebSite\",\"@id\":\"https:\/\/www.irishfoodanddrink.com\/de\/#website\",\"url\":\"https:\/\/www.irishfoodanddrink.com\/de\/\",\"name\":\"Irish Food &amp; Drink\",\"description\":\"Helping you source food and drink from Irish suppliers\",\"potentialAction\":[{\"@type\":\"SearchAction\",\"target\":{\"@type\":\"EntryPoint\",\"urlTemplate\":\"https:\/\/www.irishfoodanddrink.com\/de\/?s={search_term_string}\"},\"query-input\":{\"@type\":\"PropertyValueSpecification\",\"valueRequired\":true,\"valueName\":\"search_term_string\"}}],\"inLanguage\":\"de-DE\"}]}<\/script>\n<!-- \/ Yoast SEO plugin. -->","yoast_head_json":{"title":"Irischer Bio-Lachs \u2013 Nachhaltig gez\u00fcchtet an der Atlantikk\u00fcste","description":"Entdecken Sie irischen Bio-Lachs: 100 % zertifiziert, in klaren Atlantik-Gew\u00e4ssern gez\u00fcchtet, reich an Omega-3 & Proteinen. Beste Qualit\u00e4t direkt aus Irland.","robots":{"index":"index","follow":"follow","max-snippet":"max-snippet:-1","max-image-preview":"max-image-preview:large","max-video-preview":"max-video-preview:-1"},"canonical":"https:\/\/www.irishfoodanddrink.com\/de\/bio-lachs-aus-irland\/","og_locale":"de_DE","og_type":"article","og_title":"Irischer Bio-Lachs \u2013 Nachhaltig gez\u00fcchtet an der Atlantikk\u00fcste","og_description":"Entdecken Sie irischen Bio-Lachs: 100 % zertifiziert, in klaren Atlantik-Gew\u00e4ssern gez\u00fcchtet, reich an Omega-3 & Proteinen. Beste Qualit\u00e4t direkt aus Irland.","og_url":"https:\/\/www.irishfoodanddrink.com\/de\/bio-lachs-aus-irland\/","og_site_name":"Irish Food &amp; Drink","article_modified_time":"2025-10-21T10:07:07+00:00","og_image":[{"width":339,"height":226,"url":"https:\/\/www.irishfoodanddrink.com\/wp-content\/uploads\/2020\/12\/Small-homepage-image-339-x-226-min.jpg","type":"image\/jpeg"}],"twitter_card":"summary_large_image","schema":{"@context":"https:\/\/schema.org","@graph":[{"@type":"WebPage","@id":"https:\/\/www.irishfoodanddrink.com\/de\/bio-lachs-aus-irland\/","url":"https:\/\/www.irishfoodanddrink.com\/de\/bio-lachs-aus-irland\/","name":"Irischer Bio-Lachs \u2013 Nachhaltig gez\u00fcchtet an der Atlantikk\u00fcste","isPartOf":{"@id":"https:\/\/www.irishfoodanddrink.com\/de\/#website"},"datePublished":"2025-10-21T10:01:06+00:00","dateModified":"2025-10-21T10:07:07+00:00","description":"Entdecken Sie irischen Bio-Lachs: 100 % zertifiziert, in klaren Atlantik-Gew\u00e4ssern gez\u00fcchtet, reich an Omega-3 & Proteinen. Beste Qualit\u00e4t direkt aus Irland.","breadcrumb":{"@id":"https:\/\/www.irishfoodanddrink.com\/de\/bio-lachs-aus-irland\/#breadcrumb"},"inLanguage":"de-DE","potentialAction":[{"@type":"ReadAction","target":["https:\/\/www.irishfoodanddrink.com\/de\/bio-lachs-aus-irland\/"]}]},{"@type":"BreadcrumbList","@id":"https:\/\/www.irishfoodanddrink.com\/de\/bio-lachs-aus-irland\/#breadcrumb","itemListElement":[{"@type":"ListItem","position":1,"name":"Home","item":"https:\/\/www.irishfoodanddrink.com\/de\/"},{"@type":"ListItem","position":2,"name":"Irischer Bio-Lachs\u00a0"}]},{"@type":"WebSite","@id":"https:\/\/www.irishfoodanddrink.com\/de\/#website","url":"https:\/\/www.irishfoodanddrink.com\/de\/","name":"Irish Food &amp; Drink","description":"Helping you source food and drink from Irish suppliers","potentialAction":[{"@type":"SearchAction","target":{"@type":"EntryPoint","urlTemplate":"https:\/\/www.irishfoodanddrink.com\/de\/?s={search_term_string}"},"query-input":{"@type":"PropertyValueSpecification","valueRequired":true,"valueName":"search_term_string"}}],"inLanguage":"de-DE"}]}},"_links":{"self":[{"href":"https:\/\/www.irishfoodanddrink.com\/de\/wp-json\/wp\/v2\/pages\/41415","targetHints":{"allow":["GET"]}}],"collection":[{"href":"https:\/\/www.irishfoodanddrink.com\/de\/wp-json\/wp\/v2\/pages"}],"about":[{"href":"https:\/\/www.irishfoodanddrink.com\/de\/wp-json\/wp\/v2\/types\/page"}],"author":[{"embeddable":true,"href":"https:\/\/www.irishfoodanddrink.com\/de\/wp-json\/wp\/v2\/users\/13"}],"replies":[{"embeddable":true,"href":"https:\/\/www.irishfoodanddrink.com\/de\/wp-json\/wp\/v2\/comments?post=41415"}],"version-history":[{"count":1,"href":"https:\/\/www.irishfoodanddrink.com\/de\/wp-json\/wp\/v2\/pages\/41415\/revisions"}],"predecessor-version":[{"id":41422,"href":"https:\/\/www.irishfoodanddrink.com\/de\/wp-json\/wp\/v2\/pages\/41415\/revisions\/41422"}],"wp:attachment":[{"href":"https:\/\/www.irishfoodanddrink.com\/de\/wp-json\/wp\/v2\/media?parent=41415"}],"curies":[{"name":"wp","href":"https:\/\/api.w.org\/{rel}","templated":true}]}}