{"id":41439,"date":"2025-10-21T14:33:09","date_gmt":"2025-10-21T14:33:09","guid":{"rendered":"https:\/\/www.irishfoodanddrink.com\/?page_id=41439"},"modified":"2026-01-22T14:54:49","modified_gmt":"2026-01-22T14:54:49","slug":"frisches-irisches-lammfleisch","status":"publish","type":"page","link":"https:\/\/www.irishfoodanddrink.com\/de\/frisches-irisches-lammfleisch\/","title":{"rendered":"Frisches irisches Lammfleisch"},"content":{"rendered":"","protected":false},"excerpt":{"rendered":"","protected":false},"author":13,"featured_media":0,"parent":0,"menu_order":0,"comment_status":"closed","ping_status":"closed","template":"page-templates\/landing-page.php","meta":{"_acf_changed":false,"inline_featured_image":false,"footnotes":""},"class_list":["post-41439","page","type-page","status-publish","hentry"],"acf":[],"yoast_head":"<!-- This site is optimized with the Yoast SEO plugin v27.1.1 - https:\/\/yoast.com\/product\/yoast-seo-wordpress\/ -->\n<title>Frisches irisches Lammfleisch | Premiumlieferanten<\/title>\n<meta name=\"description\" content=\"Entdecken Sie irisches Lamm\u2014qualit\u00e4tsgesichert, r\u00fcckverfolgbar und f\u00fcr internationale M\u00e4rkte verf\u00fcgbar.\" \/>\n<meta name=\"robots\" content=\"index, follow, max-snippet:-1, max-image-preview:large, max-video-preview:-1\" \/>\n<link rel=\"canonical\" href=\"https:\/\/www.irishfoodanddrink.com\/de\/frisches-irisches-lammfleisch\/\" \/>\n<meta property=\"og:locale\" content=\"de_DE\" \/>\n<meta property=\"og:type\" content=\"article\" \/>\n<meta property=\"og:title\" content=\"Frisches irisches Lammfleisch | Premiumlieferanten\" \/>\n<meta property=\"og:description\" content=\"Entdecken Sie irisches Lamm\u2014qualit\u00e4tsgesichert, r\u00fcckverfolgbar und f\u00fcr internationale M\u00e4rkte verf\u00fcgbar.\" \/>\n<meta property=\"og:url\" content=\"https:\/\/www.irishfoodanddrink.com\/de\/frisches-irisches-lammfleisch\/\" \/>\n<meta property=\"og:site_name\" content=\"Irish Food &amp; Drink\" \/>\n<meta property=\"article:modified_time\" content=\"2026-01-22T14:54:49+00:00\" \/>\n<meta property=\"og:image\" content=\"https:\/\/www.irishfoodanddrink.com\/wp-content\/uploads\/2020\/12\/Small-homepage-image-339-x-226-min.jpg\" \/>\n\t<meta property=\"og:image:width\" content=\"339\" \/>\n\t<meta property=\"og:image:height\" content=\"226\" \/>\n\t<meta property=\"og:image:type\" content=\"image\/jpeg\" \/>\n<meta name=\"twitter:card\" content=\"summary_large_image\" \/>\n<script type=\"application\/ld+json\" class=\"yoast-schema-graph\">{\"@context\":\"https:\/\/schema.org\",\"@graph\":[{\"@type\":\"WebPage\",\"@id\":\"https:\/\/www.irishfoodanddrink.com\/de\/frisches-irisches-lammfleisch\/\",\"url\":\"https:\/\/www.irishfoodanddrink.com\/de\/frisches-irisches-lammfleisch\/\",\"name\":\"Frisches irisches Lammfleisch | Premiumlieferanten\",\"isPartOf\":{\"@id\":\"https:\/\/www.irishfoodanddrink.com\/de\/#website\"},\"datePublished\":\"2025-10-21T14:33:09+00:00\",\"dateModified\":\"2026-01-22T14:54:49+00:00\",\"description\":\"Entdecken Sie irisches Lamm\u2014qualit\u00e4tsgesichert, r\u00fcckverfolgbar und f\u00fcr internationale M\u00e4rkte verf\u00fcgbar.\",\"breadcrumb\":{\"@id\":\"https:\/\/www.irishfoodanddrink.com\/de\/frisches-irisches-lammfleisch\/#breadcrumb\"},\"inLanguage\":\"de-DE\",\"potentialAction\":[{\"@type\":\"ReadAction\",\"target\":[\"https:\/\/www.irishfoodanddrink.com\/de\/frisches-irisches-lammfleisch\/\"]}]},{\"@type\":\"BreadcrumbList\",\"@id\":\"https:\/\/www.irishfoodanddrink.com\/de\/frisches-irisches-lammfleisch\/#breadcrumb\",\"itemListElement\":[{\"@type\":\"ListItem\",\"position\":1,\"name\":\"Home\",\"item\":\"https:\/\/www.irishfoodanddrink.com\/de\/\"},{\"@type\":\"ListItem\",\"position\":2,\"name\":\"Frisches irisches Lammfleisch\"}]},{\"@type\":\"WebSite\",\"@id\":\"https:\/\/www.irishfoodanddrink.com\/de\/#website\",\"url\":\"https:\/\/www.irishfoodanddrink.com\/de\/\",\"name\":\"Irish Food &amp; Drink\",\"description\":\"Helping you source food and drink from Irish suppliers\",\"potentialAction\":[{\"@type\":\"SearchAction\",\"target\":{\"@type\":\"EntryPoint\",\"urlTemplate\":\"https:\/\/www.irishfoodanddrink.com\/de\/?s={search_term_string}\"},\"query-input\":{\"@type\":\"PropertyValueSpecification\",\"valueRequired\":true,\"valueName\":\"search_term_string\"}}],\"inLanguage\":\"de-DE\"}]}<\/script>\n<!-- \/ Yoast SEO plugin. -->","yoast_head_json":{"title":"Frisches irisches Lammfleisch | Premiumlieferanten","description":"Entdecken Sie irisches Lamm\u2014qualit\u00e4tsgesichert, r\u00fcckverfolgbar und f\u00fcr internationale M\u00e4rkte verf\u00fcgbar.","robots":{"index":"index","follow":"follow","max-snippet":"max-snippet:-1","max-image-preview":"max-image-preview:large","max-video-preview":"max-video-preview:-1"},"canonical":"https:\/\/www.irishfoodanddrink.com\/de\/frisches-irisches-lammfleisch\/","og_locale":"de_DE","og_type":"article","og_title":"Frisches irisches Lammfleisch | Premiumlieferanten","og_description":"Entdecken Sie irisches Lamm\u2014qualit\u00e4tsgesichert, r\u00fcckverfolgbar und f\u00fcr internationale M\u00e4rkte verf\u00fcgbar.","og_url":"https:\/\/www.irishfoodanddrink.com\/de\/frisches-irisches-lammfleisch\/","og_site_name":"Irish Food &amp; Drink","article_modified_time":"2026-01-22T14:54:49+00:00","og_image":[{"width":339,"height":226,"url":"https:\/\/www.irishfoodanddrink.com\/wp-content\/uploads\/2020\/12\/Small-homepage-image-339-x-226-min.jpg","type":"image\/jpeg"}],"twitter_card":"summary_large_image","schema":{"@context":"https:\/\/schema.org","@graph":[{"@type":"WebPage","@id":"https:\/\/www.irishfoodanddrink.com\/de\/frisches-irisches-lammfleisch\/","url":"https:\/\/www.irishfoodanddrink.com\/de\/frisches-irisches-lammfleisch\/","name":"Frisches irisches Lammfleisch | Premiumlieferanten","isPartOf":{"@id":"https:\/\/www.irishfoodanddrink.com\/de\/#website"},"datePublished":"2025-10-21T14:33:09+00:00","dateModified":"2026-01-22T14:54:49+00:00","description":"Entdecken Sie irisches Lamm\u2014qualit\u00e4tsgesichert, r\u00fcckverfolgbar und f\u00fcr internationale M\u00e4rkte verf\u00fcgbar.","breadcrumb":{"@id":"https:\/\/www.irishfoodanddrink.com\/de\/frisches-irisches-lammfleisch\/#breadcrumb"},"inLanguage":"de-DE","potentialAction":[{"@type":"ReadAction","target":["https:\/\/www.irishfoodanddrink.com\/de\/frisches-irisches-lammfleisch\/"]}]},{"@type":"BreadcrumbList","@id":"https:\/\/www.irishfoodanddrink.com\/de\/frisches-irisches-lammfleisch\/#breadcrumb","itemListElement":[{"@type":"ListItem","position":1,"name":"Home","item":"https:\/\/www.irishfoodanddrink.com\/de\/"},{"@type":"ListItem","position":2,"name":"Frisches irisches Lammfleisch"}]},{"@type":"WebSite","@id":"https:\/\/www.irishfoodanddrink.com\/de\/#website","url":"https:\/\/www.irishfoodanddrink.com\/de\/","name":"Irish Food &amp; Drink","description":"Helping you source food and drink from Irish suppliers","potentialAction":[{"@type":"SearchAction","target":{"@type":"EntryPoint","urlTemplate":"https:\/\/www.irishfoodanddrink.com\/de\/?s={search_term_string}"},"query-input":{"@type":"PropertyValueSpecification","valueRequired":true,"valueName":"search_term_string"}}],"inLanguage":"de-DE"}]}},"_links":{"self":[{"href":"https:\/\/www.irishfoodanddrink.com\/de\/wp-json\/wp\/v2\/pages\/41439","targetHints":{"allow":["GET"]}}],"collection":[{"href":"https:\/\/www.irishfoodanddrink.com\/de\/wp-json\/wp\/v2\/pages"}],"about":[{"href":"https:\/\/www.irishfoodanddrink.com\/de\/wp-json\/wp\/v2\/types\/page"}],"author":[{"embeddable":true,"href":"https:\/\/www.irishfoodanddrink.com\/de\/wp-json\/wp\/v2\/users\/13"}],"replies":[{"embeddable":true,"href":"https:\/\/www.irishfoodanddrink.com\/de\/wp-json\/wp\/v2\/comments?post=41439"}],"version-history":[{"count":2,"href":"https:\/\/www.irishfoodanddrink.com\/de\/wp-json\/wp\/v2\/pages\/41439\/revisions"}],"predecessor-version":[{"id":41442,"href":"https:\/\/www.irishfoodanddrink.com\/de\/wp-json\/wp\/v2\/pages\/41439\/revisions\/41442"}],"wp:attachment":[{"href":"https:\/\/www.irishfoodanddrink.com\/de\/wp-json\/wp\/v2\/media?parent=41439"}],"curies":[{"name":"wp","href":"https:\/\/api.w.org\/{rel}","templated":true}]}}