{"id":20199,"date":"2020-11-13T17:27:33","date_gmt":"2020-11-13T17:27:33","guid":{"rendered":"http:\/\/staging.irishfoodanddrink.com\/?page_id=20199"},"modified":"2026-02-09T13:37:45","modified_gmt":"2026-02-09T13:37:45","slug":"saumon-bio-irlandais","status":"publish","type":"page","link":"https:\/\/www.irishfoodanddrink.com\/fr\/saumon-bio-irlandais\/","title":{"rendered":"Irish Salmon French"},"content":{"rendered":"\n<h2 class=\"wp-block-heading\"><strong>Saumon bio d\u2019Irlande<\/strong><\/h2>\n\n\n\n<h3 class=\"wp-block-heading\"><strong>Elev\u00e9 en oc\u00e9an Atlantique, Naturellement bon<\/strong><\/h3>\n\n\n\n<p>Leader mondial de la production de saumon bio, l\u2019Irlande poss\u00e8de un littoral id\u00e9al pour proposer un saumon bio de qualit\u00e9 sup\u00e9rieure. La fra\u00eecheur de ses eaux et la force de ses courants encouragent la croissance vigoureuse des jeunes poissons&nbsp;: le saumon bio irlandais parcourt l\u2019\u00e9quivalent de 13&nbsp;000&nbsp;kilom\u00e8tres sur une p\u00e9riode d\u2019environ 18&nbsp;mois au cours de son d\u00e9veloppement. C\u2019est ce qui lui donne sa chair ferme, sa faible teneur en graisses et son go\u00fbt d\u00e9licat.&nbsp;Par ailleurs, la proximit\u00e9 de l\u2019Irlande par rapport \u00e0 la France permet aux producteurs de transformer plus rapidement le saumon bio irlandais pour le fournir bien frais aux cuisines fran\u00e7aises.<\/p>\n\n\n\n<figure class=\"wp-block-image size-full\"><img loading=\"lazy\" decoding=\"async\" width=\"1024\" height=\"683\" src=\"\/wp-content\/uploads\/2026\/01\/trade-fair-image.jpg\" alt=\"rock in sea \" class=\"wp-image-41796\" srcset=\"https:\/\/www.irishfoodanddrink.com\/wp-content\/uploads\/2026\/01\/trade-fair-image.jpg 1024w, https:\/\/www.irishfoodanddrink.com\/wp-content\/uploads\/2026\/01\/trade-fair-image-100x67.jpg 100w, https:\/\/www.irishfoodanddrink.com\/wp-content\/uploads\/2026\/01\/trade-fair-image-400x267.jpg 400w, https:\/\/www.irishfoodanddrink.com\/wp-content\/uploads\/2026\/01\/trade-fair-image-800x534.jpg 800w\" sizes=\"auto, (max-width: 1024px) 100vw, 1024px\" \/><\/figure>\n\n\n\n<hr class=\"wp-block-separator has-alpha-channel-opacity\"\/>\n\n\n\n<h3 class=\"wp-block-heading\"><strong>Saumon bio, des pratiques d\u2019\u00e9levage durable<\/strong><\/h3>\n\n\n\n<p>Dans le cadre d\u2019un engagement visant \u00e0 proposer syst\u00e9matiquement une qualit\u00e9 sup\u00e9rieure, tous les saumons irlandais sont certifi\u00e9s bio conform\u00e9ment aux r\u00e9glementations europ\u00e9ennes les plus strictes. L\u2019un des principaux crit\u00e8res de cette certification est une alimentation responsable. Seuls des ingr\u00e9dients naturels, sans OGM et provenant d\u2019une p\u00eache durable, entrent dans l\u2019alimentation de tous les saumons bio irlandais. Le bien-\u00eatre et la sant\u00e9 du saumon bio irlandais constituent \u00e9galement une priorit\u00e9 majeure. Tous vivent dans un environnement d\u2019eau de mer comprenant 99 % d\u2019eau pour 1 % de saumon. Enfin, tous les saumons irlandais certifi\u00e9s bio grandissent dans un environnement o\u00f9 le maintien d\u2019un \u00e9cosyst\u00e8me aquatique sain et durable est assur\u00e9 par des pratiques d\u2019\u00e9levage responsables. En plus du label bio de l\u2019UE, le saumon irlandais b\u00e9n\u00e9ficie de certifications respect\u00e9es telles qu\u2019AB Bio.<\/p>\n\n\n\n<p>Le saumon bio irlandais apporte de nombreux b\u00e9n\u00e9fices en termes de nutrition et de sant\u00e9. Ce poisson est riche en prot\u00e9ines et en om\u00e9ga-3. Il constitue \u00e9galement une bonne source de vitamines et de min\u00e9raux b\u00e9n\u00e9fiques pour le c\u0153ur et la circulation.<\/p>\n\n\n\n<hr class=\"wp-block-separator has-alpha-channel-opacity\"\/>\n\n\n\n<h3 class=\"wp-block-heading\"><strong>Pour en savoir plus sur les produits de la mer d\u2019Irlande<\/strong>:<\/h3>\n\n\n\n<p><\/p>\n\n\n\n<hr class=\"wp-block-separator has-alpha-channel-opacity\"\/>\n\n\n\n<h3 class=\"wp-block-heading\">Recettes&nbsp;<strong>faciles \u00e0 cuisiner<\/strong><\/h3>\n\n\n\n<p>Non seulement le saumon bio irlandais est naturellement d\u00e9licieux, mais c\u2019est aussi l\u2019un des poissons les plus faciles \u00e0 cuisiner. Que vous l\u2019aimiez po\u00eal\u00e9 avec une noisette de beurre irlandais, cuit au four avec des herbes, saut\u00e9 avec des l\u00e9gumes frais ou plus simplement sous forme fum\u00e9e, il s\u2019adapte \u00e0 toutes les envies.<\/p>\n\n\n\n<div class=\"wp-block-columns has-3-columns\">\n<div class=\"wp-block-column\">\n<div class=\"wp-block-spacer\" aria-hidden=\"true\">&nbsp;<\/div>\n<div class=\"wp-block-media-text alignwide has-very-light-gray-background-color\">\n<figure class=\"wp-block-media-text__media\"><img decoding=\"async\" class=\"wp-image-12556\" src=\"https:\/\/www.irishfoodanddrink.com\/wp-content\/uploads\/2020\/02\/Soft_Boiled_Eggs_and_Smoked_Salmon_Bagels-min-Cropped.jpg\" alt=\"\"><\/figure>\n<div class=\"wp-block-media-text__content\">\n<p><em><a href=\"https:\/\/www.irishfoodanddrink.com\/bagels-aux-oeufs-mollets-et-au-saumon-fume\/\" target=\"_blank\" rel=\"noreferrer noopener\" aria-label=\"Bagels aux \u0153ufs mollets et au saumon fum\u00e9 (opens in a new tab)\">Bagels aux \u0153ufs mollets et au saumon fum\u00e9<\/a><\/em><\/p>\n<\/div>\n<\/div>\n<\/div>\n<div class=\"wp-block-column\">\n<div class=\"wp-block-spacer\" aria-hidden=\"true\">&nbsp;<\/div>\n<div class=\"wp-block-media-text alignwide has-very-light-gray-background-color\">\n<figure class=\"wp-block-media-text__media\"><img decoding=\"async\" class=\"wp-image-12558\" src=\"https:\/\/www.irishfoodanddrink.com\/wp-content\/uploads\/2020\/02\/salmon-with-mussels-and-spinach-Cropped.jpg\" sizes=\"(max-width: 434px) 100vw, 434px\" srcset=\"https:\/\/www.irishfoodanddrink.com\/wp-content\/uploads\/2020\/02\/salmon-with-mussels-and-spinach-Cropped.jpg 434w, https:\/\/www.irishfoodanddrink.com\/wp-content\/uploads\/2020\/02\/salmon-with-mussels-and-spinach-Cropped-300x200.jpg 300w, https:\/\/www.irishfoodanddrink.com\/wp-content\/uploads\/2020\/02\/salmon-with-mussels-and-spinach-Cropped-400x266.jpg 400w, https:\/\/www.irishfoodanddrink.com\/wp-content\/uploads\/2020\/02\/salmon-with-mussels-and-spinach-Cropped-420x280.jpg 420w, https:\/\/www.irishfoodanddrink.com\/wp-content\/uploads\/2020\/02\/salmon-with-mussels-and-spinach-Cropped-150x100.jpg 150w, https:\/\/www.irishfoodanddrink.com\/wp-content\/uploads\/2020\/02\/salmon-with-mussels-and-spinach-Cropped-100x67.jpg 100w, https:\/\/www.irishfoodanddrink.com\/wp-content\/uploads\/2020\/02\/salmon-with-mussels-and-spinach-Cropped-350x233.jpg 350w\" alt=\"\"><\/figure>\n<div class=\"wp-block-media-text__content\">\n<p><em><a href=\"https:\/\/www.irishfoodanddrink.com\/saumon-aux-moules-et-aux-epinards\/\" target=\"_blank\" rel=\"noreferrer noopener\" aria-label=\"Saumon aux moules et aux \u00e9pinards (opens in a new tab)\">Saumon aux moules et aux \u00e9pinards<\/a><\/em><\/p>\n<\/div>\n<\/div>\n<p>&nbsp;<\/p>\n<\/div>\n<div class=\"wp-block-column\">\n<div class=\"wp-block-spacer\" aria-hidden=\"true\">&nbsp;<\/div>\n<div class=\"wp-block-media-text alignwide has-very-light-gray-background-color\">\n<figure class=\"wp-block-media-text__media\"><img decoding=\"async\" class=\"wp-image-12553\" src=\"https:\/\/www.irishfoodanddrink.com\/wp-content\/uploads\/2020\/02\/Smoked_Salmon_and_Cream_Cheese_Frittata-Cropped.jpg\" sizes=\"(max-width: 517px) 100vw, 517px\" srcset=\"https:\/\/www.irishfoodanddrink.com\/wp-content\/uploads\/2020\/02\/Smoked_Salmon_and_Cream_Cheese_Frittata-Cropped.jpg 517w, https:\/\/www.irishfoodanddrink.com\/wp-content\/uploads\/2020\/02\/Smoked_Salmon_and_Cream_Cheese_Frittata-Cropped-300x200.jpg 300w, http:\/\/www.irishfoodanddrink.com\/wp-content\/uploads\/2020\/02\/Smoked_Salmon_and_Cream_Cheese_Frittata-Cropped-400x266.jpg 400w, https:\/\/www.irishfoodanddrink.com\/wp-content\/uploads\/2020\/02\/Smoked_Salmon_and_Cream_Cheese_Frittata-Cropped-420x280.jpg 420w, https:\/\/www.irishfoodanddrink.com\/wp-content\/uploads\/2020\/02\/Smoked_Salmon_and_Cream_Cheese_Frittata-Cropped-150x100.jpg 150w, https:\/\/www.irishfoodanddrink.com\/wp-content\/uploads\/2020\/02\/Smoked_Salmon_and_Cream_Cheese_Frittata-Cropped-100x67.jpg 100w, http:\/\/www.irishfoodanddrink.com\/wp-content\/uploads\/2020\/02\/Smoked_Salmon_and_Cream_Cheese_Frittata-Cropped-350x233.jpg 350w\" alt=\"\"><\/figure>\n<div class=\"wp-block-media-text__content\">\n<p><em><a href=\"https:\/\/www.irishfoodanddrink.com\/frittata-au-saumon-fume-et-au-cream-cheese\/\" target=\"_blank\" rel=\"noreferrer noopener\" aria-label=\"Frittata au saumon fum\u00e9 et au cream cheese (opens in a new tab)\">Frittata au saumon fum\u00e9 et au cream cheese<\/a><\/em><\/p>\n<\/div>\n<\/div>\n<\/div>\n<\/div>\n\n\n\n<figure class=\"wp-block-image size-full\"><img decoding=\"async\" src=\"\/wp-content\/uploads\/2024\/10\/Irish-Organic-Salmon-Fishermen_-Castletownbere_-Co-e1729085174872.jpg\" alt=\"Irish Organic Salmon Fishermen_ Castletownbere_ Co\" class=\"wp-image-38857\"\/><\/figure>\n\n\n\n<hr class=\"wp-block-separator has-alpha-channel-opacity\"\/>\n\n\n\n<h3 class=\"wp-block-heading\"><strong>Pour en savoir plus sur nos producteurs<\/strong><\/h3>\n\n\n\n<figure class=\"wp-block-table\"><table class=\"has-fixed-layout\"><tbody><tr><td>Atlantis Seafoods<\/td><td><a href=\"http:\/\/www.atlantis.ie\/\">atlantis.ie<\/a><\/td><\/tr><tr><td>The Burren Smokehouse<\/td><td><a href=\"http:\/\/www.burrensmokehouse.ie\/\">burrensmokehouse.ie<\/a><\/td><\/tr><tr><td>M Morgan &amp; Sons Seafood Processors Ltd<\/td><td><a href=\"http:\/\/www.morgansfinefish.com\/\">morgansfinefish.com<\/a><\/td><\/tr><tr><td>Oceanpath \/Dunns Of Dublin<\/td><td><a href=\"http:\/\/www.oceanpath.ie\/\">oceanpath.ie<\/a><\/td><\/tr><tr><td>The Irish Organic Salmon Co.\/Mowi<\/td><td><a href=\"https:\/\/mowi.com\/ie\/products\/\">mowi.com<\/a><\/td><\/tr><tr><td>Irish Seafood Producers Group (ISPG) Ltd<\/td><td><a href=\"http:\/\/www.irishseafoodproducersgroup.ie\/\">irishseafoodproducersgroup.ie<\/a><\/td><\/tr><tr><td>Irish Seaspray Ltd<\/td><td><a href=\"http:\/\/www.irishseaspray.com\/\">irishseaspray.com<\/a><\/td><\/tr><tr><td>Island Seafoods Ltd<\/td><td><a href=\"http:\/\/www.atlantictreasures.ie\/\">atlantictreasures.ie<\/a><\/td><\/tr><tr><td>Good Fish Processing Ltd<\/td><td><a href=\"http:\/\/www.mrgoodsfabfish.com\/\">mrgoodsfabfish.com<\/a><\/td><\/tr><tr><td>Gallagher Bros Ltd\/Ocean Farm<\/td><td><a href=\"http:\/\/www.gallagherbros.ie\/\">gallagherbros.ie<\/a><\/td><\/tr><tr><td>Kerry Fish<\/td><td><a href=\"http:\/\/www.kerryfish.com\/\">kerryfish.com<\/a><\/td><\/tr><tr><td>Kish Fish<\/td><td><a href=\"http:\/\/kishfish.ie\/\">kishfish.ie<\/a><\/td><\/tr><tr><td>Keohane\u2019s<\/td><td><a href=\"https:\/\/www.keohaneseafoods.ie\/\">keohaneseafoods.ie<\/a><\/td><\/tr><\/tbody><\/table><\/figure>\n","protected":false},"excerpt":{"rendered":"<p>Saumon bio d\u2019Irlande Elev\u00e9 en oc\u00e9an Atlantique, Naturellement bon Leader mondial de la production de saumon bio, l\u2019Irlande poss\u00e8de un littoral id\u00e9al pour proposer un saumon bio de qualit\u00e9 sup\u00e9rieure. La fra\u00eecheur de ses eaux et la force de ses courants encouragent la croissance vigoureuse des jeunes poissons&nbsp;: le saumon bio irlandais parcourt l\u2019\u00e9quivalent de [&hellip;]<\/p>\n","protected":false},"author":13,"featured_media":0,"parent":0,"menu_order":14,"comment_status":"closed","ping_status":"closed","template":"page-templates\/landing-page.php","meta":{"_acf_changed":false,"inline_featured_image":false,"footnotes":""},"class_list":["post-20199","page","type-page","status-publish","hentry"],"acf":[],"yoast_head":"<!-- This site is optimized with the Yoast SEO plugin v27.3 - https:\/\/yoast.com\/product\/yoast-seo-wordpress\/ -->\n<title>Irish Salmon French - Irish Food &amp; Drink<\/title>\n<meta name=\"robots\" content=\"index, follow, max-snippet:-1, max-image-preview:large, max-video-preview:-1\" \/>\n<link rel=\"canonical\" href=\"https:\/\/www.irishfoodanddrink.com\/fr\/saumon-bio-irlandais\/\" \/>\n<meta property=\"og:locale\" content=\"fr_FR\" \/>\n<meta property=\"og:type\" content=\"article\" \/>\n<meta property=\"og:title\" content=\"Irish Salmon French - Irish Food &amp; Drink\" \/>\n<meta property=\"og:description\" content=\"Saumon bio d\u2019Irlande Elev\u00e9 en oc\u00e9an Atlantique, Naturellement bon Leader mondial de la production de saumon bio, l\u2019Irlande poss\u00e8de un littoral id\u00e9al pour proposer un saumon bio de qualit\u00e9 sup\u00e9rieure. La fra\u00eecheur de ses eaux et la force de ses courants encouragent la croissance vigoureuse des jeunes poissons&nbsp;: le saumon bio irlandais parcourt l\u2019\u00e9quivalent de [&hellip;]\" \/>\n<meta property=\"og:url\" content=\"https:\/\/www.irishfoodanddrink.com\/fr\/saumon-bio-irlandais\/\" \/>\n<meta property=\"og:site_name\" content=\"Irish Food &amp; Drink\" \/>\n<meta property=\"article:modified_time\" content=\"2026-02-09T13:37:45+00:00\" \/>\n<meta property=\"og:image\" content=\"https:\/\/www.irishfoodanddrink.com\/wp-content\/uploads\/2020\/02\/Soft_Boiled_Eggs_and_Smoked_Salmon_Bagels-min-Cropped.jpg\" \/>\n<meta name=\"twitter:card\" content=\"summary_large_image\" \/>\n<meta name=\"twitter:label1\" content=\"Est. reading time\" \/>\n\t<meta name=\"twitter:data1\" content=\"3 minutes\" \/>\n<script type=\"application\/ld+json\" class=\"yoast-schema-graph\">{\"@context\":\"https:\\\/\\\/schema.org\",\"@graph\":[{\"@type\":\"WebPage\",\"@id\":\"https:\\\/\\\/www.irishfoodanddrink.com\\\/fr\\\/saumon-bio-irlandais\\\/\",\"url\":\"https:\\\/\\\/www.irishfoodanddrink.com\\\/fr\\\/saumon-bio-irlandais\\\/\",\"name\":\"Irish Salmon French - Irish Food &amp; Drink\",\"isPartOf\":{\"@id\":\"https:\\\/\\\/www.irishfoodanddrink.com\\\/fr\\\/#website\"},\"primaryImageOfPage\":{\"@id\":\"https:\\\/\\\/www.irishfoodanddrink.com\\\/fr\\\/saumon-bio-irlandais\\\/#primaryimage\"},\"image\":{\"@id\":\"https:\\\/\\\/www.irishfoodanddrink.com\\\/fr\\\/saumon-bio-irlandais\\\/#primaryimage\"},\"thumbnailUrl\":\"https:\\\/\\\/www.irishfoodanddrink.com\\\/wp-content\\\/uploads\\\/2020\\\/02\\\/Soft_Boiled_Eggs_and_Smoked_Salmon_Bagels-min-Cropped.jpg\",\"datePublished\":\"2020-11-13T17:27:33+00:00\",\"dateModified\":\"2026-02-09T13:37:45+00:00\",\"breadcrumb\":{\"@id\":\"https:\\\/\\\/www.irishfoodanddrink.com\\\/fr\\\/saumon-bio-irlandais\\\/#breadcrumb\"},\"inLanguage\":\"fr-FR\",\"potentialAction\":[{\"@type\":\"ReadAction\",\"target\":[\"https:\\\/\\\/www.irishfoodanddrink.com\\\/fr\\\/saumon-bio-irlandais\\\/\"]}]},{\"@type\":\"ImageObject\",\"inLanguage\":\"fr-FR\",\"@id\":\"https:\\\/\\\/www.irishfoodanddrink.com\\\/fr\\\/saumon-bio-irlandais\\\/#primaryimage\",\"url\":\"https:\\\/\\\/www.irishfoodanddrink.com\\\/wp-content\\\/uploads\\\/2020\\\/02\\\/Soft_Boiled_Eggs_and_Smoked_Salmon_Bagels-min-Cropped.jpg\",\"contentUrl\":\"https:\\\/\\\/www.irishfoodanddrink.com\\\/wp-content\\\/uploads\\\/2020\\\/02\\\/Soft_Boiled_Eggs_and_Smoked_Salmon_Bagels-min-Cropped.jpg\"},{\"@type\":\"BreadcrumbList\",\"@id\":\"https:\\\/\\\/www.irishfoodanddrink.com\\\/fr\\\/saumon-bio-irlandais\\\/#breadcrumb\",\"itemListElement\":[{\"@type\":\"ListItem\",\"position\":1,\"name\":\"Home\",\"item\":\"https:\\\/\\\/www.irishfoodanddrink.com\\\/fr\\\/\"},{\"@type\":\"ListItem\",\"position\":2,\"name\":\"Irish Salmon French\"}]},{\"@type\":\"WebSite\",\"@id\":\"https:\\\/\\\/www.irishfoodanddrink.com\\\/fr\\\/#website\",\"url\":\"https:\\\/\\\/www.irishfoodanddrink.com\\\/fr\\\/\",\"name\":\"Irish Food &amp; Drink\",\"description\":\"Helping you source food and drink from Irish suppliers\",\"potentialAction\":[{\"@type\":\"SearchAction\",\"target\":{\"@type\":\"EntryPoint\",\"urlTemplate\":\"https:\\\/\\\/www.irishfoodanddrink.com\\\/fr\\\/?s={search_term_string}\"},\"query-input\":{\"@type\":\"PropertyValueSpecification\",\"valueRequired\":true,\"valueName\":\"search_term_string\"}}],\"inLanguage\":\"fr-FR\"}]}<\/script>\n<!-- \/ Yoast SEO plugin. -->","yoast_head_json":{"title":"Irish Salmon French - Irish Food &amp; Drink","robots":{"index":"index","follow":"follow","max-snippet":"max-snippet:-1","max-image-preview":"max-image-preview:large","max-video-preview":"max-video-preview:-1"},"canonical":"https:\/\/www.irishfoodanddrink.com\/fr\/saumon-bio-irlandais\/","og_locale":"fr_FR","og_type":"article","og_title":"Irish Salmon French - Irish Food &amp; Drink","og_description":"Saumon bio d\u2019Irlande Elev\u00e9 en oc\u00e9an Atlantique, Naturellement bon Leader mondial de la production de saumon bio, l\u2019Irlande poss\u00e8de un littoral id\u00e9al pour proposer un saumon bio de qualit\u00e9 sup\u00e9rieure. La fra\u00eecheur de ses eaux et la force de ses courants encouragent la croissance vigoureuse des jeunes poissons&nbsp;: le saumon bio irlandais parcourt l\u2019\u00e9quivalent de [&hellip;]","og_url":"https:\/\/www.irishfoodanddrink.com\/fr\/saumon-bio-irlandais\/","og_site_name":"Irish Food &amp; Drink","article_modified_time":"2026-02-09T13:37:45+00:00","og_image":[{"url":"https:\/\/www.irishfoodanddrink.com\/wp-content\/uploads\/2020\/02\/Soft_Boiled_Eggs_and_Smoked_Salmon_Bagels-min-Cropped.jpg","type":"","width":"","height":""}],"twitter_card":"summary_large_image","twitter_misc":{"Est. reading time":"3 minutes"},"schema":{"@context":"https:\/\/schema.org","@graph":[{"@type":"WebPage","@id":"https:\/\/www.irishfoodanddrink.com\/fr\/saumon-bio-irlandais\/","url":"https:\/\/www.irishfoodanddrink.com\/fr\/saumon-bio-irlandais\/","name":"Irish Salmon French - Irish Food &amp; Drink","isPartOf":{"@id":"https:\/\/www.irishfoodanddrink.com\/fr\/#website"},"primaryImageOfPage":{"@id":"https:\/\/www.irishfoodanddrink.com\/fr\/saumon-bio-irlandais\/#primaryimage"},"image":{"@id":"https:\/\/www.irishfoodanddrink.com\/fr\/saumon-bio-irlandais\/#primaryimage"},"thumbnailUrl":"https:\/\/www.irishfoodanddrink.com\/wp-content\/uploads\/2020\/02\/Soft_Boiled_Eggs_and_Smoked_Salmon_Bagels-min-Cropped.jpg","datePublished":"2020-11-13T17:27:33+00:00","dateModified":"2026-02-09T13:37:45+00:00","breadcrumb":{"@id":"https:\/\/www.irishfoodanddrink.com\/fr\/saumon-bio-irlandais\/#breadcrumb"},"inLanguage":"fr-FR","potentialAction":[{"@type":"ReadAction","target":["https:\/\/www.irishfoodanddrink.com\/fr\/saumon-bio-irlandais\/"]}]},{"@type":"ImageObject","inLanguage":"fr-FR","@id":"https:\/\/www.irishfoodanddrink.com\/fr\/saumon-bio-irlandais\/#primaryimage","url":"https:\/\/www.irishfoodanddrink.com\/wp-content\/uploads\/2020\/02\/Soft_Boiled_Eggs_and_Smoked_Salmon_Bagels-min-Cropped.jpg","contentUrl":"https:\/\/www.irishfoodanddrink.com\/wp-content\/uploads\/2020\/02\/Soft_Boiled_Eggs_and_Smoked_Salmon_Bagels-min-Cropped.jpg"},{"@type":"BreadcrumbList","@id":"https:\/\/www.irishfoodanddrink.com\/fr\/saumon-bio-irlandais\/#breadcrumb","itemListElement":[{"@type":"ListItem","position":1,"name":"Home","item":"https:\/\/www.irishfoodanddrink.com\/fr\/"},{"@type":"ListItem","position":2,"name":"Irish Salmon French"}]},{"@type":"WebSite","@id":"https:\/\/www.irishfoodanddrink.com\/fr\/#website","url":"https:\/\/www.irishfoodanddrink.com\/fr\/","name":"Irish Food &amp; Drink","description":"Helping you source food and drink from Irish suppliers","potentialAction":[{"@type":"SearchAction","target":{"@type":"EntryPoint","urlTemplate":"https:\/\/www.irishfoodanddrink.com\/fr\/?s={search_term_string}"},"query-input":{"@type":"PropertyValueSpecification","valueRequired":true,"valueName":"search_term_string"}}],"inLanguage":"fr-FR"}]}},"_links":{"self":[{"href":"https:\/\/www.irishfoodanddrink.com\/fr\/wp-json\/wp\/v2\/pages\/20199","targetHints":{"allow":["GET"]}}],"collection":[{"href":"https:\/\/www.irishfoodanddrink.com\/fr\/wp-json\/wp\/v2\/pages"}],"about":[{"href":"https:\/\/www.irishfoodanddrink.com\/fr\/wp-json\/wp\/v2\/types\/page"}],"author":[{"embeddable":true,"href":"https:\/\/www.irishfoodanddrink.com\/fr\/wp-json\/wp\/v2\/users\/13"}],"replies":[{"embeddable":true,"href":"https:\/\/www.irishfoodanddrink.com\/fr\/wp-json\/wp\/v2\/comments?post=20199"}],"version-history":[{"count":13,"href":"https:\/\/www.irishfoodanddrink.com\/fr\/wp-json\/wp\/v2\/pages\/20199\/revisions"}],"predecessor-version":[{"id":41969,"href":"https:\/\/www.irishfoodanddrink.com\/fr\/wp-json\/wp\/v2\/pages\/20199\/revisions\/41969"}],"wp:attachment":[{"href":"https:\/\/www.irishfoodanddrink.com\/fr\/wp-json\/wp\/v2\/media?parent=20199"}],"curies":[{"name":"wp","href":"https:\/\/api.w.org\/{rel}","templated":true}]}}