{"id":20675,"date":"2020-11-23T15:38:00","date_gmt":"2020-11-23T15:38:00","guid":{"rendered":"http:\/\/staging.irishfoodanddrink.com\/?page_id=20675"},"modified":"2020-11-23T16:46:22","modified_gmt":"2020-11-23T16:46:22","slug":"dairy","status":"publish","type":"page","link":"https:\/\/www.irishfoodanddrink.com\/fr\/supplier-categories\/dairy\/","title":{"rendered":"Dairy"},"content":{"rendered":"<p><strong>Produits laitiers<\/strong><\/p>\n<p>S\u2019appuyant sur un secteur r\u00e9actif, qui s&#8217;adapte rapidement \u00e0 l&#8217;\u00e9volution des besoins de production, l\u2019Irlande est r\u00e9put\u00e9e pour ses produits laitiers de la plus grande qualit\u00e9. Appr\u00e9ci\u00e9s dans le monde entier par les consommateurs et les clients professionnels, ils apportent des garanties de qualit\u00e9, de tra\u00e7abilit\u00e9 et de production durable. Cela permet \u00e0 l\u2019industrie laiti\u00e8re irlandaise d\u2019assurer un approvisionnement stable et s\u00fbr en produits naturellement sains et d\u00e9licieux.<\/p>\n<p>&nbsp;<\/p>\n<p>Consultez la brochure Produits laitiers d\u2019Irlande avec une vue d\u2019ensemble du secteur, les raisons de choisir les produits laitiers irlandais et un annuaire des producteurs et transformateurs.<\/p>\n<p>&nbsp;<\/p>\n<p><u><a href=\"http:\/\/www.bordbia.info\/dairy\/\">Consulter la brochure<\/a><\/u><\/p>\n<p>&nbsp;<\/p>\n<p><strong>Bovins de p\u00e2turage<\/strong><\/p>\n<p>Les b\u00eates d\u2019\u00e9levage laitier irlandaises sont nourries au p\u00e2turage pendant 240 jours complets par an* en moyenne, 95\u00a0% de leur alimentation \u00e9tant ainsi \u00e0 d\u2019herbe. Un nombre croissant de consommateurs privil\u00e9gient des produits laitiers issus de b\u00eates nourries au p\u00e2turage. La norme d\u2019\u00e9levage \u00e0 l\u2019herbe Bord Bia a \u00e9t\u00e9 d\u00e9velopp\u00e9e en r\u00e9ponse \u00e0 ce march\u00e9, qui exige d\u00e9sormais des preuves que le b\u00e9tail a bien \u00e9t\u00e9 nourri \u00e0 l\u2019herbe. Cela signifie que le producteur primaire doit pouvoir d\u00e9montrer la disponibilit\u00e9 et l\u2019utilisation d\u2019herbe fraiche ou de p\u00e2turage dans son syst\u00e8me de production. Via son programme de certification durable des produits laitiers SDAS (Sustainable Dairy Assurance Scheme), l\u2019Irlande peut fournir la preuve exig\u00e9e de son syst\u00e8me de production avec b\u00eates nourries \u00e0 l\u2019herbe. Les producteurs laitiers doivent \u00eatre membres certifi\u00e9s du programme SDAS.\u00a0 Les informations r\u00e9unies lors des audits du SDAS (tous les 18 mois) apportent la confirmation que le syst\u00e8me agricole respecte les r\u00e8gles d\u2019alimentation \u00e0 l\u2019herbe.\u00a0<em>*Sur la base des donn\u00e9es du SDAS sur une p\u00e9riode de 3 ans.<\/em><\/p>\n<p>&nbsp;<\/p>\n<p><strong>Origin Green<\/strong><\/p>\n<p>Nos \u00e9leveurs et producteurs laitiers ne se contentent pas de respecter les normes alimentaires strictes de l&#8217;Union europ\u00e9enne\u00a0: avec Origin Green, le programme national en faveur d\u2019aliments de qualit\u00e9 et \u00e9coresponsables, ils vont plus loin pour servir le march\u00e9 mondial. Le travail des membres de l&#8217;initiative Origin Green fait l&#8217;objet de contr\u00f4les et d&#8217;audits ind\u00e9pendants afin d&#8217;am\u00e9liorer en continu la cha\u00eene d&#8217;approvisionnement dans les domaines tels que la s\u00e9curit\u00e9 alimentaire, la tra\u00e7abilit\u00e9, la sant\u00e9 et le bien-\u00eatre des animaux, les \u00e9missions de gaz \u00e0 effet de serre et la gestion de l&#8217;eau et des sols.<\/p>\n<p>&nbsp;<\/p>\n<p><strong>Pour consulter la liste des producteurs laitiers irlandais, cliquez sur le bouton de recherche ci-dessous.<\/strong><\/p>\n<p>Vous pouvez affiner votre recherche \u00e0 l\u2019aide du formulaire en bas de cette page.<\/p>\n<p>&nbsp;<\/p>\n<p><u><a href=\"https:\/\/www.irishfoodanddrink.com\/our-suppliers\/supplier-search\/?c%5b%5d=dairy\">Recherche produits laitiers<\/a><\/u><\/p>\n","protected":false},"excerpt":{"rendered":"<p>Produits laitiers S\u2019appuyant sur un secteur r\u00e9actif, qui s&#8217;adapte rapidement \u00e0 l&#8217;\u00e9volution des besoins de production, l\u2019Irlande est r\u00e9put\u00e9e pour ses produits laitiers de la plus grande qualit\u00e9. Appr\u00e9ci\u00e9s dans le monde entier par les consommateurs et les clients professionnels, ils apportent des garanties de qualit\u00e9, de tra\u00e7abilit\u00e9 et de production durable. Cela permet \u00e0 [&hellip;]<\/p>\n","protected":false},"author":4,"featured_media":0,"parent":21126,"menu_order":1,"comment_status":"closed","ping_status":"closed","template":"page-templates\/landing-page.php","meta":{"_acf_changed":false,"inline_featured_image":false,"footnotes":""},"class_list":["post-20675","page","type-page","status-publish","hentry"],"acf":[],"yoast_head":"<!-- This site is optimized with the Yoast SEO plugin v27.1.1 - https:\/\/yoast.com\/product\/yoast-seo-wordpress\/ -->\n<title>Dairy - Irish Food &amp; Drink<\/title>\n<meta name=\"robots\" content=\"index, follow, max-snippet:-1, max-image-preview:large, max-video-preview:-1\" \/>\n<link rel=\"canonical\" href=\"https:\/\/www.irishfoodanddrink.com\/fr\/supplier-categories\/dairy\/\" \/>\n<meta property=\"og:locale\" content=\"fr_FR\" \/>\n<meta property=\"og:type\" content=\"article\" \/>\n<meta property=\"og:title\" content=\"Dairy - Irish Food &amp; Drink\" \/>\n<meta property=\"og:description\" content=\"Produits laitiers S\u2019appuyant sur un secteur r\u00e9actif, qui s&#8217;adapte rapidement \u00e0 l&#8217;\u00e9volution des besoins de production, l\u2019Irlande est r\u00e9put\u00e9e pour ses produits laitiers de la plus grande qualit\u00e9. Appr\u00e9ci\u00e9s dans le monde entier par les consommateurs et les clients professionnels, ils apportent des garanties de qualit\u00e9, de tra\u00e7abilit\u00e9 et de production durable. Cela permet \u00e0 [&hellip;]\" \/>\n<meta property=\"og:url\" content=\"https:\/\/www.irishfoodanddrink.com\/fr\/supplier-categories\/dairy\/\" \/>\n<meta property=\"og:site_name\" content=\"Irish Food &amp; Drink\" \/>\n<meta property=\"article:modified_time\" content=\"2020-11-23T16:46:22+00:00\" \/>\n<meta property=\"og:image\" content=\"https:\/\/www.irishfoodanddrink.com\/wp-content\/uploads\/2020\/12\/Small-homepage-image-339-x-226-min.jpg\" \/>\n\t<meta property=\"og:image:width\" content=\"339\" \/>\n\t<meta property=\"og:image:height\" content=\"226\" \/>\n\t<meta property=\"og:image:type\" content=\"image\/jpeg\" \/>\n<meta name=\"twitter:card\" content=\"summary_large_image\" \/>\n<meta name=\"twitter:label1\" content=\"Est. reading time\" \/>\n\t<meta name=\"twitter:data1\" content=\"2 minutes\" \/>\n<script type=\"application\/ld+json\" class=\"yoast-schema-graph\">{\"@context\":\"https:\/\/schema.org\",\"@graph\":[{\"@type\":\"WebPage\",\"@id\":\"https:\/\/www.irishfoodanddrink.com\/fr\/supplier-categories\/dairy\/\",\"url\":\"https:\/\/www.irishfoodanddrink.com\/fr\/supplier-categories\/dairy\/\",\"name\":\"Dairy - Irish Food &amp; Drink\",\"isPartOf\":{\"@id\":\"https:\/\/www.irishfoodanddrink.com\/fr\/#website\"},\"datePublished\":\"2020-11-23T15:38:00+00:00\",\"dateModified\":\"2020-11-23T16:46:22+00:00\",\"breadcrumb\":{\"@id\":\"https:\/\/www.irishfoodanddrink.com\/fr\/supplier-categories\/dairy\/#breadcrumb\"},\"inLanguage\":\"fr-FR\",\"potentialAction\":[{\"@type\":\"ReadAction\",\"target\":[\"https:\/\/www.irishfoodanddrink.com\/fr\/supplier-categories\/dairy\/\"]}]},{\"@type\":\"BreadcrumbList\",\"@id\":\"https:\/\/www.irishfoodanddrink.com\/fr\/supplier-categories\/dairy\/#breadcrumb\",\"itemListElement\":[{\"@type\":\"ListItem\",\"position\":1,\"name\":\"Home\",\"item\":\"https:\/\/www.irishfoodanddrink.com\/fr\/\"},{\"@type\":\"ListItem\",\"position\":2,\"name\":\"Cat\u00e9gorie de fournisseurs\",\"item\":\"https:\/\/www.irishfoodanddrink.com\/fr\/supplier-categories\/\"},{\"@type\":\"ListItem\",\"position\":3,\"name\":\"Dairy\"}]},{\"@type\":\"WebSite\",\"@id\":\"https:\/\/www.irishfoodanddrink.com\/fr\/#website\",\"url\":\"https:\/\/www.irishfoodanddrink.com\/fr\/\",\"name\":\"Irish Food &amp; Drink\",\"description\":\"Helping you source food and drink from Irish suppliers\",\"potentialAction\":[{\"@type\":\"SearchAction\",\"target\":{\"@type\":\"EntryPoint\",\"urlTemplate\":\"https:\/\/www.irishfoodanddrink.com\/fr\/?s={search_term_string}\"},\"query-input\":{\"@type\":\"PropertyValueSpecification\",\"valueRequired\":true,\"valueName\":\"search_term_string\"}}],\"inLanguage\":\"fr-FR\"}]}<\/script>\n<!-- \/ Yoast SEO plugin. -->","yoast_head_json":{"title":"Dairy - Irish Food &amp; Drink","robots":{"index":"index","follow":"follow","max-snippet":"max-snippet:-1","max-image-preview":"max-image-preview:large","max-video-preview":"max-video-preview:-1"},"canonical":"https:\/\/www.irishfoodanddrink.com\/fr\/supplier-categories\/dairy\/","og_locale":"fr_FR","og_type":"article","og_title":"Dairy - Irish Food &amp; Drink","og_description":"Produits laitiers S\u2019appuyant sur un secteur r\u00e9actif, qui s&#8217;adapte rapidement \u00e0 l&#8217;\u00e9volution des besoins de production, l\u2019Irlande est r\u00e9put\u00e9e pour ses produits laitiers de la plus grande qualit\u00e9. Appr\u00e9ci\u00e9s dans le monde entier par les consommateurs et les clients professionnels, ils apportent des garanties de qualit\u00e9, de tra\u00e7abilit\u00e9 et de production durable. Cela permet \u00e0 [&hellip;]","og_url":"https:\/\/www.irishfoodanddrink.com\/fr\/supplier-categories\/dairy\/","og_site_name":"Irish Food &amp; Drink","article_modified_time":"2020-11-23T16:46:22+00:00","og_image":[{"width":339,"height":226,"url":"https:\/\/www.irishfoodanddrink.com\/wp-content\/uploads\/2020\/12\/Small-homepage-image-339-x-226-min.jpg","type":"image\/jpeg"}],"twitter_card":"summary_large_image","twitter_misc":{"Est. reading time":"2 minutes"},"schema":{"@context":"https:\/\/schema.org","@graph":[{"@type":"WebPage","@id":"https:\/\/www.irishfoodanddrink.com\/fr\/supplier-categories\/dairy\/","url":"https:\/\/www.irishfoodanddrink.com\/fr\/supplier-categories\/dairy\/","name":"Dairy - Irish Food &amp; Drink","isPartOf":{"@id":"https:\/\/www.irishfoodanddrink.com\/fr\/#website"},"datePublished":"2020-11-23T15:38:00+00:00","dateModified":"2020-11-23T16:46:22+00:00","breadcrumb":{"@id":"https:\/\/www.irishfoodanddrink.com\/fr\/supplier-categories\/dairy\/#breadcrumb"},"inLanguage":"fr-FR","potentialAction":[{"@type":"ReadAction","target":["https:\/\/www.irishfoodanddrink.com\/fr\/supplier-categories\/dairy\/"]}]},{"@type":"BreadcrumbList","@id":"https:\/\/www.irishfoodanddrink.com\/fr\/supplier-categories\/dairy\/#breadcrumb","itemListElement":[{"@type":"ListItem","position":1,"name":"Home","item":"https:\/\/www.irishfoodanddrink.com\/fr\/"},{"@type":"ListItem","position":2,"name":"Cat\u00e9gorie de fournisseurs","item":"https:\/\/www.irishfoodanddrink.com\/fr\/supplier-categories\/"},{"@type":"ListItem","position":3,"name":"Dairy"}]},{"@type":"WebSite","@id":"https:\/\/www.irishfoodanddrink.com\/fr\/#website","url":"https:\/\/www.irishfoodanddrink.com\/fr\/","name":"Irish Food &amp; Drink","description":"Helping you source food and drink from Irish suppliers","potentialAction":[{"@type":"SearchAction","target":{"@type":"EntryPoint","urlTemplate":"https:\/\/www.irishfoodanddrink.com\/fr\/?s={search_term_string}"},"query-input":{"@type":"PropertyValueSpecification","valueRequired":true,"valueName":"search_term_string"}}],"inLanguage":"fr-FR"}]}},"_links":{"self":[{"href":"https:\/\/www.irishfoodanddrink.com\/fr\/wp-json\/wp\/v2\/pages\/20675","targetHints":{"allow":["GET"]}}],"collection":[{"href":"https:\/\/www.irishfoodanddrink.com\/fr\/wp-json\/wp\/v2\/pages"}],"about":[{"href":"https:\/\/www.irishfoodanddrink.com\/fr\/wp-json\/wp\/v2\/types\/page"}],"author":[{"embeddable":true,"href":"https:\/\/www.irishfoodanddrink.com\/fr\/wp-json\/wp\/v2\/users\/4"}],"replies":[{"embeddable":true,"href":"https:\/\/www.irishfoodanddrink.com\/fr\/wp-json\/wp\/v2\/comments?post=20675"}],"version-history":[{"count":3,"href":"https:\/\/www.irishfoodanddrink.com\/fr\/wp-json\/wp\/v2\/pages\/20675\/revisions"}],"predecessor-version":[{"id":20689,"href":"https:\/\/www.irishfoodanddrink.com\/fr\/wp-json\/wp\/v2\/pages\/20675\/revisions\/20689"}],"up":[{"embeddable":true,"href":"https:\/\/www.irishfoodanddrink.com\/fr\/wp-json\/wp\/v2\/pages\/21126"}],"wp:attachment":[{"href":"https:\/\/www.irishfoodanddrink.com\/fr\/wp-json\/wp\/v2\/media?parent=20675"}],"curies":[{"name":"wp","href":"https:\/\/api.w.org\/{rel}","templated":true}]}}