{"id":20776,"date":"2020-11-23T16:42:42","date_gmt":"2020-11-23T16:42:42","guid":{"rendered":"http:\/\/staging.irishfoodanddrink.com\/?page_id=20776"},"modified":"2026-01-21T15:13:27","modified_gmt":"2026-01-21T15:13:27","slug":"channels-competencies-coverage","status":"publish","type":"page","link":"https:\/\/www.irishfoodanddrink.com\/fr\/irish-advantage\/channels-competencies-coverage\/","title":{"rendered":"Canaux, comp\u00e9tences et couverture"},"content":{"rendered":"","protected":false},"excerpt":{"rendered":"","protected":false},"author":4,"featured_media":0,"parent":20616,"menu_order":0,"comment_status":"closed","ping_status":"closed","template":"page-templates\/landing-page.php","meta":{"_acf_changed":false,"inline_featured_image":false,"footnotes":""},"class_list":["post-20776","page","type-page","status-publish","hentry"],"acf":[],"yoast_head":"<!-- This site is optimized with the Yoast SEO plugin v27.3 - https:\/\/yoast.com\/product\/yoast-seo-wordpress\/ -->\n<title>Canaux &amp; comp\u00e9tences | L\u2019Avantage irlandais<\/title>\n<meta name=\"description\" content=\"Capacit\u00e9s industrielles, couverture march\u00e9 et cha\u00eenes d\u2019approvisionnement pour des partenariats B2B fiables.\" \/>\n<meta name=\"robots\" content=\"index, follow, max-snippet:-1, max-image-preview:large, max-video-preview:-1\" \/>\n<link rel=\"canonical\" href=\"https:\/\/www.irishfoodanddrink.com\/fr\/irish-advantage\/channels-competencies-coverage\/\" \/>\n<meta property=\"og:locale\" content=\"fr_FR\" \/>\n<meta property=\"og:type\" content=\"article\" \/>\n<meta property=\"og:title\" content=\"Canaux &amp; comp\u00e9tences | L\u2019Avantage irlandais\" \/>\n<meta property=\"og:description\" content=\"Capacit\u00e9s industrielles, couverture march\u00e9 et cha\u00eenes d\u2019approvisionnement pour des partenariats B2B fiables.\" \/>\n<meta property=\"og:url\" content=\"https:\/\/www.irishfoodanddrink.com\/fr\/irish-advantage\/channels-competencies-coverage\/\" \/>\n<meta property=\"og:site_name\" content=\"Irish Food &amp; Drink\" \/>\n<meta property=\"article:modified_time\" content=\"2026-01-21T15:13:27+00:00\" \/>\n<meta property=\"og:image\" content=\"https:\/\/www.irishfoodanddrink.com\/wp-content\/uploads\/2020\/12\/Small-homepage-image-339-x-226-min.jpg\" \/>\n\t<meta property=\"og:image:width\" content=\"339\" \/>\n\t<meta property=\"og:image:height\" content=\"226\" \/>\n\t<meta property=\"og:image:type\" content=\"image\/jpeg\" \/>\n<meta name=\"twitter:card\" content=\"summary_large_image\" \/>\n<script type=\"application\/ld+json\" class=\"yoast-schema-graph\">{\"@context\":\"https:\\\/\\\/schema.org\",\"@graph\":[{\"@type\":\"WebPage\",\"@id\":\"https:\\\/\\\/www.irishfoodanddrink.com\\\/fr\\\/irish-advantage\\\/channels-competencies-coverage\\\/\",\"url\":\"https:\\\/\\\/www.irishfoodanddrink.com\\\/fr\\\/irish-advantage\\\/channels-competencies-coverage\\\/\",\"name\":\"Canaux & comp\u00e9tences | L\u2019Avantage irlandais\",\"isPartOf\":{\"@id\":\"https:\\\/\\\/www.irishfoodanddrink.com\\\/fr\\\/#website\"},\"datePublished\":\"2020-11-23T16:42:42+00:00\",\"dateModified\":\"2026-01-21T15:13:27+00:00\",\"description\":\"Capacit\u00e9s industrielles, couverture march\u00e9 et cha\u00eenes d\u2019approvisionnement pour des partenariats B2B fiables.\",\"breadcrumb\":{\"@id\":\"https:\\\/\\\/www.irishfoodanddrink.com\\\/fr\\\/irish-advantage\\\/channels-competencies-coverage\\\/#breadcrumb\"},\"inLanguage\":\"fr-FR\",\"potentialAction\":[{\"@type\":\"ReadAction\",\"target\":[\"https:\\\/\\\/www.irishfoodanddrink.com\\\/fr\\\/irish-advantage\\\/channels-competencies-coverage\\\/\"]}]},{\"@type\":\"BreadcrumbList\",\"@id\":\"https:\\\/\\\/www.irishfoodanddrink.com\\\/fr\\\/irish-advantage\\\/channels-competencies-coverage\\\/#breadcrumb\",\"itemListElement\":[{\"@type\":\"ListItem\",\"position\":1,\"name\":\"Home\",\"item\":\"https:\\\/\\\/www.irishfoodanddrink.com\\\/fr\\\/\"},{\"@type\":\"ListItem\",\"position\":2,\"name\":\"L\u2019avantage irlandais\",\"item\":\"https:\\\/\\\/www.irishfoodanddrink.com\\\/fr\\\/irish-advantage\\\/\"},{\"@type\":\"ListItem\",\"position\":3,\"name\":\"Canaux, comp\u00e9tences et couverture\"}]},{\"@type\":\"WebSite\",\"@id\":\"https:\\\/\\\/www.irishfoodanddrink.com\\\/fr\\\/#website\",\"url\":\"https:\\\/\\\/www.irishfoodanddrink.com\\\/fr\\\/\",\"name\":\"Irish Food &amp; Drink\",\"description\":\"Helping you source food and drink from Irish suppliers\",\"potentialAction\":[{\"@type\":\"SearchAction\",\"target\":{\"@type\":\"EntryPoint\",\"urlTemplate\":\"https:\\\/\\\/www.irishfoodanddrink.com\\\/fr\\\/?s={search_term_string}\"},\"query-input\":{\"@type\":\"PropertyValueSpecification\",\"valueRequired\":true,\"valueName\":\"search_term_string\"}}],\"inLanguage\":\"fr-FR\"}]}<\/script>\n<!-- \/ Yoast SEO plugin. -->","yoast_head_json":{"title":"Canaux & comp\u00e9tences | L\u2019Avantage irlandais","description":"Capacit\u00e9s industrielles, couverture march\u00e9 et cha\u00eenes d\u2019approvisionnement pour des partenariats B2B fiables.","robots":{"index":"index","follow":"follow","max-snippet":"max-snippet:-1","max-image-preview":"max-image-preview:large","max-video-preview":"max-video-preview:-1"},"canonical":"https:\/\/www.irishfoodanddrink.com\/fr\/irish-advantage\/channels-competencies-coverage\/","og_locale":"fr_FR","og_type":"article","og_title":"Canaux & comp\u00e9tences | L\u2019Avantage irlandais","og_description":"Capacit\u00e9s industrielles, couverture march\u00e9 et cha\u00eenes d\u2019approvisionnement pour des partenariats B2B fiables.","og_url":"https:\/\/www.irishfoodanddrink.com\/fr\/irish-advantage\/channels-competencies-coverage\/","og_site_name":"Irish Food &amp; Drink","article_modified_time":"2026-01-21T15:13:27+00:00","og_image":[{"width":339,"height":226,"url":"https:\/\/www.irishfoodanddrink.com\/wp-content\/uploads\/2020\/12\/Small-homepage-image-339-x-226-min.jpg","type":"image\/jpeg"}],"twitter_card":"summary_large_image","schema":{"@context":"https:\/\/schema.org","@graph":[{"@type":"WebPage","@id":"https:\/\/www.irishfoodanddrink.com\/fr\/irish-advantage\/channels-competencies-coverage\/","url":"https:\/\/www.irishfoodanddrink.com\/fr\/irish-advantage\/channels-competencies-coverage\/","name":"Canaux & comp\u00e9tences | L\u2019Avantage irlandais","isPartOf":{"@id":"https:\/\/www.irishfoodanddrink.com\/fr\/#website"},"datePublished":"2020-11-23T16:42:42+00:00","dateModified":"2026-01-21T15:13:27+00:00","description":"Capacit\u00e9s industrielles, couverture march\u00e9 et cha\u00eenes d\u2019approvisionnement pour des partenariats B2B fiables.","breadcrumb":{"@id":"https:\/\/www.irishfoodanddrink.com\/fr\/irish-advantage\/channels-competencies-coverage\/#breadcrumb"},"inLanguage":"fr-FR","potentialAction":[{"@type":"ReadAction","target":["https:\/\/www.irishfoodanddrink.com\/fr\/irish-advantage\/channels-competencies-coverage\/"]}]},{"@type":"BreadcrumbList","@id":"https:\/\/www.irishfoodanddrink.com\/fr\/irish-advantage\/channels-competencies-coverage\/#breadcrumb","itemListElement":[{"@type":"ListItem","position":1,"name":"Home","item":"https:\/\/www.irishfoodanddrink.com\/fr\/"},{"@type":"ListItem","position":2,"name":"L\u2019avantage irlandais","item":"https:\/\/www.irishfoodanddrink.com\/fr\/irish-advantage\/"},{"@type":"ListItem","position":3,"name":"Canaux, comp\u00e9tences et couverture"}]},{"@type":"WebSite","@id":"https:\/\/www.irishfoodanddrink.com\/fr\/#website","url":"https:\/\/www.irishfoodanddrink.com\/fr\/","name":"Irish Food &amp; Drink","description":"Helping you source food and drink from Irish suppliers","potentialAction":[{"@type":"SearchAction","target":{"@type":"EntryPoint","urlTemplate":"https:\/\/www.irishfoodanddrink.com\/fr\/?s={search_term_string}"},"query-input":{"@type":"PropertyValueSpecification","valueRequired":true,"valueName":"search_term_string"}}],"inLanguage":"fr-FR"}]}},"_links":{"self":[{"href":"https:\/\/www.irishfoodanddrink.com\/fr\/wp-json\/wp\/v2\/pages\/20776","targetHints":{"allow":["GET"]}}],"collection":[{"href":"https:\/\/www.irishfoodanddrink.com\/fr\/wp-json\/wp\/v2\/pages"}],"about":[{"href":"https:\/\/www.irishfoodanddrink.com\/fr\/wp-json\/wp\/v2\/types\/page"}],"author":[{"embeddable":true,"href":"https:\/\/www.irishfoodanddrink.com\/fr\/wp-json\/wp\/v2\/users\/4"}],"replies":[{"embeddable":true,"href":"https:\/\/www.irishfoodanddrink.com\/fr\/wp-json\/wp\/v2\/comments?post=20776"}],"version-history":[{"count":12,"href":"https:\/\/www.irishfoodanddrink.com\/fr\/wp-json\/wp\/v2\/pages\/20776\/revisions"}],"predecessor-version":[{"id":41697,"href":"https:\/\/www.irishfoodanddrink.com\/fr\/wp-json\/wp\/v2\/pages\/20776\/revisions\/41697"}],"up":[{"embeddable":true,"href":"https:\/\/www.irishfoodanddrink.com\/fr\/wp-json\/wp\/v2\/pages\/20616"}],"wp:attachment":[{"href":"https:\/\/www.irishfoodanddrink.com\/fr\/wp-json\/wp\/v2\/media?parent=20776"}],"curies":[{"name":"wp","href":"https:\/\/api.w.org\/{rel}","templated":true}]}}