{"id":21093,"date":"2020-11-24T12:21:58","date_gmt":"2020-11-24T12:21:58","guid":{"rendered":"http:\/\/staging.irishfoodanddrink.com\/?page_id=21093"},"modified":"2026-01-21T14:34:31","modified_gmt":"2026-01-21T14:34:31","slug":"faits-chiffres","status":"publish","type":"page","link":"https:\/\/www.irishfoodanddrink.com\/fr\/irish-advantage\/faits-chiffres\/","title":{"rendered":"Faits &#038; Chiffres"},"content":{"rendered":"<h1><strong>L\u2019alimentation et les boissons irlandaises : faits et chiffres<\/strong><\/h1>\n<p><strong>Des performances record. Une r\u00e9silience \u00e9prouv\u00e9e. Une qualit\u00e9 reconnue.<\/strong><\/p>\n<p>Le secteur irlandais de l\u2019alimentation, des boissons et de l\u2019horticulture a atteint <strong>19 milliards d\u2019euros<\/strong> d\u2019exportations en 2025, marquant la meilleure performance de son histoire. Malgr\u00e9 la volatilit\u00e9 mondiale, les producteurs irlandais ont enregistr\u00e9 une croissance constante, fond\u00e9e sur la durabilit\u00e9, l\u2019int\u00e9grit\u00e9 des cha\u00eenes d\u2019approvisionnement et la qualit\u00e9 premium des produits.<br \/>\n<a href=\"https:\/\/www.bordbia.ie\/industry\/insights\/performance-and-prospects\/export-performance-prospects-2026\/\" target=\"_blank\" rel=\"noopener\"><em>Performance et perspectives des exportations 2025\u20132026<\/em><\/a><\/p>\n<hr \/>\n<h2>Chiffres cl\u00e9s des exportations (2025)<\/h2>\n<p><strong>Exportations totales : 19 milliards d\u2019euros<\/strong><br \/>\nLes exportations ont progress\u00e9 de <strong>12 % en glissement annuel<\/strong>, soutenues par une forte valorisation des prix dans les principales cat\u00e9gories, en particulier les produits laitiers et le b\u0153uf. Les exportateurs irlandais ont fait preuve d\u2019une r\u00e9silience remarquable face \u00e0 l\u2019inflation, \u00e0 l\u2019\u00e9volution des comportements des consommateurs et aux perturbations des march\u00e9s mondiaux.<\/p>\n<hr \/>\n<h2>Performance par cat\u00e9gorie<\/h2>\n<p><strong>Produits laitiers \u2013 7,3 milliards d\u2019euros (+14 %)<\/strong><\/p>\n<ul>\n<li>Ann\u00e9e record port\u00e9e par l\u2019am\u00e9lioration des prix de march\u00e9 et les avantages de la production \u00e0 l\u2019herbe.<\/li>\n<li>Le beurre a d\u00e9pass\u00e9 <strong>2 milliards d\u2019euros<\/strong> pour la premi\u00e8re fois.<\/li>\n<li>Les exportations de fromage ont progress\u00e9 de <strong>19 %<\/strong>, atteignant <strong>1,7 milliard d\u2019euros<\/strong>.<\/li>\n<\/ul>\n<p><strong>Viandes et \u00e9levage \u2013 Plus de 5 milliards d\u2019euros (+18 %)<\/strong><\/p>\n<ul>\n<li>Forte croissance tir\u00e9e par les prix dans les secteurs du b\u0153uf et des exportations de b\u00e9tail vivant.<\/li>\n<li>Demande soutenue par la reconnaissance des standards irlandais de qualit\u00e9 et de durabilit\u00e9.<\/li>\n<\/ul>\n<p><strong>Produits alimentaires transform\u00e9s \u2013 3,6 milliards d\u2019euros (+9 %)<\/strong><\/p>\n<ul>\n<li>Croissance dans les boissons, le chocolat, les jus et les solutions de repas.<\/li>\n<li>Les exportations vers le Royaume-Uni ont augment\u00e9 de <strong>10 %<\/strong> \u00e0 elles seules.<\/li>\n<\/ul>\n<p><strong>Boissons \u2013 2 milliards d\u2019euros (+2 %)<\/strong><\/p>\n<ul>\n<li>Le whiskey irlandais demeure le moteur de la cat\u00e9gorie, repr\u00e9sentant <strong>45 %<\/strong> de la valeur des exportations (\u2248 <strong>930 millions d\u2019euros<\/strong>).<\/li>\n<li>Croissance soutenue par l\u2019expansion en Afrique, en Asie et sur les march\u00e9s premium de l\u2019UE.<\/li>\n<\/ul>\n<p><strong>Produits de la mer \u2013 635 millions d\u2019euros (+9 %)<\/strong><\/p>\n<ul>\n<li>Des volumes d\u2019exportation plus \u00e9lev\u00e9s ont compens\u00e9 la baisse des rendements par esp\u00e8ce.<\/li>\n<\/ul>\n<p><strong>Horticulture et c\u00e9r\u00e9ales \u2013 330 millions d\u2019euros<\/strong><\/p>\n<ul>\n<li>Performance stable, avec une croissance port\u00e9e par les exportations de champignons.<\/li>\n<\/ul>\n<hr \/>\n<h2>Pourquoi s\u2019approvisionner en produits alimentaires et boissons irlandais ?<\/h2>\n<ul>\n<li>Une production \u00e0 base d\u2019herbe offrant une qualit\u00e9 et un go\u00fbt naturels.<\/li>\n<li>Des r\u00e9f\u00e9rences solides en mati\u00e8re de durabilit\u00e9, garanties par des syst\u00e8mes d\u2019assurance reconnus.<\/li>\n<li>Des cha\u00eenes d\u2019approvisionnement mondiales fiables, avec une tra\u00e7abilit\u00e9 rigoureuse.<\/li>\n<li>Une pr\u00e9sence sur des march\u00e9s diversifi\u00e9s dans plus de <strong>140 pays<\/strong>.<\/li>\n<\/ul>\n<p>La performance de l\u2019Irlande refl\u00e8te un secteur agroalimentaire de classe mondiale, fond\u00e9 sur l\u2019int\u00e9grit\u00e9, l\u2019innovation et des partenariats durables avec des acheteurs internationaux.<\/p>\n","protected":false},"excerpt":{"rendered":"<p>L\u2019alimentation et les boissons irlandaises : faits et chiffres Des performances record. Une r\u00e9silience \u00e9prouv\u00e9e. Une qualit\u00e9 reconnue. Le secteur irlandais de l\u2019alimentation, des boissons et de l\u2019horticulture a atteint 19 milliards d\u2019euros d\u2019exportations en 2025, marquant la meilleure performance de son histoire. Malgr\u00e9 la volatilit\u00e9 mondiale, les producteurs irlandais ont enregistr\u00e9 une croissance constante, [&hellip;]<\/p>\n","protected":false},"author":6,"featured_media":0,"parent":20616,"menu_order":3,"comment_status":"closed","ping_status":"closed","template":"","meta":{"_acf_changed":false,"inline_featured_image":false,"footnotes":""},"class_list":["post-21093","page","type-page","status-publish","hentry"],"acf":[],"yoast_head":"<!-- This site is optimized with the Yoast SEO plugin v27.3 - https:\/\/yoast.com\/product\/yoast-seo-wordpress\/ -->\n<title>Faits &amp; chiffres | L\u2019Avantage irlandais<\/title>\n<meta name=\"description\" content=\"Donn\u00e9es cl\u00e9s sur la fili\u00e8re agroalimentaire irlandaise : durabilit\u00e9, qualit\u00e9, exportations et capacit\u00e9s pour acheteurs internationaux.\" \/>\n<meta name=\"robots\" content=\"index, follow, max-snippet:-1, max-image-preview:large, max-video-preview:-1\" \/>\n<link rel=\"canonical\" href=\"https:\/\/www.irishfoodanddrink.com\/fr\/irish-advantage\/faits-chiffres\/\" \/>\n<meta property=\"og:locale\" content=\"fr_FR\" \/>\n<meta property=\"og:type\" content=\"article\" \/>\n<meta property=\"og:title\" content=\"Faits &amp; chiffres | L\u2019Avantage irlandais\" \/>\n<meta property=\"og:description\" content=\"Donn\u00e9es cl\u00e9s sur la fili\u00e8re agroalimentaire irlandaise : durabilit\u00e9, qualit\u00e9, exportations et capacit\u00e9s pour acheteurs internationaux.\" \/>\n<meta property=\"og:url\" content=\"https:\/\/www.irishfoodanddrink.com\/fr\/irish-advantage\/faits-chiffres\/\" \/>\n<meta property=\"og:site_name\" content=\"Irish Food &amp; Drink\" \/>\n<meta property=\"article:modified_time\" content=\"2026-01-21T14:34:31+00:00\" \/>\n<meta property=\"og:image\" content=\"https:\/\/www.irishfoodanddrink.com\/wp-content\/uploads\/2020\/12\/Small-homepage-image-339-x-226-min.jpg\" \/>\n\t<meta property=\"og:image:width\" content=\"339\" \/>\n\t<meta property=\"og:image:height\" content=\"226\" \/>\n\t<meta property=\"og:image:type\" content=\"image\/jpeg\" \/>\n<meta name=\"twitter:card\" content=\"summary_large_image\" \/>\n<meta name=\"twitter:label1\" content=\"Est. reading time\" \/>\n\t<meta name=\"twitter:data1\" content=\"2 minutes\" \/>\n<script type=\"application\/ld+json\" class=\"yoast-schema-graph\">{\"@context\":\"https:\\\/\\\/schema.org\",\"@graph\":[{\"@type\":\"WebPage\",\"@id\":\"https:\\\/\\\/www.irishfoodanddrink.com\\\/fr\\\/irish-advantage\\\/faits-chiffres\\\/\",\"url\":\"https:\\\/\\\/www.irishfoodanddrink.com\\\/fr\\\/irish-advantage\\\/faits-chiffres\\\/\",\"name\":\"Faits & chiffres | L\u2019Avantage irlandais\",\"isPartOf\":{\"@id\":\"https:\\\/\\\/www.irishfoodanddrink.com\\\/fr\\\/#website\"},\"datePublished\":\"2020-11-24T12:21:58+00:00\",\"dateModified\":\"2026-01-21T14:34:31+00:00\",\"description\":\"Donn\u00e9es cl\u00e9s sur la fili\u00e8re agroalimentaire irlandaise : durabilit\u00e9, qualit\u00e9, exportations et capacit\u00e9s pour acheteurs internationaux.\",\"breadcrumb\":{\"@id\":\"https:\\\/\\\/www.irishfoodanddrink.com\\\/fr\\\/irish-advantage\\\/faits-chiffres\\\/#breadcrumb\"},\"inLanguage\":\"fr-FR\",\"potentialAction\":[{\"@type\":\"ReadAction\",\"target\":[\"https:\\\/\\\/www.irishfoodanddrink.com\\\/fr\\\/irish-advantage\\\/faits-chiffres\\\/\"]}]},{\"@type\":\"BreadcrumbList\",\"@id\":\"https:\\\/\\\/www.irishfoodanddrink.com\\\/fr\\\/irish-advantage\\\/faits-chiffres\\\/#breadcrumb\",\"itemListElement\":[{\"@type\":\"ListItem\",\"position\":1,\"name\":\"Home\",\"item\":\"https:\\\/\\\/www.irishfoodanddrink.com\\\/fr\\\/\"},{\"@type\":\"ListItem\",\"position\":2,\"name\":\"L\u2019avantage irlandais\",\"item\":\"https:\\\/\\\/www.irishfoodanddrink.com\\\/fr\\\/irish-advantage\\\/\"},{\"@type\":\"ListItem\",\"position\":3,\"name\":\"Faits &#038; Chiffres\"}]},{\"@type\":\"WebSite\",\"@id\":\"https:\\\/\\\/www.irishfoodanddrink.com\\\/fr\\\/#website\",\"url\":\"https:\\\/\\\/www.irishfoodanddrink.com\\\/fr\\\/\",\"name\":\"Irish Food &amp; Drink\",\"description\":\"Helping you source food and drink from Irish suppliers\",\"potentialAction\":[{\"@type\":\"SearchAction\",\"target\":{\"@type\":\"EntryPoint\",\"urlTemplate\":\"https:\\\/\\\/www.irishfoodanddrink.com\\\/fr\\\/?s={search_term_string}\"},\"query-input\":{\"@type\":\"PropertyValueSpecification\",\"valueRequired\":true,\"valueName\":\"search_term_string\"}}],\"inLanguage\":\"fr-FR\"}]}<\/script>\n<!-- \/ Yoast SEO plugin. -->","yoast_head_json":{"title":"Faits & chiffres | L\u2019Avantage irlandais","description":"Donn\u00e9es cl\u00e9s sur la fili\u00e8re agroalimentaire irlandaise : durabilit\u00e9, qualit\u00e9, exportations et capacit\u00e9s pour acheteurs internationaux.","robots":{"index":"index","follow":"follow","max-snippet":"max-snippet:-1","max-image-preview":"max-image-preview:large","max-video-preview":"max-video-preview:-1"},"canonical":"https:\/\/www.irishfoodanddrink.com\/fr\/irish-advantage\/faits-chiffres\/","og_locale":"fr_FR","og_type":"article","og_title":"Faits & chiffres | L\u2019Avantage irlandais","og_description":"Donn\u00e9es cl\u00e9s sur la fili\u00e8re agroalimentaire irlandaise : durabilit\u00e9, qualit\u00e9, exportations et capacit\u00e9s pour acheteurs internationaux.","og_url":"https:\/\/www.irishfoodanddrink.com\/fr\/irish-advantage\/faits-chiffres\/","og_site_name":"Irish Food &amp; Drink","article_modified_time":"2026-01-21T14:34:31+00:00","og_image":[{"width":339,"height":226,"url":"https:\/\/www.irishfoodanddrink.com\/wp-content\/uploads\/2020\/12\/Small-homepage-image-339-x-226-min.jpg","type":"image\/jpeg"}],"twitter_card":"summary_large_image","twitter_misc":{"Est. reading time":"2 minutes"},"schema":{"@context":"https:\/\/schema.org","@graph":[{"@type":"WebPage","@id":"https:\/\/www.irishfoodanddrink.com\/fr\/irish-advantage\/faits-chiffres\/","url":"https:\/\/www.irishfoodanddrink.com\/fr\/irish-advantage\/faits-chiffres\/","name":"Faits & chiffres | L\u2019Avantage irlandais","isPartOf":{"@id":"https:\/\/www.irishfoodanddrink.com\/fr\/#website"},"datePublished":"2020-11-24T12:21:58+00:00","dateModified":"2026-01-21T14:34:31+00:00","description":"Donn\u00e9es cl\u00e9s sur la fili\u00e8re agroalimentaire irlandaise : durabilit\u00e9, qualit\u00e9, exportations et capacit\u00e9s pour acheteurs internationaux.","breadcrumb":{"@id":"https:\/\/www.irishfoodanddrink.com\/fr\/irish-advantage\/faits-chiffres\/#breadcrumb"},"inLanguage":"fr-FR","potentialAction":[{"@type":"ReadAction","target":["https:\/\/www.irishfoodanddrink.com\/fr\/irish-advantage\/faits-chiffres\/"]}]},{"@type":"BreadcrumbList","@id":"https:\/\/www.irishfoodanddrink.com\/fr\/irish-advantage\/faits-chiffres\/#breadcrumb","itemListElement":[{"@type":"ListItem","position":1,"name":"Home","item":"https:\/\/www.irishfoodanddrink.com\/fr\/"},{"@type":"ListItem","position":2,"name":"L\u2019avantage irlandais","item":"https:\/\/www.irishfoodanddrink.com\/fr\/irish-advantage\/"},{"@type":"ListItem","position":3,"name":"Faits &#038; Chiffres"}]},{"@type":"WebSite","@id":"https:\/\/www.irishfoodanddrink.com\/fr\/#website","url":"https:\/\/www.irishfoodanddrink.com\/fr\/","name":"Irish Food &amp; Drink","description":"Helping you source food and drink from Irish suppliers","potentialAction":[{"@type":"SearchAction","target":{"@type":"EntryPoint","urlTemplate":"https:\/\/www.irishfoodanddrink.com\/fr\/?s={search_term_string}"},"query-input":{"@type":"PropertyValueSpecification","valueRequired":true,"valueName":"search_term_string"}}],"inLanguage":"fr-FR"}]}},"_links":{"self":[{"href":"https:\/\/www.irishfoodanddrink.com\/fr\/wp-json\/wp\/v2\/pages\/21093","targetHints":{"allow":["GET"]}}],"collection":[{"href":"https:\/\/www.irishfoodanddrink.com\/fr\/wp-json\/wp\/v2\/pages"}],"about":[{"href":"https:\/\/www.irishfoodanddrink.com\/fr\/wp-json\/wp\/v2\/types\/page"}],"author":[{"embeddable":true,"href":"https:\/\/www.irishfoodanddrink.com\/fr\/wp-json\/wp\/v2\/users\/6"}],"replies":[{"embeddable":true,"href":"https:\/\/www.irishfoodanddrink.com\/fr\/wp-json\/wp\/v2\/comments?post=21093"}],"version-history":[{"count":4,"href":"https:\/\/www.irishfoodanddrink.com\/fr\/wp-json\/wp\/v2\/pages\/21093\/revisions"}],"predecessor-version":[{"id":41670,"href":"https:\/\/www.irishfoodanddrink.com\/fr\/wp-json\/wp\/v2\/pages\/21093\/revisions\/41670"}],"up":[{"embeddable":true,"href":"https:\/\/www.irishfoodanddrink.com\/fr\/wp-json\/wp\/v2\/pages\/20616"}],"wp:attachment":[{"href":"https:\/\/www.irishfoodanddrink.com\/fr\/wp-json\/wp\/v2\/media?parent=21093"}],"curies":[{"name":"wp","href":"https:\/\/api.w.org\/{rel}","templated":true}]}}