{"id":24730,"date":"2021-07-20T11:00:57","date_gmt":"2021-07-20T11:00:57","guid":{"rendered":"https:\/\/www.irishfoodanddrink.com\/?page_id=24730"},"modified":"2021-08-30T16:36:36","modified_gmt":"2021-08-30T16:36:36","slug":"origin-green-convertir-le-secteur-agroalimentaire-de-lirlande-au-developpement-durable","status":"publish","type":"page","link":"https:\/\/www.irishfoodanddrink.com\/fr\/resources\/origin-green-convertir-le-secteur-agroalimentaire-de-lirlande-au-developpement-durable\/","title":{"rendered":"Origin Green: convertir le secteur agroalimentaire de l\u2019Irlande au d\u00e9veloppement durable"},"content":{"rendered":"<h3 class=\"h1 inner-banner__heading\">Origin Green: convertir le secteur agroalimentaire de l\u2019Irlande au d\u00e9veloppement durable<\/h3>\n<p>Origin Green est le programme national de d\u00e9veloppement durable pour l\u2019agroalimentaire de l\u2019Irlande. Il am\u00e9liore l\u2019ensemble de la cha\u00eene d\u2019approvisionnement en mati\u00e8re de d\u00e9veloppement durable, de l\u2019\u00e9leveur \u00e0 l\u2019industriel, jusqu\u2019aux secteurs de la restauration et de la distribution. La collaboration et le partenariat tiennent une place centrale dans notre mode d\u2019action en Irlande. D\u2019autre part, il est crucial de proc\u00e9der et de se d\u00e9velopper de mani\u00e8re durable, comme le revendiquent #les 17 objectifs de d\u00e9veloppement durable des Nations Unies. Actuellement, Origin Green s\u2019inscrit en coh\u00e9rence avec 15 des 17 objectifs de l\u2019ONU et pour renforcer cette direction, Bord Bia est devenue un membre du Pacte mondial des Nations Unies en juin\u00a02018.<\/p>\n<p>L\u2019Irlande, avec sa tradition d\u2019\u00e9levages familiaux et ses p\u00e2turages verdoyants, a toujours \u00e9t\u00e9 reconnue comme un producteur agricole durable. Cependant, Origin Green s\u2019applique \u00e0 cr\u00e9er des crit\u00e8res de r\u00e9f\u00e9rence pour instaurer un cadre de travail qui prouve que la nourriture est bel et bien produite selon une d\u00e9marche durable. Par cons\u00e9quent, Origin Green met en relation tous les \u00e9l\u00e9ments de la cha\u00eene d\u2019approvisionnement\u00a0: 53\u00a0000 \u00e9levages, 324 producteurs irlandais (repr\u00e9sentant plus de 90\u00a0% de nos exportations), le gouvernement et les ONG internationales. Ce programme national d\u00e9montre que les producteurs agroalimentaires irlandais travaillent selon un plan de d\u00e9veloppement durable, qu\u2019ils effectuent des changements, qu\u2019ils progressent et qu\u2019il existe un syst\u00e8me de v\u00e9rification ind\u00e9pendant. Nos entreprises adh\u00e9rentes ont d\u00e9fini plus de 2\u00a0400 objectifs de d\u00e9veloppement durable. Dans l\u2019ensemble du pays, plus de 100 auditeurs ind\u00e9pendants r\u00e9alisent 650 \u00e9valuations hebdomadaires au sein d\u2019\u00e9levages dans le cadre de nos programmes de garantie d\u00e9veloppement durable. En plus des mesures de qualit\u00e9, les crit\u00e8res de d\u00e9veloppement durable qui sont \u00e9valu\u00e9s et suivis concernent\u00a0: les \u00e9missions de gaz \u00e0 effet de serre, la biodiversit\u00e9, la consommation d\u2019eau, l\u2019efficacit\u00e9 \u00e9nerg\u00e9tique, la gestion des sols et des facteurs socio-\u00e9conomiques.<\/p>\n<p>Nous constituons un groupe de futurs guides en d\u00e9veloppement durable. Cette ann\u00e9e, nous s\u00e9lectionnons notre 50<sup>e<\/sup> ambassadeur Origin Green dans le cadre de notre programme de formation. Ensemble, ces ambassadeurs ont r\u00e9alis\u00e9 plus de 100 projets aupr\u00e8s d\u2019entreprises dans 14 pays, notamment aux \u00c9.-U., en Chine, aux \u00c9.A.U. et en Europe. Origin Green ne cesse d\u2019\u00e9voluer, tout derni\u00e8rement, nous avons d\u00e9fini une norme nationale d\u2019alimentation \u00e0 l\u2019herbe pour notre \u00e9levage bovin et laitier, avec un syst\u00e8me de v\u00e9rification ind\u00e9pendante qui une premi\u00e8re mondiale.<\/p>\n<p>Au moment o\u00f9 nous \u00e9mergeons de la pand\u00e9mie de Covid-19 et o\u00f9 nous prenons conscience des r\u00e9alit\u00e9s de la crise climatique et de la chute de la biodiversit\u00e9, notre plan\u00e8te devrait se rassembler pour poursuivre un objectif de d\u00e9veloppement durable. Avec le Sommet des Nations Unies sur les syst\u00e8mes alimentaires en juillet, il est crucial que les producteurs reconnaissent leur r\u00f4le, en veillant \u00e0 ce que nos syst\u00e8mes alimentaires privil\u00e9gient de meilleurs modes de production, des conditions d\u2019emploi d\u00e9centes et des changements en faveur d\u2019un d\u00e9veloppement durable. Bord Bia continue l\u2019\u00e9volution et l\u2019am\u00e9lioration de son programme Origin Green, qui d\u00e9montre son engagement in\u00e9branlable dans la r\u00e9alisation des objectifs de l\u2019ONU, au sein du secteur agroalimentaire irlandais.<\/p>\n<p>Pour en savoir plus, rendez-vous sur : https:\/\/www.origingreen.ie\/<\/p>\n<p>&nbsp;<\/p>\n<p>&nbsp;<\/p>\n<p>&nbsp;<\/p>\n<p>&nbsp;<\/p>\n","protected":false},"excerpt":{"rendered":"<p>Origin Green: convertir le secteur agroalimentaire de l\u2019Irlande au d\u00e9veloppement durable Origin Green est le programme national de d\u00e9veloppement durable pour l\u2019agroalimentaire de l\u2019Irlande. Il am\u00e9liore l\u2019ensemble de la cha\u00eene d\u2019approvisionnement en mati\u00e8re de d\u00e9veloppement durable, de l\u2019\u00e9leveur \u00e0 l\u2019industriel, jusqu\u2019aux secteurs de la restauration et de la distribution. La collaboration et le partenariat tiennent [&hellip;]<\/p>\n","protected":false},"author":14,"featured_media":0,"parent":24357,"menu_order":0,"comment_status":"closed","ping_status":"closed","template":"page-templates\/landing-page.php","meta":{"_acf_changed":false,"inline_featured_image":false,"footnotes":""},"class_list":["post-24730","page","type-page","status-publish","hentry"],"acf":[],"yoast_head":"<!-- This site is optimized with the Yoast SEO plugin v27.3 - https:\/\/yoast.com\/product\/yoast-seo-wordpress\/ -->\n<title>Origin Green: convertir le secteur agroalimentaire de l\u2019Irlande au d\u00e9veloppement durable - Irish Food &amp; Drink<\/title>\n<meta name=\"robots\" content=\"index, follow, max-snippet:-1, max-image-preview:large, max-video-preview:-1\" \/>\n<link rel=\"canonical\" href=\"https:\/\/www.irishfoodanddrink.com\/fr\/resources\/origin-green-convertir-le-secteur-agroalimentaire-de-lirlande-au-developpement-durable\/\" \/>\n<meta property=\"og:locale\" content=\"fr_FR\" \/>\n<meta property=\"og:type\" content=\"article\" \/>\n<meta property=\"og:title\" content=\"Origin Green: convertir le secteur agroalimentaire de l\u2019Irlande au d\u00e9veloppement durable - Irish Food &amp; Drink\" \/>\n<meta property=\"og:description\" content=\"Origin Green: convertir le secteur agroalimentaire de l\u2019Irlande au d\u00e9veloppement durable Origin Green est le programme national de d\u00e9veloppement durable pour l\u2019agroalimentaire de l\u2019Irlande. Il am\u00e9liore l\u2019ensemble de la cha\u00eene d\u2019approvisionnement en mati\u00e8re de d\u00e9veloppement durable, de l\u2019\u00e9leveur \u00e0 l\u2019industriel, jusqu\u2019aux secteurs de la restauration et de la distribution. La collaboration et le partenariat tiennent [&hellip;]\" \/>\n<meta property=\"og:url\" content=\"https:\/\/www.irishfoodanddrink.com\/fr\/resources\/origin-green-convertir-le-secteur-agroalimentaire-de-lirlande-au-developpement-durable\/\" \/>\n<meta property=\"og:site_name\" content=\"Irish Food &amp; Drink\" \/>\n<meta property=\"article:modified_time\" content=\"2021-08-30T16:36:36+00:00\" \/>\n<meta property=\"og:image\" content=\"https:\/\/www.irishfoodanddrink.com\/wp-content\/uploads\/2020\/12\/Small-homepage-image-339-x-226-min.jpg\" \/>\n\t<meta property=\"og:image:width\" content=\"339\" \/>\n\t<meta property=\"og:image:height\" content=\"226\" \/>\n\t<meta property=\"og:image:type\" content=\"image\/jpeg\" \/>\n<meta name=\"twitter:card\" content=\"summary_large_image\" \/>\n<meta name=\"twitter:label1\" content=\"Est. reading time\" \/>\n\t<meta name=\"twitter:data1\" content=\"3 minutes\" \/>\n<script type=\"application\/ld+json\" class=\"yoast-schema-graph\">{\"@context\":\"https:\\\/\\\/schema.org\",\"@graph\":[{\"@type\":\"WebPage\",\"@id\":\"https:\\\/\\\/www.irishfoodanddrink.com\\\/fr\\\/resources\\\/origin-green-convertir-le-secteur-agroalimentaire-de-lirlande-au-developpement-durable\\\/\",\"url\":\"https:\\\/\\\/www.irishfoodanddrink.com\\\/fr\\\/resources\\\/origin-green-convertir-le-secteur-agroalimentaire-de-lirlande-au-developpement-durable\\\/\",\"name\":\"Origin Green: convertir le secteur agroalimentaire de l\u2019Irlande au d\u00e9veloppement durable - Irish Food &amp; Drink\",\"isPartOf\":{\"@id\":\"https:\\\/\\\/www.irishfoodanddrink.com\\\/fr\\\/#website\"},\"datePublished\":\"2021-07-20T11:00:57+00:00\",\"dateModified\":\"2021-08-30T16:36:36+00:00\",\"breadcrumb\":{\"@id\":\"https:\\\/\\\/www.irishfoodanddrink.com\\\/fr\\\/resources\\\/origin-green-convertir-le-secteur-agroalimentaire-de-lirlande-au-developpement-durable\\\/#breadcrumb\"},\"inLanguage\":\"fr-FR\",\"potentialAction\":[{\"@type\":\"ReadAction\",\"target\":[\"https:\\\/\\\/www.irishfoodanddrink.com\\\/fr\\\/resources\\\/origin-green-convertir-le-secteur-agroalimentaire-de-lirlande-au-developpement-durable\\\/\"]}]},{\"@type\":\"BreadcrumbList\",\"@id\":\"https:\\\/\\\/www.irishfoodanddrink.com\\\/fr\\\/resources\\\/origin-green-convertir-le-secteur-agroalimentaire-de-lirlande-au-developpement-durable\\\/#breadcrumb\",\"itemListElement\":[{\"@type\":\"ListItem\",\"position\":1,\"name\":\"Home\",\"item\":\"https:\\\/\\\/www.irishfoodanddrink.com\\\/fr\\\/\"},{\"@type\":\"ListItem\",\"position\":2,\"name\":\"Ressources\",\"item\":\"https:\\\/\\\/www.irishfoodanddrink.com\\\/fr\\\/resources\\\/\"},{\"@type\":\"ListItem\",\"position\":3,\"name\":\"Origin Green: convertir le secteur agroalimentaire de l\u2019Irlande au d\u00e9veloppement durable\"}]},{\"@type\":\"WebSite\",\"@id\":\"https:\\\/\\\/www.irishfoodanddrink.com\\\/fr\\\/#website\",\"url\":\"https:\\\/\\\/www.irishfoodanddrink.com\\\/fr\\\/\",\"name\":\"Irish Food &amp; Drink\",\"description\":\"Helping you source food and drink from Irish suppliers\",\"potentialAction\":[{\"@type\":\"SearchAction\",\"target\":{\"@type\":\"EntryPoint\",\"urlTemplate\":\"https:\\\/\\\/www.irishfoodanddrink.com\\\/fr\\\/?s={search_term_string}\"},\"query-input\":{\"@type\":\"PropertyValueSpecification\",\"valueRequired\":true,\"valueName\":\"search_term_string\"}}],\"inLanguage\":\"fr-FR\"}]}<\/script>\n<!-- \/ Yoast SEO plugin. -->","yoast_head_json":{"title":"Origin Green: convertir le secteur agroalimentaire de l\u2019Irlande au d\u00e9veloppement durable - Irish Food &amp; Drink","robots":{"index":"index","follow":"follow","max-snippet":"max-snippet:-1","max-image-preview":"max-image-preview:large","max-video-preview":"max-video-preview:-1"},"canonical":"https:\/\/www.irishfoodanddrink.com\/fr\/resources\/origin-green-convertir-le-secteur-agroalimentaire-de-lirlande-au-developpement-durable\/","og_locale":"fr_FR","og_type":"article","og_title":"Origin Green: convertir le secteur agroalimentaire de l\u2019Irlande au d\u00e9veloppement durable - Irish Food &amp; Drink","og_description":"Origin Green: convertir le secteur agroalimentaire de l\u2019Irlande au d\u00e9veloppement durable Origin Green est le programme national de d\u00e9veloppement durable pour l\u2019agroalimentaire de l\u2019Irlande. Il am\u00e9liore l\u2019ensemble de la cha\u00eene d\u2019approvisionnement en mati\u00e8re de d\u00e9veloppement durable, de l\u2019\u00e9leveur \u00e0 l\u2019industriel, jusqu\u2019aux secteurs de la restauration et de la distribution. La collaboration et le partenariat tiennent [&hellip;]","og_url":"https:\/\/www.irishfoodanddrink.com\/fr\/resources\/origin-green-convertir-le-secteur-agroalimentaire-de-lirlande-au-developpement-durable\/","og_site_name":"Irish Food &amp; Drink","article_modified_time":"2021-08-30T16:36:36+00:00","og_image":[{"width":339,"height":226,"url":"https:\/\/www.irishfoodanddrink.com\/wp-content\/uploads\/2020\/12\/Small-homepage-image-339-x-226-min.jpg","type":"image\/jpeg"}],"twitter_card":"summary_large_image","twitter_misc":{"Est. reading time":"3 minutes"},"schema":{"@context":"https:\/\/schema.org","@graph":[{"@type":"WebPage","@id":"https:\/\/www.irishfoodanddrink.com\/fr\/resources\/origin-green-convertir-le-secteur-agroalimentaire-de-lirlande-au-developpement-durable\/","url":"https:\/\/www.irishfoodanddrink.com\/fr\/resources\/origin-green-convertir-le-secteur-agroalimentaire-de-lirlande-au-developpement-durable\/","name":"Origin Green: convertir le secteur agroalimentaire de l\u2019Irlande au d\u00e9veloppement durable - Irish Food &amp; Drink","isPartOf":{"@id":"https:\/\/www.irishfoodanddrink.com\/fr\/#website"},"datePublished":"2021-07-20T11:00:57+00:00","dateModified":"2021-08-30T16:36:36+00:00","breadcrumb":{"@id":"https:\/\/www.irishfoodanddrink.com\/fr\/resources\/origin-green-convertir-le-secteur-agroalimentaire-de-lirlande-au-developpement-durable\/#breadcrumb"},"inLanguage":"fr-FR","potentialAction":[{"@type":"ReadAction","target":["https:\/\/www.irishfoodanddrink.com\/fr\/resources\/origin-green-convertir-le-secteur-agroalimentaire-de-lirlande-au-developpement-durable\/"]}]},{"@type":"BreadcrumbList","@id":"https:\/\/www.irishfoodanddrink.com\/fr\/resources\/origin-green-convertir-le-secteur-agroalimentaire-de-lirlande-au-developpement-durable\/#breadcrumb","itemListElement":[{"@type":"ListItem","position":1,"name":"Home","item":"https:\/\/www.irishfoodanddrink.com\/fr\/"},{"@type":"ListItem","position":2,"name":"Ressources","item":"https:\/\/www.irishfoodanddrink.com\/fr\/resources\/"},{"@type":"ListItem","position":3,"name":"Origin Green: convertir le secteur agroalimentaire de l\u2019Irlande au d\u00e9veloppement durable"}]},{"@type":"WebSite","@id":"https:\/\/www.irishfoodanddrink.com\/fr\/#website","url":"https:\/\/www.irishfoodanddrink.com\/fr\/","name":"Irish Food &amp; Drink","description":"Helping you source food and drink from Irish suppliers","potentialAction":[{"@type":"SearchAction","target":{"@type":"EntryPoint","urlTemplate":"https:\/\/www.irishfoodanddrink.com\/fr\/?s={search_term_string}"},"query-input":{"@type":"PropertyValueSpecification","valueRequired":true,"valueName":"search_term_string"}}],"inLanguage":"fr-FR"}]}},"_links":{"self":[{"href":"https:\/\/www.irishfoodanddrink.com\/fr\/wp-json\/wp\/v2\/pages\/24730","targetHints":{"allow":["GET"]}}],"collection":[{"href":"https:\/\/www.irishfoodanddrink.com\/fr\/wp-json\/wp\/v2\/pages"}],"about":[{"href":"https:\/\/www.irishfoodanddrink.com\/fr\/wp-json\/wp\/v2\/types\/page"}],"author":[{"embeddable":true,"href":"https:\/\/www.irishfoodanddrink.com\/fr\/wp-json\/wp\/v2\/users\/14"}],"replies":[{"embeddable":true,"href":"https:\/\/www.irishfoodanddrink.com\/fr\/wp-json\/wp\/v2\/comments?post=24730"}],"version-history":[{"count":17,"href":"https:\/\/www.irishfoodanddrink.com\/fr\/wp-json\/wp\/v2\/pages\/24730\/revisions"}],"predecessor-version":[{"id":25296,"href":"https:\/\/www.irishfoodanddrink.com\/fr\/wp-json\/wp\/v2\/pages\/24730\/revisions\/25296"}],"up":[{"embeddable":true,"href":"https:\/\/www.irishfoodanddrink.com\/fr\/wp-json\/wp\/v2\/pages\/24357"}],"wp:attachment":[{"href":"https:\/\/www.irishfoodanddrink.com\/fr\/wp-json\/wp\/v2\/media?parent=24730"}],"curies":[{"name":"wp","href":"https:\/\/api.w.org\/{rel}","templated":true}]}}