{"id":26357,"date":"2021-12-06T14:04:11","date_gmt":"2021-12-06T14:04:11","guid":{"rendered":"https:\/\/www.irishfoodanddrink.com\/?page_id=26357"},"modified":"2021-12-06T14:25:43","modified_gmt":"2021-12-06T14:25:43","slug":"secteur-laitier-irlandais-la-croissance-se-poursuit","status":"publish","type":"page","link":"https:\/\/www.irishfoodanddrink.com\/fr\/resources\/secteur-laitier-irlandais-la-croissance-se-poursuit\/","title":{"rendered":"Secteur laitier irlandais : la croissance se poursuit"},"content":{"rendered":"<p>En Irlande, la collecte de lait a augment\u00e9 de pr\u00e8s de 6,5\u00a0% sur les neufs premiers mois de 2021, au moment o\u00f9 les exportations sont en passe de d\u00e9passer les 5 milliards d\u2019euros pour la troisi\u00e8me ann\u00e9e cons\u00e9cutive.<\/p>\n<p>Le beurre et le fromage, les cat\u00e9gories les plus importants en mati\u00e8re de volume, repr\u00e9sentent respectivement 18\u00a0% et 17\u00a0% de l\u2019ensemble des exportations irlandaises.\u00a0 Plus de 90 % de ce volume est destin\u00e9 aux march\u00e9s cl\u00e9s, qui sont l\u2019Europe, le Royaume-Uni et l\u2019Am\u00e9rique du Nord, avec une croissance forte \u00e9galement pour les poudres de lait r\u00e9serv\u00e9es \u00e0 l\u2019Asie et \u00e0 l\u2019Afrique.<\/p>\n<p>Cette performance positive s\u2019inscrit dans une conjoncture europ\u00e9enne de relative stabilit\u00e9 de la production laiti\u00e8re, avec une l\u00e9g\u00e8re baisse chez les grands producteurs, dont la France et l\u2019Allemagne. La flamb\u00e9e des co\u00fbts des intrants, de la transformation et de la logistique, qui a d\u00e9sorganis\u00e9 la cha\u00eene d\u2019approvisionnement mondiale, a \u00e9galement eu un impact sur les performances.<\/p>\n<p>Le d\u00e9veloppement durable s\u2019est r\u00e9v\u00e9l\u00e9 faire la diff\u00e9rence pour le secteur laitier irlandais, encadr\u00e9 depuis 2012 par le programme Origin Green qui \u00e9volue et s\u2019adapte aux demandes du march\u00e9, et qui facilite aujourd\u2019hui la mesure des \u00e9missions indirectes (scope 3).<\/p>\n<p>En 2021, la fili\u00e8re laiti\u00e8re irlandaise a fait le choix de proposer une certification suppl\u00e9mentaire, avec la charte \u00ab\u00a0Grass Fed Verified\u00a0\u00bb. Elle s&#8217;appuie sur un programme avec audit ind\u00e9pendant qui permet de faire valoir, preuves \u00e0 l\u2019appui, la transparence sur l\u2019alimentation des vaches irlandaises. En effet, les produits laitiers qui r\u00e9pondent \u00e0 ce cahier des charges garantissent que leur lait provient de vaches nourries au minimum \u00e0 95\u00a0% \u00e0 l\u2019herbe et qui ont \u00e9t\u00e9 au p\u00e2turage pendant au moins 240 jours au cours de l\u2019ann\u00e9e pr\u00e9c\u00e9dente.<\/p>\n<p>Si vous souhaitez avoir plus d\u2019informations \u00e0 propos des fournisseurs laitiers irlandais ou le label irlandais \u00ab\u00a0nourri \u00e0 l\u2019herbe\u00a0\u00bb, n\u2019h\u00e9sitez pas \u00e0 contacter <a href=\"mailto:sarah.phelan@bordbia.ie\">sarah.phelan@bordbia.ie.<\/a><\/p>\n","protected":false},"excerpt":{"rendered":"<p>En Irlande, la collecte de lait a augment\u00e9 de pr\u00e8s de 6,5\u00a0% sur les neufs premiers mois de 2021, au moment o\u00f9 les exportations sont en passe de d\u00e9passer les 5 milliards d\u2019euros pour la troisi\u00e8me ann\u00e9e cons\u00e9cutive. Le beurre et le fromage, les cat\u00e9gories les plus importants en mati\u00e8re de volume, repr\u00e9sentent respectivement 18\u00a0% [&hellip;]<\/p>\n","protected":false},"author":18,"featured_media":0,"parent":24357,"menu_order":0,"comment_status":"closed","ping_status":"closed","template":"","meta":{"_acf_changed":false,"inline_featured_image":false,"footnotes":""},"class_list":["post-26357","page","type-page","status-publish","hentry"],"acf":[],"yoast_head":"<!-- This site is optimized with the Yoast SEO plugin v27.3 - https:\/\/yoast.com\/product\/yoast-seo-wordpress\/ -->\n<title>Secteur laitier irlandais : la croissance se poursuit - Irish Food &amp; Drink<\/title>\n<meta name=\"robots\" content=\"index, follow, max-snippet:-1, max-image-preview:large, max-video-preview:-1\" \/>\n<link rel=\"canonical\" href=\"https:\/\/www.irishfoodanddrink.com\/fr\/resources\/secteur-laitier-irlandais-la-croissance-se-poursuit\/\" \/>\n<meta property=\"og:locale\" content=\"fr_FR\" \/>\n<meta property=\"og:type\" content=\"article\" \/>\n<meta property=\"og:title\" content=\"Secteur laitier irlandais : la croissance se poursuit - Irish Food &amp; Drink\" \/>\n<meta property=\"og:description\" content=\"En Irlande, la collecte de lait a augment\u00e9 de pr\u00e8s de 6,5\u00a0% sur les neufs premiers mois de 2021, au moment o\u00f9 les exportations sont en passe de d\u00e9passer les 5 milliards d\u2019euros pour la troisi\u00e8me ann\u00e9e cons\u00e9cutive. Le beurre et le fromage, les cat\u00e9gories les plus importants en mati\u00e8re de volume, repr\u00e9sentent respectivement 18\u00a0% [&hellip;]\" \/>\n<meta property=\"og:url\" content=\"https:\/\/www.irishfoodanddrink.com\/fr\/resources\/secteur-laitier-irlandais-la-croissance-se-poursuit\/\" \/>\n<meta property=\"og:site_name\" content=\"Irish Food &amp; Drink\" \/>\n<meta property=\"article:modified_time\" content=\"2021-12-06T14:25:43+00:00\" \/>\n<meta property=\"og:image\" content=\"https:\/\/www.irishfoodanddrink.com\/wp-content\/uploads\/2020\/12\/Small-homepage-image-339-x-226-min.jpg\" \/>\n\t<meta property=\"og:image:width\" content=\"339\" \/>\n\t<meta property=\"og:image:height\" content=\"226\" \/>\n\t<meta property=\"og:image:type\" content=\"image\/jpeg\" \/>\n<meta name=\"twitter:card\" content=\"summary_large_image\" \/>\n<meta name=\"twitter:label1\" content=\"Est. reading time\" \/>\n\t<meta name=\"twitter:data1\" content=\"2 minutes\" \/>\n<script type=\"application\/ld+json\" class=\"yoast-schema-graph\">{\"@context\":\"https:\\\/\\\/schema.org\",\"@graph\":[{\"@type\":\"WebPage\",\"@id\":\"https:\\\/\\\/www.irishfoodanddrink.com\\\/fr\\\/resources\\\/secteur-laitier-irlandais-la-croissance-se-poursuit\\\/\",\"url\":\"https:\\\/\\\/www.irishfoodanddrink.com\\\/fr\\\/resources\\\/secteur-laitier-irlandais-la-croissance-se-poursuit\\\/\",\"name\":\"Secteur laitier irlandais : la croissance se poursuit - Irish Food &amp; Drink\",\"isPartOf\":{\"@id\":\"https:\\\/\\\/www.irishfoodanddrink.com\\\/fr\\\/#website\"},\"datePublished\":\"2021-12-06T14:04:11+00:00\",\"dateModified\":\"2021-12-06T14:25:43+00:00\",\"breadcrumb\":{\"@id\":\"https:\\\/\\\/www.irishfoodanddrink.com\\\/fr\\\/resources\\\/secteur-laitier-irlandais-la-croissance-se-poursuit\\\/#breadcrumb\"},\"inLanguage\":\"fr-FR\",\"potentialAction\":[{\"@type\":\"ReadAction\",\"target\":[\"https:\\\/\\\/www.irishfoodanddrink.com\\\/fr\\\/resources\\\/secteur-laitier-irlandais-la-croissance-se-poursuit\\\/\"]}]},{\"@type\":\"BreadcrumbList\",\"@id\":\"https:\\\/\\\/www.irishfoodanddrink.com\\\/fr\\\/resources\\\/secteur-laitier-irlandais-la-croissance-se-poursuit\\\/#breadcrumb\",\"itemListElement\":[{\"@type\":\"ListItem\",\"position\":1,\"name\":\"Home\",\"item\":\"https:\\\/\\\/www.irishfoodanddrink.com\\\/fr\\\/\"},{\"@type\":\"ListItem\",\"position\":2,\"name\":\"Ressources\",\"item\":\"https:\\\/\\\/www.irishfoodanddrink.com\\\/fr\\\/resources\\\/\"},{\"@type\":\"ListItem\",\"position\":3,\"name\":\"Secteur laitier irlandais : la croissance se poursuit\"}]},{\"@type\":\"WebSite\",\"@id\":\"https:\\\/\\\/www.irishfoodanddrink.com\\\/fr\\\/#website\",\"url\":\"https:\\\/\\\/www.irishfoodanddrink.com\\\/fr\\\/\",\"name\":\"Irish Food &amp; Drink\",\"description\":\"Helping you source food and drink from Irish suppliers\",\"potentialAction\":[{\"@type\":\"SearchAction\",\"target\":{\"@type\":\"EntryPoint\",\"urlTemplate\":\"https:\\\/\\\/www.irishfoodanddrink.com\\\/fr\\\/?s={search_term_string}\"},\"query-input\":{\"@type\":\"PropertyValueSpecification\",\"valueRequired\":true,\"valueName\":\"search_term_string\"}}],\"inLanguage\":\"fr-FR\"}]}<\/script>\n<!-- \/ Yoast SEO plugin. -->","yoast_head_json":{"title":"Secteur laitier irlandais : la croissance se poursuit - Irish Food &amp; Drink","robots":{"index":"index","follow":"follow","max-snippet":"max-snippet:-1","max-image-preview":"max-image-preview:large","max-video-preview":"max-video-preview:-1"},"canonical":"https:\/\/www.irishfoodanddrink.com\/fr\/resources\/secteur-laitier-irlandais-la-croissance-se-poursuit\/","og_locale":"fr_FR","og_type":"article","og_title":"Secteur laitier irlandais : la croissance se poursuit - Irish Food &amp; Drink","og_description":"En Irlande, la collecte de lait a augment\u00e9 de pr\u00e8s de 6,5\u00a0% sur les neufs premiers mois de 2021, au moment o\u00f9 les exportations sont en passe de d\u00e9passer les 5 milliards d\u2019euros pour la troisi\u00e8me ann\u00e9e cons\u00e9cutive. Le beurre et le fromage, les cat\u00e9gories les plus importants en mati\u00e8re de volume, repr\u00e9sentent respectivement 18\u00a0% [&hellip;]","og_url":"https:\/\/www.irishfoodanddrink.com\/fr\/resources\/secteur-laitier-irlandais-la-croissance-se-poursuit\/","og_site_name":"Irish Food &amp; Drink","article_modified_time":"2021-12-06T14:25:43+00:00","og_image":[{"width":339,"height":226,"url":"https:\/\/www.irishfoodanddrink.com\/wp-content\/uploads\/2020\/12\/Small-homepage-image-339-x-226-min.jpg","type":"image\/jpeg"}],"twitter_card":"summary_large_image","twitter_misc":{"Est. reading time":"2 minutes"},"schema":{"@context":"https:\/\/schema.org","@graph":[{"@type":"WebPage","@id":"https:\/\/www.irishfoodanddrink.com\/fr\/resources\/secteur-laitier-irlandais-la-croissance-se-poursuit\/","url":"https:\/\/www.irishfoodanddrink.com\/fr\/resources\/secteur-laitier-irlandais-la-croissance-se-poursuit\/","name":"Secteur laitier irlandais : la croissance se poursuit - Irish Food &amp; Drink","isPartOf":{"@id":"https:\/\/www.irishfoodanddrink.com\/fr\/#website"},"datePublished":"2021-12-06T14:04:11+00:00","dateModified":"2021-12-06T14:25:43+00:00","breadcrumb":{"@id":"https:\/\/www.irishfoodanddrink.com\/fr\/resources\/secteur-laitier-irlandais-la-croissance-se-poursuit\/#breadcrumb"},"inLanguage":"fr-FR","potentialAction":[{"@type":"ReadAction","target":["https:\/\/www.irishfoodanddrink.com\/fr\/resources\/secteur-laitier-irlandais-la-croissance-se-poursuit\/"]}]},{"@type":"BreadcrumbList","@id":"https:\/\/www.irishfoodanddrink.com\/fr\/resources\/secteur-laitier-irlandais-la-croissance-se-poursuit\/#breadcrumb","itemListElement":[{"@type":"ListItem","position":1,"name":"Home","item":"https:\/\/www.irishfoodanddrink.com\/fr\/"},{"@type":"ListItem","position":2,"name":"Ressources","item":"https:\/\/www.irishfoodanddrink.com\/fr\/resources\/"},{"@type":"ListItem","position":3,"name":"Secteur laitier irlandais : la croissance se poursuit"}]},{"@type":"WebSite","@id":"https:\/\/www.irishfoodanddrink.com\/fr\/#website","url":"https:\/\/www.irishfoodanddrink.com\/fr\/","name":"Irish Food &amp; Drink","description":"Helping you source food and drink from Irish suppliers","potentialAction":[{"@type":"SearchAction","target":{"@type":"EntryPoint","urlTemplate":"https:\/\/www.irishfoodanddrink.com\/fr\/?s={search_term_string}"},"query-input":{"@type":"PropertyValueSpecification","valueRequired":true,"valueName":"search_term_string"}}],"inLanguage":"fr-FR"}]}},"_links":{"self":[{"href":"https:\/\/www.irishfoodanddrink.com\/fr\/wp-json\/wp\/v2\/pages\/26357","targetHints":{"allow":["GET"]}}],"collection":[{"href":"https:\/\/www.irishfoodanddrink.com\/fr\/wp-json\/wp\/v2\/pages"}],"about":[{"href":"https:\/\/www.irishfoodanddrink.com\/fr\/wp-json\/wp\/v2\/types\/page"}],"author":[{"embeddable":true,"href":"https:\/\/www.irishfoodanddrink.com\/fr\/wp-json\/wp\/v2\/users\/18"}],"replies":[{"embeddable":true,"href":"https:\/\/www.irishfoodanddrink.com\/fr\/wp-json\/wp\/v2\/comments?post=26357"}],"version-history":[{"count":3,"href":"https:\/\/www.irishfoodanddrink.com\/fr\/wp-json\/wp\/v2\/pages\/26357\/revisions"}],"predecessor-version":[{"id":26403,"href":"https:\/\/www.irishfoodanddrink.com\/fr\/wp-json\/wp\/v2\/pages\/26357\/revisions\/26403"}],"up":[{"embeddable":true,"href":"https:\/\/www.irishfoodanddrink.com\/fr\/wp-json\/wp\/v2\/pages\/24357"}],"wp:attachment":[{"href":"https:\/\/www.irishfoodanddrink.com\/fr\/wp-json\/wp\/v2\/media?parent=26357"}],"curies":[{"name":"wp","href":"https:\/\/api.w.org\/{rel}","templated":true}]}}