{"id":26359,"date":"2021-12-06T14:05:03","date_gmt":"2021-12-06T14:05:03","guid":{"rendered":"https:\/\/www.irishfoodanddrink.com\/?page_id=26359"},"modified":"2021-12-06T14:25:25","modified_gmt":"2021-12-06T14:25:25","slug":"lirlande-de-retour-a-ism-de-cologne","status":"publish","type":"page","link":"https:\/\/www.irishfoodanddrink.com\/fr\/resources\/lirlande-de-retour-a-ism-de-cologne\/","title":{"rendered":"L\u2019Irlande de retour \u00e0 ISM de Cologne"},"content":{"rendered":"<p>Les sp\u00e9cialistes des achats et les responsables du secteur confiserie et snacking attendent avec impatience le retour du salon ISM de Cologne fin janvier 2022. Les cat\u00e9gories continuent de faire preuve de croissance et de dynamisme en s\u2019adaptant aux tendances de consommation autour de la sant\u00e9, de la gourmandise et du d\u00e9veloppement durable.<\/p>\n<p>&nbsp;<\/p>\n<p>\u00c0 Cologne, Bord Bia accueillera sept fournisseurs\u00a0irlandais sous son pavillon (<a href=\"https:\/\/www.broderickshandmade.com\/\">Brodericks<\/a>, <a href=\"https:\/\/www.butlerschocolates.com\/en\">Butlers<\/a>, <a href=\"https:\/\/eastcoastbakehouse.com\/\">East Coast Bakehouse<\/a>, <a href=\"https:\/\/good4u.co\/\">Good4U<\/a>, <a href=\"https:\/\/cleeves.net\/\">Hazelbrook Confectionary<\/a>, <a href=\"https:\/\/www.keoghs.ie\/\">Keogh\u2019s<\/a>, <a href=\"https:\/\/www.lirchocolates.com\/\">L\u00edr<\/a>). Ces fournisseurs exposeront leurs innovations dans les domaines du chocolat haut de gamme, des p\u00e2tisseries, des produits de snacking di\u00e9t\u00e9tiques et sal\u00e9s, et de la confiserie sur notre stand G-050g (hall 04.2). Ces exposants sont membres d\u2019Origin Green, et se sont engag\u00e9s de faire un reporting annuel audit\u00e9 sur leur progr\u00e8s en mati\u00e8re de d\u00e9veloppement durable.<\/p>\n<p>&nbsp;<\/p>\n<p>Ces derni\u00e8res ann\u00e9es, un souci accru des consommateurs pour leur sant\u00e9 a stimul\u00e9 l\u2019innovation des fournisseurs irlandais. De toute \u00e9vidence, les acheteurs pourront facilement ajouter une nouvelle valeur \u00e0 leurs cat\u00e9gories entre\u00a0: les produits meilleurs pour la sant\u00e9, les aliments \u00ab\u00a0sans\u00a0\u00bb, l\u2019ajout de fonctionnalit\u00e9s ainsi qu\u2019une originalit\u00e9 des saveurs, des formats novateurs et une solide d\u00e9marche de d\u00e9veloppement durable.<\/p>\n<p>&nbsp;<\/p>\n<p>Pour en savoir plus sur les exposants irlandais \u00e0 la prochaine \u00e9dition de l\u2019ISM veuillez contacter <a href=\"mailto:sarah.phelan@bordbia.ie\">sarah.phelan@bordbia.ie<\/a>.<\/p>\n","protected":false},"excerpt":{"rendered":"<p>Les sp\u00e9cialistes des achats et les responsables du secteur confiserie et snacking attendent avec impatience le retour du salon ISM de Cologne fin janvier 2022. Les cat\u00e9gories continuent de faire preuve de croissance et de dynamisme en s\u2019adaptant aux tendances de consommation autour de la sant\u00e9, de la gourmandise et du d\u00e9veloppement durable. &nbsp; \u00c0 [&hellip;]<\/p>\n","protected":false},"author":18,"featured_media":0,"parent":24357,"menu_order":0,"comment_status":"closed","ping_status":"closed","template":"","meta":{"_acf_changed":false,"inline_featured_image":false,"footnotes":""},"class_list":["post-26359","page","type-page","status-publish","hentry"],"acf":[],"yoast_head":"<!-- This site is optimized with the Yoast SEO plugin v27.3 - https:\/\/yoast.com\/product\/yoast-seo-wordpress\/ -->\n<title>L\u2019Irlande de retour \u00e0 ISM de Cologne - Irish Food &amp; Drink<\/title>\n<meta name=\"robots\" content=\"index, follow, max-snippet:-1, max-image-preview:large, max-video-preview:-1\" \/>\n<link rel=\"canonical\" href=\"https:\/\/www.irishfoodanddrink.com\/fr\/resources\/lirlande-de-retour-a-ism-de-cologne\/\" \/>\n<meta property=\"og:locale\" content=\"fr_FR\" \/>\n<meta property=\"og:type\" content=\"article\" \/>\n<meta property=\"og:title\" content=\"L\u2019Irlande de retour \u00e0 ISM de Cologne - Irish Food &amp; Drink\" \/>\n<meta property=\"og:description\" content=\"Les sp\u00e9cialistes des achats et les responsables du secteur confiserie et snacking attendent avec impatience le retour du salon ISM de Cologne fin janvier 2022. Les cat\u00e9gories continuent de faire preuve de croissance et de dynamisme en s\u2019adaptant aux tendances de consommation autour de la sant\u00e9, de la gourmandise et du d\u00e9veloppement durable. &nbsp; \u00c0 [&hellip;]\" \/>\n<meta property=\"og:url\" content=\"https:\/\/www.irishfoodanddrink.com\/fr\/resources\/lirlande-de-retour-a-ism-de-cologne\/\" \/>\n<meta property=\"og:site_name\" content=\"Irish Food &amp; Drink\" \/>\n<meta property=\"article:modified_time\" content=\"2021-12-06T14:25:25+00:00\" \/>\n<meta property=\"og:image\" content=\"https:\/\/www.irishfoodanddrink.com\/wp-content\/uploads\/2020\/12\/Small-homepage-image-339-x-226-min.jpg\" \/>\n\t<meta property=\"og:image:width\" content=\"339\" \/>\n\t<meta property=\"og:image:height\" content=\"226\" \/>\n\t<meta property=\"og:image:type\" content=\"image\/jpeg\" \/>\n<meta name=\"twitter:card\" content=\"summary_large_image\" \/>\n<meta name=\"twitter:label1\" content=\"Est. reading time\" \/>\n\t<meta name=\"twitter:data1\" content=\"1 minute\" \/>\n<script type=\"application\/ld+json\" class=\"yoast-schema-graph\">{\"@context\":\"https:\\\/\\\/schema.org\",\"@graph\":[{\"@type\":\"WebPage\",\"@id\":\"https:\\\/\\\/www.irishfoodanddrink.com\\\/fr\\\/resources\\\/lirlande-de-retour-a-ism-de-cologne\\\/\",\"url\":\"https:\\\/\\\/www.irishfoodanddrink.com\\\/fr\\\/resources\\\/lirlande-de-retour-a-ism-de-cologne\\\/\",\"name\":\"L\u2019Irlande de retour \u00e0 ISM de Cologne - Irish Food &amp; Drink\",\"isPartOf\":{\"@id\":\"https:\\\/\\\/www.irishfoodanddrink.com\\\/fr\\\/#website\"},\"datePublished\":\"2021-12-06T14:05:03+00:00\",\"dateModified\":\"2021-12-06T14:25:25+00:00\",\"breadcrumb\":{\"@id\":\"https:\\\/\\\/www.irishfoodanddrink.com\\\/fr\\\/resources\\\/lirlande-de-retour-a-ism-de-cologne\\\/#breadcrumb\"},\"inLanguage\":\"fr-FR\",\"potentialAction\":[{\"@type\":\"ReadAction\",\"target\":[\"https:\\\/\\\/www.irishfoodanddrink.com\\\/fr\\\/resources\\\/lirlande-de-retour-a-ism-de-cologne\\\/\"]}]},{\"@type\":\"BreadcrumbList\",\"@id\":\"https:\\\/\\\/www.irishfoodanddrink.com\\\/fr\\\/resources\\\/lirlande-de-retour-a-ism-de-cologne\\\/#breadcrumb\",\"itemListElement\":[{\"@type\":\"ListItem\",\"position\":1,\"name\":\"Home\",\"item\":\"https:\\\/\\\/www.irishfoodanddrink.com\\\/fr\\\/\"},{\"@type\":\"ListItem\",\"position\":2,\"name\":\"Ressources\",\"item\":\"https:\\\/\\\/www.irishfoodanddrink.com\\\/fr\\\/resources\\\/\"},{\"@type\":\"ListItem\",\"position\":3,\"name\":\"L\u2019Irlande de retour \u00e0 ISM de Cologne\"}]},{\"@type\":\"WebSite\",\"@id\":\"https:\\\/\\\/www.irishfoodanddrink.com\\\/fr\\\/#website\",\"url\":\"https:\\\/\\\/www.irishfoodanddrink.com\\\/fr\\\/\",\"name\":\"Irish Food &amp; Drink\",\"description\":\"Helping you source food and drink from Irish suppliers\",\"potentialAction\":[{\"@type\":\"SearchAction\",\"target\":{\"@type\":\"EntryPoint\",\"urlTemplate\":\"https:\\\/\\\/www.irishfoodanddrink.com\\\/fr\\\/?s={search_term_string}\"},\"query-input\":{\"@type\":\"PropertyValueSpecification\",\"valueRequired\":true,\"valueName\":\"search_term_string\"}}],\"inLanguage\":\"fr-FR\"}]}<\/script>\n<!-- \/ Yoast SEO plugin. -->","yoast_head_json":{"title":"L\u2019Irlande de retour \u00e0 ISM de Cologne - Irish Food &amp; Drink","robots":{"index":"index","follow":"follow","max-snippet":"max-snippet:-1","max-image-preview":"max-image-preview:large","max-video-preview":"max-video-preview:-1"},"canonical":"https:\/\/www.irishfoodanddrink.com\/fr\/resources\/lirlande-de-retour-a-ism-de-cologne\/","og_locale":"fr_FR","og_type":"article","og_title":"L\u2019Irlande de retour \u00e0 ISM de Cologne - Irish Food &amp; Drink","og_description":"Les sp\u00e9cialistes des achats et les responsables du secteur confiserie et snacking attendent avec impatience le retour du salon ISM de Cologne fin janvier 2022. Les cat\u00e9gories continuent de faire preuve de croissance et de dynamisme en s\u2019adaptant aux tendances de consommation autour de la sant\u00e9, de la gourmandise et du d\u00e9veloppement durable. &nbsp; \u00c0 [&hellip;]","og_url":"https:\/\/www.irishfoodanddrink.com\/fr\/resources\/lirlande-de-retour-a-ism-de-cologne\/","og_site_name":"Irish Food &amp; Drink","article_modified_time":"2021-12-06T14:25:25+00:00","og_image":[{"width":339,"height":226,"url":"https:\/\/www.irishfoodanddrink.com\/wp-content\/uploads\/2020\/12\/Small-homepage-image-339-x-226-min.jpg","type":"image\/jpeg"}],"twitter_card":"summary_large_image","twitter_misc":{"Est. reading time":"1 minute"},"schema":{"@context":"https:\/\/schema.org","@graph":[{"@type":"WebPage","@id":"https:\/\/www.irishfoodanddrink.com\/fr\/resources\/lirlande-de-retour-a-ism-de-cologne\/","url":"https:\/\/www.irishfoodanddrink.com\/fr\/resources\/lirlande-de-retour-a-ism-de-cologne\/","name":"L\u2019Irlande de retour \u00e0 ISM de Cologne - Irish Food &amp; Drink","isPartOf":{"@id":"https:\/\/www.irishfoodanddrink.com\/fr\/#website"},"datePublished":"2021-12-06T14:05:03+00:00","dateModified":"2021-12-06T14:25:25+00:00","breadcrumb":{"@id":"https:\/\/www.irishfoodanddrink.com\/fr\/resources\/lirlande-de-retour-a-ism-de-cologne\/#breadcrumb"},"inLanguage":"fr-FR","potentialAction":[{"@type":"ReadAction","target":["https:\/\/www.irishfoodanddrink.com\/fr\/resources\/lirlande-de-retour-a-ism-de-cologne\/"]}]},{"@type":"BreadcrumbList","@id":"https:\/\/www.irishfoodanddrink.com\/fr\/resources\/lirlande-de-retour-a-ism-de-cologne\/#breadcrumb","itemListElement":[{"@type":"ListItem","position":1,"name":"Home","item":"https:\/\/www.irishfoodanddrink.com\/fr\/"},{"@type":"ListItem","position":2,"name":"Ressources","item":"https:\/\/www.irishfoodanddrink.com\/fr\/resources\/"},{"@type":"ListItem","position":3,"name":"L\u2019Irlande de retour \u00e0 ISM de Cologne"}]},{"@type":"WebSite","@id":"https:\/\/www.irishfoodanddrink.com\/fr\/#website","url":"https:\/\/www.irishfoodanddrink.com\/fr\/","name":"Irish Food &amp; Drink","description":"Helping you source food and drink from Irish suppliers","potentialAction":[{"@type":"SearchAction","target":{"@type":"EntryPoint","urlTemplate":"https:\/\/www.irishfoodanddrink.com\/fr\/?s={search_term_string}"},"query-input":{"@type":"PropertyValueSpecification","valueRequired":true,"valueName":"search_term_string"}}],"inLanguage":"fr-FR"}]}},"_links":{"self":[{"href":"https:\/\/www.irishfoodanddrink.com\/fr\/wp-json\/wp\/v2\/pages\/26359","targetHints":{"allow":["GET"]}}],"collection":[{"href":"https:\/\/www.irishfoodanddrink.com\/fr\/wp-json\/wp\/v2\/pages"}],"about":[{"href":"https:\/\/www.irishfoodanddrink.com\/fr\/wp-json\/wp\/v2\/types\/page"}],"author":[{"embeddable":true,"href":"https:\/\/www.irishfoodanddrink.com\/fr\/wp-json\/wp\/v2\/users\/18"}],"replies":[{"embeddable":true,"href":"https:\/\/www.irishfoodanddrink.com\/fr\/wp-json\/wp\/v2\/comments?post=26359"}],"version-history":[{"count":7,"href":"https:\/\/www.irishfoodanddrink.com\/fr\/wp-json\/wp\/v2\/pages\/26359\/revisions"}],"predecessor-version":[{"id":26423,"href":"https:\/\/www.irishfoodanddrink.com\/fr\/wp-json\/wp\/v2\/pages\/26359\/revisions\/26423"}],"up":[{"embeddable":true,"href":"https:\/\/www.irishfoodanddrink.com\/fr\/wp-json\/wp\/v2\/pages\/24357"}],"wp:attachment":[{"href":"https:\/\/www.irishfoodanddrink.com\/fr\/wp-json\/wp\/v2\/media?parent=26359"}],"curies":[{"name":"wp","href":"https:\/\/api.w.org\/{rel}","templated":true}]}}