{"id":26361,"date":"2021-12-06T14:05:25","date_gmt":"2021-12-06T14:05:25","guid":{"rendered":"https:\/\/www.irishfoodanddrink.com\/?page_id=26361"},"modified":"2021-12-06T14:25:34","modified_gmt":"2021-12-06T14:25:34","slug":"le-boeuf-irlandais-medaille-au-world-steak-challenge-2021","status":"publish","type":"page","link":"https:\/\/www.irishfoodanddrink.com\/fr\/resources\/le-boeuf-irlandais-medaille-au-world-steak-challenge-2021\/","title":{"rendered":"Le b\u0153uf irlandais m\u00e9daille au World Steak Challenge 2021"},"content":{"rendered":"<p>Le 10 novembre dernier l\u2019Irlande a remport\u00e9 un record de 46 m\u00e9dailles d\u2019or au World Steak Challenge 2021\u00a0; une premi\u00e8re pour un seul pays lors de ce concours qui c\u00e9l\u00e8bre ses 6 ans.<\/p>\n<p>Les fournisseurs irlandais de viande ABP Cahir, Dawn Meats et Kepak, ainsi que les enseignes de la GMS, Lidl Ireland et SuperValu, figuraient parmi les vainqueurs du concours annuel qui s\u2019est tenu au FIRE Steakhouse &amp; Bar, \u00e0 Dublin.<\/p>\n<p>Les gagnants comptaient \u00e9galement les exportateurs Ashbourne Meat et Liffey Meats, ainsi que Higgins Butchers, James Whelan Butchers, FX Buckley et Martin Jennings.<\/p>\n<p>La s\u00e9lection a eu lieu \u00e0 l\u2019aveugle, avec un panel international, compos\u00e9 de plus de 50 sp\u00e9cialistes ind\u00e9pendants comprenant des grands noms de la science des aliments, de la boucherie, de la restauration. Chaque steak a \u00e9t\u00e9 jug\u00e9 selon ses m\u00e9rites sur des crit\u00e8res techniques aussi bien crus que cuit.<\/p>\n<p>Les 46 morceaux de viande irlandaise remportant l\u2019or provenaient de b\u00eates nourries \u00e0 l\u2019herbe, le faux-filet s\u2019av\u00e9rant \u00eatre le morceau de steak le plus populaire avec 19 m\u00e9dailles d\u2019or. Quant aux races les plus appr\u00e9ci\u00e9es pour le steak, le crois\u00e9 Angus se d\u00e9marque, suivi du Hereford et de l\u2019Aberdeen Angus.<\/p>\n<p>Pour conna\u00eetre la liste compl\u00e8te des gagnants et gagnantes, rendez-vous sur <a href=\"https:\/\/worldsteakchallenge.com\/live\/en\/page\/winners-2021\">https:\/\/worldsteakchallenge.com\/live\/en\/page\/winners-2021<\/a><u>.<\/u><\/p>\n","protected":false},"excerpt":{"rendered":"<p>Le 10 novembre dernier l\u2019Irlande a remport\u00e9 un record de 46 m\u00e9dailles d\u2019or au World Steak Challenge 2021\u00a0; une premi\u00e8re pour un seul pays lors de ce concours qui c\u00e9l\u00e8bre ses 6 ans. Les fournisseurs irlandais de viande ABP Cahir, Dawn Meats et Kepak, ainsi que les enseignes de la GMS, Lidl Ireland et SuperValu, [&hellip;]<\/p>\n","protected":false},"author":18,"featured_media":0,"parent":24357,"menu_order":0,"comment_status":"closed","ping_status":"closed","template":"","meta":{"_acf_changed":false,"inline_featured_image":false,"footnotes":""},"class_list":["post-26361","page","type-page","status-publish","hentry"],"acf":[],"yoast_head":"<!-- This site is optimized with the Yoast SEO plugin v27.3 - https:\/\/yoast.com\/product\/yoast-seo-wordpress\/ -->\n<title>Le b\u0153uf irlandais m\u00e9daille au World Steak Challenge 2021 - Irish Food &amp; Drink<\/title>\n<meta name=\"robots\" content=\"index, follow, max-snippet:-1, max-image-preview:large, max-video-preview:-1\" \/>\n<link rel=\"canonical\" href=\"https:\/\/www.irishfoodanddrink.com\/fr\/resources\/le-boeuf-irlandais-medaille-au-world-steak-challenge-2021\/\" \/>\n<meta property=\"og:locale\" content=\"fr_FR\" \/>\n<meta property=\"og:type\" content=\"article\" \/>\n<meta property=\"og:title\" content=\"Le b\u0153uf irlandais m\u00e9daille au World Steak Challenge 2021 - Irish Food &amp; Drink\" \/>\n<meta property=\"og:description\" content=\"Le 10 novembre dernier l\u2019Irlande a remport\u00e9 un record de 46 m\u00e9dailles d\u2019or au World Steak Challenge 2021\u00a0; une premi\u00e8re pour un seul pays lors de ce concours qui c\u00e9l\u00e8bre ses 6 ans. Les fournisseurs irlandais de viande ABP Cahir, Dawn Meats et Kepak, ainsi que les enseignes de la GMS, Lidl Ireland et SuperValu, [&hellip;]\" \/>\n<meta property=\"og:url\" content=\"https:\/\/www.irishfoodanddrink.com\/fr\/resources\/le-boeuf-irlandais-medaille-au-world-steak-challenge-2021\/\" \/>\n<meta property=\"og:site_name\" content=\"Irish Food &amp; Drink\" \/>\n<meta property=\"article:modified_time\" content=\"2021-12-06T14:25:34+00:00\" \/>\n<meta property=\"og:image\" content=\"https:\/\/www.irishfoodanddrink.com\/wp-content\/uploads\/2020\/12\/Small-homepage-image-339-x-226-min.jpg\" \/>\n\t<meta property=\"og:image:width\" content=\"339\" \/>\n\t<meta property=\"og:image:height\" content=\"226\" \/>\n\t<meta property=\"og:image:type\" content=\"image\/jpeg\" \/>\n<meta name=\"twitter:card\" content=\"summary_large_image\" \/>\n<meta name=\"twitter:label1\" content=\"Est. reading time\" \/>\n\t<meta name=\"twitter:data1\" content=\"1 minute\" \/>\n<script type=\"application\/ld+json\" class=\"yoast-schema-graph\">{\"@context\":\"https:\\\/\\\/schema.org\",\"@graph\":[{\"@type\":\"WebPage\",\"@id\":\"https:\\\/\\\/www.irishfoodanddrink.com\\\/fr\\\/resources\\\/le-boeuf-irlandais-medaille-au-world-steak-challenge-2021\\\/\",\"url\":\"https:\\\/\\\/www.irishfoodanddrink.com\\\/fr\\\/resources\\\/le-boeuf-irlandais-medaille-au-world-steak-challenge-2021\\\/\",\"name\":\"Le b\u0153uf irlandais m\u00e9daille au World Steak Challenge 2021 - Irish Food &amp; Drink\",\"isPartOf\":{\"@id\":\"https:\\\/\\\/www.irishfoodanddrink.com\\\/fr\\\/#website\"},\"datePublished\":\"2021-12-06T14:05:25+00:00\",\"dateModified\":\"2021-12-06T14:25:34+00:00\",\"breadcrumb\":{\"@id\":\"https:\\\/\\\/www.irishfoodanddrink.com\\\/fr\\\/resources\\\/le-boeuf-irlandais-medaille-au-world-steak-challenge-2021\\\/#breadcrumb\"},\"inLanguage\":\"fr-FR\",\"potentialAction\":[{\"@type\":\"ReadAction\",\"target\":[\"https:\\\/\\\/www.irishfoodanddrink.com\\\/fr\\\/resources\\\/le-boeuf-irlandais-medaille-au-world-steak-challenge-2021\\\/\"]}]},{\"@type\":\"BreadcrumbList\",\"@id\":\"https:\\\/\\\/www.irishfoodanddrink.com\\\/fr\\\/resources\\\/le-boeuf-irlandais-medaille-au-world-steak-challenge-2021\\\/#breadcrumb\",\"itemListElement\":[{\"@type\":\"ListItem\",\"position\":1,\"name\":\"Home\",\"item\":\"https:\\\/\\\/www.irishfoodanddrink.com\\\/fr\\\/\"},{\"@type\":\"ListItem\",\"position\":2,\"name\":\"Ressources\",\"item\":\"https:\\\/\\\/www.irishfoodanddrink.com\\\/fr\\\/resources\\\/\"},{\"@type\":\"ListItem\",\"position\":3,\"name\":\"Le b\u0153uf irlandais m\u00e9daille au World Steak Challenge 2021\"}]},{\"@type\":\"WebSite\",\"@id\":\"https:\\\/\\\/www.irishfoodanddrink.com\\\/fr\\\/#website\",\"url\":\"https:\\\/\\\/www.irishfoodanddrink.com\\\/fr\\\/\",\"name\":\"Irish Food &amp; Drink\",\"description\":\"Helping you source food and drink from Irish suppliers\",\"potentialAction\":[{\"@type\":\"SearchAction\",\"target\":{\"@type\":\"EntryPoint\",\"urlTemplate\":\"https:\\\/\\\/www.irishfoodanddrink.com\\\/fr\\\/?s={search_term_string}\"},\"query-input\":{\"@type\":\"PropertyValueSpecification\",\"valueRequired\":true,\"valueName\":\"search_term_string\"}}],\"inLanguage\":\"fr-FR\"}]}<\/script>\n<!-- \/ Yoast SEO plugin. -->","yoast_head_json":{"title":"Le b\u0153uf irlandais m\u00e9daille au World Steak Challenge 2021 - Irish Food &amp; Drink","robots":{"index":"index","follow":"follow","max-snippet":"max-snippet:-1","max-image-preview":"max-image-preview:large","max-video-preview":"max-video-preview:-1"},"canonical":"https:\/\/www.irishfoodanddrink.com\/fr\/resources\/le-boeuf-irlandais-medaille-au-world-steak-challenge-2021\/","og_locale":"fr_FR","og_type":"article","og_title":"Le b\u0153uf irlandais m\u00e9daille au World Steak Challenge 2021 - Irish Food &amp; Drink","og_description":"Le 10 novembre dernier l\u2019Irlande a remport\u00e9 un record de 46 m\u00e9dailles d\u2019or au World Steak Challenge 2021\u00a0; une premi\u00e8re pour un seul pays lors de ce concours qui c\u00e9l\u00e8bre ses 6 ans. Les fournisseurs irlandais de viande ABP Cahir, Dawn Meats et Kepak, ainsi que les enseignes de la GMS, Lidl Ireland et SuperValu, [&hellip;]","og_url":"https:\/\/www.irishfoodanddrink.com\/fr\/resources\/le-boeuf-irlandais-medaille-au-world-steak-challenge-2021\/","og_site_name":"Irish Food &amp; Drink","article_modified_time":"2021-12-06T14:25:34+00:00","og_image":[{"width":339,"height":226,"url":"https:\/\/www.irishfoodanddrink.com\/wp-content\/uploads\/2020\/12\/Small-homepage-image-339-x-226-min.jpg","type":"image\/jpeg"}],"twitter_card":"summary_large_image","twitter_misc":{"Est. reading time":"1 minute"},"schema":{"@context":"https:\/\/schema.org","@graph":[{"@type":"WebPage","@id":"https:\/\/www.irishfoodanddrink.com\/fr\/resources\/le-boeuf-irlandais-medaille-au-world-steak-challenge-2021\/","url":"https:\/\/www.irishfoodanddrink.com\/fr\/resources\/le-boeuf-irlandais-medaille-au-world-steak-challenge-2021\/","name":"Le b\u0153uf irlandais m\u00e9daille au World Steak Challenge 2021 - Irish Food &amp; Drink","isPartOf":{"@id":"https:\/\/www.irishfoodanddrink.com\/fr\/#website"},"datePublished":"2021-12-06T14:05:25+00:00","dateModified":"2021-12-06T14:25:34+00:00","breadcrumb":{"@id":"https:\/\/www.irishfoodanddrink.com\/fr\/resources\/le-boeuf-irlandais-medaille-au-world-steak-challenge-2021\/#breadcrumb"},"inLanguage":"fr-FR","potentialAction":[{"@type":"ReadAction","target":["https:\/\/www.irishfoodanddrink.com\/fr\/resources\/le-boeuf-irlandais-medaille-au-world-steak-challenge-2021\/"]}]},{"@type":"BreadcrumbList","@id":"https:\/\/www.irishfoodanddrink.com\/fr\/resources\/le-boeuf-irlandais-medaille-au-world-steak-challenge-2021\/#breadcrumb","itemListElement":[{"@type":"ListItem","position":1,"name":"Home","item":"https:\/\/www.irishfoodanddrink.com\/fr\/"},{"@type":"ListItem","position":2,"name":"Ressources","item":"https:\/\/www.irishfoodanddrink.com\/fr\/resources\/"},{"@type":"ListItem","position":3,"name":"Le b\u0153uf irlandais m\u00e9daille au World Steak Challenge 2021"}]},{"@type":"WebSite","@id":"https:\/\/www.irishfoodanddrink.com\/fr\/#website","url":"https:\/\/www.irishfoodanddrink.com\/fr\/","name":"Irish Food &amp; Drink","description":"Helping you source food and drink from Irish suppliers","potentialAction":[{"@type":"SearchAction","target":{"@type":"EntryPoint","urlTemplate":"https:\/\/www.irishfoodanddrink.com\/fr\/?s={search_term_string}"},"query-input":{"@type":"PropertyValueSpecification","valueRequired":true,"valueName":"search_term_string"}}],"inLanguage":"fr-FR"}]}},"_links":{"self":[{"href":"https:\/\/www.irishfoodanddrink.com\/fr\/wp-json\/wp\/v2\/pages\/26361","targetHints":{"allow":["GET"]}}],"collection":[{"href":"https:\/\/www.irishfoodanddrink.com\/fr\/wp-json\/wp\/v2\/pages"}],"about":[{"href":"https:\/\/www.irishfoodanddrink.com\/fr\/wp-json\/wp\/v2\/types\/page"}],"author":[{"embeddable":true,"href":"https:\/\/www.irishfoodanddrink.com\/fr\/wp-json\/wp\/v2\/users\/18"}],"replies":[{"embeddable":true,"href":"https:\/\/www.irishfoodanddrink.com\/fr\/wp-json\/wp\/v2\/comments?post=26361"}],"version-history":[{"count":3,"href":"https:\/\/www.irishfoodanddrink.com\/fr\/wp-json\/wp\/v2\/pages\/26361\/revisions"}],"predecessor-version":[{"id":26414,"href":"https:\/\/www.irishfoodanddrink.com\/fr\/wp-json\/wp\/v2\/pages\/26361\/revisions\/26414"}],"up":[{"embeddable":true,"href":"https:\/\/www.irishfoodanddrink.com\/fr\/wp-json\/wp\/v2\/pages\/24357"}],"wp:attachment":[{"href":"https:\/\/www.irishfoodanddrink.com\/fr\/wp-json\/wp\/v2\/media?parent=26361"}],"curies":[{"name":"wp","href":"https:\/\/api.w.org\/{rel}","templated":true}]}}