{"id":41228,"date":"2025-10-07T09:42:19","date_gmt":"2025-10-07T09:42:19","guid":{"rendered":"https:\/\/www.irishfoodanddrink.com\/?page_id=41228"},"modified":"2025-10-07T10:06:51","modified_gmt":"2025-10-07T10:06:51","slug":"igp-boeuf-herbe-irlandais","status":"publish","type":"page","link":"https:\/\/www.irishfoodanddrink.com\/fr\/igp-boeuf-herbe-irlandais\/","title":{"rendered":"IGP \u00ab\u00a0Irish Grass Fed Beef\u00a0\u00bb"},"content":{"rendered":"","protected":false},"excerpt":{"rendered":"","protected":false},"author":13,"featured_media":0,"parent":0,"menu_order":0,"comment_status":"closed","ping_status":"closed","template":"page-templates\/landing-page.php","meta":{"_acf_changed":false,"inline_featured_image":false,"footnotes":""},"class_list":["post-41228","page","type-page","status-publish","hentry"],"acf":[],"yoast_head":"<!-- This site is optimized with the Yoast SEO plugin v27.1.1 - https:\/\/yoast.com\/product\/yoast-seo-wordpress\/ -->\n<title>IGP \u00ab\u00a0Irish Grass Fed Beef\u00a0\u00bb - Irish Food &amp; Drink<\/title>\n<meta name=\"description\" content=\"B\u0153uf irlandais IGP : une viande premium, nourrie \u00e0 l\u2019herbe, reconnue pour sa qualit\u00e9, sa durabilit\u00e9 et son go\u00fbt exceptionnel.\" \/>\n<meta name=\"robots\" content=\"index, follow, max-snippet:-1, max-image-preview:large, max-video-preview:-1\" \/>\n<link rel=\"canonical\" href=\"https:\/\/www.irishfoodanddrink.com\/fr\/igp-boeuf-herbe-irlandais\/\" \/>\n<meta property=\"og:locale\" content=\"fr_FR\" \/>\n<meta property=\"og:type\" content=\"article\" \/>\n<meta property=\"og:title\" content=\"IGP \u00ab\u00a0Irish Grass Fed Beef\u00a0\u00bb - Irish Food &amp; Drink\" \/>\n<meta property=\"og:description\" content=\"B\u0153uf irlandais IGP : une viande premium, nourrie \u00e0 l\u2019herbe, reconnue pour sa qualit\u00e9, sa durabilit\u00e9 et son go\u00fbt exceptionnel.\" \/>\n<meta property=\"og:url\" content=\"https:\/\/www.irishfoodanddrink.com\/fr\/igp-boeuf-herbe-irlandais\/\" \/>\n<meta property=\"og:site_name\" content=\"Irish Food &amp; Drink\" \/>\n<meta property=\"article:modified_time\" content=\"2025-10-07T10:06:51+00:00\" \/>\n<meta property=\"og:image\" content=\"https:\/\/www.irishfoodanddrink.com\/wp-content\/uploads\/2020\/12\/Small-homepage-image-339-x-226-min.jpg\" \/>\n\t<meta property=\"og:image:width\" content=\"339\" \/>\n\t<meta property=\"og:image:height\" content=\"226\" \/>\n\t<meta property=\"og:image:type\" content=\"image\/jpeg\" \/>\n<meta name=\"twitter:card\" content=\"summary_large_image\" \/>\n<script type=\"application\/ld+json\" class=\"yoast-schema-graph\">{\"@context\":\"https:\/\/schema.org\",\"@graph\":[{\"@type\":\"WebPage\",\"@id\":\"https:\/\/www.irishfoodanddrink.com\/fr\/igp-boeuf-herbe-irlandais\/\",\"url\":\"https:\/\/www.irishfoodanddrink.com\/fr\/igp-boeuf-herbe-irlandais\/\",\"name\":\"IGP \u00ab\u00a0Irish Grass Fed Beef\u00a0\u00bb - Irish Food &amp; Drink\",\"isPartOf\":{\"@id\":\"https:\/\/www.irishfoodanddrink.com\/fr\/#website\"},\"datePublished\":\"2025-10-07T09:42:19+00:00\",\"dateModified\":\"2025-10-07T10:06:51+00:00\",\"description\":\"B\u0153uf irlandais IGP : une viande premium, nourrie \u00e0 l\u2019herbe, reconnue pour sa qualit\u00e9, sa durabilit\u00e9 et son go\u00fbt exceptionnel.\",\"breadcrumb\":{\"@id\":\"https:\/\/www.irishfoodanddrink.com\/fr\/igp-boeuf-herbe-irlandais\/#breadcrumb\"},\"inLanguage\":\"fr-FR\",\"potentialAction\":[{\"@type\":\"ReadAction\",\"target\":[\"https:\/\/www.irishfoodanddrink.com\/fr\/igp-boeuf-herbe-irlandais\/\"]}]},{\"@type\":\"BreadcrumbList\",\"@id\":\"https:\/\/www.irishfoodanddrink.com\/fr\/igp-boeuf-herbe-irlandais\/#breadcrumb\",\"itemListElement\":[{\"@type\":\"ListItem\",\"position\":1,\"name\":\"Home\",\"item\":\"https:\/\/www.irishfoodanddrink.com\/fr\/\"},{\"@type\":\"ListItem\",\"position\":2,\"name\":\"IGP \u00ab\u00a0Irish Grass Fed Beef\u00a0\u00bb\"}]},{\"@type\":\"WebSite\",\"@id\":\"https:\/\/www.irishfoodanddrink.com\/fr\/#website\",\"url\":\"https:\/\/www.irishfoodanddrink.com\/fr\/\",\"name\":\"Irish Food &amp; Drink\",\"description\":\"Helping you source food and drink from Irish suppliers\",\"potentialAction\":[{\"@type\":\"SearchAction\",\"target\":{\"@type\":\"EntryPoint\",\"urlTemplate\":\"https:\/\/www.irishfoodanddrink.com\/fr\/?s={search_term_string}\"},\"query-input\":{\"@type\":\"PropertyValueSpecification\",\"valueRequired\":true,\"valueName\":\"search_term_string\"}}],\"inLanguage\":\"fr-FR\"}]}<\/script>\n<!-- \/ Yoast SEO plugin. -->","yoast_head_json":{"title":"IGP \u00ab\u00a0Irish Grass Fed Beef\u00a0\u00bb - Irish Food &amp; Drink","description":"B\u0153uf irlandais IGP : une viande premium, nourrie \u00e0 l\u2019herbe, reconnue pour sa qualit\u00e9, sa durabilit\u00e9 et son go\u00fbt exceptionnel.","robots":{"index":"index","follow":"follow","max-snippet":"max-snippet:-1","max-image-preview":"max-image-preview:large","max-video-preview":"max-video-preview:-1"},"canonical":"https:\/\/www.irishfoodanddrink.com\/fr\/igp-boeuf-herbe-irlandais\/","og_locale":"fr_FR","og_type":"article","og_title":"IGP \u00ab\u00a0Irish Grass Fed Beef\u00a0\u00bb - Irish Food &amp; Drink","og_description":"B\u0153uf irlandais IGP : une viande premium, nourrie \u00e0 l\u2019herbe, reconnue pour sa qualit\u00e9, sa durabilit\u00e9 et son go\u00fbt exceptionnel.","og_url":"https:\/\/www.irishfoodanddrink.com\/fr\/igp-boeuf-herbe-irlandais\/","og_site_name":"Irish Food &amp; Drink","article_modified_time":"2025-10-07T10:06:51+00:00","og_image":[{"width":339,"height":226,"url":"https:\/\/www.irishfoodanddrink.com\/wp-content\/uploads\/2020\/12\/Small-homepage-image-339-x-226-min.jpg","type":"image\/jpeg"}],"twitter_card":"summary_large_image","schema":{"@context":"https:\/\/schema.org","@graph":[{"@type":"WebPage","@id":"https:\/\/www.irishfoodanddrink.com\/fr\/igp-boeuf-herbe-irlandais\/","url":"https:\/\/www.irishfoodanddrink.com\/fr\/igp-boeuf-herbe-irlandais\/","name":"IGP \u00ab\u00a0Irish Grass Fed Beef\u00a0\u00bb - Irish Food &amp; Drink","isPartOf":{"@id":"https:\/\/www.irishfoodanddrink.com\/fr\/#website"},"datePublished":"2025-10-07T09:42:19+00:00","dateModified":"2025-10-07T10:06:51+00:00","description":"B\u0153uf irlandais IGP : une viande premium, nourrie \u00e0 l\u2019herbe, reconnue pour sa qualit\u00e9, sa durabilit\u00e9 et son go\u00fbt exceptionnel.","breadcrumb":{"@id":"https:\/\/www.irishfoodanddrink.com\/fr\/igp-boeuf-herbe-irlandais\/#breadcrumb"},"inLanguage":"fr-FR","potentialAction":[{"@type":"ReadAction","target":["https:\/\/www.irishfoodanddrink.com\/fr\/igp-boeuf-herbe-irlandais\/"]}]},{"@type":"BreadcrumbList","@id":"https:\/\/www.irishfoodanddrink.com\/fr\/igp-boeuf-herbe-irlandais\/#breadcrumb","itemListElement":[{"@type":"ListItem","position":1,"name":"Home","item":"https:\/\/www.irishfoodanddrink.com\/fr\/"},{"@type":"ListItem","position":2,"name":"IGP \u00ab\u00a0Irish Grass Fed Beef\u00a0\u00bb"}]},{"@type":"WebSite","@id":"https:\/\/www.irishfoodanddrink.com\/fr\/#website","url":"https:\/\/www.irishfoodanddrink.com\/fr\/","name":"Irish Food &amp; Drink","description":"Helping you source food and drink from Irish suppliers","potentialAction":[{"@type":"SearchAction","target":{"@type":"EntryPoint","urlTemplate":"https:\/\/www.irishfoodanddrink.com\/fr\/?s={search_term_string}"},"query-input":{"@type":"PropertyValueSpecification","valueRequired":true,"valueName":"search_term_string"}}],"inLanguage":"fr-FR"}]}},"_links":{"self":[{"href":"https:\/\/www.irishfoodanddrink.com\/fr\/wp-json\/wp\/v2\/pages\/41228","targetHints":{"allow":["GET"]}}],"collection":[{"href":"https:\/\/www.irishfoodanddrink.com\/fr\/wp-json\/wp\/v2\/pages"}],"about":[{"href":"https:\/\/www.irishfoodanddrink.com\/fr\/wp-json\/wp\/v2\/types\/page"}],"author":[{"embeddable":true,"href":"https:\/\/www.irishfoodanddrink.com\/fr\/wp-json\/wp\/v2\/users\/13"}],"replies":[{"embeddable":true,"href":"https:\/\/www.irishfoodanddrink.com\/fr\/wp-json\/wp\/v2\/comments?post=41228"}],"version-history":[{"count":13,"href":"https:\/\/www.irishfoodanddrink.com\/fr\/wp-json\/wp\/v2\/pages\/41228\/revisions"}],"predecessor-version":[{"id":41258,"href":"https:\/\/www.irishfoodanddrink.com\/fr\/wp-json\/wp\/v2\/pages\/41228\/revisions\/41258"}],"wp:attachment":[{"href":"https:\/\/www.irishfoodanddrink.com\/fr\/wp-json\/wp\/v2\/media?parent=41228"}],"curies":[{"name":"wp","href":"https:\/\/api.w.org\/{rel}","templated":true}]}}