{"id":41364,"date":"2025-10-08T13:41:23","date_gmt":"2025-10-08T13:41:23","guid":{"rendered":"https:\/\/www.irishfoodanddrink.com\/?page_id=41364"},"modified":"2025-10-08T14:07:37","modified_gmt":"2025-10-08T14:07:37","slug":"spirit-of-ireland","status":"publish","type":"page","link":"https:\/\/www.irishfoodanddrink.com\/fr\/spirit-of-ireland\/","title":{"rendered":"Spirit of Ireland"},"content":{"rendered":"","protected":false},"excerpt":{"rendered":"","protected":false},"author":13,"featured_media":0,"parent":0,"menu_order":0,"comment_status":"closed","ping_status":"closed","template":"page-templates\/landing-page.php","meta":{"_acf_changed":false,"inline_featured_image":false,"footnotes":""},"class_list":["post-41364","page","type-page","status-publish","hentry"],"acf":[],"yoast_head":"<!-- This site is optimized with the Yoast SEO plugin v27.3 - https:\/\/yoast.com\/product\/yoast-seo-wordpress\/ -->\n<title>Spirit of Ireland : spiritueux irlandais premium - Irish Food &amp; Drink<\/title>\n<meta name=\"description\" content=\"D\u00e9couvrez Spirit of Ireland \u2014 formation immersive Bord Bia, whisky, gin, poit\u00edn, liqueur de cr\u00e8me. Offrez \u00e0 vos clients fran\u00e7ais le meilleur de l\u2019Irlande. Sl\u00e1inte!\" \/>\n<meta name=\"robots\" content=\"index, follow, max-snippet:-1, max-image-preview:large, max-video-preview:-1\" \/>\n<link rel=\"canonical\" href=\"https:\/\/www.irishfoodanddrink.com\/fr\/spirit-of-ireland\/\" \/>\n<meta property=\"og:locale\" content=\"fr_FR\" \/>\n<meta property=\"og:type\" content=\"article\" \/>\n<meta property=\"og:title\" content=\"Spirit of Ireland : spiritueux irlandais premium - Irish Food &amp; Drink\" \/>\n<meta property=\"og:description\" content=\"D\u00e9couvrez Spirit of Ireland \u2014 formation immersive Bord Bia, whisky, gin, poit\u00edn, liqueur de cr\u00e8me. Offrez \u00e0 vos clients fran\u00e7ais le meilleur de l\u2019Irlande. Sl\u00e1inte!\" \/>\n<meta property=\"og:url\" content=\"https:\/\/www.irishfoodanddrink.com\/fr\/spirit-of-ireland\/\" \/>\n<meta property=\"og:site_name\" content=\"Irish Food &amp; Drink\" \/>\n<meta property=\"article:modified_time\" content=\"2025-10-08T14:07:37+00:00\" \/>\n<meta property=\"og:image\" content=\"https:\/\/www.irishfoodanddrink.com\/wp-content\/uploads\/2020\/12\/Small-homepage-image-339-x-226-min.jpg\" \/>\n\t<meta property=\"og:image:width\" content=\"339\" \/>\n\t<meta property=\"og:image:height\" content=\"226\" \/>\n\t<meta property=\"og:image:type\" content=\"image\/jpeg\" \/>\n<meta name=\"twitter:card\" content=\"summary_large_image\" \/>\n<script type=\"application\/ld+json\" class=\"yoast-schema-graph\">{\"@context\":\"https:\\\/\\\/schema.org\",\"@graph\":[{\"@type\":\"WebPage\",\"@id\":\"https:\\\/\\\/www.irishfoodanddrink.com\\\/fr\\\/spirit-of-ireland\\\/\",\"url\":\"https:\\\/\\\/www.irishfoodanddrink.com\\\/fr\\\/spirit-of-ireland\\\/\",\"name\":\"Spirit of Ireland : spiritueux irlandais premium - Irish Food &amp; Drink\",\"isPartOf\":{\"@id\":\"https:\\\/\\\/www.irishfoodanddrink.com\\\/fr\\\/#website\"},\"datePublished\":\"2025-10-08T13:41:23+00:00\",\"dateModified\":\"2025-10-08T14:07:37+00:00\",\"description\":\"D\u00e9couvrez Spirit of Ireland \u2014 formation immersive Bord Bia, whisky, gin, poit\u00edn, liqueur de cr\u00e8me. Offrez \u00e0 vos clients fran\u00e7ais le meilleur de l\u2019Irlande. Sl\u00e1inte!\",\"breadcrumb\":{\"@id\":\"https:\\\/\\\/www.irishfoodanddrink.com\\\/fr\\\/spirit-of-ireland\\\/#breadcrumb\"},\"inLanguage\":\"fr-FR\",\"potentialAction\":[{\"@type\":\"ReadAction\",\"target\":[\"https:\\\/\\\/www.irishfoodanddrink.com\\\/fr\\\/spirit-of-ireland\\\/\"]}]},{\"@type\":\"BreadcrumbList\",\"@id\":\"https:\\\/\\\/www.irishfoodanddrink.com\\\/fr\\\/spirit-of-ireland\\\/#breadcrumb\",\"itemListElement\":[{\"@type\":\"ListItem\",\"position\":1,\"name\":\"Home\",\"item\":\"https:\\\/\\\/www.irishfoodanddrink.com\\\/fr\\\/\"},{\"@type\":\"ListItem\",\"position\":2,\"name\":\"Spirit of Ireland\"}]},{\"@type\":\"WebSite\",\"@id\":\"https:\\\/\\\/www.irishfoodanddrink.com\\\/fr\\\/#website\",\"url\":\"https:\\\/\\\/www.irishfoodanddrink.com\\\/fr\\\/\",\"name\":\"Irish Food &amp; Drink\",\"description\":\"Helping you source food and drink from Irish suppliers\",\"potentialAction\":[{\"@type\":\"SearchAction\",\"target\":{\"@type\":\"EntryPoint\",\"urlTemplate\":\"https:\\\/\\\/www.irishfoodanddrink.com\\\/fr\\\/?s={search_term_string}\"},\"query-input\":{\"@type\":\"PropertyValueSpecification\",\"valueRequired\":true,\"valueName\":\"search_term_string\"}}],\"inLanguage\":\"fr-FR\"}]}<\/script>\n<!-- \/ Yoast SEO plugin. -->","yoast_head_json":{"title":"Spirit of Ireland : spiritueux irlandais premium - Irish Food &amp; Drink","description":"D\u00e9couvrez Spirit of Ireland \u2014 formation immersive Bord Bia, whisky, gin, poit\u00edn, liqueur de cr\u00e8me. Offrez \u00e0 vos clients fran\u00e7ais le meilleur de l\u2019Irlande. Sl\u00e1inte!","robots":{"index":"index","follow":"follow","max-snippet":"max-snippet:-1","max-image-preview":"max-image-preview:large","max-video-preview":"max-video-preview:-1"},"canonical":"https:\/\/www.irishfoodanddrink.com\/fr\/spirit-of-ireland\/","og_locale":"fr_FR","og_type":"article","og_title":"Spirit of Ireland : spiritueux irlandais premium - Irish Food &amp; Drink","og_description":"D\u00e9couvrez Spirit of Ireland \u2014 formation immersive Bord Bia, whisky, gin, poit\u00edn, liqueur de cr\u00e8me. Offrez \u00e0 vos clients fran\u00e7ais le meilleur de l\u2019Irlande. Sl\u00e1inte!","og_url":"https:\/\/www.irishfoodanddrink.com\/fr\/spirit-of-ireland\/","og_site_name":"Irish Food &amp; Drink","article_modified_time":"2025-10-08T14:07:37+00:00","og_image":[{"width":339,"height":226,"url":"https:\/\/www.irishfoodanddrink.com\/wp-content\/uploads\/2020\/12\/Small-homepage-image-339-x-226-min.jpg","type":"image\/jpeg"}],"twitter_card":"summary_large_image","schema":{"@context":"https:\/\/schema.org","@graph":[{"@type":"WebPage","@id":"https:\/\/www.irishfoodanddrink.com\/fr\/spirit-of-ireland\/","url":"https:\/\/www.irishfoodanddrink.com\/fr\/spirit-of-ireland\/","name":"Spirit of Ireland : spiritueux irlandais premium - Irish Food &amp; Drink","isPartOf":{"@id":"https:\/\/www.irishfoodanddrink.com\/fr\/#website"},"datePublished":"2025-10-08T13:41:23+00:00","dateModified":"2025-10-08T14:07:37+00:00","description":"D\u00e9couvrez Spirit of Ireland \u2014 formation immersive Bord Bia, whisky, gin, poit\u00edn, liqueur de cr\u00e8me. Offrez \u00e0 vos clients fran\u00e7ais le meilleur de l\u2019Irlande. Sl\u00e1inte!","breadcrumb":{"@id":"https:\/\/www.irishfoodanddrink.com\/fr\/spirit-of-ireland\/#breadcrumb"},"inLanguage":"fr-FR","potentialAction":[{"@type":"ReadAction","target":["https:\/\/www.irishfoodanddrink.com\/fr\/spirit-of-ireland\/"]}]},{"@type":"BreadcrumbList","@id":"https:\/\/www.irishfoodanddrink.com\/fr\/spirit-of-ireland\/#breadcrumb","itemListElement":[{"@type":"ListItem","position":1,"name":"Home","item":"https:\/\/www.irishfoodanddrink.com\/fr\/"},{"@type":"ListItem","position":2,"name":"Spirit of Ireland"}]},{"@type":"WebSite","@id":"https:\/\/www.irishfoodanddrink.com\/fr\/#website","url":"https:\/\/www.irishfoodanddrink.com\/fr\/","name":"Irish Food &amp; Drink","description":"Helping you source food and drink from Irish suppliers","potentialAction":[{"@type":"SearchAction","target":{"@type":"EntryPoint","urlTemplate":"https:\/\/www.irishfoodanddrink.com\/fr\/?s={search_term_string}"},"query-input":{"@type":"PropertyValueSpecification","valueRequired":true,"valueName":"search_term_string"}}],"inLanguage":"fr-FR"}]}},"_links":{"self":[{"href":"https:\/\/www.irishfoodanddrink.com\/fr\/wp-json\/wp\/v2\/pages\/41364","targetHints":{"allow":["GET"]}}],"collection":[{"href":"https:\/\/www.irishfoodanddrink.com\/fr\/wp-json\/wp\/v2\/pages"}],"about":[{"href":"https:\/\/www.irishfoodanddrink.com\/fr\/wp-json\/wp\/v2\/types\/page"}],"author":[{"embeddable":true,"href":"https:\/\/www.irishfoodanddrink.com\/fr\/wp-json\/wp\/v2\/users\/13"}],"replies":[{"embeddable":true,"href":"https:\/\/www.irishfoodanddrink.com\/fr\/wp-json\/wp\/v2\/comments?post=41364"}],"version-history":[{"count":4,"href":"https:\/\/www.irishfoodanddrink.com\/fr\/wp-json\/wp\/v2\/pages\/41364\/revisions"}],"predecessor-version":[{"id":41370,"href":"https:\/\/www.irishfoodanddrink.com\/fr\/wp-json\/wp\/v2\/pages\/41364\/revisions\/41370"}],"wp:attachment":[{"href":"https:\/\/www.irishfoodanddrink.com\/fr\/wp-json\/wp\/v2\/media?parent=41364"}],"curies":[{"name":"wp","href":"https:\/\/api.w.org\/{rel}","templated":true}]}}