{"id":20392,"date":"2020-11-18T17:52:34","date_gmt":"2020-11-18T17:52:34","guid":{"rendered":"http:\/\/staging.irishfoodanddrink.com\/?page_id=20392"},"modified":"2026-01-21T15:32:27","modified_gmt":"2026-01-21T15:32:27","slug":"private-label","status":"publish","type":"page","link":"https:\/\/www.irishfoodanddrink.com\/it\/irish-advantage\/private-label\/","title":{"rendered":"Marche Private"},"content":{"rendered":"<p>&nbsp;<\/p>\n<p><strong><a href=\"https:\/\/www.irishfoodanddrink.com\/private-label-health-foods\/\">Marche private di alimenti salutari<\/a><\/strong><strong>\u00a0|\u00a0\u00a0<a href=\"https:\/\/www.irishfoodanddrink.com\/why-ireland\/higher-value-private-label\/\">Marche private di maggior valore |\u00a0<\/a><a href=\"https:\/\/www.irishfoodanddrink.com\/private-label-sustainable-food-drink\/\">Marche private di alimenti e bevande sostenibili<\/a>\u00a0|\u00a0<a href=\"https:\/\/www.irishfoodanddrink.com\/innovation\/\">Innovazione<\/a><\/strong><\/p>\n<p>Forti di una comprovata tradizione ventennale nel mercato delle marche private (Private Label, PL) in Irlanda e nel Regno Unito, gli esportatori irlandesi di marche private ora possono apportare la loro esperienza anche nei mercati europei.<\/p>\n<p>L\u2019Irlanda \u00e8 un paese con una popolazione di 4,5 milioni di abitanti che produce cibo sufficiente a sfamare 40 milioni di persone. Questo significa che i produttori irlandesi si concentrano fortemente sull\u2019export. Lavorare con le ultime tendenze alimentari nei diversi mercati d\u2019esportazione \u00e8 naturale per un gran numero di aziende innovative in tutta la Repubblica d\u2019Irlanda. Molte di queste aziende stanno cercando di espandere la loro clientela al di l\u00e0 del Regno Unito per far crescere la loro attivit\u00e0.<\/p>\n<p>La popolarit\u00e0 delle marche private continua ad aumentare in tutta Europa. Questo riflette la crescente fiducia che i consumatori ripongono nelle marche bianche e sottolinea l\u2019opportunit\u00e0 che le marche private offrono ai rivenditori che stanno cercando di rafforzare le loro strategie di differenziazione. Di conseguenza, i produttori irlandesi stanno esplorando nuove opportunit\u00e0 di collaborazione con i rivenditori europei.<\/p>\n<p>Se sei un rivenditore e vuoi sviluppare la redditivit\u00e0 del tuo marchio privato insieme a dei partner impegnati nell\u2019innovazione orientata al consumatore e capaci di offrirti flessibilit\u00e0 e differenziazione, potremo metterti in contatto con i produttori pi\u00f9 adatti.<\/p>\n<p><strong><em><a href=\"https:\/\/www.irishfoodanddrink.com\/our-suppliers\/supplier-search\/?n=&#038;sp%5B%5D=private-label\">Clicca qui per vedere un elenco di produttori irlandesi per Marche private.<\/a><\/em><\/strong><\/p>\n<p>&nbsp;<\/p>\n","protected":false},"excerpt":{"rendered":"<p>&nbsp; Marche private di alimenti salutari\u00a0|\u00a0\u00a0Marche private di maggior valore |\u00a0Marche private di alimenti e bevande sostenibili\u00a0|\u00a0Innovazione Forti di una comprovata tradizione ventennale nel mercato delle marche private (Private Label, PL) in Irlanda e nel Regno Unito, gli esportatori irlandesi di marche private ora possono apportare la loro esperienza anche nei mercati europei. L\u2019Irlanda \u00e8 [&hellip;]<\/p>\n","protected":false},"author":13,"featured_media":0,"parent":20745,"menu_order":1,"comment_status":"closed","ping_status":"closed","template":"page-templates\/landing-page.php","meta":{"_acf_changed":false,"inline_featured_image":false,"footnotes":""},"class_list":["post-20392","page","type-page","status-publish","hentry"],"acf":[],"yoast_head":"<!-- This site is optimized with the Yoast SEO plugin v27.1.1 - https:\/\/yoast.com\/product\/yoast-seo-wordpress\/ -->\n<title>Marche Private - Irish Food &amp; Drink<\/title>\n<meta name=\"description\" content=\"Soluzioni MDD dall\u2019Irlanda: qualit\u00e0, innovazione e conformit\u00e0 per retailer e foodservice. Scopri capacit\u00e0 produttive e categorie.\" \/>\n<meta name=\"robots\" content=\"index, follow, max-snippet:-1, max-image-preview:large, max-video-preview:-1\" \/>\n<link rel=\"canonical\" href=\"https:\/\/www.irishfoodanddrink.com\/it\/irish-advantage\/private-label\/\" \/>\n<meta property=\"og:locale\" content=\"it_IT\" \/>\n<meta property=\"og:type\" content=\"article\" \/>\n<meta property=\"og:title\" content=\"Marche Private - Irish Food &amp; Drink\" \/>\n<meta property=\"og:description\" content=\"Soluzioni MDD dall\u2019Irlanda: qualit\u00e0, innovazione e conformit\u00e0 per retailer e foodservice. Scopri capacit\u00e0 produttive e categorie.\" \/>\n<meta property=\"og:url\" content=\"https:\/\/www.irishfoodanddrink.com\/it\/irish-advantage\/private-label\/\" \/>\n<meta property=\"og:site_name\" content=\"Irish Food &amp; Drink\" \/>\n<meta property=\"article:modified_time\" content=\"2026-01-21T15:32:27+00:00\" \/>\n<meta property=\"og:image\" content=\"https:\/\/www.irishfoodanddrink.com\/wp-content\/uploads\/2020\/12\/Small-homepage-image-339-x-226-min.jpg\" \/>\n\t<meta property=\"og:image:width\" content=\"339\" \/>\n\t<meta property=\"og:image:height\" content=\"226\" \/>\n\t<meta property=\"og:image:type\" content=\"image\/jpeg\" \/>\n<meta name=\"twitter:card\" content=\"summary_large_image\" \/>\n<meta name=\"twitter:label1\" content=\"Est. reading time\" \/>\n\t<meta name=\"twitter:data1\" content=\"2 minutes\" \/>\n<script type=\"application\/ld+json\" class=\"yoast-schema-graph\">{\"@context\":\"https:\/\/schema.org\",\"@graph\":[{\"@type\":\"WebPage\",\"@id\":\"https:\/\/www.irishfoodanddrink.com\/it\/irish-advantage\/private-label\/\",\"url\":\"https:\/\/www.irishfoodanddrink.com\/it\/irish-advantage\/private-label\/\",\"name\":\"Marche Private - Irish Food &amp; Drink\",\"isPartOf\":{\"@id\":\"https:\/\/www.irishfoodanddrink.com\/it\/#website\"},\"datePublished\":\"2020-11-18T17:52:34+00:00\",\"dateModified\":\"2026-01-21T15:32:27+00:00\",\"description\":\"Soluzioni MDD dall\u2019Irlanda: qualit\u00e0, innovazione e conformit\u00e0 per retailer e foodservice. Scopri capacit\u00e0 produttive e categorie.\",\"breadcrumb\":{\"@id\":\"https:\/\/www.irishfoodanddrink.com\/it\/irish-advantage\/private-label\/#breadcrumb\"},\"inLanguage\":\"it-IT\",\"potentialAction\":[{\"@type\":\"ReadAction\",\"target\":[\"https:\/\/www.irishfoodanddrink.com\/it\/irish-advantage\/private-label\/\"]}]},{\"@type\":\"BreadcrumbList\",\"@id\":\"https:\/\/www.irishfoodanddrink.com\/it\/irish-advantage\/private-label\/#breadcrumb\",\"itemListElement\":[{\"@type\":\"ListItem\",\"position\":1,\"name\":\"Home\",\"item\":\"https:\/\/www.irishfoodanddrink.com\/it\/\"},{\"@type\":\"ListItem\",\"position\":2,\"name\":\"Perch\u00e9 l\u2019Irlanda\",\"item\":\"https:\/\/www.irishfoodanddrink.com\/it\/irish-advantage\/\"},{\"@type\":\"ListItem\",\"position\":3,\"name\":\"Marche Private\"}]},{\"@type\":\"WebSite\",\"@id\":\"https:\/\/www.irishfoodanddrink.com\/it\/#website\",\"url\":\"https:\/\/www.irishfoodanddrink.com\/it\/\",\"name\":\"Irish Food &amp; Drink\",\"description\":\"Helping you source food and drink from Irish suppliers\",\"potentialAction\":[{\"@type\":\"SearchAction\",\"target\":{\"@type\":\"EntryPoint\",\"urlTemplate\":\"https:\/\/www.irishfoodanddrink.com\/it\/?s={search_term_string}\"},\"query-input\":{\"@type\":\"PropertyValueSpecification\",\"valueRequired\":true,\"valueName\":\"search_term_string\"}}],\"inLanguage\":\"it-IT\"}]}<\/script>\n<!-- \/ Yoast SEO plugin. -->","yoast_head_json":{"title":"Marche Private - Irish Food &amp; Drink","description":"Soluzioni MDD dall\u2019Irlanda: qualit\u00e0, innovazione e conformit\u00e0 per retailer e foodservice. Scopri capacit\u00e0 produttive e categorie.","robots":{"index":"index","follow":"follow","max-snippet":"max-snippet:-1","max-image-preview":"max-image-preview:large","max-video-preview":"max-video-preview:-1"},"canonical":"https:\/\/www.irishfoodanddrink.com\/it\/irish-advantage\/private-label\/","og_locale":"it_IT","og_type":"article","og_title":"Marche Private - Irish Food &amp; Drink","og_description":"Soluzioni MDD dall\u2019Irlanda: qualit\u00e0, innovazione e conformit\u00e0 per retailer e foodservice. Scopri capacit\u00e0 produttive e categorie.","og_url":"https:\/\/www.irishfoodanddrink.com\/it\/irish-advantage\/private-label\/","og_site_name":"Irish Food &amp; Drink","article_modified_time":"2026-01-21T15:32:27+00:00","og_image":[{"width":339,"height":226,"url":"https:\/\/www.irishfoodanddrink.com\/wp-content\/uploads\/2020\/12\/Small-homepage-image-339-x-226-min.jpg","type":"image\/jpeg"}],"twitter_card":"summary_large_image","twitter_misc":{"Est. reading time":"2 minutes"},"schema":{"@context":"https:\/\/schema.org","@graph":[{"@type":"WebPage","@id":"https:\/\/www.irishfoodanddrink.com\/it\/irish-advantage\/private-label\/","url":"https:\/\/www.irishfoodanddrink.com\/it\/irish-advantage\/private-label\/","name":"Marche Private - Irish Food &amp; Drink","isPartOf":{"@id":"https:\/\/www.irishfoodanddrink.com\/it\/#website"},"datePublished":"2020-11-18T17:52:34+00:00","dateModified":"2026-01-21T15:32:27+00:00","description":"Soluzioni MDD dall\u2019Irlanda: qualit\u00e0, innovazione e conformit\u00e0 per retailer e foodservice. Scopri capacit\u00e0 produttive e categorie.","breadcrumb":{"@id":"https:\/\/www.irishfoodanddrink.com\/it\/irish-advantage\/private-label\/#breadcrumb"},"inLanguage":"it-IT","potentialAction":[{"@type":"ReadAction","target":["https:\/\/www.irishfoodanddrink.com\/it\/irish-advantage\/private-label\/"]}]},{"@type":"BreadcrumbList","@id":"https:\/\/www.irishfoodanddrink.com\/it\/irish-advantage\/private-label\/#breadcrumb","itemListElement":[{"@type":"ListItem","position":1,"name":"Home","item":"https:\/\/www.irishfoodanddrink.com\/it\/"},{"@type":"ListItem","position":2,"name":"Perch\u00e9 l\u2019Irlanda","item":"https:\/\/www.irishfoodanddrink.com\/it\/irish-advantage\/"},{"@type":"ListItem","position":3,"name":"Marche Private"}]},{"@type":"WebSite","@id":"https:\/\/www.irishfoodanddrink.com\/it\/#website","url":"https:\/\/www.irishfoodanddrink.com\/it\/","name":"Irish Food &amp; Drink","description":"Helping you source food and drink from Irish suppliers","potentialAction":[{"@type":"SearchAction","target":{"@type":"EntryPoint","urlTemplate":"https:\/\/www.irishfoodanddrink.com\/it\/?s={search_term_string}"},"query-input":{"@type":"PropertyValueSpecification","valueRequired":true,"valueName":"search_term_string"}}],"inLanguage":"it-IT"}]}},"_links":{"self":[{"href":"https:\/\/www.irishfoodanddrink.com\/it\/wp-json\/wp\/v2\/pages\/20392","targetHints":{"allow":["GET"]}}],"collection":[{"href":"https:\/\/www.irishfoodanddrink.com\/it\/wp-json\/wp\/v2\/pages"}],"about":[{"href":"https:\/\/www.irishfoodanddrink.com\/it\/wp-json\/wp\/v2\/types\/page"}],"author":[{"embeddable":true,"href":"https:\/\/www.irishfoodanddrink.com\/it\/wp-json\/wp\/v2\/users\/13"}],"replies":[{"embeddable":true,"href":"https:\/\/www.irishfoodanddrink.com\/it\/wp-json\/wp\/v2\/comments?post=20392"}],"version-history":[{"count":8,"href":"https:\/\/www.irishfoodanddrink.com\/it\/wp-json\/wp\/v2\/pages\/20392\/revisions"}],"predecessor-version":[{"id":41708,"href":"https:\/\/www.irishfoodanddrink.com\/it\/wp-json\/wp\/v2\/pages\/20392\/revisions\/41708"}],"up":[{"embeddable":true,"href":"https:\/\/www.irishfoodanddrink.com\/it\/wp-json\/wp\/v2\/pages\/20745"}],"wp:attachment":[{"href":"https:\/\/www.irishfoodanddrink.com\/it\/wp-json\/wp\/v2\/media?parent=20392"}],"curies":[{"name":"wp","href":"https:\/\/api.w.org\/{rel}","templated":true}]}}