{"id":21106,"date":"2020-11-24T12:27:48","date_gmt":"2020-11-24T12:27:48","guid":{"rendered":"http:\/\/staging.irishfoodanddrink.com\/?page_id=21106"},"modified":"2026-01-22T15:52:43","modified_gmt":"2026-01-22T15:52:43","slug":"dati-e-numeri","status":"publish","type":"page","link":"https:\/\/www.irishfoodanddrink.com\/it\/irish-advantage\/dati-e-numeri\/","title":{"rendered":"Dati e numeri"},"content":{"rendered":"<h1><strong style=\"font-size: revert; color: initial;\">Alimenti e bevande irlandesi: dati e cifre<\/strong><\/h1>\n<div>\n<p>Prestazioni da record. Resilienza comprovata. Qualit\u00e0 riconosciuta.<\/p>\n<p>Il settore irlandese dell\u2019alimentazione, delle bevande e dell\u2019orticoltura ha raggiunto <strong>19 miliardi di euro di esportazioni nel 2025<\/strong>, segnando la migliore performance di sempre. Nonostante la volatilit\u00e0 globale, i produttori irlandesi hanno ottenuto una crescita costante, basata su sostenibilit\u00e0, integrit\u00e0 della filiera e qualit\u00e0 premium dei prodotti.<\/p>\n<p><a href=\"https:\/\/www.bordbia.ie\/industry\/insights\/performance-and-prospects\/export-performance-prospects-2026\/\" target=\"_blank\" rel=\"noopener\"><strong>Prestazioni di esportazione e prospettive 2025\u20132026<\/strong><\/a><\/p>\n<h3><strong>Principali dati di esportazione (2025)<\/strong><\/h3>\n<ul>\n<li><strong>Esportazioni totali:<\/strong> 19 miliardi di euro.<\/li>\n<li>Le esportazioni sono aumentate del <strong>12% su base annua<\/strong>, sostenute da forti incrementi di prezzo nelle principali categorie, in particolare nei prodotti lattiero\u2011caseari e nella carne bovina. Gli esportatori irlandesi hanno dimostrato notevole resilienza di fronte all\u2019inflazione, ai cambiamenti nelle abitudini dei consumatori e alle perturbazioni dei mercati globali.<\/li>\n<\/ul>\n<hr \/>\n<h3><strong>Risultati per categoria<\/strong><\/h3>\n<h4><strong>Prodotti lattiero-caseari \u2013 7,3 miliardi di euro (+14%)<\/strong><\/h4>\n<ul>\n<li>Un anno da record grazie al miglioramento dei prezzi di mercato e ai vantaggi della produzione basata sull\u2019erba.<\/li>\n<li>Le vendite di burro hanno superato per la prima volta i <strong>2 miliardi di euro<\/strong>.<\/li>\n<li>Le esportazioni di formaggio sono aumentate del <strong>19%<\/strong>, raggiungendo <strong>1,7 miliardi di euro<\/strong>.<\/li>\n<\/ul>\n<h4><strong>Carne e bestiame \u2013 oltre 5 miliardi di euro (+18%)<\/strong><\/h4>\n<ul>\n<li>Forte crescita trainata dai prezzi nei settori della carne bovina e delle esportazioni di bestiame vivo.<\/li>\n<li>Domanda sostenuta dal riconoscimento degli standard irlandesi di qualit\u00e0 e sostenibilit\u00e0.<\/li>\n<\/ul>\n<h4><strong>Prodotti alimentari trasformati \u2013 3,6 miliardi di euro (+9%)<\/strong><\/h4>\n<ul>\n<li>Crescita in bevande, cioccolato, succhi e soluzioni pasto.<\/li>\n<li>Le esportazioni verso il Regno Unito sono aumentate del <strong>10%<\/strong>.<\/li>\n<\/ul>\n<h4><strong>Bevande \u2013 2 miliardi di euro (+2%)<\/strong><\/h4>\n<ul>\n<li>Il whiskey irlandese rimane la forza trainante della categoria, rappresentando <strong>circa il 45% del valore delle esportazioni<\/strong> (\u2248 930 milioni di euro).<\/li>\n<li>Crescita sostenuta dall\u2019espansione in Africa, Asia e nei mercati premium dell\u2019UE.<\/li>\n<\/ul>\n<h4><strong>Prodotti ittici \u2013 635 milioni di euro (+9%)<\/strong><\/h4>\n<ul>\n<li>L\u2019aumento dei volumi esportati ha compensato il calo dei rendimenti per specie.<\/li>\n<\/ul>\n<h4><strong>Orticultura e cereali \u2013 330 milioni di euro<\/strong><\/h4>\n<ul>\n<li>Prestazioni stabili, con crescita trainata dalle esportazioni di funghi.<\/li>\n<\/ul>\n<hr \/>\n<h2><strong>Perch\u00e9 scegliere alimenti e bevande irlandesi?<\/strong><\/h2>\n<ul>\n<li>Un\u2019offerta basata sull\u2019erba, sinonimo di qualit\u00e0 naturale e gusto autentico.<\/li>\n<li>Solide credenziali di sostenibilit\u00e0, garantite da sistemi di certificazione riconosciuti.<\/li>\n<li>Filiere globali affidabili, supportate da rigorosa tracciabilit\u00e0.<\/li>\n<li>Presenza diversificata in oltre <strong>140 paesi<\/strong>.<\/li>\n<\/ul>\n<p>Le prestazioni dell\u2019Irlanda riflettono un settore agroalimentare di livello mondiale, fondato su integrit\u00e0, innovazione e partnership sostenibili con gli acquirenti internazionali.<\/p>\n<\/div>\n","protected":false},"excerpt":{"rendered":"<p>Alimenti e bevande irlandesi: dati e cifre Prestazioni da record. Resilienza comprovata. Qualit\u00e0 riconosciuta. Il settore irlandese dell\u2019alimentazione, delle bevande e dell\u2019orticoltura ha raggiunto 19 miliardi di euro di esportazioni nel 2025, segnando la migliore performance di sempre. Nonostante la volatilit\u00e0 globale, i produttori irlandesi hanno ottenuto una crescita costante, basata su sostenibilit\u00e0, integrit\u00e0 della [&hellip;]<\/p>\n","protected":false},"author":6,"featured_media":0,"parent":20745,"menu_order":3,"comment_status":"closed","ping_status":"closed","template":"","meta":{"_acf_changed":false,"inline_featured_image":false,"footnotes":""},"class_list":["post-21106","page","type-page","status-publish","hentry"],"acf":[],"yoast_head":"<!-- This site is optimized with the Yoast SEO plugin v27.1.1 - https:\/\/yoast.com\/product\/yoast-seo-wordpress\/ -->\n<title>Dati &amp; Numeri | Irish Advantage<\/title>\n<meta name=\"description\" content=\"Statistiche chiave sull\u2019industria agroalimentare irlandese: qualit\u00e0, sostenibilit\u00e0 e punti di forza nei mercati globali.\" \/>\n<meta name=\"robots\" content=\"index, follow, max-snippet:-1, max-image-preview:large, max-video-preview:-1\" \/>\n<link rel=\"canonical\" href=\"https:\/\/www.irishfoodanddrink.com\/it\/irish-advantage\/dati-e-numeri\/\" \/>\n<meta property=\"og:locale\" content=\"it_IT\" \/>\n<meta property=\"og:type\" content=\"article\" \/>\n<meta property=\"og:title\" content=\"Dati &amp; Numeri | Irish Advantage\" \/>\n<meta property=\"og:description\" content=\"Statistiche chiave sull\u2019industria agroalimentare irlandese: qualit\u00e0, sostenibilit\u00e0 e punti di forza nei mercati globali.\" \/>\n<meta property=\"og:url\" content=\"https:\/\/www.irishfoodanddrink.com\/it\/irish-advantage\/dati-e-numeri\/\" \/>\n<meta property=\"og:site_name\" content=\"Irish Food &amp; Drink\" \/>\n<meta property=\"article:modified_time\" content=\"2026-01-22T15:52:43+00:00\" \/>\n<meta property=\"og:image\" content=\"https:\/\/www.irishfoodanddrink.com\/wp-content\/uploads\/2020\/12\/Small-homepage-image-339-x-226-min.jpg\" \/>\n\t<meta property=\"og:image:width\" content=\"339\" \/>\n\t<meta property=\"og:image:height\" content=\"226\" \/>\n\t<meta property=\"og:image:type\" content=\"image\/jpeg\" \/>\n<meta name=\"twitter:card\" content=\"summary_large_image\" \/>\n<meta name=\"twitter:label1\" content=\"Est. reading time\" \/>\n\t<meta name=\"twitter:data1\" content=\"2 minutes\" \/>\n<script type=\"application\/ld+json\" class=\"yoast-schema-graph\">{\"@context\":\"https:\/\/schema.org\",\"@graph\":[{\"@type\":\"WebPage\",\"@id\":\"https:\/\/www.irishfoodanddrink.com\/it\/irish-advantage\/dati-e-numeri\/\",\"url\":\"https:\/\/www.irishfoodanddrink.com\/it\/irish-advantage\/dati-e-numeri\/\",\"name\":\"Dati & Numeri | Irish Advantage\",\"isPartOf\":{\"@id\":\"https:\/\/www.irishfoodanddrink.com\/it\/#website\"},\"datePublished\":\"2020-11-24T12:27:48+00:00\",\"dateModified\":\"2026-01-22T15:52:43+00:00\",\"description\":\"Statistiche chiave sull\u2019industria agroalimentare irlandese: qualit\u00e0, sostenibilit\u00e0 e punti di forza nei mercati globali.\",\"breadcrumb\":{\"@id\":\"https:\/\/www.irishfoodanddrink.com\/it\/irish-advantage\/dati-e-numeri\/#breadcrumb\"},\"inLanguage\":\"it-IT\",\"potentialAction\":[{\"@type\":\"ReadAction\",\"target\":[\"https:\/\/www.irishfoodanddrink.com\/it\/irish-advantage\/dati-e-numeri\/\"]}]},{\"@type\":\"BreadcrumbList\",\"@id\":\"https:\/\/www.irishfoodanddrink.com\/it\/irish-advantage\/dati-e-numeri\/#breadcrumb\",\"itemListElement\":[{\"@type\":\"ListItem\",\"position\":1,\"name\":\"Home\",\"item\":\"https:\/\/www.irishfoodanddrink.com\/it\/\"},{\"@type\":\"ListItem\",\"position\":2,\"name\":\"Perch\u00e9 l\u2019Irlanda\",\"item\":\"https:\/\/www.irishfoodanddrink.com\/it\/irish-advantage\/\"},{\"@type\":\"ListItem\",\"position\":3,\"name\":\"Dati e numeri\"}]},{\"@type\":\"WebSite\",\"@id\":\"https:\/\/www.irishfoodanddrink.com\/it\/#website\",\"url\":\"https:\/\/www.irishfoodanddrink.com\/it\/\",\"name\":\"Irish Food &amp; Drink\",\"description\":\"Helping you source food and drink from Irish suppliers\",\"potentialAction\":[{\"@type\":\"SearchAction\",\"target\":{\"@type\":\"EntryPoint\",\"urlTemplate\":\"https:\/\/www.irishfoodanddrink.com\/it\/?s={search_term_string}\"},\"query-input\":{\"@type\":\"PropertyValueSpecification\",\"valueRequired\":true,\"valueName\":\"search_term_string\"}}],\"inLanguage\":\"it-IT\"}]}<\/script>\n<!-- \/ Yoast SEO plugin. -->","yoast_head_json":{"title":"Dati & Numeri | Irish Advantage","description":"Statistiche chiave sull\u2019industria agroalimentare irlandese: qualit\u00e0, sostenibilit\u00e0 e punti di forza nei mercati globali.","robots":{"index":"index","follow":"follow","max-snippet":"max-snippet:-1","max-image-preview":"max-image-preview:large","max-video-preview":"max-video-preview:-1"},"canonical":"https:\/\/www.irishfoodanddrink.com\/it\/irish-advantage\/dati-e-numeri\/","og_locale":"it_IT","og_type":"article","og_title":"Dati & Numeri | Irish Advantage","og_description":"Statistiche chiave sull\u2019industria agroalimentare irlandese: qualit\u00e0, sostenibilit\u00e0 e punti di forza nei mercati globali.","og_url":"https:\/\/www.irishfoodanddrink.com\/it\/irish-advantage\/dati-e-numeri\/","og_site_name":"Irish Food &amp; Drink","article_modified_time":"2026-01-22T15:52:43+00:00","og_image":[{"width":339,"height":226,"url":"https:\/\/www.irishfoodanddrink.com\/wp-content\/uploads\/2020\/12\/Small-homepage-image-339-x-226-min.jpg","type":"image\/jpeg"}],"twitter_card":"summary_large_image","twitter_misc":{"Est. reading time":"2 minutes"},"schema":{"@context":"https:\/\/schema.org","@graph":[{"@type":"WebPage","@id":"https:\/\/www.irishfoodanddrink.com\/it\/irish-advantage\/dati-e-numeri\/","url":"https:\/\/www.irishfoodanddrink.com\/it\/irish-advantage\/dati-e-numeri\/","name":"Dati & Numeri | Irish Advantage","isPartOf":{"@id":"https:\/\/www.irishfoodanddrink.com\/it\/#website"},"datePublished":"2020-11-24T12:27:48+00:00","dateModified":"2026-01-22T15:52:43+00:00","description":"Statistiche chiave sull\u2019industria agroalimentare irlandese: qualit\u00e0, sostenibilit\u00e0 e punti di forza nei mercati globali.","breadcrumb":{"@id":"https:\/\/www.irishfoodanddrink.com\/it\/irish-advantage\/dati-e-numeri\/#breadcrumb"},"inLanguage":"it-IT","potentialAction":[{"@type":"ReadAction","target":["https:\/\/www.irishfoodanddrink.com\/it\/irish-advantage\/dati-e-numeri\/"]}]},{"@type":"BreadcrumbList","@id":"https:\/\/www.irishfoodanddrink.com\/it\/irish-advantage\/dati-e-numeri\/#breadcrumb","itemListElement":[{"@type":"ListItem","position":1,"name":"Home","item":"https:\/\/www.irishfoodanddrink.com\/it\/"},{"@type":"ListItem","position":2,"name":"Perch\u00e9 l\u2019Irlanda","item":"https:\/\/www.irishfoodanddrink.com\/it\/irish-advantage\/"},{"@type":"ListItem","position":3,"name":"Dati e numeri"}]},{"@type":"WebSite","@id":"https:\/\/www.irishfoodanddrink.com\/it\/#website","url":"https:\/\/www.irishfoodanddrink.com\/it\/","name":"Irish Food &amp; Drink","description":"Helping you source food and drink from Irish suppliers","potentialAction":[{"@type":"SearchAction","target":{"@type":"EntryPoint","urlTemplate":"https:\/\/www.irishfoodanddrink.com\/it\/?s={search_term_string}"},"query-input":{"@type":"PropertyValueSpecification","valueRequired":true,"valueName":"search_term_string"}}],"inLanguage":"it-IT"}]}},"_links":{"self":[{"href":"https:\/\/www.irishfoodanddrink.com\/it\/wp-json\/wp\/v2\/pages\/21106","targetHints":{"allow":["GET"]}}],"collection":[{"href":"https:\/\/www.irishfoodanddrink.com\/it\/wp-json\/wp\/v2\/pages"}],"about":[{"href":"https:\/\/www.irishfoodanddrink.com\/it\/wp-json\/wp\/v2\/types\/page"}],"author":[{"embeddable":true,"href":"https:\/\/www.irishfoodanddrink.com\/it\/wp-json\/wp\/v2\/users\/6"}],"replies":[{"embeddable":true,"href":"https:\/\/www.irishfoodanddrink.com\/it\/wp-json\/wp\/v2\/comments?post=21106"}],"version-history":[{"count":3,"href":"https:\/\/www.irishfoodanddrink.com\/it\/wp-json\/wp\/v2\/pages\/21106\/revisions"}],"predecessor-version":[{"id":41757,"href":"https:\/\/www.irishfoodanddrink.com\/it\/wp-json\/wp\/v2\/pages\/21106\/revisions\/41757"}],"up":[{"embeddable":true,"href":"https:\/\/www.irishfoodanddrink.com\/it\/wp-json\/wp\/v2\/pages\/20745"}],"wp:attachment":[{"href":"https:\/\/www.irishfoodanddrink.com\/it\/wp-json\/wp\/v2\/media?parent=21106"}],"curies":[{"name":"wp","href":"https:\/\/api.w.org\/{rel}","templated":true}]}}