{"id":21542,"date":"2020-11-26T07:18:36","date_gmt":"2020-11-26T07:18:36","guid":{"rendered":"http:\/\/staging.irishfoodanddrink.com\/?page_id=21542"},"modified":"2020-12-21T09:19:39","modified_gmt":"2020-12-21T09:19:39","slug":"sitemap","status":"publish","type":"page","link":"https:\/\/www.irishfoodanddrink.com\/it\/sitemap\/","title":{"rendered":"Mappa del sito"},"content":{"rendered":"<h2>Sitemap<\/h2>\n<div class=\"sitemap\"><ul><li><a href=\"\/it\/6-key-insights-to-understand-the-sustainability-opportunity-stockholm\/\">6 Key Insights to Understand the Sustainability Opportunity &#8211; Stockholm<\/a><\/li><li><a href=\"\/it\/hungarian\/\">A min\u0151s\u00e9g \u00edze<\/a><ul class='children'><li><a href=\"\/it\/hungarian\/a-bord-bia\/\">A Bord Bia<\/a><\/li><li><a href=\"\/it\/hungarian\/fenntarthatosag\/\">Fenntarthat\u00f3s\u00e1g<\/a><\/li><li><a href=\"\/it\/hungarian\/hal-es-tengeri-aruk\/\">Hal \u00e9s tengeri \u00e1r\u00fak<\/a><\/li><li><a href=\"\/it\/hungarian\/lepjen-kapcsolatba-helyi-irodankkal\/\">L\u00e9pjen kapcsolatba helyi irod\u00e1nkkal!<\/a><\/li><li><a href=\"\/it\/hungarian\/minosegbiztositas\/\">Min\u0151s\u00e9gbiztos\u00edt\u00e1s<\/a><\/li><li><a href=\"\/it\/hungarian\/tejtermekek\/\">Tejterm\u00e9kek<\/a><\/li><\/ul><\/li><li><a href=\"\/it\/udvozoljuk-a-bord-bia-weboldalan-allatallomany\/\">\u00c1llat\u00e1llom\u00e1ny<\/a><\/li><li><a href=\"\/it\/romanian-animale-de-ferma\/\">Animale de ferm\u0103<\/a><\/li><li><a href=\"\/it\/udvozoljuk-a-bord-bia-weboldalan-barany\/\">B\u00e1r\u00e1ny<\/a><\/li><li><a href=\"\/it\/baranyhus\/\">B\u00e1r\u00e1nyh\u00fas<\/a><\/li><li><a href=\"\/it\/biofach-2022\/\">Biofach 2022 Past Event<\/a><\/li><li><a href=\"\/it\/biofach-2026\/\">Biofach 2026<\/a><\/li><li><a href=\"\/it\/blog-2\/\">Blog &#038; Insights<\/a><\/li><li><a href=\"\/it\/blog\/\">Blog &amp; Insights<\/a><\/li><li><a href=\"\/it\/blog\/\">Blog &amp; Insights<\/a><\/li><li><a href=\"\/it\/blog\/\">Blog &amp; Insights<\/a><\/li><li><a href=\"\/it\/carne-de-miel\/\">Carne de miel<\/a><\/li><li><a href=\"\/it\/romanian-carne-de-porc\/\">Carne de porc<\/a><\/li><li><a href=\"\/it\/nld-plma-may-2025\/\">Categoriemanagers hebben veel\u00a0op hun bord\u00a0<\/a><\/li><li><a href=\"\/it\/category-directors\/\">Category Directors have a lot on their plates<\/a><\/li><li><a href=\"\/it\/compare-products\/\">Compare Products<\/a><\/li><li><a href=\"\/it\/compare-products\/\">Compare Products<\/a><\/li><li><a href=\"\/it\/compare-suppliers\/\">Compare Suppliers<\/a><\/li><li><a href=\"\/it\/compare-suppliers\/\">Compare Suppliers<\/a><\/li><li><a href=\"\/it\/romanian\/\">Despre Irlanda<\/a><ul class='children'><li><a href=\"\/it\/romanian\/despre-bord-bia\/\">Despre Bord Bia<\/a><\/li><li><a href=\"\/it\/romanian\/lactate\/\">Lactate<\/a><\/li><li><a href=\"\/it\/romanian\/luati-legatura-cu-biroul-nostru-local\/\">Lua\u021bi leg\u0103tura cu biroul nostru local<\/a><\/li><li><a href=\"\/it\/romanian\/peste-si-fructe-de-mare\/\">Pe\u0219te \u0219i fructe de mare<\/a><\/li><li><a href=\"\/it\/romanian\/sustenabilitatea\/\">Sustenabilitatea<\/a><\/li><\/ul><\/li><li><a href=\"\/it\/edit-account\/\">Edit Account<\/a><\/li><li><a href=\"\/it\/edit-account\/\">Edit Account<\/a><\/li><li><a href=\"\/it\/food-drink-expo-uk-past-event\/\">Food &#038; Drink Expo UK (Past Event)<\/a><\/li><li><a href=\"\/it\/gd-test\/\">GD Test<\/a><\/li><li><a href=\"\/it\/grass-fed-irish-dairy\/\">Grass Fed Irish Dairy<\/a><\/li><li><a href=\"\/it\/gulfood\/\">Gulfood<\/a><\/li><li><a href=\"\/it\/vn-seafood\/\">H\u1ea3i s\u1ea3n \u0111\u1ebfn t\u1eeb Ireland<\/a><\/li><li><a href=\"\/it\/home-v2\/\">Home V2<\/a><\/li><li><a href=\"\/it\/czech-hospodarska-zvirata\/\">Hospod\u00e1\u0159sk\u00e1 zv\u00ed\u0159ata<\/a><\/li><li><a href=\"\/it\/czech-hovezi\/\">Hov\u011bz\u00ed<\/a><\/li><li><a href=\"\/it\/how-online-grocery-and-quick-commerce-in-europe-are-changing-the-grocery-retail-landscape-netherlands\/\">How online grocery and quick commerce in Europe are changing the grocery retail landscape &#8211; Netherlands<\/a><\/li><li><a href=\"\/it\/how-online-grocery-and-quick-commerce-in-europe-are-changing-the-grocery-retail-landscape-stockholm\/\">How online grocery and quick commerce in Europe are changing the grocery retail landscape &#8211; Stockholm<\/a><\/li><li><a href=\"\/it\/pl-bordbia-irlandia-zywy-inwentarz\/\">\/zywego-inwentarza\/<\/a><\/li><li><a href=\"\/it\/ierse-biologische-zalm\/\">Ierse Biologische Zalm<\/a><\/li><li><a href=\"\/it\/imbibe-live-past-event\/\">Imbibe Live (Past Event)<\/a><\/li><li><a href=\"\/it\/inshore-seafood\/\">Inshore Seafood<\/a><\/li><li><a href=\"\/it\/inshore-seafood-cn\/\">Inshore Seafood &#8211; Chinese<\/a><\/li><li><a href=\"\/it\/inshore-seafood-pt\/\">Inshore Seafood &#8211; Portuguese<\/a><\/li><li><a href=\"\/it\/inshore-seafood-videos\/\">Inshore Seafood Videos<\/a><\/li><li><a href=\"\/it\/internorga-2022-past-event\/\">Internorga 2022 Past Event<\/a><\/li><li><a href=\"\/it\/internorga-2023\/\">Internorga 2023 RSVP<\/a><\/li><li><a href=\"\/it\/internorga-2026\/\">Internorga 2026<\/a><\/li><li><a href=\"\/it\/ireland-strikes-gold-at-the-2021-world-steak-challenge-dubai\/\">Ireland Strikes Gold at the 2021 World Steak Challenge &#8211; Dubai<\/a><\/li><li><a href=\"\/it\/ireland-strikes-gold-at-the-2021-world-steak-challenge-stockholm\/\">Ireland strikes gold at the 2021 World Steak Challenge &#8211; Stockholm<\/a><\/li><li><a href=\"\/it\/irish-dairy-continues-to-grow-dubai\/\">Irish Dairy Continues to Grow &#8211; Dubai<\/a><\/li><li><a href=\"\/it\/irish-dairy-continues-to-grow-stockholm\/\">Irish Dairy Continues to Grow &#8211; Stockholm<\/a><\/li><li><a href=\"\/it\/irish-lamb\/\">Irish Lamb<\/a><\/li><li><a href=\"\/it\/irish-pelagic-fish\/\">Irish Pelagic Fish<\/a><\/li><li><a href=\"\/it\/irish-shellfish\/\">Irish Shellfish<\/a><\/li><li><a href=\"\/it\/irish-white-fish\/\">Irish White Fish<\/a><\/li><li><a href=\"\/it\/ism-2026\/\">ISM 2026<\/a><\/li><li><a href=\"\/it\/czech-jehneci\/\">Jehn\u011b\u010d\u00ed<\/a><\/li><li><a href=\"\/it\/landing\/\">Landing<\/a><\/li><li><a href=\"\/it\/liste-de-ressources\/\">Liste de ressources<\/a><\/li><li><a href=\"\/it\/login\/\">Login<\/a><\/li><li><a href=\"\/it\/login\/\">Login<\/a><\/li><li><a href=\"\/it\/marhahus\/\">Marhah\u00fas<\/a><\/li><li><a href=\"\/it\/meat-shopper-insights-stockholm\/\">Meat Shopper Insights &#8211; Stockholm<\/a><\/li><li><a href=\"\/it\/meat-shopper-insights-rising-inflation-yet-grass-fed-beef-still-trending-up-netherlands\/\">Meat Shopper Insights \u2013 Rising inflation yet grass-fed beef still trending up &#8211; Netherlands<\/a><\/li><li><a href=\"\/it\/prague2024\/\">Meet the Makers<\/a><\/li><li><a href=\"\/it\/mitili-irlandesi\/\">Mitili irlandesi<\/a><\/li><li><a href=\"\/it\/czech-mlekarensky\/\">Ml\u00e9k\u00e1rensk\u00fd<\/a><\/li><li><a href=\"\/it\/czech-morske-plody\/\">Mo\u0159sk\u00e9 plody<\/a><\/li><li><a href=\"\/it\/news-gb\/\">News<\/a><ul class='children'><li><a href=\"\/it\/news-gb\/2020-irish-dairy-export-performance\/\">2020 Irish Dairy Export Performance<\/a><\/li><li><a href=\"\/it\/news-gb\/a-look-at-dietary-lifestyles-2021\/\">A Look at Dietary Lifestyles 2021<\/a><\/li><li><a href=\"\/it\/news-gb\/meat-shopper-insight\/\">Beef Shopper Insight<\/a><\/li><li><a href=\"\/it\/news-gb\/bord-bia-develops-framework-for-future-of-frozen\/\">Bord Bia develops framework for Future of Frozen<\/a><\/li><li><a href=\"\/it\/news-gb\/origin-green-driving-the-sustainability-agenda-across-irelands-food-and-drink-sector\/\">Driving the Sustainability Agenda across Ireland\u2019s Food and Drink Sector<\/a><\/li><li><a href=\"\/it\/news-gb\/seafood-futures-four-marketplaces-of-tomorrow\/\">Seafood Futures: Four marketplaces of tomorrow<\/a><\/li><li><a href=\"\/it\/news-gb\/the-commercial-impact-of-sustainability\/\">The Commercial Impact of Sustainability<\/a><\/li><li><a href=\"\/it\/news-gb\/understanding-changes-in-uk-export-to-europe\/\">Understanding Changes in UK export to Europe<\/a><\/li><li><a href=\"\/it\/news-gb\/world-steak-challenge-comes-to-dublin\/\">World Steak Challenge Comes to Dublin<\/a><\/li><\/ul><\/li><li><a href=\"\/it\/news-all\/\">News<\/a><\/li><li><a href=\"\/it\/news-dxb\/\">News &#8211; Dubai Edition<\/a><ul class='children'><li><a href=\"\/it\/news-dxb\/origin-green-pathways-to-net-zero-dubai\/\">Origin Green: Pathways to Net Zero &#8211; Dubai<\/a><\/li><li><a href=\"\/it\/news-dxb\/seafood-futures-four-marketplaces-of-tomorrow-dubai\/\">Seafood Futures: Four Marketplaces of Tomorrow &#8211; Dubai<\/a><\/li><li><a href=\"\/it\/news-dxb\/the-commercial-impact-of-sustainability-dubai\/\">The Commercial Impact of Sustainability &#8211; Dubai<\/a><\/li><li><a href=\"\/it\/news-dxb\/world-steak-challenge-comes-to-dublin-dubai\/\">World Steak Challenge Comes to Dublin &#8211; Dubai<\/a><\/li><\/ul><\/li><li><a href=\"\/it\/news-nl\/\">News &#8211; Dutch Edition<\/a><ul class='children'><li><a href=\"\/it\/news-nl\/anuga-tradeshow-netherlands\/\">Anuga Tradeshow &#8211; Netherlands<\/a><\/li><li><a href=\"\/it\/news-nl\/beef-shoppers-looking-for-variation-and-inspiration-post-covid-netherlands\/\">Beef shoppers looking for variety and inspiration post-Covid &#8211; Netherlands<\/a><\/li><li><a href=\"\/it\/news-nl\/bord-bia-develops-framework-for-future-of-frozen-netherlands\/\">Bord Bia develops framework for Future of Frozen &#8211; Netherlands<\/a><\/li><li><a href=\"\/it\/news-nl\/seafood-futures-four-marketplaces-of-tomorrow-netherlands\/\">Seafood Futures: Four Directions of Tomorrow &#8211; Netherlands<\/a><\/li><\/ul><\/li><li><a href=\"\/it\/news-se\/\">News &#8211; Swedish Edition<\/a><ul class='children'><li><a href=\"\/it\/news-se\/beef-shoppers-looking-for-variation-and-inspiration-post-covid-stockholm\/\">Beef shoppers looking for variation and inspiration post-Covid &#8211; Stockholm<\/a><\/li><li><a href=\"\/it\/news-se\/bord-bia-develops-framework-for-future-of-frozen-stockholm\/\">Bord Bia develops framework for Future of Frozen &#8211; Stockholm<\/a><\/li><li><a href=\"\/it\/news-se\/the-commercial-impact-of-sustainability-stockholm\/\">The Commercial Impact of Sustainability &#8211; Stockholm<\/a><\/li><li><a href=\"\/it\/news-se\/world-steak-challenge-comes-to-dublin-stockholm\/\">World Steak Challenge Comes to Dublin &#8211; Stockholm<\/a><\/li><\/ul><\/li><li><a href=\"\/it\/pl-bordbia-irlandia\/\">O Irlandii<\/a><ul class='children'><li><a href=\"\/it\/pl-bordbia-irlandia\/czym-jest-bord-bia\/\">Czym jest Bord Bia<\/a><\/li><li><a href=\"\/it\/pl-bordbia-irlandia\/jagniecina\/\">Jagni\u0119cina<\/a><\/li><li><a href=\"\/it\/pl-bordbia-irlandia\/nabial\/\">Nabia\u0142<\/a><\/li><li><a href=\"\/it\/pl-bordbia-irlandia\/ryby-i-owoce-morza\/\">Ryby i owoce morza<\/a><\/li><li><a href=\"\/it\/pl-bordbia-irlandia\/skontaktuj-sie-z-naszym-lokalnym-biurem\/\">Skontaktuj si\u0119 z naszym lokalnym biurem<\/a><\/li><li><a href=\"\/it\/pl-bordbia-irlandia\/wolowina\/\">Wo\u0142owina<\/a><\/li><li><a href=\"\/it\/pl-bordbia-irlandia\/zapewnienie-wysokiej-jakosci\/\">Zapewnienie wysokiej jako\u015bci<\/a><\/li><li><a href=\"\/it\/pl-bordbia-irlandia\/zrownowazony-rozwoj\/\">Zr\u00f3wnowa\u017cony rozw\u00f3j<\/a><\/li><\/ul><\/li><li><a href=\"\/it\/organics-from-ireland\/\">Organics From Ireland<\/a><\/li><li><a href=\"\/it\/origin-green-gold-members-2023\/\">Origin Green Gold Members 2023<\/a><\/li><li><a href=\"\/it\/origin-green-scope-3-emissions-now-mandatory\/\">Origin Green: Pathways to Net Zero<\/a><\/li><li><a href=\"\/it\/origin-green-setting-and-delivering-science-based-targets-dubai\/\">Origin Green: setting and delivering science based targets &#8211; Dubai<\/a><\/li><li><a href=\"\/it\/origin-green-setting-and-delivering-science-based-targets-netherlands\/\">Origin Green: setting and delivering science based targets &#8211; Netherlands<\/a><\/li><li><a href=\"\/it\/past-trade-fairs-events\/\">Past Trade Fairs &#038; Events<\/a><\/li><li><a href=\"\/it\/pelagic\/\">Pelagic<\/a><\/li><li><a href=\"\/it\/plma-3\/\">PLMA<\/a><\/li><li><a href=\"\/it\/products-basket\/\">Products Basket<\/a><\/li><li><a href=\"\/it\/products-basket\/\">Products Basket<\/a><\/li><li><a href=\"\/it\/prowein\/\">ProWein<\/a><\/li><li><a href=\"\/it\/prowein-trade-fair-past-event\/\">ProWein Trade Fair (Past Event)<\/a><\/li><li><a href=\"\/it\/recent-and-upcoming-trade-shows-netherlands\/\">Recent and Upcoming Trade Shows &#8211; Netherlands<\/a><\/li><li><a href=\"\/it\/recent-trade-mission-irish-food-in-the-uae-saudi-arabia-dubai\/\">Recent Trade Mission: Irish Food in the UAE &#038; Saudi Arabia &#8211; Dubai<\/a><\/li><li><a href=\"\/it\/record-milk-collections-and-exports-for-irish-dairy-in-2021-dubai\/\">Record milk collections and exports for Irish Dairy in 2021 &#8211; Dubai<\/a><\/li><li><a href=\"\/it\/record-milk-collections-and-exports-for-irish-dairy-in-2021-stockholm\/\">Record Milk Collections and Exports for Irish Dairy in 2021 &#8211; Stockholm<\/a><\/li><li><a href=\"\/it\/register\/\">Registration<\/a><\/li><li><a href=\"\/it\/register\/\">Registration<\/a><\/li><li><a href=\"\/it\/reset-password\/\">Reset Password<\/a><\/li><li><a href=\"\/it\/reset-password\/\">Reset Password<\/a><\/li><li><a href=\"\/it\/resource-list\/\">Resource List<\/a><\/li><li><a href=\"\/it\/forgot-password\/\">Restore Password<\/a><\/li><li><a href=\"\/it\/forgot-password\/\">Restore Password<\/a><\/li><li><a href=\"\/it\/return-of-ism-trade-fair-cologne-dubai\/\">Return of ISM Trade Fair, Cologne &#8211; Dubai<\/a><\/li><li><a href=\"\/it\/salmon\/\">Salmon<\/a><\/li><li><a href=\"\/it\/salmone-irlandese-bio\/\">Salmone Irlandese Bio<\/a><\/li><li><a href=\"\/it\/irish-seafood\/\">Seafood<\/a><\/li><li><a href=\"\/it\/seafood-channel-insight-stockholm\/\">Seafood Channel Insight &#8211; Stockholm<\/a><\/li><li><a href=\"\/it\/seafood-expo-global-2026\/\">Seafood Expo Global<\/a><\/li><li><a href=\"\/it\/seg\/\">Seafood Expo Global (Past Event)<\/a><\/li><li><a href=\"\/it\/seafood-expo-north-america-sena\/\">Seafood Expo North America (SENA)<\/a><\/li><li><a href=\"\/it\/seafood-innovation-2023\/\">Seafood Innovation 2023<\/a><\/li><li><a href=\"\/it\/udvozoljuk-a-bord-bia-weboldalan-serteshus\/\">Sert\u00e9sh\u00fas<\/a><\/li><li><a href=\"\/it\/shellfish-2\/\">Shellfish<\/a><\/li><li><a href=\"\/it\/shellfish\/\">Shellfish<\/a><\/li><li><a href=\"\/it\/shellfish-3\/\">Shellfish<\/a><\/li><li><a href=\"\/it\/six-key-insights-to-understand-the-sustainability-opportunity-dubai\/\">Six Key Insights to Understand the Sustainability Opportunity &#8211; Dubai<\/a><\/li><li><a href=\"\/it\/spiritofireland\/\">Spirit of Ireland<\/a><ul class='children'><li><a href=\"\/it\/spiritofireland\/contact-us\/\">Contact Us SOI<\/a><\/li><li><a href=\"\/it\/spiritofireland\/events\/\">Events<\/a><\/li><li><a href=\"\/it\/spiritofireland\/spirit-of-ireland-programme\/\">Spirit of Ireland Programme<\/a><\/li><li><a href=\"\/it\/spiritofireland\/the-story\/\">The Story<\/a><\/li><li><a href=\"\/it\/spiritofireland\/who-we-are\/\">Who we are<\/a><\/li><\/ul><\/li><li><a href=\"\/it\/spirit-of-ireland-prowein\/\">Spirit of Ireland &#8211; ProWein<\/a><\/li><li><a href=\"\/it\/stable-irish-lamb-supplies-in-2022\/\">Stable Irish lamb supplies in 2022 -Stockholm<\/a><\/li><li><a href=\"\/it\/suppliers-basket\/\">Suppliers Basket<\/a><\/li><li><a href=\"\/it\/suppliers-basket\/\">Suppliers Basket<\/a><\/li><li><a href=\"\/it\/udvozoljuk-a-bord-bia-weboldalan-tejtermekek\/\">Tejterm\u00e9kek<\/a><\/li><li><a href=\"\/it\/udvozoljuk-a-bord-bia-weboldalan-tenger-gyumolcsei\/\">Tenger gy\u00fcm\u00f6lcsei<\/a><\/li><li><a href=\"\/it\/the-return-of-the-ism-trade-fair-cologne-stockholm\/\">The Return of the ISM Trade Fair, Cologne &#8211; Stockholm<\/a><\/li><li><a href=\"\/it\/the-spirit-of-ireland-berlin-1\/\">The Spirit of Ireland &#8211; Berlin<\/a><\/li><li><a href=\"\/it\/the-spirit-of-ireland-paris\/\">The Spirit of Ireland &#8211; Paris<\/a><\/li><li><a href=\"\/it\/udvozoljuk-a-bord-bia-weboldalan\/\">\u00dcdv\u00f6z\u00f6lj\u00fck a Bord Bia weboldal\u00e1n!<\/a><\/li><li><a href=\"\/it\/czech-veproveho\/\">Vep\u0159ov\u00e9ho<\/a><\/li><li><a href=\"\/it\/inshore-seafood-videos-pt\/\">V\u00eddeos de peixe e marisco irland\u00e9s<\/a><\/li><li><a href=\"\/it\/czech\/\">V\u00edtejte v Bord Bia<\/a><\/li><li><a href=\"\/it\/web-accessibility-statement\/\">Web Accessibility Statement<\/a><\/li><li><a href=\"\/it\/pl-bordbia-irlandia-wieprzowina\/\">Wieprzowina<\/a><\/li><li><a href=\"\/it\/wine-paris-be-spirits\/\">Wine Paris &#8211; Be Spirits<\/a><\/li><li><a href=\"\/it\/wishlist\/\">Wishlist Dashboard<\/a><\/li><li><a href=\"\/it\/wishlist\/\">Wishlist Dashboard<\/a><\/li><li><a href=\"\/it\/cn-seafood\/\">\u6b22\u8fce\u54c1\u9274\u7231\u5c14\u5170\u6d77\u9c9c<\/a><\/li><li><a href=\"\/it\/kr-seafood\/\">\uc790\uc5f0\uacfc \uc870\ud654\ub85c\uc6b4 \uc870\uc5c5<\/a><\/li><li><a href=\"\/it\/my-supplier-basket\/\">Cesta Fornitori<\/a><\/li><li><a href=\"\/it\/gi\/\">Geographical Indication<\/a><\/li><li><a href=\"\/it\/innovation\/\">Innovation<\/a><\/li><li><a href=\"\/it\/irish-grass-fed-beef-pgi\/\">Irish Grass Fed Beef<\/a><\/li><li><a href=\"\/it\/irish-dairy-jp\/\">Irish Dairy Japan<\/a><\/li><li><a href=\"\/it\/irish-seafood-jp\/\">Irish Seafood Japan<\/a><\/li><li><a href=\"\/it\/manzo-irlandese-2\/\">Manzo Irlandese<\/a><\/li><li><a href=\"\/it\/private-label-health-foods\/\">Private Label Health Foods<\/a><\/li><li><a href=\"\/it\/saumon-bio-irlandais\/\">Saumon Bio Irlandais<\/a><\/li><li><a href=\"\/it\/savory-snacks\/\">Savory Snacks<\/a><\/li><li><a href=\"\/it\/terms\/\">Termini d&#8217;uso<\/a><\/li><li><a href=\"\/it\/\">Home<\/a><\/li><li><a href=\"\/it\/supplier-categories\/\">Categorie<\/a><ul class='children'><li><a href=\"\/it\/supplier-categories\/alcohol-beverage\/\">Bevande alcoliche<\/a><\/li><li><a href=\"\/it\/supplier-categories\/meat\/\">Carne<\/a><\/li><li><a href=\"\/it\/supplier-categories\/bakery\/\">Prodotti da forno<\/a><\/li><li><a href=\"\/it\/supplier-categories\/dairy\/\">Dairy<\/a><\/li><li><a href=\"\/it\/supplier-categories\/prodotti-ittici-irlandesi\/\">Prodotti Ittici Irlandesi<\/a><\/li><\/ul><\/li><li><a href=\"\/it\/irish-advantage\/\">Perch\u00e9 l\u2019Irlanda<\/a><ul class='children'><li><a href=\"\/it\/irish-advantage\/channels-competencies-coverage\/\">Canali, competenze e copertura<\/a><\/li><li><a href=\"\/it\/irish-advantage\/private-label\/\">Marche Private<\/a><\/li><li><a href=\"\/it\/irish-advantage\/dati-e-numeri\/\">Dati e numeri<\/a><\/li><li><a href=\"\/it\/irish-advantage\/quality-assurance\/\">Controlli qualit\u00e0<\/a><\/li><\/ul><\/li><li><a href=\"\/it\/fiere-ed-eventi\/\">Fiere ed eventi<\/a><\/li><li><a href=\"\/it\/about-us\/\">Informazioni<\/a><\/li><li><a href=\"\/it\/contact\/\">Contatto<\/a><ul class='children'><li><a href=\"\/it\/contact\/amsterdam\/\">Amsterdam<\/a><\/li><li><a href=\"\/it\/contact\/dubai\/\">Dubai<\/a><\/li><li><a href=\"\/it\/contact\/dublin\/\">Dublin<\/a><\/li><li><a href=\"\/it\/contact\/dusseldorf\/\">D\u00fcsseldorf<\/a><\/li><li><a href=\"\/it\/contact\/london\/\">London<\/a><\/li><li><a href=\"\/it\/contact\/madrid\/\">Madrid<\/a><\/li><li><a href=\"\/it\/contact\/milan\/\">Milan<\/a><\/li><li><a href=\"\/it\/contact\/new-york\/\">New York<\/a><\/li><li><a href=\"\/it\/contact\/paris\/\">Paris<\/a><\/li><li><a href=\"\/it\/contact\/shanghai\/\">Shanghai<\/a><\/li><li><a href=\"\/it\/contact\/singapore\/\">Singapore<\/a><\/li><li><a href=\"\/it\/contact\/stockholm\/\">Stockholm<\/a><\/li><li><a href=\"\/it\/contact\/warsaw\/\">Warsaw<\/a><\/li><\/ul><\/li><li><a href=\"\/it\/our-suppliers\/\">Our Suppliers<\/a><ul class='children'><li><a href=\"\/it\/our-suppliers\/supplier-search\/\">Supplier Search<\/a><\/li><\/ul><\/li><li><a href=\"\/it\/cookies-policy\/\">Politica dei cookie<\/a><\/li><li><a href=\"\/it\/privacy-policy\/\">Informativa sulla privacy<\/a><\/li><li><a href=\"\/it\/sitemap\/\">Mappa del sito<\/a><\/li><li><a href=\"\/it\/shared-suppliers-list\/\">Shared Suppliers List<\/a><\/li><li><a href=\"\/it\/source\/\">Connect with the source<\/a><\/li><li><a href=\"\/it\/supplier-categories\/beverage\/\">Beverage<\/a><\/li><li><a href=\"\/it\/supplier-categories\/chilled-food-suppliers\/\">Chilled food suppliers<\/a><\/li><li><a href=\"\/it\/supplier-categories\/grocery\/\">Grocery<\/a><\/li><li><a href=\"\/it\/supplier-categories\/horticulture\/\">Irish Horticulture Suppliers<\/a><\/li><li><a href=\"\/it\/supplier-categories\/food-ingredients\/\">Food Ingredients<\/a><\/li><li><a href=\"\/it\/supplier-categories\/frozen\/\">Frozen<\/a><\/li><li><a href=\"\/it\/supplier-categories\/value-added-meats\/\">Value Added Meat Suppliers<\/a><\/li><li><a href=\"\/it\/supplier-categories\/irish-confectionery-suppliers\/\">Irish Confectionery suppliers<\/a><\/li><li><a href=\"\/it\/why-source-food-and-drink-from-ireland\/facts-and-figures\/\">Facts and Figures<\/a><\/li><li><a href=\"\/it\/why-source-food-and-drink-from-ireland\/private-label\/higher-value-private-label\/\">Higher Value Private Label<\/a><\/li><li><a href=\"\/it\/why-source-food-and-drink-from-ireland\/private-label\/private-label-sustainable-food-drink\/\">Private Label Sustainable Food and Drink<\/a><\/li><li><a href=\"\/it\/contact\/tokyo\/\">Contact Tokyo Office<\/a><\/li><\/ul><\/div>\n","protected":false},"excerpt":{"rendered":"<p>Sitemap<\/p>\n","protected":false},"author":13,"featured_media":0,"parent":0,"menu_order":75,"comment_status":"closed","ping_status":"closed","template":"","meta":{"_acf_changed":false,"inline_featured_image":false,"footnotes":""},"class_list":["post-21542","page","type-page","status-publish","hentry"],"acf":[],"yoast_head":"<!-- This site is optimized with the Yoast SEO plugin v27.1.1 - https:\/\/yoast.com\/product\/yoast-seo-wordpress\/ -->\n<title>Mappa del sito - Irish Food &amp; Drink<\/title>\n<meta name=\"robots\" content=\"index, follow, max-snippet:-1, max-image-preview:large, max-video-preview:-1\" \/>\n<link rel=\"canonical\" href=\"https:\/\/www.irishfoodanddrink.com\/it\/sitemap\/\" \/>\n<meta property=\"og:locale\" content=\"it_IT\" \/>\n<meta property=\"og:type\" content=\"article\" \/>\n<meta property=\"og:title\" content=\"Mappa del sito - Irish Food &amp; Drink\" \/>\n<meta property=\"og:description\" content=\"Sitemap\" \/>\n<meta property=\"og:url\" content=\"https:\/\/www.irishfoodanddrink.com\/it\/sitemap\/\" \/>\n<meta property=\"og:site_name\" content=\"Irish Food &amp; Drink\" \/>\n<meta property=\"article:modified_time\" content=\"2020-12-21T09:19:39+00:00\" \/>\n<meta property=\"og:image\" content=\"https:\/\/www.irishfoodanddrink.com\/wp-content\/uploads\/2020\/12\/Small-homepage-image-339-x-226-min.jpg\" \/>\n\t<meta property=\"og:image:width\" content=\"339\" \/>\n\t<meta property=\"og:image:height\" content=\"226\" \/>\n\t<meta property=\"og:image:type\" content=\"image\/jpeg\" \/>\n<meta name=\"twitter:card\" content=\"summary_large_image\" \/>\n<script type=\"application\/ld+json\" class=\"yoast-schema-graph\">{\"@context\":\"https:\/\/schema.org\",\"@graph\":[{\"@type\":\"WebPage\",\"@id\":\"https:\/\/www.irishfoodanddrink.com\/it\/sitemap\/\",\"url\":\"https:\/\/www.irishfoodanddrink.com\/it\/sitemap\/\",\"name\":\"Mappa del sito - Irish Food &amp; Drink\",\"isPartOf\":{\"@id\":\"https:\/\/www.irishfoodanddrink.com\/it\/#website\"},\"datePublished\":\"2020-11-26T07:18:36+00:00\",\"dateModified\":\"2020-12-21T09:19:39+00:00\",\"breadcrumb\":{\"@id\":\"https:\/\/www.irishfoodanddrink.com\/it\/sitemap\/#breadcrumb\"},\"inLanguage\":\"it-IT\",\"potentialAction\":[{\"@type\":\"ReadAction\",\"target\":[\"https:\/\/www.irishfoodanddrink.com\/it\/sitemap\/\"]}]},{\"@type\":\"BreadcrumbList\",\"@id\":\"https:\/\/www.irishfoodanddrink.com\/it\/sitemap\/#breadcrumb\",\"itemListElement\":[{\"@type\":\"ListItem\",\"position\":1,\"name\":\"Home\",\"item\":\"https:\/\/www.irishfoodanddrink.com\/it\/\"},{\"@type\":\"ListItem\",\"position\":2,\"name\":\"Mappa del sito\"}]},{\"@type\":\"WebSite\",\"@id\":\"https:\/\/www.irishfoodanddrink.com\/it\/#website\",\"url\":\"https:\/\/www.irishfoodanddrink.com\/it\/\",\"name\":\"Irish Food &amp; Drink\",\"description\":\"Helping you source food and drink from Irish suppliers\",\"potentialAction\":[{\"@type\":\"SearchAction\",\"target\":{\"@type\":\"EntryPoint\",\"urlTemplate\":\"https:\/\/www.irishfoodanddrink.com\/it\/?s={search_term_string}\"},\"query-input\":{\"@type\":\"PropertyValueSpecification\",\"valueRequired\":true,\"valueName\":\"search_term_string\"}}],\"inLanguage\":\"it-IT\"}]}<\/script>\n<!-- \/ Yoast SEO plugin. -->","yoast_head_json":{"title":"Mappa del sito - Irish Food &amp; Drink","robots":{"index":"index","follow":"follow","max-snippet":"max-snippet:-1","max-image-preview":"max-image-preview:large","max-video-preview":"max-video-preview:-1"},"canonical":"https:\/\/www.irishfoodanddrink.com\/it\/sitemap\/","og_locale":"it_IT","og_type":"article","og_title":"Mappa del sito - Irish Food &amp; Drink","og_description":"Sitemap","og_url":"https:\/\/www.irishfoodanddrink.com\/it\/sitemap\/","og_site_name":"Irish Food &amp; Drink","article_modified_time":"2020-12-21T09:19:39+00:00","og_image":[{"width":339,"height":226,"url":"https:\/\/www.irishfoodanddrink.com\/wp-content\/uploads\/2020\/12\/Small-homepage-image-339-x-226-min.jpg","type":"image\/jpeg"}],"twitter_card":"summary_large_image","schema":{"@context":"https:\/\/schema.org","@graph":[{"@type":"WebPage","@id":"https:\/\/www.irishfoodanddrink.com\/it\/sitemap\/","url":"https:\/\/www.irishfoodanddrink.com\/it\/sitemap\/","name":"Mappa del sito - Irish Food &amp; Drink","isPartOf":{"@id":"https:\/\/www.irishfoodanddrink.com\/it\/#website"},"datePublished":"2020-11-26T07:18:36+00:00","dateModified":"2020-12-21T09:19:39+00:00","breadcrumb":{"@id":"https:\/\/www.irishfoodanddrink.com\/it\/sitemap\/#breadcrumb"},"inLanguage":"it-IT","potentialAction":[{"@type":"ReadAction","target":["https:\/\/www.irishfoodanddrink.com\/it\/sitemap\/"]}]},{"@type":"BreadcrumbList","@id":"https:\/\/www.irishfoodanddrink.com\/it\/sitemap\/#breadcrumb","itemListElement":[{"@type":"ListItem","position":1,"name":"Home","item":"https:\/\/www.irishfoodanddrink.com\/it\/"},{"@type":"ListItem","position":2,"name":"Mappa del sito"}]},{"@type":"WebSite","@id":"https:\/\/www.irishfoodanddrink.com\/it\/#website","url":"https:\/\/www.irishfoodanddrink.com\/it\/","name":"Irish Food &amp; Drink","description":"Helping you source food and drink from Irish suppliers","potentialAction":[{"@type":"SearchAction","target":{"@type":"EntryPoint","urlTemplate":"https:\/\/www.irishfoodanddrink.com\/it\/?s={search_term_string}"},"query-input":{"@type":"PropertyValueSpecification","valueRequired":true,"valueName":"search_term_string"}}],"inLanguage":"it-IT"}]}},"_links":{"self":[{"href":"https:\/\/www.irishfoodanddrink.com\/it\/wp-json\/wp\/v2\/pages\/21542","targetHints":{"allow":["GET"]}}],"collection":[{"href":"https:\/\/www.irishfoodanddrink.com\/it\/wp-json\/wp\/v2\/pages"}],"about":[{"href":"https:\/\/www.irishfoodanddrink.com\/it\/wp-json\/wp\/v2\/types\/page"}],"author":[{"embeddable":true,"href":"https:\/\/www.irishfoodanddrink.com\/it\/wp-json\/wp\/v2\/users\/13"}],"replies":[{"embeddable":true,"href":"https:\/\/www.irishfoodanddrink.com\/it\/wp-json\/wp\/v2\/comments?post=21542"}],"version-history":[{"count":2,"href":"https:\/\/www.irishfoodanddrink.com\/it\/wp-json\/wp\/v2\/pages\/21542\/revisions"}],"predecessor-version":[{"id":21544,"href":"https:\/\/www.irishfoodanddrink.com\/it\/wp-json\/wp\/v2\/pages\/21542\/revisions\/21544"}],"wp:attachment":[{"href":"https:\/\/www.irishfoodanddrink.com\/it\/wp-json\/wp\/v2\/media?parent=21542"}],"curies":[{"name":"wp","href":"https:\/\/api.w.org\/{rel}","templated":true}]}}