{"id":33371,"date":"2023-03-23T16:10:29","date_gmt":"2023-03-23T16:10:29","guid":{"rendered":"https:\/\/www.irishfoodanddrink.com\/?page_id=33371"},"modified":"2023-03-23T16:11:24","modified_gmt":"2023-03-23T16:11:24","slug":"tejtermekek","status":"publish","type":"page","link":"https:\/\/www.irishfoodanddrink.com\/ja\/hungarian\/tejtermekek\/","title":{"rendered":"Tejterm\u00e9kek"},"content":{"rendered":"","protected":false},"excerpt":{"rendered":"","protected":false},"author":35,"featured_media":0,"parent":30287,"menu_order":0,"comment_status":"closed","ping_status":"closed","template":"page-templates\/landing-page.php","meta":{"_acf_changed":false,"inline_featured_image":false,"footnotes":""},"class_list":["post-33371","page","type-page","status-publish","hentry"],"acf":[],"yoast_head":"<!-- This site is optimized with the Yoast SEO plugin v27.1.1 - https:\/\/yoast.com\/product\/yoast-seo-wordpress\/ -->\n<title>Tejterm\u00e9kek - Irish Food &amp; Drink<\/title>\n<meta name=\"robots\" content=\"index, follow, max-snippet:-1, max-image-preview:large, max-video-preview:-1\" \/>\n<link rel=\"canonical\" href=\"https:\/\/www.irishfoodanddrink.com\/ja\/hungarian\/tejtermekek\/\" \/>\n<meta property=\"og:locale\" content=\"ja_JP\" \/>\n<meta property=\"og:type\" content=\"article\" \/>\n<meta property=\"og:title\" content=\"Tejterm\u00e9kek - Irish Food &amp; Drink\" \/>\n<meta property=\"og:url\" content=\"https:\/\/www.irishfoodanddrink.com\/ja\/hungarian\/tejtermekek\/\" \/>\n<meta property=\"og:site_name\" content=\"Irish Food &amp; Drink\" \/>\n<meta property=\"article:modified_time\" content=\"2023-03-23T16:11:24+00:00\" \/>\n<meta property=\"og:image\" content=\"https:\/\/www.irishfoodanddrink.com\/wp-content\/uploads\/2020\/12\/Small-homepage-image-339-x-226-min.jpg\" \/>\n\t<meta property=\"og:image:width\" content=\"339\" \/>\n\t<meta property=\"og:image:height\" content=\"226\" \/>\n\t<meta property=\"og:image:type\" content=\"image\/jpeg\" \/>\n<meta name=\"twitter:card\" content=\"summary_large_image\" \/>\n<script type=\"application\/ld+json\" class=\"yoast-schema-graph\">{\"@context\":\"https:\/\/schema.org\",\"@graph\":[{\"@type\":\"WebPage\",\"@id\":\"https:\/\/www.irishfoodanddrink.com\/ja\/hungarian\/tejtermekek\/\",\"url\":\"https:\/\/www.irishfoodanddrink.com\/ja\/hungarian\/tejtermekek\/\",\"name\":\"Tejterm\u00e9kek - Irish Food &amp; Drink\",\"isPartOf\":{\"@id\":\"https:\/\/www.irishfoodanddrink.com\/ja\/#website\"},\"datePublished\":\"2023-03-23T16:10:29+00:00\",\"dateModified\":\"2023-03-23T16:11:24+00:00\",\"breadcrumb\":{\"@id\":\"https:\/\/www.irishfoodanddrink.com\/ja\/hungarian\/tejtermekek\/#breadcrumb\"},\"inLanguage\":\"ja\",\"potentialAction\":[{\"@type\":\"ReadAction\",\"target\":[\"https:\/\/www.irishfoodanddrink.com\/ja\/hungarian\/tejtermekek\/\"]}]},{\"@type\":\"BreadcrumbList\",\"@id\":\"https:\/\/www.irishfoodanddrink.com\/ja\/hungarian\/tejtermekek\/#breadcrumb\",\"itemListElement\":[{\"@type\":\"ListItem\",\"position\":1,\"name\":\"Home\",\"item\":\"https:\/\/www.irishfoodanddrink.com\/ja\/\"},{\"@type\":\"ListItem\",\"position\":2,\"name\":\"A min\u0151s\u00e9g \u00edze\",\"item\":\"https:\/\/www.irishfoodanddrink.com\/ja\/hungarian\/\"},{\"@type\":\"ListItem\",\"position\":3,\"name\":\"Tejterm\u00e9kek\"}]},{\"@type\":\"WebSite\",\"@id\":\"https:\/\/www.irishfoodanddrink.com\/ja\/#website\",\"url\":\"https:\/\/www.irishfoodanddrink.com\/ja\/\",\"name\":\"Irish Food &amp; Drink\",\"description\":\"Helping you source food and drink from Irish suppliers\",\"potentialAction\":[{\"@type\":\"SearchAction\",\"target\":{\"@type\":\"EntryPoint\",\"urlTemplate\":\"https:\/\/www.irishfoodanddrink.com\/ja\/?s={search_term_string}\"},\"query-input\":{\"@type\":\"PropertyValueSpecification\",\"valueRequired\":true,\"valueName\":\"search_term_string\"}}],\"inLanguage\":\"ja\"}]}<\/script>\n<!-- \/ Yoast SEO plugin. -->","yoast_head_json":{"title":"Tejterm\u00e9kek - Irish Food &amp; Drink","robots":{"index":"index","follow":"follow","max-snippet":"max-snippet:-1","max-image-preview":"max-image-preview:large","max-video-preview":"max-video-preview:-1"},"canonical":"https:\/\/www.irishfoodanddrink.com\/ja\/hungarian\/tejtermekek\/","og_locale":"ja_JP","og_type":"article","og_title":"Tejterm\u00e9kek - Irish Food &amp; Drink","og_url":"https:\/\/www.irishfoodanddrink.com\/ja\/hungarian\/tejtermekek\/","og_site_name":"Irish Food &amp; Drink","article_modified_time":"2023-03-23T16:11:24+00:00","og_image":[{"width":339,"height":226,"url":"https:\/\/www.irishfoodanddrink.com\/wp-content\/uploads\/2020\/12\/Small-homepage-image-339-x-226-min.jpg","type":"image\/jpeg"}],"twitter_card":"summary_large_image","schema":{"@context":"https:\/\/schema.org","@graph":[{"@type":"WebPage","@id":"https:\/\/www.irishfoodanddrink.com\/ja\/hungarian\/tejtermekek\/","url":"https:\/\/www.irishfoodanddrink.com\/ja\/hungarian\/tejtermekek\/","name":"Tejterm\u00e9kek - Irish Food &amp; Drink","isPartOf":{"@id":"https:\/\/www.irishfoodanddrink.com\/ja\/#website"},"datePublished":"2023-03-23T16:10:29+00:00","dateModified":"2023-03-23T16:11:24+00:00","breadcrumb":{"@id":"https:\/\/www.irishfoodanddrink.com\/ja\/hungarian\/tejtermekek\/#breadcrumb"},"inLanguage":"ja","potentialAction":[{"@type":"ReadAction","target":["https:\/\/www.irishfoodanddrink.com\/ja\/hungarian\/tejtermekek\/"]}]},{"@type":"BreadcrumbList","@id":"https:\/\/www.irishfoodanddrink.com\/ja\/hungarian\/tejtermekek\/#breadcrumb","itemListElement":[{"@type":"ListItem","position":1,"name":"Home","item":"https:\/\/www.irishfoodanddrink.com\/ja\/"},{"@type":"ListItem","position":2,"name":"A min\u0151s\u00e9g \u00edze","item":"https:\/\/www.irishfoodanddrink.com\/ja\/hungarian\/"},{"@type":"ListItem","position":3,"name":"Tejterm\u00e9kek"}]},{"@type":"WebSite","@id":"https:\/\/www.irishfoodanddrink.com\/ja\/#website","url":"https:\/\/www.irishfoodanddrink.com\/ja\/","name":"Irish Food &amp; Drink","description":"Helping you source food and drink from Irish suppliers","potentialAction":[{"@type":"SearchAction","target":{"@type":"EntryPoint","urlTemplate":"https:\/\/www.irishfoodanddrink.com\/ja\/?s={search_term_string}"},"query-input":{"@type":"PropertyValueSpecification","valueRequired":true,"valueName":"search_term_string"}}],"inLanguage":"ja"}]}},"_links":{"self":[{"href":"https:\/\/www.irishfoodanddrink.com\/ja\/wp-json\/wp\/v2\/pages\/33371","targetHints":{"allow":["GET"]}}],"collection":[{"href":"https:\/\/www.irishfoodanddrink.com\/ja\/wp-json\/wp\/v2\/pages"}],"about":[{"href":"https:\/\/www.irishfoodanddrink.com\/ja\/wp-json\/wp\/v2\/types\/page"}],"author":[{"embeddable":true,"href":"https:\/\/www.irishfoodanddrink.com\/ja\/wp-json\/wp\/v2\/users\/35"}],"replies":[{"embeddable":true,"href":"https:\/\/www.irishfoodanddrink.com\/ja\/wp-json\/wp\/v2\/comments?post=33371"}],"version-history":[{"count":3,"href":"https:\/\/www.irishfoodanddrink.com\/ja\/wp-json\/wp\/v2\/pages\/33371\/revisions"}],"predecessor-version":[{"id":33389,"href":"https:\/\/www.irishfoodanddrink.com\/ja\/wp-json\/wp\/v2\/pages\/33371\/revisions\/33389"}],"up":[{"embeddable":true,"href":"https:\/\/www.irishfoodanddrink.com\/ja\/wp-json\/wp\/v2\/pages\/30287"}],"wp:attachment":[{"href":"https:\/\/www.irishfoodanddrink.com\/ja\/wp-json\/wp\/v2\/media?parent=33371"}],"curies":[{"name":"wp","href":"https:\/\/api.w.org\/{rel}","templated":true}]}}